{"id":97,"date":"2020-12-11T15:31:12","date_gmt":"2020-12-11T15:31:12","guid":{"rendered":"http:\/\/domofonas.lt\/index.php\/product\/uhf-rfid-kortele-programuojama-ssg-uhf-kp1\/"},"modified":"2020-12-11T15:31:12","modified_gmt":"2020-12-11T15:31:12","slug":"uhf-rfid-kortele-programuojama-ssg-uhf-kp1","status":"publish","type":"product","link":"https:\/\/domofonas.lt\/index.php\/product\/uhf-rfid-kortele-programuojama-ssg-uhf-kp1\/","title":{"rendered":"UHF RFID kortel\u0117 programuojama SSG-UHF-KP1"},"content":{"rendered":"<p>Darbinis da\u017enis : 840-960Mhz<br \/>\nProtokolai : ISO18000-6C\/EPC Class 1 Gen 2<br \/>\nNuskaitimo atstumas : 1-15m ( priklauso nuo skaitytuvo )<br \/>\nAtmintis : EPC 96bits<br \/>\nProgramuojama : Taip<br \/>\nMatmenys : 85*54*10mm<\/p>\n","protected":false},"excerpt":{"rendered":"<p>Darbinis da\u017enis : 840-960Mhz Protokolai : ISO18000-6C\/EPC Class 1 Gen 2 Nuskaitimo atstumas : 1-15m ( priklauso nuo skaitytuvo ) Atmintis : EPC 96bits Programuojama : Taip Matmenys : 85*54*10mm<\/p>\n","protected":false},"featured_media":96,"template":"","meta":{"_monsterinsights_skip_tracking":false,"_monsterinsights_sitenote_active":false,"_monsterinsights_sitenote_note":"","_monsterinsights_sitenote_category":0},"product_brand":[],"product_cat":[15],"product_tag":[],"class_list":{"0":"post-97","1":"product","2":"type-product","3":"status-publish","4":"has-post-thumbnail","6":"product_cat-uncategorized","8":"first","9":"instock","10":"shipping-taxable","11":"purchasable","12":"product-type-simple"},"yoast_head":"<!-- This site is optimized with the Yoast SEO plugin v27.4 - https:\/\/yoast.com\/product\/yoast-seo-wordpress\/ -->\n<title>UHF RFID kortel\u0117 programuojama SSG-UHF-KP1 - Telefonspyn\u0117s Pra\u0117jimo kontrol\u0117<\/title>\n<meta name=\"robots\" content=\"index, follow, max-snippet:-1, max-image-preview:large, max-video-preview:-1\" \/>\n<link rel=\"canonical\" href=\"https:\/\/domofonas.lt\/index.php\/product\/uhf-rfid-kortele-programuojama-ssg-uhf-kp1\/\" \/>\n<meta property=\"og:locale\" content=\"lt_LT\" \/>\n<meta property=\"og:type\" content=\"article\" \/>\n<meta property=\"og:title\" content=\"UHF RFID kortel\u0117 programuojama SSG-UHF-KP1 - Telefonspyn\u0117s Pra\u0117jimo kontrol\u0117\" \/>\n<meta property=\"og:description\" content=\"Darbinis da\u017enis : 840-960Mhz Protokolai : ISO18000-6C\/EPC Class 1 Gen 2 Nuskaitimo atstumas : 1-15m ( priklauso nuo skaitytuvo ) Atmintis : EPC 96bits Programuojama : Taip Matmenys : 85*54*10mm\" \/>\n<meta property=\"og:url\" content=\"https:\/\/domofonas.lt\/index.php\/product\/uhf-rfid-kortele-programuojama-ssg-uhf-kp1\/\" \/>\n<meta property=\"og:site_name\" content=\"Telefonspyn\u0117s Pra\u0117jimo kontrol\u0117\" \/>\n<meta property=\"og:image\" content=\"https:\/\/domofonas.lt\/wp-content\/uploads\/2020\/12\/kortele_em_125_khz_1395777809.jpg\" \/>\n\t<meta property=\"og:image:width\" content=\"300\" \/>\n\t<meta property=\"og:image:height\" content=\"216\" \/>\n\t<meta property=\"og:image:type\" content=\"image\/jpeg\" \/>\n<meta name=\"twitter:card\" content=\"summary_large_image\" \/>\n<script type=\"application\/ld+json\" class=\"yoast-schema-graph\">{\"@context\":\"https:\\\/\\\/schema.org\",\"@graph\":[{\"@type\":\"WebPage\",\"@id\":\"https:\\\/\\\/domofonas.lt\\\/index.php\\\/product\\\/uhf-rfid-kortele-programuojama-ssg-uhf-kp1\\\/\",\"url\":\"https:\\\/\\\/domofonas.lt\\\/index.php\\\/product\\\/uhf-rfid-kortele-programuojama-ssg-uhf-kp1\\\/\",\"name\":\"UHF RFID kortel\u0117 programuojama SSG-UHF-KP1 - Telefonspyn\u0117s Pra\u0117jimo kontrol\u0117\",\"isPartOf\":{\"@id\":\"https:\\\/\\\/domofonas.lt\\\/#website\"},\"primaryImageOfPage\":{\"@id\":\"https:\\\/\\\/domofonas.lt\\\/index.php\\\/product\\\/uhf-rfid-kortele-programuojama-ssg-uhf-kp1\\\/#primaryimage\"},\"image\":{\"@id\":\"https:\\\/\\\/domofonas.lt\\\/index.php\\\/product\\\/uhf-rfid-kortele-programuojama-ssg-uhf-kp1\\\/#primaryimage\"},\"thumbnailUrl\":\"https:\\\/\\\/domofonas.lt\\\/wp-content\\\/uploads\\\/2020\\\/12\\\/kortele_em_125_khz_1395777809.jpg\",\"datePublished\":\"2020-12-11T15:31:12+00:00\",\"breadcrumb\":{\"@id\":\"https:\\\/\\\/domofonas.lt\\\/index.php\\\/product\\\/uhf-rfid-kortele-programuojama-ssg-uhf-kp1\\\/#breadcrumb\"},\"inLanguage\":\"lt-LT\",\"potentialAction\":[{\"@type\":\"ReadAction\",\"target\":[\"https:\\\/\\\/domofonas.lt\\\/index.php\\\/product\\\/uhf-rfid-kortele-programuojama-ssg-uhf-kp1\\\/\"]}]},{\"@type\":\"ImageObject\",\"inLanguage\":\"lt-LT\",\"@id\":\"https:\\\/\\\/domofonas.lt\\\/index.php\\\/product\\\/uhf-rfid-kortele-programuojama-ssg-uhf-kp1\\\/#primaryimage\",\"url\":\"https:\\\/\\\/domofonas.lt\\\/wp-content\\\/uploads\\\/2020\\\/12\\\/kortele_em_125_khz_1395777809.jpg\",\"contentUrl\":\"https:\\\/\\\/domofonas.lt\\\/wp-content\\\/uploads\\\/2020\\\/12\\\/kortele_em_125_khz_1395777809.jpg\",\"width\":300,\"height\":216,\"caption\":\"UHF RFID kortel\u0117 programuojama SSG-UHF-KP1\"},{\"@type\":\"BreadcrumbList\",\"@id\":\"https:\\\/\\\/domofonas.lt\\\/index.php\\\/product\\\/uhf-rfid-kortele-programuojama-ssg-uhf-kp1\\\/#breadcrumb\",\"itemListElement\":[{\"@type\":\"ListItem\",\"position\":1,\"name\":\"Home\",\"item\":\"https:\\\/\\\/domofonas.lt\\\/\"},{\"@type\":\"ListItem\",\"position\":2,\"name\":\"UHF RFID kortel\u0117 programuojama SSG-UHF-KP1\"}]},{\"@type\":\"WebSite\",\"@id\":\"https:\\\/\\\/domofonas.lt\\\/#website\",\"url\":\"https:\\\/\\\/domofonas.lt\\\/\",\"name\":\"Telefonspyn\u0117s Pra\u0117jimo kontrol\u0117\",\"description\":\"\u012erengimas Montavimas\",\"publisher\":{\"@id\":\"https:\\\/\\\/domofonas.lt\\\/#organization\"},\"potentialAction\":[{\"@type\":\"SearchAction\",\"target\":{\"@type\":\"EntryPoint\",\"urlTemplate\":\"https:\\\/\\\/domofonas.lt\\\/?s={search_term_string}\"},\"query-input\":{\"@type\":\"PropertyValueSpecification\",\"valueRequired\":true,\"valueName\":\"search_term_string\"}}],\"inLanguage\":\"lt-LT\"},{\"@type\":\"Organization\",\"@id\":\"https:\\\/\\\/domofonas.lt\\\/#organization\",\"name\":\"Telefonspyn\u0117s Pra\u0117jimo kontrol\u0117\",\"url\":\"https:\\\/\\\/domofonas.lt\\\/\",\"logo\":{\"@type\":\"ImageObject\",\"inLanguage\":\"lt-LT\",\"@id\":\"https:\\\/\\\/domofonas.lt\\\/#\\\/schema\\\/logo\\\/image\\\/\",\"url\":\"https:\\\/\\\/domofonas.lt\\\/wp-content\\\/uploads\\\/2020\\\/12\\\/cropped-cropped-paradox_ssg-Max-Quality__1_-removebg-preview.png\",\"contentUrl\":\"https:\\\/\\\/domofonas.lt\\\/wp-content\\\/uploads\\\/2020\\\/12\\\/cropped-cropped-paradox_ssg-Max-Quality__1_-removebg-preview.png\",\"width\":250,\"height\":70,\"caption\":\"Telefonspyn\u0117s  Pra\u0117jimo kontrol\u0117\"},\"image\":{\"@id\":\"https:\\\/\\\/domofonas.lt\\\/#\\\/schema\\\/logo\\\/image\\\/\"}}]}<\/script>\n<!-- \/ Yoast SEO plugin. -->","yoast_head_json":{"title":"UHF RFID kortel\u0117 programuojama SSG-UHF-KP1 - Telefonspyn\u0117s Pra\u0117jimo kontrol\u0117","robots":{"index":"index","follow":"follow","max-snippet":"max-snippet:-1","max-image-preview":"max-image-preview:large","max-video-preview":"max-video-preview:-1"},"canonical":"https:\/\/domofonas.lt\/index.php\/product\/uhf-rfid-kortele-programuojama-ssg-uhf-kp1\/","og_locale":"lt_LT","og_type":"article","og_title":"UHF RFID kortel\u0117 programuojama SSG-UHF-KP1 - Telefonspyn\u0117s Pra\u0117jimo kontrol\u0117","og_description":"Darbinis da\u017enis : 840-960Mhz Protokolai : ISO18000-6C\/EPC Class 1 Gen 2 Nuskaitimo atstumas : 1-15m ( priklauso nuo skaitytuvo ) Atmintis : EPC 96bits Programuojama : Taip Matmenys : 85*54*10mm","og_url":"https:\/\/domofonas.lt\/index.php\/product\/uhf-rfid-kortele-programuojama-ssg-uhf-kp1\/","og_site_name":"Telefonspyn\u0117s Pra\u0117jimo kontrol\u0117","og_image":[{"width":300,"height":216,"url":"https:\/\/domofonas.lt\/wp-content\/uploads\/2020\/12\/kortele_em_125_khz_1395777809.jpg","type":"image\/jpeg"}],"twitter_card":"summary_large_image","schema":{"@context":"https:\/\/schema.org","@graph":[{"@type":"WebPage","@id":"https:\/\/domofonas.lt\/index.php\/product\/uhf-rfid-kortele-programuojama-ssg-uhf-kp1\/","url":"https:\/\/domofonas.lt\/index.php\/product\/uhf-rfid-kortele-programuojama-ssg-uhf-kp1\/","name":"UHF RFID kortel\u0117 programuojama SSG-UHF-KP1 - Telefonspyn\u0117s Pra\u0117jimo kontrol\u0117","isPartOf":{"@id":"https:\/\/domofonas.lt\/#website"},"primaryImageOfPage":{"@id":"https:\/\/domofonas.lt\/index.php\/product\/uhf-rfid-kortele-programuojama-ssg-uhf-kp1\/#primaryimage"},"image":{"@id":"https:\/\/domofonas.lt\/index.php\/product\/uhf-rfid-kortele-programuojama-ssg-uhf-kp1\/#primaryimage"},"thumbnailUrl":"https:\/\/domofonas.lt\/wp-content\/uploads\/2020\/12\/kortele_em_125_khz_1395777809.jpg","datePublished":"2020-12-11T15:31:12+00:00","breadcrumb":{"@id":"https:\/\/domofonas.lt\/index.php\/product\/uhf-rfid-kortele-programuojama-ssg-uhf-kp1\/#breadcrumb"},"inLanguage":"lt-LT","potentialAction":[{"@type":"ReadAction","target":["https:\/\/domofonas.lt\/index.php\/product\/uhf-rfid-kortele-programuojama-ssg-uhf-kp1\/"]}]},{"@type":"ImageObject","inLanguage":"lt-LT","@id":"https:\/\/domofonas.lt\/index.php\/product\/uhf-rfid-kortele-programuojama-ssg-uhf-kp1\/#primaryimage","url":"https:\/\/domofonas.lt\/wp-content\/uploads\/2020\/12\/kortele_em_125_khz_1395777809.jpg","contentUrl":"https:\/\/domofonas.lt\/wp-content\/uploads\/2020\/12\/kortele_em_125_khz_1395777809.jpg","width":300,"height":216,"caption":"UHF RFID kortel\u0117 programuojama SSG-UHF-KP1"},{"@type":"BreadcrumbList","@id":"https:\/\/domofonas.lt\/index.php\/product\/uhf-rfid-kortele-programuojama-ssg-uhf-kp1\/#breadcrumb","itemListElement":[{"@type":"ListItem","position":1,"name":"Home","item":"https:\/\/domofonas.lt\/"},{"@type":"ListItem","position":2,"name":"UHF RFID kortel\u0117 programuojama SSG-UHF-KP1"}]},{"@type":"WebSite","@id":"https:\/\/domofonas.lt\/#website","url":"https:\/\/domofonas.lt\/","name":"Telefonspyn\u0117s Pra\u0117jimo kontrol\u0117","description":"\u012erengimas Montavimas","publisher":{"@id":"https:\/\/domofonas.lt\/#organization"},"potentialAction":[{"@type":"SearchAction","target":{"@type":"EntryPoint","urlTemplate":"https:\/\/domofonas.lt\/?s={search_term_string}"},"query-input":{"@type":"PropertyValueSpecification","valueRequired":true,"valueName":"search_term_string"}}],"inLanguage":"lt-LT"},{"@type":"Organization","@id":"https:\/\/domofonas.lt\/#organization","name":"Telefonspyn\u0117s Pra\u0117jimo kontrol\u0117","url":"https:\/\/domofonas.lt\/","logo":{"@type":"ImageObject","inLanguage":"lt-LT","@id":"https:\/\/domofonas.lt\/#\/schema\/logo\/image\/","url":"https:\/\/domofonas.lt\/wp-content\/uploads\/2020\/12\/cropped-cropped-paradox_ssg-Max-Quality__1_-removebg-preview.png","contentUrl":"https:\/\/domofonas.lt\/wp-content\/uploads\/2020\/12\/cropped-cropped-paradox_ssg-Max-Quality__1_-removebg-preview.png","width":250,"height":70,"caption":"Telefonspyn\u0117s  Pra\u0117jimo kontrol\u0117"},"image":{"@id":"https:\/\/domofonas.lt\/#\/schema\/logo\/image\/"}}]}},"jetpack_sharing_enabled":true,"_links":{"self":[{"href":"https:\/\/domofonas.lt\/index.php\/wp-json\/wp\/v2\/product\/97","targetHints":{"allow":["GET"]}}],"collection":[{"href":"https:\/\/domofonas.lt\/index.php\/wp-json\/wp\/v2\/product"}],"about":[{"href":"https:\/\/domofonas.lt\/index.php\/wp-json\/wp\/v2\/types\/product"}],"wp:featuredmedia":[{"embeddable":true,"href":"https:\/\/domofonas.lt\/index.php\/wp-json\/wp\/v2\/media\/96"}],"wp:attachment":[{"href":"https:\/\/domofonas.lt\/index.php\/wp-json\/wp\/v2\/media?parent=97"}],"wp:term":[{"taxonomy":"product_brand","embeddable":true,"href":"https:\/\/domofonas.lt\/index.php\/wp-json\/wp\/v2\/product_brand?post=97"},{"taxonomy":"product_cat","embeddable":true,"href":"https:\/\/domofonas.lt\/index.php\/wp-json\/wp\/v2\/product_cat?post=97"},{"taxonomy":"product_tag","embeddable":true,"href":"https:\/\/domofonas.lt\/index.php\/wp-json\/wp\/v2\/product_tag?post=97"}],"curies":[{"name":"wp","href":"https:\/\/api.w.org\/{rel}","templated":true}]}}