{"id":75,"date":"2020-12-11T15:31:09","date_gmt":"2020-12-11T15:31:09","guid":{"rendered":"http:\/\/domofonas.lt\/index.php\/product\/s-600em-atstuminiu-korteliu-skaitytuvas\/"},"modified":"2020-12-11T15:31:09","modified_gmt":"2020-12-11T15:31:09","slug":"s-600em-atstuminiu-korteliu-skaitytuvas","status":"publish","type":"product","link":"https:\/\/domofonas.lt\/index.php\/product\/s-600em-atstuminiu-korteliu-skaitytuvas\/","title":{"rendered":"S-600EM atstumini\u0173 korteli\u0173 skaitytuvas"},"content":{"rendered":"<table border=\"0\" cellspacing=\"1\" cellpadding=\"4\">\n<tbody>\n<tr>\n<td bgcolor=\"#ffffff\">Maitinimas<\/td>\n<td bgcolor=\"#ffffff\"><span class=\"hps\">DC-12V<\/span><\/td>\n<\/tr>\n<tr>\n<td bgcolor=\"#ffffff\">Atmintis<\/td>\n<td bgcolor=\"#ffffff\">2000 korteli\u0173 \/ kod\u0173<\/td>\n<\/tr>\n<tr>\n<td bgcolor=\"#ffffff\">Suveikimo trukm\u0117 (sek)<\/td>\n<td bgcolor=\"#ffffff\">0-99<\/td>\n<\/tr>\n<tr>\n<td bgcolor=\"#ffffff\">I\u0161matavimai<\/td>\n<td bgcolor=\"#ffffff\">120x 56 x 18 (mm)<\/td>\n<\/tr>\n<tr>\n<td bgcolor=\"#ffffff\">Korpuso konstrukcija<\/td>\n<td bgcolor=\"#ffffff\">Vir\u0161tinkin\u0117<\/td>\n<\/tr>\n<tr>\n<td bgcolor=\"#ffffff\">Spalva<\/td>\n<td bgcolor=\"#ffffff\">Sidabrin\u0117<\/td>\n<\/tr>\n<\/tbody>\n<\/table>\n","protected":false},"excerpt":{"rendered":"<p>S-600 Atstumini\u0173 korteli\u0173 skaitytuvas \/ kodin\u0117 klaviat\u016bra ir kontroleris viename korpuse, antivandalinis, tinka lauko s\u0105lygoms. Metalinis korpusas ir ap\u0161vie\u010diami mygtukai. Montavimas: vir\u0161tinkinis.<\/p>\n","protected":false},"featured_media":45,"template":"","meta":{"_monsterinsights_skip_tracking":false,"_monsterinsights_sitenote_active":false,"_monsterinsights_sitenote_note":"","_monsterinsights_sitenote_category":0},"product_brand":[],"product_cat":[15],"product_tag":[],"class_list":{"0":"post-75","1":"product","2":"type-product","3":"status-publish","4":"has-post-thumbnail","6":"product_cat-uncategorized","8":"first","9":"instock","10":"shipping-taxable","11":"purchasable","12":"product-type-simple"},"yoast_head":"<!-- This site is optimized with the Yoast SEO plugin v27.4 - https:\/\/yoast.com\/product\/yoast-seo-wordpress\/ -->\n<title>S-600EM atstumini\u0173 korteli\u0173 skaitytuvas - Telefonspyn\u0117s Pra\u0117jimo kontrol\u0117<\/title>\n<meta name=\"robots\" content=\"index, follow, max-snippet:-1, max-image-preview:large, max-video-preview:-1\" \/>\n<link rel=\"canonical\" href=\"https:\/\/domofonas.lt\/index.php\/product\/s-600em-atstuminiu-korteliu-skaitytuvas\/\" \/>\n<meta property=\"og:locale\" content=\"lt_LT\" \/>\n<meta property=\"og:type\" content=\"article\" \/>\n<meta property=\"og:title\" content=\"S-600EM atstumini\u0173 korteli\u0173 skaitytuvas - Telefonspyn\u0117s Pra\u0117jimo kontrol\u0117\" \/>\n<meta property=\"og:description\" content=\"S-600 Atstumini\u0173 korteli\u0173 skaitytuvas \/ kodin\u0117 klaviat\u016bra ir kontroleris viename korpuse, antivandalinis, tinka lauko s\u0105lygoms. Metalinis korpusas ir ap\u0161vie\u010diami mygtukai. Montavimas: vir\u0161tinkinis.\" \/>\n<meta property=\"og:url\" content=\"https:\/\/domofonas.lt\/index.php\/product\/s-600em-atstuminiu-korteliu-skaitytuvas\/\" \/>\n<meta property=\"og:site_name\" content=\"Telefonspyn\u0117s Pra\u0117jimo kontrol\u0117\" \/>\n<meta property=\"og:image\" content=\"https:\/\/domofonas.lt\/wp-content\/uploads\/2020\/12\/S-600MF-atstuminiu-korteliu-skaitytuvas.jpg\" \/>\n\t<meta property=\"og:image:width\" content=\"562\" \/>\n\t<meta property=\"og:image:height\" content=\"375\" \/>\n\t<meta property=\"og:image:type\" content=\"image\/jpeg\" \/>\n<meta name=\"twitter:card\" content=\"summary_large_image\" \/>\n<script type=\"application\/ld+json\" class=\"yoast-schema-graph\">{\"@context\":\"https:\\\/\\\/schema.org\",\"@graph\":[{\"@type\":\"WebPage\",\"@id\":\"https:\\\/\\\/domofonas.lt\\\/index.php\\\/product\\\/s-600em-atstuminiu-korteliu-skaitytuvas\\\/\",\"url\":\"https:\\\/\\\/domofonas.lt\\\/index.php\\\/product\\\/s-600em-atstuminiu-korteliu-skaitytuvas\\\/\",\"name\":\"S-600EM atstumini\u0173 korteli\u0173 skaitytuvas - Telefonspyn\u0117s Pra\u0117jimo kontrol\u0117\",\"isPartOf\":{\"@id\":\"https:\\\/\\\/domofonas.lt\\\/#website\"},\"primaryImageOfPage\":{\"@id\":\"https:\\\/\\\/domofonas.lt\\\/index.php\\\/product\\\/s-600em-atstuminiu-korteliu-skaitytuvas\\\/#primaryimage\"},\"image\":{\"@id\":\"https:\\\/\\\/domofonas.lt\\\/index.php\\\/product\\\/s-600em-atstuminiu-korteliu-skaitytuvas\\\/#primaryimage\"},\"thumbnailUrl\":\"https:\\\/\\\/domofonas.lt\\\/wp-content\\\/uploads\\\/2020\\\/12\\\/S-600MF-atstuminiu-korteliu-skaitytuvas.jpg\",\"datePublished\":\"2020-12-11T15:31:09+00:00\",\"breadcrumb\":{\"@id\":\"https:\\\/\\\/domofonas.lt\\\/index.php\\\/product\\\/s-600em-atstuminiu-korteliu-skaitytuvas\\\/#breadcrumb\"},\"inLanguage\":\"lt-LT\",\"potentialAction\":[{\"@type\":\"ReadAction\",\"target\":[\"https:\\\/\\\/domofonas.lt\\\/index.php\\\/product\\\/s-600em-atstuminiu-korteliu-skaitytuvas\\\/\"]}]},{\"@type\":\"ImageObject\",\"inLanguage\":\"lt-LT\",\"@id\":\"https:\\\/\\\/domofonas.lt\\\/index.php\\\/product\\\/s-600em-atstuminiu-korteliu-skaitytuvas\\\/#primaryimage\",\"url\":\"https:\\\/\\\/domofonas.lt\\\/wp-content\\\/uploads\\\/2020\\\/12\\\/S-600MF-atstuminiu-korteliu-skaitytuvas.jpg\",\"contentUrl\":\"https:\\\/\\\/domofonas.lt\\\/wp-content\\\/uploads\\\/2020\\\/12\\\/S-600MF-atstuminiu-korteliu-skaitytuvas.jpg\",\"width\":562,\"height\":375,\"caption\":\"S-600EM atstumini\u0173 korteli\u0173 skaitytuvas\"},{\"@type\":\"BreadcrumbList\",\"@id\":\"https:\\\/\\\/domofonas.lt\\\/index.php\\\/product\\\/s-600em-atstuminiu-korteliu-skaitytuvas\\\/#breadcrumb\",\"itemListElement\":[{\"@type\":\"ListItem\",\"position\":1,\"name\":\"Home\",\"item\":\"https:\\\/\\\/domofonas.lt\\\/\"},{\"@type\":\"ListItem\",\"position\":2,\"name\":\"S-600EM atstumini\u0173 korteli\u0173 skaitytuvas\"}]},{\"@type\":\"WebSite\",\"@id\":\"https:\\\/\\\/domofonas.lt\\\/#website\",\"url\":\"https:\\\/\\\/domofonas.lt\\\/\",\"name\":\"Telefonspyn\u0117s Pra\u0117jimo kontrol\u0117\",\"description\":\"\u012erengimas Montavimas\",\"publisher\":{\"@id\":\"https:\\\/\\\/domofonas.lt\\\/#organization\"},\"potentialAction\":[{\"@type\":\"SearchAction\",\"target\":{\"@type\":\"EntryPoint\",\"urlTemplate\":\"https:\\\/\\\/domofonas.lt\\\/?s={search_term_string}\"},\"query-input\":{\"@type\":\"PropertyValueSpecification\",\"valueRequired\":true,\"valueName\":\"search_term_string\"}}],\"inLanguage\":\"lt-LT\"},{\"@type\":\"Organization\",\"@id\":\"https:\\\/\\\/domofonas.lt\\\/#organization\",\"name\":\"Telefonspyn\u0117s Pra\u0117jimo kontrol\u0117\",\"url\":\"https:\\\/\\\/domofonas.lt\\\/\",\"logo\":{\"@type\":\"ImageObject\",\"inLanguage\":\"lt-LT\",\"@id\":\"https:\\\/\\\/domofonas.lt\\\/#\\\/schema\\\/logo\\\/image\\\/\",\"url\":\"https:\\\/\\\/domofonas.lt\\\/wp-content\\\/uploads\\\/2020\\\/12\\\/cropped-cropped-paradox_ssg-Max-Quality__1_-removebg-preview.png\",\"contentUrl\":\"https:\\\/\\\/domofonas.lt\\\/wp-content\\\/uploads\\\/2020\\\/12\\\/cropped-cropped-paradox_ssg-Max-Quality__1_-removebg-preview.png\",\"width\":250,\"height\":70,\"caption\":\"Telefonspyn\u0117s  Pra\u0117jimo kontrol\u0117\"},\"image\":{\"@id\":\"https:\\\/\\\/domofonas.lt\\\/#\\\/schema\\\/logo\\\/image\\\/\"}}]}<\/script>\n<!-- \/ Yoast SEO plugin. -->","yoast_head_json":{"title":"S-600EM atstumini\u0173 korteli\u0173 skaitytuvas - Telefonspyn\u0117s Pra\u0117jimo kontrol\u0117","robots":{"index":"index","follow":"follow","max-snippet":"max-snippet:-1","max-image-preview":"max-image-preview:large","max-video-preview":"max-video-preview:-1"},"canonical":"https:\/\/domofonas.lt\/index.php\/product\/s-600em-atstuminiu-korteliu-skaitytuvas\/","og_locale":"lt_LT","og_type":"article","og_title":"S-600EM atstumini\u0173 korteli\u0173 skaitytuvas - Telefonspyn\u0117s Pra\u0117jimo kontrol\u0117","og_description":"S-600 Atstumini\u0173 korteli\u0173 skaitytuvas \/ kodin\u0117 klaviat\u016bra ir kontroleris viename korpuse, antivandalinis, tinka lauko s\u0105lygoms. Metalinis korpusas ir ap\u0161vie\u010diami mygtukai. Montavimas: vir\u0161tinkinis.","og_url":"https:\/\/domofonas.lt\/index.php\/product\/s-600em-atstuminiu-korteliu-skaitytuvas\/","og_site_name":"Telefonspyn\u0117s Pra\u0117jimo kontrol\u0117","og_image":[{"width":562,"height":375,"url":"https:\/\/domofonas.lt\/wp-content\/uploads\/2020\/12\/S-600MF-atstuminiu-korteliu-skaitytuvas.jpg","type":"image\/jpeg"}],"twitter_card":"summary_large_image","schema":{"@context":"https:\/\/schema.org","@graph":[{"@type":"WebPage","@id":"https:\/\/domofonas.lt\/index.php\/product\/s-600em-atstuminiu-korteliu-skaitytuvas\/","url":"https:\/\/domofonas.lt\/index.php\/product\/s-600em-atstuminiu-korteliu-skaitytuvas\/","name":"S-600EM atstumini\u0173 korteli\u0173 skaitytuvas - Telefonspyn\u0117s Pra\u0117jimo kontrol\u0117","isPartOf":{"@id":"https:\/\/domofonas.lt\/#website"},"primaryImageOfPage":{"@id":"https:\/\/domofonas.lt\/index.php\/product\/s-600em-atstuminiu-korteliu-skaitytuvas\/#primaryimage"},"image":{"@id":"https:\/\/domofonas.lt\/index.php\/product\/s-600em-atstuminiu-korteliu-skaitytuvas\/#primaryimage"},"thumbnailUrl":"https:\/\/domofonas.lt\/wp-content\/uploads\/2020\/12\/S-600MF-atstuminiu-korteliu-skaitytuvas.jpg","datePublished":"2020-12-11T15:31:09+00:00","breadcrumb":{"@id":"https:\/\/domofonas.lt\/index.php\/product\/s-600em-atstuminiu-korteliu-skaitytuvas\/#breadcrumb"},"inLanguage":"lt-LT","potentialAction":[{"@type":"ReadAction","target":["https:\/\/domofonas.lt\/index.php\/product\/s-600em-atstuminiu-korteliu-skaitytuvas\/"]}]},{"@type":"ImageObject","inLanguage":"lt-LT","@id":"https:\/\/domofonas.lt\/index.php\/product\/s-600em-atstuminiu-korteliu-skaitytuvas\/#primaryimage","url":"https:\/\/domofonas.lt\/wp-content\/uploads\/2020\/12\/S-600MF-atstuminiu-korteliu-skaitytuvas.jpg","contentUrl":"https:\/\/domofonas.lt\/wp-content\/uploads\/2020\/12\/S-600MF-atstuminiu-korteliu-skaitytuvas.jpg","width":562,"height":375,"caption":"S-600EM atstumini\u0173 korteli\u0173 skaitytuvas"},{"@type":"BreadcrumbList","@id":"https:\/\/domofonas.lt\/index.php\/product\/s-600em-atstuminiu-korteliu-skaitytuvas\/#breadcrumb","itemListElement":[{"@type":"ListItem","position":1,"name":"Home","item":"https:\/\/domofonas.lt\/"},{"@type":"ListItem","position":2,"name":"S-600EM atstumini\u0173 korteli\u0173 skaitytuvas"}]},{"@type":"WebSite","@id":"https:\/\/domofonas.lt\/#website","url":"https:\/\/domofonas.lt\/","name":"Telefonspyn\u0117s Pra\u0117jimo kontrol\u0117","description":"\u012erengimas Montavimas","publisher":{"@id":"https:\/\/domofonas.lt\/#organization"},"potentialAction":[{"@type":"SearchAction","target":{"@type":"EntryPoint","urlTemplate":"https:\/\/domofonas.lt\/?s={search_term_string}"},"query-input":{"@type":"PropertyValueSpecification","valueRequired":true,"valueName":"search_term_string"}}],"inLanguage":"lt-LT"},{"@type":"Organization","@id":"https:\/\/domofonas.lt\/#organization","name":"Telefonspyn\u0117s Pra\u0117jimo kontrol\u0117","url":"https:\/\/domofonas.lt\/","logo":{"@type":"ImageObject","inLanguage":"lt-LT","@id":"https:\/\/domofonas.lt\/#\/schema\/logo\/image\/","url":"https:\/\/domofonas.lt\/wp-content\/uploads\/2020\/12\/cropped-cropped-paradox_ssg-Max-Quality__1_-removebg-preview.png","contentUrl":"https:\/\/domofonas.lt\/wp-content\/uploads\/2020\/12\/cropped-cropped-paradox_ssg-Max-Quality__1_-removebg-preview.png","width":250,"height":70,"caption":"Telefonspyn\u0117s  Pra\u0117jimo kontrol\u0117"},"image":{"@id":"https:\/\/domofonas.lt\/#\/schema\/logo\/image\/"}}]}},"jetpack_sharing_enabled":true,"_links":{"self":[{"href":"https:\/\/domofonas.lt\/index.php\/wp-json\/wp\/v2\/product\/75","targetHints":{"allow":["GET"]}}],"collection":[{"href":"https:\/\/domofonas.lt\/index.php\/wp-json\/wp\/v2\/product"}],"about":[{"href":"https:\/\/domofonas.lt\/index.php\/wp-json\/wp\/v2\/types\/product"}],"wp:featuredmedia":[{"embeddable":true,"href":"https:\/\/domofonas.lt\/index.php\/wp-json\/wp\/v2\/media\/45"}],"wp:attachment":[{"href":"https:\/\/domofonas.lt\/index.php\/wp-json\/wp\/v2\/media?parent=75"}],"wp:term":[{"taxonomy":"product_brand","embeddable":true,"href":"https:\/\/domofonas.lt\/index.php\/wp-json\/wp\/v2\/product_brand?post=75"},{"taxonomy":"product_cat","embeddable":true,"href":"https:\/\/domofonas.lt\/index.php\/wp-json\/wp\/v2\/product_cat?post=75"},{"taxonomy":"product_tag","embeddable":true,"href":"https:\/\/domofonas.lt\/index.php\/wp-json\/wp\/v2\/product_tag?post=75"}],"curies":[{"name":"wp","href":"https:\/\/api.w.org\/{rel}","templated":true}]}}