{"id":70,"date":"2020-12-11T15:31:07","date_gmt":"2020-12-11T15:31:07","guid":{"rendered":"http:\/\/domofonas.lt\/index.php\/product\/rfid-dveju-duru-kontroleris-c3-200-zkteco\/"},"modified":"2020-12-11T15:31:07","modified_gmt":"2020-12-11T15:31:07","slug":"rfid-dveju-duru-kontroleris-c3-200-zkteco","status":"publish","type":"product","link":"https:\/\/domofonas.lt\/index.php\/product\/rfid-dveju-duru-kontroleris-c3-200-zkteco\/","title":{"rendered":"RFID dvej\u0173 dur\u0173 kontroleris C3-200 ZkTeco"},"content":{"rendered":"<p>Korteli\u0173 talpa \u2013 30.000<\/p>\n<p>\u012evykio buferis \u2013 100.000<\/p>\n<p>CPU \u2013 32bit MIPS procesorius<\/p>\n<p>RAM \u2013 32M Bitai<\/p>\n<p>\u201eFlash\u201c atminties \u2013 256M Bitai<\/p>\n<p>LED indikatorius \u2013 komunikacijos, maitinimas, statusas ir perforuot\u0173<\/p>\n<p>Oper. Temp \u2013 0 \u00b0 -55 \u00b0 C<\/p>\n<p>Oper. Dr\u0117gm\u0117 \u2013 10% -80%<\/p>\n<p>Maitinimo \u012ftampa \u2013 DC 9.6 V-14.4 V, Nominali Max.1 A<\/p>\n<p>Monta\u017eine plok\u0161te \u2013 160(W)*106(H)<\/p>\n<p>Su maitinimo \u0161altini\u0173 ir metalin\u0119 d\u0117\u017eut\u0119 \u2013 345x275x70<\/p>\n<p>Komunikacija \u2013 Ethernet RS485<\/p>\n<p>Wiegand skaitytuvu i\u0161\u0117jimo jungtis \u2013 4 (2Wiegand 26\/34, 2\u00a0PIN-paneles (<span lang=\"en-US\">klaviaturai<\/span>) 8\u00a0<span lang=\"en-US\">Bit<\/span>)<\/p>\n<p>\u012evesties jungtis \u2013 6 (<span lang=\"en-US\">Exit<\/span>1, Exit2, Sensor1, Sensor2, AUX1, AUX2)<\/p>\n<p>I\u0161vesties prievadas 2x Form-C dvej\u0173 kontaktu relinis i\u0161\u0117jimas (max. Apkrova: 5\u0410\/36V AC arba 8\u0410\/30V DC ) ;<\/p>\n<p>2x Form-C dvej\u0173 kontaktu relinis AUX (skaitmeninis) i\u0161\u0117jimas (max. apkrova 2\u0410\/30\u0412 DC)<\/p>\n<p>Duomen\u0173 perdavimo greitis \u2013 rekomenduojama: 38,400bps<\/p>\n<p>pasirenkama: 9600bps\/19.200bps\/57.600bps<\/p>\n<p>Sertifikatas \u2013 CE, FCC, RoHS<\/p>\n","protected":false},"excerpt":{"rendered":"<p>C3 -200 dviej\u0173\u00a0 dur\u0173 kontrolierius (TCP\/IP), su 2 skaitytuvais\u00a0 ( \u012f\u0117jimui ir i\u0161\u0117jimui )\u00a0 tod\u0117l fiksuojamas \u012f\u0117jimo ir i\u0161\u0117jimo laikas. Prie \u0161io kontrolierio jungiami skaitytuvai per Wiegant(26 bit\/34 bit) s\u0105saj\u0105 . Saugi tinklo aplinka ir centralizuotas realiuoju laiku administravimas suma\u017eina j\u016bs\u0173 i\u0161laidas IT infrastrukt\u016brai ir leid\u017eia jums lengvai valdyti visus savo prieigos ta\u0161k\u0173 vienoje vietoje. \u0160is universal\u016bs sprendimo ypatumai leid\u017eia r\u016bpintis dabartimi ir tenkinti ateities poreikius lengvai ir efektyviai praple\u010diant sistemos didi. \u0160i sistemos yra viena i\u0161 labiausiai patikimos rinkoje. SDK (Software Development Kit) leid\u017eia klientui integruoti valdikl\u012f \u012f esam\u0105 prieigos kontrol\u0117s programin\u0119 \u012frang\u0105 arba sukurti nauj\u0105 programin\u0119 \u012frang\u0105<\/p>\n","protected":false},"featured_media":69,"template":"","meta":{"_monsterinsights_skip_tracking":false,"_monsterinsights_sitenote_active":false,"_monsterinsights_sitenote_note":"","_monsterinsights_sitenote_category":0},"product_brand":[],"product_cat":[15],"product_tag":[],"class_list":{"0":"post-70","1":"product","2":"type-product","3":"status-publish","4":"has-post-thumbnail","6":"product_cat-uncategorized","8":"first","9":"instock","10":"shipping-taxable","11":"purchasable","12":"product-type-simple"},"yoast_head":"<!-- This site is optimized with the Yoast SEO plugin v27.4 - https:\/\/yoast.com\/product\/yoast-seo-wordpress\/ -->\n<title>RFID dvej\u0173 dur\u0173 kontroleris C3-200 ZkTeco - Telefonspyn\u0117s Pra\u0117jimo kontrol\u0117<\/title>\n<meta name=\"robots\" content=\"index, follow, max-snippet:-1, max-image-preview:large, max-video-preview:-1\" \/>\n<link rel=\"canonical\" href=\"https:\/\/domofonas.lt\/index.php\/product\/rfid-dveju-duru-kontroleris-c3-200-zkteco\/\" \/>\n<meta property=\"og:locale\" content=\"lt_LT\" \/>\n<meta property=\"og:type\" content=\"article\" \/>\n<meta property=\"og:title\" content=\"RFID dvej\u0173 dur\u0173 kontroleris C3-200 ZkTeco - Telefonspyn\u0117s Pra\u0117jimo kontrol\u0117\" \/>\n<meta property=\"og:description\" content=\"C3 -200 dviej\u0173\u00a0 dur\u0173 kontrolierius (TCP\/IP), su 2 skaitytuvais\u00a0 ( \u012f\u0117jimui ir i\u0161\u0117jimui )\u00a0 tod\u0117l fiksuojamas \u012f\u0117jimo ir i\u0161\u0117jimo laikas. Prie \u0161io kontrolierio jungiami skaitytuvai per Wiegant(26 bit\/34 bit) s\u0105saj\u0105 . Saugi tinklo aplinka ir centralizuotas realiuoju laiku administravimas suma\u017eina j\u016bs\u0173 i\u0161laidas IT infrastrukt\u016brai ir leid\u017eia jums lengvai valdyti visus savo prieigos ta\u0161k\u0173 vienoje vietoje. \u0160is universal\u016bs sprendimo ypatumai leid\u017eia r\u016bpintis dabartimi ir tenkinti ateities poreikius lengvai ir efektyviai praple\u010diant sistemos didi. \u0160i sistemos yra viena i\u0161 labiausiai patikimos rinkoje. SDK (Software Development Kit) leid\u017eia klientui integruoti valdikl\u012f \u012f esam\u0105 prieigos kontrol\u0117s programin\u0119 \u012frang\u0105 arba sukurti nauj\u0105 programin\u0119 \u012frang\u0105\" \/>\n<meta property=\"og:url\" content=\"https:\/\/domofonas.lt\/index.php\/product\/rfid-dveju-duru-kontroleris-c3-200-zkteco\/\" \/>\n<meta property=\"og:site_name\" content=\"Telefonspyn\u0117s Pra\u0117jimo kontrol\u0117\" \/>\n<meta property=\"og:image\" content=\"https:\/\/domofonas.lt\/wp-content\/uploads\/2020\/12\/C3-200-ZkTeco.png\" \/>\n\t<meta property=\"og:image:width\" content=\"500\" \/>\n\t<meta property=\"og:image:height\" content=\"500\" \/>\n\t<meta property=\"og:image:type\" content=\"image\/png\" \/>\n<meta name=\"twitter:card\" content=\"summary_large_image\" \/>\n<meta name=\"twitter:label1\" content=\"Est. reading time\" \/>\n\t<meta name=\"twitter:data1\" content=\"1 minut\u0117\" \/>\n<script type=\"application\/ld+json\" class=\"yoast-schema-graph\">{\"@context\":\"https:\\\/\\\/schema.org\",\"@graph\":[{\"@type\":\"WebPage\",\"@id\":\"https:\\\/\\\/domofonas.lt\\\/index.php\\\/product\\\/rfid-dveju-duru-kontroleris-c3-200-zkteco\\\/\",\"url\":\"https:\\\/\\\/domofonas.lt\\\/index.php\\\/product\\\/rfid-dveju-duru-kontroleris-c3-200-zkteco\\\/\",\"name\":\"RFID dvej\u0173 dur\u0173 kontroleris C3-200 ZkTeco - Telefonspyn\u0117s Pra\u0117jimo kontrol\u0117\",\"isPartOf\":{\"@id\":\"https:\\\/\\\/domofonas.lt\\\/#website\"},\"primaryImageOfPage\":{\"@id\":\"https:\\\/\\\/domofonas.lt\\\/index.php\\\/product\\\/rfid-dveju-duru-kontroleris-c3-200-zkteco\\\/#primaryimage\"},\"image\":{\"@id\":\"https:\\\/\\\/domofonas.lt\\\/index.php\\\/product\\\/rfid-dveju-duru-kontroleris-c3-200-zkteco\\\/#primaryimage\"},\"thumbnailUrl\":\"https:\\\/\\\/domofonas.lt\\\/wp-content\\\/uploads\\\/2020\\\/12\\\/C3-200-ZkTeco.png\",\"datePublished\":\"2020-12-11T15:31:07+00:00\",\"breadcrumb\":{\"@id\":\"https:\\\/\\\/domofonas.lt\\\/index.php\\\/product\\\/rfid-dveju-duru-kontroleris-c3-200-zkteco\\\/#breadcrumb\"},\"inLanguage\":\"lt-LT\",\"potentialAction\":[{\"@type\":\"ReadAction\",\"target\":[\"https:\\\/\\\/domofonas.lt\\\/index.php\\\/product\\\/rfid-dveju-duru-kontroleris-c3-200-zkteco\\\/\"]}]},{\"@type\":\"ImageObject\",\"inLanguage\":\"lt-LT\",\"@id\":\"https:\\\/\\\/domofonas.lt\\\/index.php\\\/product\\\/rfid-dveju-duru-kontroleris-c3-200-zkteco\\\/#primaryimage\",\"url\":\"https:\\\/\\\/domofonas.lt\\\/wp-content\\\/uploads\\\/2020\\\/12\\\/C3-200-ZkTeco.png\",\"contentUrl\":\"https:\\\/\\\/domofonas.lt\\\/wp-content\\\/uploads\\\/2020\\\/12\\\/C3-200-ZkTeco.png\",\"width\":500,\"height\":500,\"caption\":\"RFID dvej\u0173 dur\u0173 kontroleris C3-200 ZkTeco\"},{\"@type\":\"BreadcrumbList\",\"@id\":\"https:\\\/\\\/domofonas.lt\\\/index.php\\\/product\\\/rfid-dveju-duru-kontroleris-c3-200-zkteco\\\/#breadcrumb\",\"itemListElement\":[{\"@type\":\"ListItem\",\"position\":1,\"name\":\"Home\",\"item\":\"https:\\\/\\\/domofonas.lt\\\/\"},{\"@type\":\"ListItem\",\"position\":2,\"name\":\"RFID dvej\u0173 dur\u0173 kontroleris C3-200 ZkTeco\"}]},{\"@type\":\"WebSite\",\"@id\":\"https:\\\/\\\/domofonas.lt\\\/#website\",\"url\":\"https:\\\/\\\/domofonas.lt\\\/\",\"name\":\"Telefonspyn\u0117s Pra\u0117jimo kontrol\u0117\",\"description\":\"\u012erengimas Montavimas\",\"publisher\":{\"@id\":\"https:\\\/\\\/domofonas.lt\\\/#organization\"},\"potentialAction\":[{\"@type\":\"SearchAction\",\"target\":{\"@type\":\"EntryPoint\",\"urlTemplate\":\"https:\\\/\\\/domofonas.lt\\\/?s={search_term_string}\"},\"query-input\":{\"@type\":\"PropertyValueSpecification\",\"valueRequired\":true,\"valueName\":\"search_term_string\"}}],\"inLanguage\":\"lt-LT\"},{\"@type\":\"Organization\",\"@id\":\"https:\\\/\\\/domofonas.lt\\\/#organization\",\"name\":\"Telefonspyn\u0117s Pra\u0117jimo kontrol\u0117\",\"url\":\"https:\\\/\\\/domofonas.lt\\\/\",\"logo\":{\"@type\":\"ImageObject\",\"inLanguage\":\"lt-LT\",\"@id\":\"https:\\\/\\\/domofonas.lt\\\/#\\\/schema\\\/logo\\\/image\\\/\",\"url\":\"https:\\\/\\\/domofonas.lt\\\/wp-content\\\/uploads\\\/2020\\\/12\\\/cropped-cropped-paradox_ssg-Max-Quality__1_-removebg-preview.png\",\"contentUrl\":\"https:\\\/\\\/domofonas.lt\\\/wp-content\\\/uploads\\\/2020\\\/12\\\/cropped-cropped-paradox_ssg-Max-Quality__1_-removebg-preview.png\",\"width\":250,\"height\":70,\"caption\":\"Telefonspyn\u0117s  Pra\u0117jimo kontrol\u0117\"},\"image\":{\"@id\":\"https:\\\/\\\/domofonas.lt\\\/#\\\/schema\\\/logo\\\/image\\\/\"}}]}<\/script>\n<!-- \/ Yoast SEO plugin. -->","yoast_head_json":{"title":"RFID dvej\u0173 dur\u0173 kontroleris C3-200 ZkTeco - Telefonspyn\u0117s Pra\u0117jimo kontrol\u0117","robots":{"index":"index","follow":"follow","max-snippet":"max-snippet:-1","max-image-preview":"max-image-preview:large","max-video-preview":"max-video-preview:-1"},"canonical":"https:\/\/domofonas.lt\/index.php\/product\/rfid-dveju-duru-kontroleris-c3-200-zkteco\/","og_locale":"lt_LT","og_type":"article","og_title":"RFID dvej\u0173 dur\u0173 kontroleris C3-200 ZkTeco - Telefonspyn\u0117s Pra\u0117jimo kontrol\u0117","og_description":"C3 -200 dviej\u0173\u00a0 dur\u0173 kontrolierius (TCP\/IP), su 2 skaitytuvais\u00a0 ( \u012f\u0117jimui ir i\u0161\u0117jimui )\u00a0 tod\u0117l fiksuojamas \u012f\u0117jimo ir i\u0161\u0117jimo laikas. Prie \u0161io kontrolierio jungiami skaitytuvai per Wiegant(26 bit\/34 bit) s\u0105saj\u0105 . Saugi tinklo aplinka ir centralizuotas realiuoju laiku administravimas suma\u017eina j\u016bs\u0173 i\u0161laidas IT infrastrukt\u016brai ir leid\u017eia jums lengvai valdyti visus savo prieigos ta\u0161k\u0173 vienoje vietoje. \u0160is universal\u016bs sprendimo ypatumai leid\u017eia r\u016bpintis dabartimi ir tenkinti ateities poreikius lengvai ir efektyviai praple\u010diant sistemos didi. \u0160i sistemos yra viena i\u0161 labiausiai patikimos rinkoje. SDK (Software Development Kit) leid\u017eia klientui integruoti valdikl\u012f \u012f esam\u0105 prieigos kontrol\u0117s programin\u0119 \u012frang\u0105 arba sukurti nauj\u0105 programin\u0119 \u012frang\u0105","og_url":"https:\/\/domofonas.lt\/index.php\/product\/rfid-dveju-duru-kontroleris-c3-200-zkteco\/","og_site_name":"Telefonspyn\u0117s Pra\u0117jimo kontrol\u0117","og_image":[{"width":500,"height":500,"url":"https:\/\/domofonas.lt\/wp-content\/uploads\/2020\/12\/C3-200-ZkTeco.png","type":"image\/png"}],"twitter_card":"summary_large_image","twitter_misc":{"Est. reading time":"1 minut\u0117"},"schema":{"@context":"https:\/\/schema.org","@graph":[{"@type":"WebPage","@id":"https:\/\/domofonas.lt\/index.php\/product\/rfid-dveju-duru-kontroleris-c3-200-zkteco\/","url":"https:\/\/domofonas.lt\/index.php\/product\/rfid-dveju-duru-kontroleris-c3-200-zkteco\/","name":"RFID dvej\u0173 dur\u0173 kontroleris C3-200 ZkTeco - Telefonspyn\u0117s Pra\u0117jimo kontrol\u0117","isPartOf":{"@id":"https:\/\/domofonas.lt\/#website"},"primaryImageOfPage":{"@id":"https:\/\/domofonas.lt\/index.php\/product\/rfid-dveju-duru-kontroleris-c3-200-zkteco\/#primaryimage"},"image":{"@id":"https:\/\/domofonas.lt\/index.php\/product\/rfid-dveju-duru-kontroleris-c3-200-zkteco\/#primaryimage"},"thumbnailUrl":"https:\/\/domofonas.lt\/wp-content\/uploads\/2020\/12\/C3-200-ZkTeco.png","datePublished":"2020-12-11T15:31:07+00:00","breadcrumb":{"@id":"https:\/\/domofonas.lt\/index.php\/product\/rfid-dveju-duru-kontroleris-c3-200-zkteco\/#breadcrumb"},"inLanguage":"lt-LT","potentialAction":[{"@type":"ReadAction","target":["https:\/\/domofonas.lt\/index.php\/product\/rfid-dveju-duru-kontroleris-c3-200-zkteco\/"]}]},{"@type":"ImageObject","inLanguage":"lt-LT","@id":"https:\/\/domofonas.lt\/index.php\/product\/rfid-dveju-duru-kontroleris-c3-200-zkteco\/#primaryimage","url":"https:\/\/domofonas.lt\/wp-content\/uploads\/2020\/12\/C3-200-ZkTeco.png","contentUrl":"https:\/\/domofonas.lt\/wp-content\/uploads\/2020\/12\/C3-200-ZkTeco.png","width":500,"height":500,"caption":"RFID dvej\u0173 dur\u0173 kontroleris C3-200 ZkTeco"},{"@type":"BreadcrumbList","@id":"https:\/\/domofonas.lt\/index.php\/product\/rfid-dveju-duru-kontroleris-c3-200-zkteco\/#breadcrumb","itemListElement":[{"@type":"ListItem","position":1,"name":"Home","item":"https:\/\/domofonas.lt\/"},{"@type":"ListItem","position":2,"name":"RFID dvej\u0173 dur\u0173 kontroleris C3-200 ZkTeco"}]},{"@type":"WebSite","@id":"https:\/\/domofonas.lt\/#website","url":"https:\/\/domofonas.lt\/","name":"Telefonspyn\u0117s Pra\u0117jimo kontrol\u0117","description":"\u012erengimas Montavimas","publisher":{"@id":"https:\/\/domofonas.lt\/#organization"},"potentialAction":[{"@type":"SearchAction","target":{"@type":"EntryPoint","urlTemplate":"https:\/\/domofonas.lt\/?s={search_term_string}"},"query-input":{"@type":"PropertyValueSpecification","valueRequired":true,"valueName":"search_term_string"}}],"inLanguage":"lt-LT"},{"@type":"Organization","@id":"https:\/\/domofonas.lt\/#organization","name":"Telefonspyn\u0117s Pra\u0117jimo kontrol\u0117","url":"https:\/\/domofonas.lt\/","logo":{"@type":"ImageObject","inLanguage":"lt-LT","@id":"https:\/\/domofonas.lt\/#\/schema\/logo\/image\/","url":"https:\/\/domofonas.lt\/wp-content\/uploads\/2020\/12\/cropped-cropped-paradox_ssg-Max-Quality__1_-removebg-preview.png","contentUrl":"https:\/\/domofonas.lt\/wp-content\/uploads\/2020\/12\/cropped-cropped-paradox_ssg-Max-Quality__1_-removebg-preview.png","width":250,"height":70,"caption":"Telefonspyn\u0117s  Pra\u0117jimo kontrol\u0117"},"image":{"@id":"https:\/\/domofonas.lt\/#\/schema\/logo\/image\/"}}]}},"jetpack_sharing_enabled":true,"_links":{"self":[{"href":"https:\/\/domofonas.lt\/index.php\/wp-json\/wp\/v2\/product\/70","targetHints":{"allow":["GET"]}}],"collection":[{"href":"https:\/\/domofonas.lt\/index.php\/wp-json\/wp\/v2\/product"}],"about":[{"href":"https:\/\/domofonas.lt\/index.php\/wp-json\/wp\/v2\/types\/product"}],"wp:featuredmedia":[{"embeddable":true,"href":"https:\/\/domofonas.lt\/index.php\/wp-json\/wp\/v2\/media\/69"}],"wp:attachment":[{"href":"https:\/\/domofonas.lt\/index.php\/wp-json\/wp\/v2\/media?parent=70"}],"wp:term":[{"taxonomy":"product_brand","embeddable":true,"href":"https:\/\/domofonas.lt\/index.php\/wp-json\/wp\/v2\/product_brand?post=70"},{"taxonomy":"product_cat","embeddable":true,"href":"https:\/\/domofonas.lt\/index.php\/wp-json\/wp\/v2\/product_cat?post=70"},{"taxonomy":"product_tag","embeddable":true,"href":"https:\/\/domofonas.lt\/index.php\/wp-json\/wp\/v2\/product_tag?post=70"}],"curies":[{"name":"wp","href":"https:\/\/api.w.org\/{rel}","templated":true}]}}