{"id":63,"date":"2020-12-11T15:31:06","date_gmt":"2020-12-11T15:31:06","guid":{"rendered":"http:\/\/domofonas.lt\/index.php\/product\/nuotolinis-skaitytuvas-proxpoint-plus-6005\/"},"modified":"2020-12-11T15:31:06","modified_gmt":"2020-12-11T15:31:06","slug":"nuotolinis-skaitytuvas-proxpoint-plus-6005","status":"publish","type":"product","link":"https:\/\/domofonas.lt\/index.php\/product\/nuotolinis-skaitytuvas-proxpoint-plus-6005\/","title":{"rendered":"Nuotolinis skaitytuvas ProxPoint Plus 6005"},"content":{"rendered":"<table class=\"parameters\" width=\"100%\" cellspacing=\"0\" cellpadding=\"0\">\n<tbody>\n<tr>\n<td class=\"left-cell\">Dizainas<\/td>\n<td class=\"right-cell\">U\u017edaromas tvirtai, polikarbonato korpusas atlaiko at\u0161iaurines s\u0105lygas, teikia patikimus rezultatus ir yra turi auk\u0161t\u0105 atsparumo lyg\u012f vandalizmui.<\/td>\n<\/tr>\n<tr>\n<td class=\"left-cell\">Maksimali srov\u0117<\/td>\n<td class=\"right-cell\">Vidutin\u0117 30 mA, maks. 75 mA<\/td>\n<\/tr>\n<tr>\n<td class=\"left-cell\">Da\u017enis<\/td>\n<td class=\"right-cell\">125 kHz<\/td>\n<\/tr>\n<tr>\n<td class=\"left-cell\">Laido ilgis<\/td>\n<td class=\"right-cell\">150 m<\/td>\n<\/tr>\n<tr>\n<td class=\"left-cell\">Nuskaitymo atstumas<\/td>\n<td class=\"right-cell\">3.8 &#8211; 7.6 cm (priklauso nuo kortel\u0117s tipo)<\/td>\n<\/tr>\n<tr>\n<td class=\"left-cell\">Santykin\u0117 dr\u0117gm\u0117<\/td>\n<td class=\"right-cell\">0-95%<\/td>\n<\/tr>\n<tr>\n<td class=\"left-cell\">LED indikacija<\/td>\n<td class=\"right-cell\">Yra<\/td>\n<\/tr>\n<tr>\n<td class=\"left-cell\">Med\u017eiaga<\/td>\n<td class=\"right-cell\">Polikarbonatas UL 94<\/td>\n<\/tr>\n<tr>\n<td class=\"left-cell\">Maitinimas<\/td>\n<td class=\"right-cell\">5-16 VDC. Rekomenduojami linijiniai maitinimo \u0161altiniai.<\/td>\n<\/tr>\n<tr>\n<td class=\"left-cell\">Apsaugos lygis (IP)<\/td>\n<td class=\"right-cell\">55<\/td>\n<\/tr>\n<tr>\n<td class=\"left-cell\">Veikimo temperat\u016bra, (\u00b0C Min\/Max)<\/td>\n<td class=\"right-cell\">-30\/+65<\/td>\n<\/tr>\n<tr>\n<td class=\"left-cell\">Mas\u0117, kg<\/td>\n<td class=\"right-cell\">0,075<\/td>\n<\/tr>\n<tr>\n<td class=\"left-cell\">Matmenys, mm<\/td>\n<td class=\"right-cell\">7.96 x 4.37 x 1.68<\/td>\n<\/tr>\n<\/tbody>\n<\/table>\n","protected":false},"excerpt":{"rendered":"<p style=\"font-weight: 400;\"><strong>Montavimas:<\/strong>\u00a0kompakti\u0161kas dizainas gali b\u016bti montuojamas tiesiai ant metalo, pavyzd\u017eiui ant dur\u0173.<\/p>\n<p style=\"font-weight: 400;\"><strong>Garso ir vaizdo rodmenys<\/strong>: kai kortel\u0117 yra priartinama prie skaitytuvo, raudonas LED \u0161viesos diodas mirksi \u017ealiai ir pypteli garsai. Daugiaspalvis LED ir pyps\u0117jimas taip pat gali b\u016bti kontroliuojami atskirai pagrindin\u0117je sistemoje.<\/p>\n<p style=\"font-weight: 400;\"><strong>Diagnostika:<\/strong>\u00a0\u012fjungiant skaitytuv\u0105, vidaus savikontrol\u0117 \u012fprastini\u0173 patikrinim\u0173 ir patikrina konfig\u016bracijos nustatym\u0105, nustato LED ir pyptel\u0117jimo vidaus ar i\u0161or\u0117s kontrol\u0119, instaliuoja nuskaitymo operacijas. Papildomas i\u0161orinis loop-back testas leid\u017eia patikrinti skaitytuvo i\u0161\u0117jimus ir \u012f\u0117jimus be papildomo \u012frangos testavimo.<\/p>\n<p><strong>Lengvas interfeisas:<\/strong>\u00a0Wiegand modelio s\u0105sajos su visomis egzistuojan\u010diomis Wiegand protokolo prieigos kontrol\u0117s sistemomis.<\/p>\n<p style=\"font-weight: 400;\"><strong>Apsauga:<\/strong>\u00a0Atpa\u017e\u012fsta kortel\u0117s format\u0105 iki 85 bit\u0173, su daugiau nei 137 bilion\u0173 unikali\u0173 kod\u0173.<\/p>\n<p style=\"font-weight: 400;\"><strong>Sertifikatai:<\/strong>\u00a0UL294\/cUL (JAV), FCC Certification (JAV), IC (Kanada), &#8222;CE&#8221; (ES), C-tick, (Australija, Naujoji Zelandija), SRRC (Kinija), MIC, (Kor\u0117ja), &#8222;NCC (Taivanas), MIC (Japonija), IDA (Singap\u016bras), RoHS<\/p>\n","protected":false},"featured_media":62,"template":"","meta":{"_monsterinsights_skip_tracking":false,"_monsterinsights_sitenote_active":false,"_monsterinsights_sitenote_note":"","_monsterinsights_sitenote_category":0},"product_brand":[],"product_cat":[15],"product_tag":[],"class_list":{"0":"post-63","1":"product","2":"type-product","3":"status-publish","4":"has-post-thumbnail","6":"product_cat-uncategorized","8":"first","9":"instock","10":"shipping-taxable","11":"purchasable","12":"product-type-simple"},"yoast_head":"<!-- This site is optimized with the Yoast SEO plugin v27.4 - https:\/\/yoast.com\/product\/yoast-seo-wordpress\/ -->\n<title>Nuotolinis skaitytuvas ProxPoint Plus 6005 - Telefonspyn\u0117s Pra\u0117jimo kontrol\u0117<\/title>\n<meta name=\"robots\" content=\"index, follow, max-snippet:-1, max-image-preview:large, max-video-preview:-1\" \/>\n<link rel=\"canonical\" href=\"https:\/\/domofonas.lt\/index.php\/product\/nuotolinis-skaitytuvas-proxpoint-plus-6005\/\" \/>\n<meta property=\"og:locale\" content=\"lt_LT\" \/>\n<meta property=\"og:type\" content=\"article\" \/>\n<meta property=\"og:title\" content=\"Nuotolinis skaitytuvas ProxPoint Plus 6005 - Telefonspyn\u0117s Pra\u0117jimo kontrol\u0117\" \/>\n<meta property=\"og:description\" content=\"Montavimas:\u00a0kompakti\u0161kas dizainas gali b\u016bti montuojamas tiesiai ant metalo, pavyzd\u017eiui ant dur\u0173. Garso ir vaizdo rodmenys: kai kortel\u0117 yra priartinama prie skaitytuvo, raudonas LED \u0161viesos diodas mirksi \u017ealiai ir pypteli garsai. Daugiaspalvis LED ir pyps\u0117jimas taip pat gali b\u016bti kontroliuojami atskirai pagrindin\u0117je sistemoje. Diagnostika:\u00a0\u012fjungiant skaitytuv\u0105, vidaus savikontrol\u0117 \u012fprastini\u0173 patikrinim\u0173 ir patikrina konfig\u016bracijos nustatym\u0105, nustato LED ir pyptel\u0117jimo vidaus ar i\u0161or\u0117s kontrol\u0119, instaliuoja nuskaitymo operacijas. Papildomas i\u0161orinis loop-back testas leid\u017eia patikrinti skaitytuvo i\u0161\u0117jimus ir \u012f\u0117jimus be papildomo \u012frangos testavimo.  Lengvas interfeisas:\u00a0Wiegand modelio s\u0105sajos su visomis egzistuojan\u010diomis Wiegand protokolo prieigos kontrol\u0117s sistemomis. Apsauga:\u00a0Atpa\u017e\u012fsta kortel\u0117s format\u0105 iki 85 bit\u0173, su daugiau nei 137 bilion\u0173 unikali\u0173 kod\u0173. Sertifikatai:\u00a0UL294\/cUL (JAV), FCC Certification (JAV), IC (Kanada), &quot;CE&quot; (ES), C-tick, (Australija, Naujoji Zelandija), SRRC (Kinija), MIC, (Kor\u0117ja), &quot;NCC (Taivanas), MIC (Japonija), IDA (Singap\u016bras), RoHS\" \/>\n<meta property=\"og:url\" content=\"https:\/\/domofonas.lt\/index.php\/product\/nuotolinis-skaitytuvas-proxpoint-plus-6005\/\" \/>\n<meta property=\"og:site_name\" content=\"Telefonspyn\u0117s Pra\u0117jimo kontrol\u0117\" \/>\n<meta property=\"og:image\" content=\"https:\/\/domofonas.lt\/wp-content\/uploads\/2020\/12\/Nuotolinis-skaitytuvas-ProxPoint-Plus-6005-1.jpg\" \/>\n\t<meta property=\"og:image:width\" content=\"225\" \/>\n\t<meta property=\"og:image:height\" content=\"225\" \/>\n\t<meta property=\"og:image:type\" content=\"image\/jpeg\" \/>\n<meta name=\"twitter:card\" content=\"summary_large_image\" \/>\n<script type=\"application\/ld+json\" class=\"yoast-schema-graph\">{\"@context\":\"https:\\\/\\\/schema.org\",\"@graph\":[{\"@type\":\"WebPage\",\"@id\":\"https:\\\/\\\/domofonas.lt\\\/index.php\\\/product\\\/nuotolinis-skaitytuvas-proxpoint-plus-6005\\\/\",\"url\":\"https:\\\/\\\/domofonas.lt\\\/index.php\\\/product\\\/nuotolinis-skaitytuvas-proxpoint-plus-6005\\\/\",\"name\":\"Nuotolinis skaitytuvas ProxPoint Plus 6005 - Telefonspyn\u0117s Pra\u0117jimo kontrol\u0117\",\"isPartOf\":{\"@id\":\"https:\\\/\\\/domofonas.lt\\\/#website\"},\"primaryImageOfPage\":{\"@id\":\"https:\\\/\\\/domofonas.lt\\\/index.php\\\/product\\\/nuotolinis-skaitytuvas-proxpoint-plus-6005\\\/#primaryimage\"},\"image\":{\"@id\":\"https:\\\/\\\/domofonas.lt\\\/index.php\\\/product\\\/nuotolinis-skaitytuvas-proxpoint-plus-6005\\\/#primaryimage\"},\"thumbnailUrl\":\"https:\\\/\\\/domofonas.lt\\\/wp-content\\\/uploads\\\/2020\\\/12\\\/Nuotolinis-skaitytuvas-ProxPoint-Plus-6005-1.jpg\",\"datePublished\":\"2020-12-11T15:31:06+00:00\",\"breadcrumb\":{\"@id\":\"https:\\\/\\\/domofonas.lt\\\/index.php\\\/product\\\/nuotolinis-skaitytuvas-proxpoint-plus-6005\\\/#breadcrumb\"},\"inLanguage\":\"lt-LT\",\"potentialAction\":[{\"@type\":\"ReadAction\",\"target\":[\"https:\\\/\\\/domofonas.lt\\\/index.php\\\/product\\\/nuotolinis-skaitytuvas-proxpoint-plus-6005\\\/\"]}]},{\"@type\":\"ImageObject\",\"inLanguage\":\"lt-LT\",\"@id\":\"https:\\\/\\\/domofonas.lt\\\/index.php\\\/product\\\/nuotolinis-skaitytuvas-proxpoint-plus-6005\\\/#primaryimage\",\"url\":\"https:\\\/\\\/domofonas.lt\\\/wp-content\\\/uploads\\\/2020\\\/12\\\/Nuotolinis-skaitytuvas-ProxPoint-Plus-6005-1.jpg\",\"contentUrl\":\"https:\\\/\\\/domofonas.lt\\\/wp-content\\\/uploads\\\/2020\\\/12\\\/Nuotolinis-skaitytuvas-ProxPoint-Plus-6005-1.jpg\",\"width\":225,\"height\":225,\"caption\":\"Nuotolinis skaitytuvas ProxPoint Plus 6005\"},{\"@type\":\"BreadcrumbList\",\"@id\":\"https:\\\/\\\/domofonas.lt\\\/index.php\\\/product\\\/nuotolinis-skaitytuvas-proxpoint-plus-6005\\\/#breadcrumb\",\"itemListElement\":[{\"@type\":\"ListItem\",\"position\":1,\"name\":\"Home\",\"item\":\"https:\\\/\\\/domofonas.lt\\\/\"},{\"@type\":\"ListItem\",\"position\":2,\"name\":\"Nuotolinis skaitytuvas ProxPoint Plus 6005\"}]},{\"@type\":\"WebSite\",\"@id\":\"https:\\\/\\\/domofonas.lt\\\/#website\",\"url\":\"https:\\\/\\\/domofonas.lt\\\/\",\"name\":\"Telefonspyn\u0117s Pra\u0117jimo kontrol\u0117\",\"description\":\"\u012erengimas Montavimas\",\"publisher\":{\"@id\":\"https:\\\/\\\/domofonas.lt\\\/#organization\"},\"potentialAction\":[{\"@type\":\"SearchAction\",\"target\":{\"@type\":\"EntryPoint\",\"urlTemplate\":\"https:\\\/\\\/domofonas.lt\\\/?s={search_term_string}\"},\"query-input\":{\"@type\":\"PropertyValueSpecification\",\"valueRequired\":true,\"valueName\":\"search_term_string\"}}],\"inLanguage\":\"lt-LT\"},{\"@type\":\"Organization\",\"@id\":\"https:\\\/\\\/domofonas.lt\\\/#organization\",\"name\":\"Telefonspyn\u0117s Pra\u0117jimo kontrol\u0117\",\"url\":\"https:\\\/\\\/domofonas.lt\\\/\",\"logo\":{\"@type\":\"ImageObject\",\"inLanguage\":\"lt-LT\",\"@id\":\"https:\\\/\\\/domofonas.lt\\\/#\\\/schema\\\/logo\\\/image\\\/\",\"url\":\"https:\\\/\\\/domofonas.lt\\\/wp-content\\\/uploads\\\/2020\\\/12\\\/cropped-cropped-paradox_ssg-Max-Quality__1_-removebg-preview.png\",\"contentUrl\":\"https:\\\/\\\/domofonas.lt\\\/wp-content\\\/uploads\\\/2020\\\/12\\\/cropped-cropped-paradox_ssg-Max-Quality__1_-removebg-preview.png\",\"width\":250,\"height\":70,\"caption\":\"Telefonspyn\u0117s  Pra\u0117jimo kontrol\u0117\"},\"image\":{\"@id\":\"https:\\\/\\\/domofonas.lt\\\/#\\\/schema\\\/logo\\\/image\\\/\"}}]}<\/script>\n<!-- \/ Yoast SEO plugin. -->","yoast_head_json":{"title":"Nuotolinis skaitytuvas ProxPoint Plus 6005 - Telefonspyn\u0117s Pra\u0117jimo kontrol\u0117","robots":{"index":"index","follow":"follow","max-snippet":"max-snippet:-1","max-image-preview":"max-image-preview:large","max-video-preview":"max-video-preview:-1"},"canonical":"https:\/\/domofonas.lt\/index.php\/product\/nuotolinis-skaitytuvas-proxpoint-plus-6005\/","og_locale":"lt_LT","og_type":"article","og_title":"Nuotolinis skaitytuvas ProxPoint Plus 6005 - Telefonspyn\u0117s Pra\u0117jimo kontrol\u0117","og_description":"Montavimas:\u00a0kompakti\u0161kas dizainas gali b\u016bti montuojamas tiesiai ant metalo, pavyzd\u017eiui ant dur\u0173. Garso ir vaizdo rodmenys: kai kortel\u0117 yra priartinama prie skaitytuvo, raudonas LED \u0161viesos diodas mirksi \u017ealiai ir pypteli garsai. Daugiaspalvis LED ir pyps\u0117jimas taip pat gali b\u016bti kontroliuojami atskirai pagrindin\u0117je sistemoje. Diagnostika:\u00a0\u012fjungiant skaitytuv\u0105, vidaus savikontrol\u0117 \u012fprastini\u0173 patikrinim\u0173 ir patikrina konfig\u016bracijos nustatym\u0105, nustato LED ir pyptel\u0117jimo vidaus ar i\u0161or\u0117s kontrol\u0119, instaliuoja nuskaitymo operacijas. Papildomas i\u0161orinis loop-back testas leid\u017eia patikrinti skaitytuvo i\u0161\u0117jimus ir \u012f\u0117jimus be papildomo \u012frangos testavimo.  Lengvas interfeisas:\u00a0Wiegand modelio s\u0105sajos su visomis egzistuojan\u010diomis Wiegand protokolo prieigos kontrol\u0117s sistemomis. Apsauga:\u00a0Atpa\u017e\u012fsta kortel\u0117s format\u0105 iki 85 bit\u0173, su daugiau nei 137 bilion\u0173 unikali\u0173 kod\u0173. Sertifikatai:\u00a0UL294\/cUL (JAV), FCC Certification (JAV), IC (Kanada), \"CE\" (ES), C-tick, (Australija, Naujoji Zelandija), SRRC (Kinija), MIC, (Kor\u0117ja), \"NCC (Taivanas), MIC (Japonija), IDA (Singap\u016bras), RoHS","og_url":"https:\/\/domofonas.lt\/index.php\/product\/nuotolinis-skaitytuvas-proxpoint-plus-6005\/","og_site_name":"Telefonspyn\u0117s Pra\u0117jimo kontrol\u0117","og_image":[{"width":225,"height":225,"url":"https:\/\/domofonas.lt\/wp-content\/uploads\/2020\/12\/Nuotolinis-skaitytuvas-ProxPoint-Plus-6005-1.jpg","type":"image\/jpeg"}],"twitter_card":"summary_large_image","schema":{"@context":"https:\/\/schema.org","@graph":[{"@type":"WebPage","@id":"https:\/\/domofonas.lt\/index.php\/product\/nuotolinis-skaitytuvas-proxpoint-plus-6005\/","url":"https:\/\/domofonas.lt\/index.php\/product\/nuotolinis-skaitytuvas-proxpoint-plus-6005\/","name":"Nuotolinis skaitytuvas ProxPoint Plus 6005 - Telefonspyn\u0117s Pra\u0117jimo kontrol\u0117","isPartOf":{"@id":"https:\/\/domofonas.lt\/#website"},"primaryImageOfPage":{"@id":"https:\/\/domofonas.lt\/index.php\/product\/nuotolinis-skaitytuvas-proxpoint-plus-6005\/#primaryimage"},"image":{"@id":"https:\/\/domofonas.lt\/index.php\/product\/nuotolinis-skaitytuvas-proxpoint-plus-6005\/#primaryimage"},"thumbnailUrl":"https:\/\/domofonas.lt\/wp-content\/uploads\/2020\/12\/Nuotolinis-skaitytuvas-ProxPoint-Plus-6005-1.jpg","datePublished":"2020-12-11T15:31:06+00:00","breadcrumb":{"@id":"https:\/\/domofonas.lt\/index.php\/product\/nuotolinis-skaitytuvas-proxpoint-plus-6005\/#breadcrumb"},"inLanguage":"lt-LT","potentialAction":[{"@type":"ReadAction","target":["https:\/\/domofonas.lt\/index.php\/product\/nuotolinis-skaitytuvas-proxpoint-plus-6005\/"]}]},{"@type":"ImageObject","inLanguage":"lt-LT","@id":"https:\/\/domofonas.lt\/index.php\/product\/nuotolinis-skaitytuvas-proxpoint-plus-6005\/#primaryimage","url":"https:\/\/domofonas.lt\/wp-content\/uploads\/2020\/12\/Nuotolinis-skaitytuvas-ProxPoint-Plus-6005-1.jpg","contentUrl":"https:\/\/domofonas.lt\/wp-content\/uploads\/2020\/12\/Nuotolinis-skaitytuvas-ProxPoint-Plus-6005-1.jpg","width":225,"height":225,"caption":"Nuotolinis skaitytuvas ProxPoint Plus 6005"},{"@type":"BreadcrumbList","@id":"https:\/\/domofonas.lt\/index.php\/product\/nuotolinis-skaitytuvas-proxpoint-plus-6005\/#breadcrumb","itemListElement":[{"@type":"ListItem","position":1,"name":"Home","item":"https:\/\/domofonas.lt\/"},{"@type":"ListItem","position":2,"name":"Nuotolinis skaitytuvas ProxPoint Plus 6005"}]},{"@type":"WebSite","@id":"https:\/\/domofonas.lt\/#website","url":"https:\/\/domofonas.lt\/","name":"Telefonspyn\u0117s Pra\u0117jimo kontrol\u0117","description":"\u012erengimas Montavimas","publisher":{"@id":"https:\/\/domofonas.lt\/#organization"},"potentialAction":[{"@type":"SearchAction","target":{"@type":"EntryPoint","urlTemplate":"https:\/\/domofonas.lt\/?s={search_term_string}"},"query-input":{"@type":"PropertyValueSpecification","valueRequired":true,"valueName":"search_term_string"}}],"inLanguage":"lt-LT"},{"@type":"Organization","@id":"https:\/\/domofonas.lt\/#organization","name":"Telefonspyn\u0117s Pra\u0117jimo kontrol\u0117","url":"https:\/\/domofonas.lt\/","logo":{"@type":"ImageObject","inLanguage":"lt-LT","@id":"https:\/\/domofonas.lt\/#\/schema\/logo\/image\/","url":"https:\/\/domofonas.lt\/wp-content\/uploads\/2020\/12\/cropped-cropped-paradox_ssg-Max-Quality__1_-removebg-preview.png","contentUrl":"https:\/\/domofonas.lt\/wp-content\/uploads\/2020\/12\/cropped-cropped-paradox_ssg-Max-Quality__1_-removebg-preview.png","width":250,"height":70,"caption":"Telefonspyn\u0117s  Pra\u0117jimo kontrol\u0117"},"image":{"@id":"https:\/\/domofonas.lt\/#\/schema\/logo\/image\/"}}]}},"jetpack_sharing_enabled":true,"_links":{"self":[{"href":"https:\/\/domofonas.lt\/index.php\/wp-json\/wp\/v2\/product\/63","targetHints":{"allow":["GET"]}}],"collection":[{"href":"https:\/\/domofonas.lt\/index.php\/wp-json\/wp\/v2\/product"}],"about":[{"href":"https:\/\/domofonas.lt\/index.php\/wp-json\/wp\/v2\/types\/product"}],"wp:featuredmedia":[{"embeddable":true,"href":"https:\/\/domofonas.lt\/index.php\/wp-json\/wp\/v2\/media\/62"}],"wp:attachment":[{"href":"https:\/\/domofonas.lt\/index.php\/wp-json\/wp\/v2\/media?parent=63"}],"wp:term":[{"taxonomy":"product_brand","embeddable":true,"href":"https:\/\/domofonas.lt\/index.php\/wp-json\/wp\/v2\/product_brand?post=63"},{"taxonomy":"product_cat","embeddable":true,"href":"https:\/\/domofonas.lt\/index.php\/wp-json\/wp\/v2\/product_cat?post=63"},{"taxonomy":"product_tag","embeddable":true,"href":"https:\/\/domofonas.lt\/index.php\/wp-json\/wp\/v2\/product_tag?post=63"}],"curies":[{"name":"wp","href":"https:\/\/api.w.org\/{rel}","templated":true}]}}