{"id":61,"date":"2020-12-11T15:31:06","date_gmt":"2020-12-11T15:31:06","guid":{"rendered":"http:\/\/domofonas.lt\/index.php\/product\/multiclass-skaitytuvas-rp10\/"},"modified":"2020-12-11T15:31:06","modified_gmt":"2020-12-11T15:31:06","slug":"multiclass-skaitytuvas-rp10","status":"publish","type":"product","link":"https:\/\/domofonas.lt\/index.php\/product\/multiclass-skaitytuvas-rp10\/","title":{"rendered":"MultiCLASS skaitytuvas RP10"},"content":{"rendered":"<table class=\"parameters\" width=\"100%\" cellspacing=\"0\" cellpadding=\"0\">\n<tbody>\n<tr>\n<td class=\"left-cell\">I\u0161\u0117jimas\/ai<\/td>\n<td class=\"right-cell\">Tipas pasirenkamas<\/td>\n<\/tr>\n<tr>\n<td class=\"left-cell\">Da\u017enis<\/td>\n<td class=\"right-cell\">13.56 MHz ir 125 kHz<\/td>\n<\/tr>\n<tr>\n<td class=\"left-cell\">Spalva<\/td>\n<td class=\"right-cell\">Juodas arba pilkas<\/td>\n<\/tr>\n<tr>\n<td class=\"left-cell\">Santykin\u0117 dr\u0117gm\u0117<\/td>\n<td class=\"right-cell\">5% iki 95%<\/td>\n<\/tr>\n<tr>\n<td class=\"left-cell\">Med\u017eiaga<\/td>\n<td class=\"right-cell\">UL94 Polikarbonatas<\/td>\n<\/tr>\n<tr>\n<td class=\"left-cell\">LED indikacija<\/td>\n<td class=\"right-cell\">Taip<\/td>\n<\/tr>\n<tr>\n<td class=\"left-cell\">Nuskaitymo atstumas<\/td>\n<td class=\"right-cell\">3.81-8.26 cm (priklauso nuo kortel\u0117s tipo)<\/td>\n<\/tr>\n<tr>\n<td class=\"left-cell\">Maitinimas<\/td>\n<td class=\"right-cell\">97\/240mA @ 12VDC<\/td>\n<\/tr>\n<tr>\n<td class=\"left-cell\">Apsaugos lygis (IP)<\/td>\n<td class=\"right-cell\">55<\/td>\n<\/tr>\n<tr>\n<td class=\"left-cell\">Veikimo temperat\u016bra, (\u00b0C Min\/Max)<\/td>\n<td class=\"right-cell\">-35\/+65<\/td>\n<\/tr>\n<tr>\n<td class=\"left-cell\">Matmenys, mm<\/td>\n<td class=\"right-cell\">48 x 103 x 23<\/td>\n<\/tr>\n<\/tbody>\n<\/table>\n","protected":false},"excerpt":{"rendered":"<p>\u2022\u00a0HID\u00a0RP10\u00a0idealiai tinka\u00a0naujoms ir esamoms\u00a0instaliacijoms. MultiCLASS\u00a0SE\u00a0skaitytuvai\u00a0palaiko \u012fvairius\u00a0pramoninius standartus\u00a0ir\u00a0technologijas, \u012fskaitant\u00a0iCLASS\u00a0Seos\u00ae, standartin\u012f\u00a0iCLASS\u00ae,\u00a0iCLASS\u00a0SE,\u00a0MIFARE,\u00a0MIFARE\u00a0DESFire\u00ae\u00a0ir\u00a0HID\u00a0Prox.\u00a0Sinchroninis\u00a0mobili\u0173j\u0173 \u012frengini\u0173 ir\u00a0esam\u0173\u00a0korteli\u0173\u00a0panaudojimas\u00a0\u012fgalina\u00a0mi\u0161ri\u0173\u00a0technologij\u0173\u00a0panaudojim\u0105 ir\u00a0u\u017etikrina\u00a0saugesnius\u00a0standartus.<br \/>\n\u2022\u00a013,56\u00a0MHz\u00a0da\u017enio\u00a0suderinamumas:\u00a0iCLASS\u00a0SEO,\u00a0iCLASS\u00a0SE,\u00a0MIFARE\u00a0DESFire\u00a0EV1\u00a0ir\u00a0MIFARE\u00a0Classicstandard\u00a0iCLASS\u00a0ISO14443A\u00a0(Mifare)\u00a0CSN,\u00a0ISO14443B\u00a0CSN,\u00a0ISO15693\u00a0CSN<br \/>\n\u2022\u00a0125 kHz\u00a0da\u017enio suderinamumas:\u00a0HID\u00a0Prox,\u00a0AWID,\u00a0EM4102<\/p>\n","protected":false},"featured_media":60,"template":"","meta":{"_monsterinsights_skip_tracking":false,"_monsterinsights_sitenote_active":false,"_monsterinsights_sitenote_note":"","_monsterinsights_sitenote_category":0},"product_brand":[],"product_cat":[15],"product_tag":[],"class_list":{"0":"post-61","1":"product","2":"type-product","3":"status-publish","4":"has-post-thumbnail","6":"product_cat-uncategorized","8":"first","9":"instock","10":"shipping-taxable","11":"purchasable","12":"product-type-simple"},"yoast_head":"<!-- This site is optimized with the Yoast SEO plugin v27.4 - https:\/\/yoast.com\/product\/yoast-seo-wordpress\/ -->\n<title>MultiCLASS skaitytuvas RP10 - Telefonspyn\u0117s Pra\u0117jimo kontrol\u0117<\/title>\n<meta name=\"robots\" content=\"index, follow, max-snippet:-1, max-image-preview:large, max-video-preview:-1\" \/>\n<link rel=\"canonical\" href=\"https:\/\/domofonas.lt\/index.php\/product\/multiclass-skaitytuvas-rp10\/\" \/>\n<meta property=\"og:locale\" content=\"lt_LT\" \/>\n<meta property=\"og:type\" content=\"article\" \/>\n<meta property=\"og:title\" content=\"MultiCLASS skaitytuvas RP10 - Telefonspyn\u0117s Pra\u0117jimo kontrol\u0117\" \/>\n<meta property=\"og:description\" content=\"\u2022\u00a0HID\u00a0RP10\u00a0idealiai tinka\u00a0naujoms ir esamoms\u00a0instaliacijoms. MultiCLASS\u00a0SE\u00a0skaitytuvai\u00a0palaiko \u012fvairius\u00a0pramoninius standartus\u00a0ir\u00a0technologijas, \u012fskaitant\u00a0iCLASS\u00a0Seos\u00ae, standartin\u012f\u00a0iCLASS\u00ae,\u00a0iCLASS\u00a0SE,\u00a0MIFARE,\u00a0MIFARE\u00a0DESFire\u00ae\u00a0ir\u00a0HID\u00a0Prox.\u00a0Sinchroninis\u00a0mobili\u0173j\u0173 \u012frengini\u0173 ir\u00a0esam\u0173\u00a0korteli\u0173\u00a0panaudojimas\u00a0\u012fgalina\u00a0mi\u0161ri\u0173\u00a0technologij\u0173\u00a0panaudojim\u0105 ir\u00a0u\u017etikrina\u00a0saugesnius\u00a0standartus. \u2022\u00a013,56\u00a0MHz\u00a0da\u017enio\u00a0suderinamumas:\u00a0iCLASS\u00a0SEO,\u00a0iCLASS\u00a0SE,\u00a0MIFARE\u00a0DESFire\u00a0EV1\u00a0ir\u00a0MIFARE\u00a0Classicstandard\u00a0iCLASS\u00a0ISO14443A\u00a0(Mifare)\u00a0CSN,\u00a0ISO14443B\u00a0CSN,\u00a0ISO15693\u00a0CSN \u2022\u00a0125 kHz\u00a0da\u017enio suderinamumas:\u00a0HID\u00a0Prox,\u00a0AWID,\u00a0EM4102\" \/>\n<meta property=\"og:url\" content=\"https:\/\/domofonas.lt\/index.php\/product\/multiclass-skaitytuvas-rp10\/\" \/>\n<meta property=\"og:site_name\" content=\"Telefonspyn\u0117s Pra\u0117jimo kontrol\u0117\" \/>\n<meta property=\"og:image\" content=\"https:\/\/domofonas.lt\/wp-content\/uploads\/2020\/12\/MultiCLASS-skaitytuvas-RP10.jpg\" \/>\n\t<meta property=\"og:image:width\" content=\"200\" \/>\n\t<meta property=\"og:image:height\" content=\"200\" \/>\n\t<meta property=\"og:image:type\" content=\"image\/jpeg\" \/>\n<meta name=\"twitter:card\" content=\"summary_large_image\" \/>\n<script type=\"application\/ld+json\" class=\"yoast-schema-graph\">{\"@context\":\"https:\\\/\\\/schema.org\",\"@graph\":[{\"@type\":\"WebPage\",\"@id\":\"https:\\\/\\\/domofonas.lt\\\/index.php\\\/product\\\/multiclass-skaitytuvas-rp10\\\/\",\"url\":\"https:\\\/\\\/domofonas.lt\\\/index.php\\\/product\\\/multiclass-skaitytuvas-rp10\\\/\",\"name\":\"MultiCLASS skaitytuvas RP10 - Telefonspyn\u0117s Pra\u0117jimo kontrol\u0117\",\"isPartOf\":{\"@id\":\"https:\\\/\\\/domofonas.lt\\\/#website\"},\"primaryImageOfPage\":{\"@id\":\"https:\\\/\\\/domofonas.lt\\\/index.php\\\/product\\\/multiclass-skaitytuvas-rp10\\\/#primaryimage\"},\"image\":{\"@id\":\"https:\\\/\\\/domofonas.lt\\\/index.php\\\/product\\\/multiclass-skaitytuvas-rp10\\\/#primaryimage\"},\"thumbnailUrl\":\"https:\\\/\\\/domofonas.lt\\\/wp-content\\\/uploads\\\/2020\\\/12\\\/MultiCLASS-skaitytuvas-RP10.jpg\",\"datePublished\":\"2020-12-11T15:31:06+00:00\",\"breadcrumb\":{\"@id\":\"https:\\\/\\\/domofonas.lt\\\/index.php\\\/product\\\/multiclass-skaitytuvas-rp10\\\/#breadcrumb\"},\"inLanguage\":\"lt-LT\",\"potentialAction\":[{\"@type\":\"ReadAction\",\"target\":[\"https:\\\/\\\/domofonas.lt\\\/index.php\\\/product\\\/multiclass-skaitytuvas-rp10\\\/\"]}]},{\"@type\":\"ImageObject\",\"inLanguage\":\"lt-LT\",\"@id\":\"https:\\\/\\\/domofonas.lt\\\/index.php\\\/product\\\/multiclass-skaitytuvas-rp10\\\/#primaryimage\",\"url\":\"https:\\\/\\\/domofonas.lt\\\/wp-content\\\/uploads\\\/2020\\\/12\\\/MultiCLASS-skaitytuvas-RP10.jpg\",\"contentUrl\":\"https:\\\/\\\/domofonas.lt\\\/wp-content\\\/uploads\\\/2020\\\/12\\\/MultiCLASS-skaitytuvas-RP10.jpg\",\"width\":200,\"height\":200,\"caption\":\"MultiCLASS skaitytuvas RP10\"},{\"@type\":\"BreadcrumbList\",\"@id\":\"https:\\\/\\\/domofonas.lt\\\/index.php\\\/product\\\/multiclass-skaitytuvas-rp10\\\/#breadcrumb\",\"itemListElement\":[{\"@type\":\"ListItem\",\"position\":1,\"name\":\"Home\",\"item\":\"https:\\\/\\\/domofonas.lt\\\/\"},{\"@type\":\"ListItem\",\"position\":2,\"name\":\"MultiCLASS skaitytuvas RP10\"}]},{\"@type\":\"WebSite\",\"@id\":\"https:\\\/\\\/domofonas.lt\\\/#website\",\"url\":\"https:\\\/\\\/domofonas.lt\\\/\",\"name\":\"Telefonspyn\u0117s Pra\u0117jimo kontrol\u0117\",\"description\":\"\u012erengimas Montavimas\",\"publisher\":{\"@id\":\"https:\\\/\\\/domofonas.lt\\\/#organization\"},\"potentialAction\":[{\"@type\":\"SearchAction\",\"target\":{\"@type\":\"EntryPoint\",\"urlTemplate\":\"https:\\\/\\\/domofonas.lt\\\/?s={search_term_string}\"},\"query-input\":{\"@type\":\"PropertyValueSpecification\",\"valueRequired\":true,\"valueName\":\"search_term_string\"}}],\"inLanguage\":\"lt-LT\"},{\"@type\":\"Organization\",\"@id\":\"https:\\\/\\\/domofonas.lt\\\/#organization\",\"name\":\"Telefonspyn\u0117s Pra\u0117jimo kontrol\u0117\",\"url\":\"https:\\\/\\\/domofonas.lt\\\/\",\"logo\":{\"@type\":\"ImageObject\",\"inLanguage\":\"lt-LT\",\"@id\":\"https:\\\/\\\/domofonas.lt\\\/#\\\/schema\\\/logo\\\/image\\\/\",\"url\":\"https:\\\/\\\/domofonas.lt\\\/wp-content\\\/uploads\\\/2020\\\/12\\\/cropped-cropped-paradox_ssg-Max-Quality__1_-removebg-preview.png\",\"contentUrl\":\"https:\\\/\\\/domofonas.lt\\\/wp-content\\\/uploads\\\/2020\\\/12\\\/cropped-cropped-paradox_ssg-Max-Quality__1_-removebg-preview.png\",\"width\":250,\"height\":70,\"caption\":\"Telefonspyn\u0117s  Pra\u0117jimo kontrol\u0117\"},\"image\":{\"@id\":\"https:\\\/\\\/domofonas.lt\\\/#\\\/schema\\\/logo\\\/image\\\/\"}}]}<\/script>\n<!-- \/ Yoast SEO plugin. -->","yoast_head_json":{"title":"MultiCLASS skaitytuvas RP10 - Telefonspyn\u0117s Pra\u0117jimo kontrol\u0117","robots":{"index":"index","follow":"follow","max-snippet":"max-snippet:-1","max-image-preview":"max-image-preview:large","max-video-preview":"max-video-preview:-1"},"canonical":"https:\/\/domofonas.lt\/index.php\/product\/multiclass-skaitytuvas-rp10\/","og_locale":"lt_LT","og_type":"article","og_title":"MultiCLASS skaitytuvas RP10 - Telefonspyn\u0117s Pra\u0117jimo kontrol\u0117","og_description":"\u2022\u00a0HID\u00a0RP10\u00a0idealiai tinka\u00a0naujoms ir esamoms\u00a0instaliacijoms. MultiCLASS\u00a0SE\u00a0skaitytuvai\u00a0palaiko \u012fvairius\u00a0pramoninius standartus\u00a0ir\u00a0technologijas, \u012fskaitant\u00a0iCLASS\u00a0Seos\u00ae, standartin\u012f\u00a0iCLASS\u00ae,\u00a0iCLASS\u00a0SE,\u00a0MIFARE,\u00a0MIFARE\u00a0DESFire\u00ae\u00a0ir\u00a0HID\u00a0Prox.\u00a0Sinchroninis\u00a0mobili\u0173j\u0173 \u012frengini\u0173 ir\u00a0esam\u0173\u00a0korteli\u0173\u00a0panaudojimas\u00a0\u012fgalina\u00a0mi\u0161ri\u0173\u00a0technologij\u0173\u00a0panaudojim\u0105 ir\u00a0u\u017etikrina\u00a0saugesnius\u00a0standartus. \u2022\u00a013,56\u00a0MHz\u00a0da\u017enio\u00a0suderinamumas:\u00a0iCLASS\u00a0SEO,\u00a0iCLASS\u00a0SE,\u00a0MIFARE\u00a0DESFire\u00a0EV1\u00a0ir\u00a0MIFARE\u00a0Classicstandard\u00a0iCLASS\u00a0ISO14443A\u00a0(Mifare)\u00a0CSN,\u00a0ISO14443B\u00a0CSN,\u00a0ISO15693\u00a0CSN \u2022\u00a0125 kHz\u00a0da\u017enio suderinamumas:\u00a0HID\u00a0Prox,\u00a0AWID,\u00a0EM4102","og_url":"https:\/\/domofonas.lt\/index.php\/product\/multiclass-skaitytuvas-rp10\/","og_site_name":"Telefonspyn\u0117s Pra\u0117jimo kontrol\u0117","og_image":[{"width":200,"height":200,"url":"https:\/\/domofonas.lt\/wp-content\/uploads\/2020\/12\/MultiCLASS-skaitytuvas-RP10.jpg","type":"image\/jpeg"}],"twitter_card":"summary_large_image","schema":{"@context":"https:\/\/schema.org","@graph":[{"@type":"WebPage","@id":"https:\/\/domofonas.lt\/index.php\/product\/multiclass-skaitytuvas-rp10\/","url":"https:\/\/domofonas.lt\/index.php\/product\/multiclass-skaitytuvas-rp10\/","name":"MultiCLASS skaitytuvas RP10 - Telefonspyn\u0117s Pra\u0117jimo kontrol\u0117","isPartOf":{"@id":"https:\/\/domofonas.lt\/#website"},"primaryImageOfPage":{"@id":"https:\/\/domofonas.lt\/index.php\/product\/multiclass-skaitytuvas-rp10\/#primaryimage"},"image":{"@id":"https:\/\/domofonas.lt\/index.php\/product\/multiclass-skaitytuvas-rp10\/#primaryimage"},"thumbnailUrl":"https:\/\/domofonas.lt\/wp-content\/uploads\/2020\/12\/MultiCLASS-skaitytuvas-RP10.jpg","datePublished":"2020-12-11T15:31:06+00:00","breadcrumb":{"@id":"https:\/\/domofonas.lt\/index.php\/product\/multiclass-skaitytuvas-rp10\/#breadcrumb"},"inLanguage":"lt-LT","potentialAction":[{"@type":"ReadAction","target":["https:\/\/domofonas.lt\/index.php\/product\/multiclass-skaitytuvas-rp10\/"]}]},{"@type":"ImageObject","inLanguage":"lt-LT","@id":"https:\/\/domofonas.lt\/index.php\/product\/multiclass-skaitytuvas-rp10\/#primaryimage","url":"https:\/\/domofonas.lt\/wp-content\/uploads\/2020\/12\/MultiCLASS-skaitytuvas-RP10.jpg","contentUrl":"https:\/\/domofonas.lt\/wp-content\/uploads\/2020\/12\/MultiCLASS-skaitytuvas-RP10.jpg","width":200,"height":200,"caption":"MultiCLASS skaitytuvas RP10"},{"@type":"BreadcrumbList","@id":"https:\/\/domofonas.lt\/index.php\/product\/multiclass-skaitytuvas-rp10\/#breadcrumb","itemListElement":[{"@type":"ListItem","position":1,"name":"Home","item":"https:\/\/domofonas.lt\/"},{"@type":"ListItem","position":2,"name":"MultiCLASS skaitytuvas RP10"}]},{"@type":"WebSite","@id":"https:\/\/domofonas.lt\/#website","url":"https:\/\/domofonas.lt\/","name":"Telefonspyn\u0117s Pra\u0117jimo kontrol\u0117","description":"\u012erengimas Montavimas","publisher":{"@id":"https:\/\/domofonas.lt\/#organization"},"potentialAction":[{"@type":"SearchAction","target":{"@type":"EntryPoint","urlTemplate":"https:\/\/domofonas.lt\/?s={search_term_string}"},"query-input":{"@type":"PropertyValueSpecification","valueRequired":true,"valueName":"search_term_string"}}],"inLanguage":"lt-LT"},{"@type":"Organization","@id":"https:\/\/domofonas.lt\/#organization","name":"Telefonspyn\u0117s Pra\u0117jimo kontrol\u0117","url":"https:\/\/domofonas.lt\/","logo":{"@type":"ImageObject","inLanguage":"lt-LT","@id":"https:\/\/domofonas.lt\/#\/schema\/logo\/image\/","url":"https:\/\/domofonas.lt\/wp-content\/uploads\/2020\/12\/cropped-cropped-paradox_ssg-Max-Quality__1_-removebg-preview.png","contentUrl":"https:\/\/domofonas.lt\/wp-content\/uploads\/2020\/12\/cropped-cropped-paradox_ssg-Max-Quality__1_-removebg-preview.png","width":250,"height":70,"caption":"Telefonspyn\u0117s  Pra\u0117jimo kontrol\u0117"},"image":{"@id":"https:\/\/domofonas.lt\/#\/schema\/logo\/image\/"}}]}},"jetpack_sharing_enabled":true,"_links":{"self":[{"href":"https:\/\/domofonas.lt\/index.php\/wp-json\/wp\/v2\/product\/61","targetHints":{"allow":["GET"]}}],"collection":[{"href":"https:\/\/domofonas.lt\/index.php\/wp-json\/wp\/v2\/product"}],"about":[{"href":"https:\/\/domofonas.lt\/index.php\/wp-json\/wp\/v2\/types\/product"}],"wp:featuredmedia":[{"embeddable":true,"href":"https:\/\/domofonas.lt\/index.php\/wp-json\/wp\/v2\/media\/60"}],"wp:attachment":[{"href":"https:\/\/domofonas.lt\/index.php\/wp-json\/wp\/v2\/media?parent=61"}],"wp:term":[{"taxonomy":"product_brand","embeddable":true,"href":"https:\/\/domofonas.lt\/index.php\/wp-json\/wp\/v2\/product_brand?post=61"},{"taxonomy":"product_cat","embeddable":true,"href":"https:\/\/domofonas.lt\/index.php\/wp-json\/wp\/v2\/product_cat?post=61"},{"taxonomy":"product_tag","embeddable":true,"href":"https:\/\/domofonas.lt\/index.php\/wp-json\/wp\/v2\/product_tag?post=61"}],"curies":[{"name":"wp","href":"https:\/\/api.w.org\/{rel}","templated":true}]}}