{"id":55,"date":"2020-12-11T15:31:05","date_gmt":"2020-12-11T15:31:05","guid":{"rendered":"http:\/\/domofonas.lt\/index.php\/product\/biometrinis-terminalas-zkteco-multibio-700\/"},"modified":"2020-12-11T15:31:05","modified_gmt":"2020-12-11T15:31:05","slug":"biometrinis-terminalas-zkteco-multibio-700","status":"publish","type":"product","link":"https:\/\/domofonas.lt\/index.php\/product\/biometrinis-terminalas-zkteco-multibio-700\/","title":{"rendered":"Biometrinis terminalas ZkTeco MultiBio 700"},"content":{"rendered":"<p>Ekranas: 3 coli\u0173 jutiklinis ekranas<br \/>\nVeido talpa :\u00a0 1 500 (1: N)<br \/>\nPir\u0161t\u0173 atspaud\u0173 talpa :\u00a0 2 000<br \/>\nAsmens tapatyb\u0117s kortel\u0117s talpa :\u00a0 (pasirinktinai) 10 000<br \/>\nBiometrini\u0173 ra\u0161t\u0173 talpa :\u00a0 100 000<br \/>\nKameros didel\u0117s skiriamosios gebos infraraudon\u0173j\u0173 spinduli\u0173 kamera<br \/>\nJutiklis ZK optinis jutiklis<br \/>\nRy\u0161ys TCP \/ IP, RS232 \/ 485, USB pagrindinis kompiuteris<br \/>\nTre\u010di\u0173j\u0173 \u0161ali\u0173 elektrinio u\u017erakto, dur\u0173 jutiklio, i\u0161\u0117jimo mygtuko, signalizacijos, laidinio dur\u0173 varpo prieigos kontrol\u0117s s\u0105saja<br \/>\nAtbulin\u0117s eigos funkcija :\u00a0 Taip<br \/>\n\u201eWiegand\u201c signalo \u012fvestis ir i\u0161vestis<br \/>\nStandartin\u0117 prieigos kontrol\u0117s funkcijos laiko juosta, grup\u0117, daugialypis atpa\u017einimo re\u017eimas, anti-passback, tamperio aliarmas<br \/>\nPasirenkam\u0173 funkcij\u0173 asmens tapatyb\u0117s kortel\u0117, \u201eMifare\u201c kortel\u0117<br \/>\nMaitinimo \u0161altinis :\u00a0 12V DC<br \/>\nDarbin\u0117 temperat\u016bra :\u00a0 0 &#8211; 45 \u00b0 C<br \/>\nDarbinis dr\u0117gnumas :\u00a0 20% -80%<br \/>\nMatmenys :\u00a0 (L \u00d7 H \u00d7 D) mm 275 \u00d7 100 \u00d7 195<br \/>\nBendras svoris :\u00a0 0,87 kg<\/p>\n","protected":false},"excerpt":{"rendered":"<div class=\"tlid-input input\">\n<div class=\"source-wrap\">\n<div class=\"input-full-height-wrapper tlid-input-full-height-wrapper\">\n<div class=\"source-input\">\n<div class=\"source-footer-wrap source-or-target-footer\">\n<div class=\"character-count tlid-character-count\"><\/div>\n<div class=\"source-footer\">\n<div class=\"src-tts left-positioned ttsbutton jfk-button-flat source-or-target-footer-button jfk-button\" tabindex=\"0\" role=\"button\" aria-label=\"Klausyti\" data-tooltip=\"Klausyti\" aria-pressed=\"false\" data-tooltip-align=\"t,c\" aria-hidden=\"false\" aria-disabled=\"false\">\n<div class=\"jfk-button-img\">MultiBio700\u201c saugo 1500 veid\u0173 ir 2000 pir\u0161t\u0173 atspaud\u0173 \u0161ablon\u0173 ir identifikuoja vartotojus 1: N re\u017eimu. Kai vartotojai \u017evelgia \u012f \u201eMutiBio700\u201c kamer\u0105, ji u\u017efiksuoja santykin\u0119 vartotojo aki\u0173, nosies, skruostikauli\u0173 ir \u017eandikaulio funkcij\u0173 pad\u0117t\u012f, dyd\u012f ir form\u0105. \u0160ie parametrai naudojami kuriant biometrin\u012f \u0161ablon\u0105, kuris v\u0117liau naudojamas kiekvieno vartotojo tikrinimui arba identifikavimui.<\/div>\n<\/div>\n<\/div>\n<\/div>\n<\/div>\n<\/div>\n<\/div>\n<\/div>\n<div class=\"tlid-results-container results-container\">\n<div class=\"tlid-result result-dict-wrapper\">\n<div class=\"result tlid-copy-target\">\n<div class=\"text-wrap tlid-copy-target\">\n<div class=\"result-shield-container tlid-copy-target\" tabindex=\"0\"><span class=\"tlid-translation translation\" lang=\"lt\"><span class=\"\" title=\"\">MultiBio700 gali b\u016bti naudojamas kaip atskiras prieigos kontrol\u0117s skaitytuvas, jungiant dur\u0173 u\u017erakt\u0105, i\u0161\u0117jimo jungikl\u012f, aliarm\u0105 ir dur\u0173 jutikl\u012f prie rel\u0117s kontakt\u0173. \u201eWiegand IN\u201c ir \u201eOUT\u201c prievadus galima naudoti prijungiant tre\u010di\u0173j\u0173 \u0161ali\u0173 prieigos valdymo skydus ir periferinius \u012frenginius. MultiBio700 taip pat turi USB prievad\u0105, skirt\u0105 duomen\u0173 atsarginei kopijai \/ valdymui neprisijungus.<\/span><\/span><\/div>\n<\/div>\n<\/div>\n<\/div>\n<\/div>\n","protected":false},"featured_media":52,"template":"","meta":{"_monsterinsights_skip_tracking":false,"_monsterinsights_sitenote_active":false,"_monsterinsights_sitenote_note":"","_monsterinsights_sitenote_category":0},"product_brand":[],"product_cat":[15],"product_tag":[],"class_list":{"0":"post-55","1":"product","2":"type-product","3":"status-publish","4":"has-post-thumbnail","6":"product_cat-uncategorized","8":"first","9":"instock","10":"shipping-taxable","11":"purchasable","12":"product-type-simple"},"yoast_head":"<!-- This site is optimized with the Yoast SEO plugin v27.5 - https:\/\/yoast.com\/product\/yoast-seo-wordpress\/ -->\n<title>Biometrinis terminalas ZkTeco MultiBio 700 - Telefonspyn\u0117s Pra\u0117jimo kontrol\u0117<\/title>\n<meta name=\"robots\" content=\"index, follow, max-snippet:-1, max-image-preview:large, max-video-preview:-1\" \/>\n<link rel=\"canonical\" href=\"https:\/\/domofonas.lt\/index.php\/product\/biometrinis-terminalas-zkteco-multibio-700\/\" \/>\n<meta property=\"og:locale\" content=\"lt_LT\" \/>\n<meta property=\"og:type\" content=\"article\" \/>\n<meta property=\"og:title\" content=\"Biometrinis terminalas ZkTeco MultiBio 700 - Telefonspyn\u0117s Pra\u0117jimo kontrol\u0117\" \/>\n<meta property=\"og:description\" content=\"MultiBio700\u201c saugo 1500 veid\u0173 ir 2000 pir\u0161t\u0173 atspaud\u0173 \u0161ablon\u0173 ir identifikuoja vartotojus 1: N re\u017eimu. Kai vartotojai \u017evelgia \u012f \u201eMutiBio700\u201c kamer\u0105, ji u\u017efiksuoja santykin\u0119 vartotojo aki\u0173, nosies, skruostikauli\u0173 ir \u017eandikaulio funkcij\u0173 pad\u0117t\u012f, dyd\u012f ir form\u0105. \u0160ie parametrai naudojami kuriant biometrin\u012f \u0161ablon\u0105, kuris v\u0117liau naudojamas kiekvieno vartotojo tikrinimui arba identifikavimui.            MultiBio700 gali b\u016bti naudojamas kaip atskiras prieigos kontrol\u0117s skaitytuvas, jungiant dur\u0173 u\u017erakt\u0105, i\u0161\u0117jimo jungikl\u012f, aliarm\u0105 ir dur\u0173 jutikl\u012f prie rel\u0117s kontakt\u0173. \u201eWiegand IN\u201c ir \u201eOUT\u201c prievadus galima naudoti prijungiant tre\u010di\u0173j\u0173 \u0161ali\u0173 prieigos valdymo skydus ir periferinius \u012frenginius. MultiBio700 taip pat turi USB prievad\u0105, skirt\u0105 duomen\u0173 atsarginei kopijai \/ valdymui neprisijungus.\" \/>\n<meta property=\"og:url\" content=\"https:\/\/domofonas.lt\/index.php\/product\/biometrinis-terminalas-zkteco-multibio-700\/\" \/>\n<meta property=\"og:site_name\" content=\"Telefonspyn\u0117s Pra\u0117jimo kontrol\u0117\" \/>\n<meta property=\"og:image\" content=\"https:\/\/domofonas.lt\/wp-content\/uploads\/2020\/12\/Biometrinis-terminalas-ZkTeco-MultiBio-700.jpg\" \/>\n\t<meta property=\"og:image:width\" content=\"562\" \/>\n\t<meta property=\"og:image:height\" content=\"375\" \/>\n\t<meta property=\"og:image:type\" content=\"image\/jpeg\" \/>\n<meta name=\"twitter:card\" content=\"summary_large_image\" \/>\n<meta name=\"twitter:label1\" content=\"Est. reading time\" \/>\n\t<meta name=\"twitter:data1\" content=\"1 minut\u0117\" \/>\n<script type=\"application\/ld+json\" class=\"yoast-schema-graph\">{\"@context\":\"https:\\\/\\\/schema.org\",\"@graph\":[{\"@type\":\"WebPage\",\"@id\":\"https:\\\/\\\/domofonas.lt\\\/index.php\\\/product\\\/biometrinis-terminalas-zkteco-multibio-700\\\/\",\"url\":\"https:\\\/\\\/domofonas.lt\\\/index.php\\\/product\\\/biometrinis-terminalas-zkteco-multibio-700\\\/\",\"name\":\"Biometrinis terminalas ZkTeco MultiBio 700 - Telefonspyn\u0117s Pra\u0117jimo kontrol\u0117\",\"isPartOf\":{\"@id\":\"https:\\\/\\\/domofonas.lt\\\/#website\"},\"primaryImageOfPage\":{\"@id\":\"https:\\\/\\\/domofonas.lt\\\/index.php\\\/product\\\/biometrinis-terminalas-zkteco-multibio-700\\\/#primaryimage\"},\"image\":{\"@id\":\"https:\\\/\\\/domofonas.lt\\\/index.php\\\/product\\\/biometrinis-terminalas-zkteco-multibio-700\\\/#primaryimage\"},\"thumbnailUrl\":\"https:\\\/\\\/domofonas.lt\\\/wp-content\\\/uploads\\\/2020\\\/12\\\/Biometrinis-terminalas-ZkTeco-MultiBio-700.jpg\",\"datePublished\":\"2020-12-11T15:31:05+00:00\",\"breadcrumb\":{\"@id\":\"https:\\\/\\\/domofonas.lt\\\/index.php\\\/product\\\/biometrinis-terminalas-zkteco-multibio-700\\\/#breadcrumb\"},\"inLanguage\":\"lt-LT\",\"potentialAction\":[{\"@type\":\"ReadAction\",\"target\":[\"https:\\\/\\\/domofonas.lt\\\/index.php\\\/product\\\/biometrinis-terminalas-zkteco-multibio-700\\\/\"]}]},{\"@type\":\"ImageObject\",\"inLanguage\":\"lt-LT\",\"@id\":\"https:\\\/\\\/domofonas.lt\\\/index.php\\\/product\\\/biometrinis-terminalas-zkteco-multibio-700\\\/#primaryimage\",\"url\":\"https:\\\/\\\/domofonas.lt\\\/wp-content\\\/uploads\\\/2020\\\/12\\\/Biometrinis-terminalas-ZkTeco-MultiBio-700.jpg\",\"contentUrl\":\"https:\\\/\\\/domofonas.lt\\\/wp-content\\\/uploads\\\/2020\\\/12\\\/Biometrinis-terminalas-ZkTeco-MultiBio-700.jpg\",\"width\":562,\"height\":375,\"caption\":\"Biometrinis terminalas ZkTeco MultiBio 700\"},{\"@type\":\"BreadcrumbList\",\"@id\":\"https:\\\/\\\/domofonas.lt\\\/index.php\\\/product\\\/biometrinis-terminalas-zkteco-multibio-700\\\/#breadcrumb\",\"itemListElement\":[{\"@type\":\"ListItem\",\"position\":1,\"name\":\"Home\",\"item\":\"https:\\\/\\\/domofonas.lt\\\/\"},{\"@type\":\"ListItem\",\"position\":2,\"name\":\"Biometrinis terminalas ZkTeco MultiBio 700\"}]},{\"@type\":\"WebSite\",\"@id\":\"https:\\\/\\\/domofonas.lt\\\/#website\",\"url\":\"https:\\\/\\\/domofonas.lt\\\/\",\"name\":\"Telefonspyn\u0117s Pra\u0117jimo kontrol\u0117\",\"description\":\"\u012erengimas Montavimas\",\"publisher\":{\"@id\":\"https:\\\/\\\/domofonas.lt\\\/#organization\"},\"potentialAction\":[{\"@type\":\"SearchAction\",\"target\":{\"@type\":\"EntryPoint\",\"urlTemplate\":\"https:\\\/\\\/domofonas.lt\\\/?s={search_term_string}\"},\"query-input\":{\"@type\":\"PropertyValueSpecification\",\"valueRequired\":true,\"valueName\":\"search_term_string\"}}],\"inLanguage\":\"lt-LT\"},{\"@type\":\"Organization\",\"@id\":\"https:\\\/\\\/domofonas.lt\\\/#organization\",\"name\":\"Telefonspyn\u0117s Pra\u0117jimo kontrol\u0117\",\"url\":\"https:\\\/\\\/domofonas.lt\\\/\",\"logo\":{\"@type\":\"ImageObject\",\"inLanguage\":\"lt-LT\",\"@id\":\"https:\\\/\\\/domofonas.lt\\\/#\\\/schema\\\/logo\\\/image\\\/\",\"url\":\"https:\\\/\\\/domofonas.lt\\\/wp-content\\\/uploads\\\/2020\\\/12\\\/cropped-cropped-paradox_ssg-Max-Quality__1_-removebg-preview.png\",\"contentUrl\":\"https:\\\/\\\/domofonas.lt\\\/wp-content\\\/uploads\\\/2020\\\/12\\\/cropped-cropped-paradox_ssg-Max-Quality__1_-removebg-preview.png\",\"width\":250,\"height\":70,\"caption\":\"Telefonspyn\u0117s  Pra\u0117jimo kontrol\u0117\"},\"image\":{\"@id\":\"https:\\\/\\\/domofonas.lt\\\/#\\\/schema\\\/logo\\\/image\\\/\"}}]}<\/script>\n<!-- \/ Yoast SEO plugin. -->","yoast_head_json":{"title":"Biometrinis terminalas ZkTeco MultiBio 700 - Telefonspyn\u0117s Pra\u0117jimo kontrol\u0117","robots":{"index":"index","follow":"follow","max-snippet":"max-snippet:-1","max-image-preview":"max-image-preview:large","max-video-preview":"max-video-preview:-1"},"canonical":"https:\/\/domofonas.lt\/index.php\/product\/biometrinis-terminalas-zkteco-multibio-700\/","og_locale":"lt_LT","og_type":"article","og_title":"Biometrinis terminalas ZkTeco MultiBio 700 - Telefonspyn\u0117s Pra\u0117jimo kontrol\u0117","og_description":"MultiBio700\u201c saugo 1500 veid\u0173 ir 2000 pir\u0161t\u0173 atspaud\u0173 \u0161ablon\u0173 ir identifikuoja vartotojus 1: N re\u017eimu. Kai vartotojai \u017evelgia \u012f \u201eMutiBio700\u201c kamer\u0105, ji u\u017efiksuoja santykin\u0119 vartotojo aki\u0173, nosies, skruostikauli\u0173 ir \u017eandikaulio funkcij\u0173 pad\u0117t\u012f, dyd\u012f ir form\u0105. \u0160ie parametrai naudojami kuriant biometrin\u012f \u0161ablon\u0105, kuris v\u0117liau naudojamas kiekvieno vartotojo tikrinimui arba identifikavimui.            MultiBio700 gali b\u016bti naudojamas kaip atskiras prieigos kontrol\u0117s skaitytuvas, jungiant dur\u0173 u\u017erakt\u0105, i\u0161\u0117jimo jungikl\u012f, aliarm\u0105 ir dur\u0173 jutikl\u012f prie rel\u0117s kontakt\u0173. \u201eWiegand IN\u201c ir \u201eOUT\u201c prievadus galima naudoti prijungiant tre\u010di\u0173j\u0173 \u0161ali\u0173 prieigos valdymo skydus ir periferinius \u012frenginius. MultiBio700 taip pat turi USB prievad\u0105, skirt\u0105 duomen\u0173 atsarginei kopijai \/ valdymui neprisijungus.","og_url":"https:\/\/domofonas.lt\/index.php\/product\/biometrinis-terminalas-zkteco-multibio-700\/","og_site_name":"Telefonspyn\u0117s Pra\u0117jimo kontrol\u0117","og_image":[{"width":562,"height":375,"url":"https:\/\/domofonas.lt\/wp-content\/uploads\/2020\/12\/Biometrinis-terminalas-ZkTeco-MultiBio-700.jpg","type":"image\/jpeg"}],"twitter_card":"summary_large_image","twitter_misc":{"Est. reading time":"1 minut\u0117"},"schema":{"@context":"https:\/\/schema.org","@graph":[{"@type":"WebPage","@id":"https:\/\/domofonas.lt\/index.php\/product\/biometrinis-terminalas-zkteco-multibio-700\/","url":"https:\/\/domofonas.lt\/index.php\/product\/biometrinis-terminalas-zkteco-multibio-700\/","name":"Biometrinis terminalas ZkTeco MultiBio 700 - Telefonspyn\u0117s Pra\u0117jimo kontrol\u0117","isPartOf":{"@id":"https:\/\/domofonas.lt\/#website"},"primaryImageOfPage":{"@id":"https:\/\/domofonas.lt\/index.php\/product\/biometrinis-terminalas-zkteco-multibio-700\/#primaryimage"},"image":{"@id":"https:\/\/domofonas.lt\/index.php\/product\/biometrinis-terminalas-zkteco-multibio-700\/#primaryimage"},"thumbnailUrl":"https:\/\/domofonas.lt\/wp-content\/uploads\/2020\/12\/Biometrinis-terminalas-ZkTeco-MultiBio-700.jpg","datePublished":"2020-12-11T15:31:05+00:00","breadcrumb":{"@id":"https:\/\/domofonas.lt\/index.php\/product\/biometrinis-terminalas-zkteco-multibio-700\/#breadcrumb"},"inLanguage":"lt-LT","potentialAction":[{"@type":"ReadAction","target":["https:\/\/domofonas.lt\/index.php\/product\/biometrinis-terminalas-zkteco-multibio-700\/"]}]},{"@type":"ImageObject","inLanguage":"lt-LT","@id":"https:\/\/domofonas.lt\/index.php\/product\/biometrinis-terminalas-zkteco-multibio-700\/#primaryimage","url":"https:\/\/domofonas.lt\/wp-content\/uploads\/2020\/12\/Biometrinis-terminalas-ZkTeco-MultiBio-700.jpg","contentUrl":"https:\/\/domofonas.lt\/wp-content\/uploads\/2020\/12\/Biometrinis-terminalas-ZkTeco-MultiBio-700.jpg","width":562,"height":375,"caption":"Biometrinis terminalas ZkTeco MultiBio 700"},{"@type":"BreadcrumbList","@id":"https:\/\/domofonas.lt\/index.php\/product\/biometrinis-terminalas-zkteco-multibio-700\/#breadcrumb","itemListElement":[{"@type":"ListItem","position":1,"name":"Home","item":"https:\/\/domofonas.lt\/"},{"@type":"ListItem","position":2,"name":"Biometrinis terminalas ZkTeco MultiBio 700"}]},{"@type":"WebSite","@id":"https:\/\/domofonas.lt\/#website","url":"https:\/\/domofonas.lt\/","name":"Telefonspyn\u0117s Pra\u0117jimo kontrol\u0117","description":"\u012erengimas Montavimas","publisher":{"@id":"https:\/\/domofonas.lt\/#organization"},"potentialAction":[{"@type":"SearchAction","target":{"@type":"EntryPoint","urlTemplate":"https:\/\/domofonas.lt\/?s={search_term_string}"},"query-input":{"@type":"PropertyValueSpecification","valueRequired":true,"valueName":"search_term_string"}}],"inLanguage":"lt-LT"},{"@type":"Organization","@id":"https:\/\/domofonas.lt\/#organization","name":"Telefonspyn\u0117s Pra\u0117jimo kontrol\u0117","url":"https:\/\/domofonas.lt\/","logo":{"@type":"ImageObject","inLanguage":"lt-LT","@id":"https:\/\/domofonas.lt\/#\/schema\/logo\/image\/","url":"https:\/\/domofonas.lt\/wp-content\/uploads\/2020\/12\/cropped-cropped-paradox_ssg-Max-Quality__1_-removebg-preview.png","contentUrl":"https:\/\/domofonas.lt\/wp-content\/uploads\/2020\/12\/cropped-cropped-paradox_ssg-Max-Quality__1_-removebg-preview.png","width":250,"height":70,"caption":"Telefonspyn\u0117s  Pra\u0117jimo kontrol\u0117"},"image":{"@id":"https:\/\/domofonas.lt\/#\/schema\/logo\/image\/"}}]}},"jetpack_sharing_enabled":true,"_links":{"self":[{"href":"https:\/\/domofonas.lt\/index.php\/wp-json\/wp\/v2\/product\/55","targetHints":{"allow":["GET"]}}],"collection":[{"href":"https:\/\/domofonas.lt\/index.php\/wp-json\/wp\/v2\/product"}],"about":[{"href":"https:\/\/domofonas.lt\/index.php\/wp-json\/wp\/v2\/types\/product"}],"wp:featuredmedia":[{"embeddable":true,"href":"https:\/\/domofonas.lt\/index.php\/wp-json\/wp\/v2\/media\/52"}],"wp:attachment":[{"href":"https:\/\/domofonas.lt\/index.php\/wp-json\/wp\/v2\/media?parent=55"}],"wp:term":[{"taxonomy":"product_brand","embeddable":true,"href":"https:\/\/domofonas.lt\/index.php\/wp-json\/wp\/v2\/product_brand?post=55"},{"taxonomy":"product_cat","embeddable":true,"href":"https:\/\/domofonas.lt\/index.php\/wp-json\/wp\/v2\/product_cat?post=55"},{"taxonomy":"product_tag","embeddable":true,"href":"https:\/\/domofonas.lt\/index.php\/wp-json\/wp\/v2\/product_tag?post=55"}],"curies":[{"name":"wp","href":"https:\/\/api.w.org\/{rel}","templated":true}]}}