{"id":49,"date":"2020-12-11T15:31:03","date_gmt":"2020-12-11T15:31:03","guid":{"rendered":"http:\/\/domofonas.lt\/index.php\/product\/usb-pirsto-antspaudu-skaitytuvas-zk4500-zkteco\/"},"modified":"2020-12-11T19:42:46","modified_gmt":"2020-12-11T19:42:46","slug":"usb-pirsto-antspaudu-skaitytuvas-zk4500-zkteco","status":"publish","type":"product","link":"https:\/\/domofonas.lt\/index.php\/product\/usb-pirsto-antspaudu-skaitytuvas-zk4500-zkteco\/","title":{"rendered":"USB pir\u0161to antspaudu skaitytuvas ZK4500 Zkteco"},"content":{"rendered":"<p>Geba \u2013 500 dpi \/ 256 pilka<br \/>\nJutimo Plotas \u2013 15 * 18mm<br \/>\nPaveiksliuko dydis \u2013 280 * 360 pikseli\u0173<br \/>\nS\u0105saja \u2013 USB<br \/>\nOS palaikymas \u2013 Windows XP\/Vista\/7\/8\/10 (32\/64bit)<br \/>\nDarbin\u0117 temperat\u016bra \u2013 nuo 0 \u00b0 -55 \u00b0 C \/ 32-131 \u00b0 F<br \/>\nOperacin\u0117 Dr\u0117gm\u0117 \u2013 20-80%<br \/>\nSpalva \u2013 Juoda<br \/>\nUSB kabelis \u2013 150 cm<br \/>\nI\u0161matavimai \u2013 (PxAxG) mm 65.5x49x79.8<br \/>\nSvoris \u2013 200g<\/p>\n","protected":false},"excerpt":{"rendered":"<p>USB pir\u0161to antspaudu skaitytuvas ZK4500 Zkteco<\/p>\n","protected":false},"featured_media":48,"template":"","meta":{"_monsterinsights_skip_tracking":false,"_monsterinsights_sitenote_active":false,"_monsterinsights_sitenote_note":"","_monsterinsights_sitenote_category":0},"product_brand":[],"product_cat":[19],"product_tag":[31,29],"class_list":{"0":"post-49","1":"product","2":"type-product","3":"status-publish","4":"has-post-thumbnail","6":"product_cat-pirstu-antspaudu-veido-skaitytuvai","7":"product_tag-praejimo-kontrole","8":"product_tag-zkteco","10":"first","11":"instock","12":"shipping-taxable","13":"purchasable","14":"product-type-simple"},"yoast_head":"<!-- This site is optimized with the Yoast SEO plugin v27.4 - https:\/\/yoast.com\/product\/yoast-seo-wordpress\/ -->\n<title>USB pir\u0161to antspaudu skaitytuvas ZK4500 Zkteco - Telefonspyn\u0117s Pra\u0117jimo kontrol\u0117<\/title>\n<meta name=\"description\" content=\"USB pir\u0161to antspaudu skaitytuvas ZK4500 Zkteco\" \/>\n<meta name=\"robots\" content=\"index, follow, max-snippet:-1, max-image-preview:large, max-video-preview:-1\" \/>\n<link rel=\"canonical\" href=\"https:\/\/domofonas.lt\/index.php\/product\/usb-pirsto-antspaudu-skaitytuvas-zk4500-zkteco\/\" \/>\n<meta property=\"og:locale\" content=\"lt_LT\" \/>\n<meta property=\"og:type\" content=\"article\" \/>\n<meta property=\"og:title\" content=\"USB pir\u0161to antspaudu skaitytuvas ZK4500 Zkteco - Telefonspyn\u0117s Pra\u0117jimo kontrol\u0117\" \/>\n<meta property=\"og:description\" content=\"USB pir\u0161to antspaudu skaitytuvas ZK4500 Zkteco\" \/>\n<meta property=\"og:url\" content=\"https:\/\/domofonas.lt\/index.php\/product\/usb-pirsto-antspaudu-skaitytuvas-zk4500-zkteco\/\" \/>\n<meta property=\"og:site_name\" content=\"Telefonspyn\u0117s Pra\u0117jimo kontrol\u0117\" \/>\n<meta property=\"article:modified_time\" content=\"2020-12-11T19:42:46+00:00\" \/>\n<meta property=\"og:image\" content=\"https:\/\/domofonas.lt\/wp-content\/uploads\/2020\/12\/ZK4500.jpg\" \/>\n\t<meta property=\"og:image:width\" content=\"637\" \/>\n\t<meta property=\"og:image:height\" content=\"437\" \/>\n\t<meta property=\"og:image:type\" content=\"image\/jpeg\" \/>\n<meta name=\"twitter:card\" content=\"summary_large_image\" \/>\n<script type=\"application\/ld+json\" class=\"yoast-schema-graph\">{\"@context\":\"https:\\\/\\\/schema.org\",\"@graph\":[{\"@type\":\"WebPage\",\"@id\":\"https:\\\/\\\/domofonas.lt\\\/index.php\\\/product\\\/usb-pirsto-antspaudu-skaitytuvas-zk4500-zkteco\\\/\",\"url\":\"https:\\\/\\\/domofonas.lt\\\/index.php\\\/product\\\/usb-pirsto-antspaudu-skaitytuvas-zk4500-zkteco\\\/\",\"name\":\"USB pir\u0161to antspaudu skaitytuvas ZK4500 Zkteco - Telefonspyn\u0117s Pra\u0117jimo kontrol\u0117\",\"isPartOf\":{\"@id\":\"https:\\\/\\\/domofonas.lt\\\/#website\"},\"primaryImageOfPage\":{\"@id\":\"https:\\\/\\\/domofonas.lt\\\/index.php\\\/product\\\/usb-pirsto-antspaudu-skaitytuvas-zk4500-zkteco\\\/#primaryimage\"},\"image\":{\"@id\":\"https:\\\/\\\/domofonas.lt\\\/index.php\\\/product\\\/usb-pirsto-antspaudu-skaitytuvas-zk4500-zkteco\\\/#primaryimage\"},\"thumbnailUrl\":\"https:\\\/\\\/domofonas.lt\\\/wp-content\\\/uploads\\\/2020\\\/12\\\/ZK4500.jpg\",\"datePublished\":\"2020-12-11T15:31:03+00:00\",\"dateModified\":\"2020-12-11T19:42:46+00:00\",\"description\":\"USB pir\u0161to antspaudu skaitytuvas ZK4500 Zkteco\",\"breadcrumb\":{\"@id\":\"https:\\\/\\\/domofonas.lt\\\/index.php\\\/product\\\/usb-pirsto-antspaudu-skaitytuvas-zk4500-zkteco\\\/#breadcrumb\"},\"inLanguage\":\"lt-LT\",\"potentialAction\":[{\"@type\":\"ReadAction\",\"target\":[\"https:\\\/\\\/domofonas.lt\\\/index.php\\\/product\\\/usb-pirsto-antspaudu-skaitytuvas-zk4500-zkteco\\\/\"]}]},{\"@type\":\"ImageObject\",\"inLanguage\":\"lt-LT\",\"@id\":\"https:\\\/\\\/domofonas.lt\\\/index.php\\\/product\\\/usb-pirsto-antspaudu-skaitytuvas-zk4500-zkteco\\\/#primaryimage\",\"url\":\"https:\\\/\\\/domofonas.lt\\\/wp-content\\\/uploads\\\/2020\\\/12\\\/ZK4500.jpg\",\"contentUrl\":\"https:\\\/\\\/domofonas.lt\\\/wp-content\\\/uploads\\\/2020\\\/12\\\/ZK4500.jpg\",\"width\":637,\"height\":437,\"caption\":\"USB pir\u0161to antspaudu skaitytuvas ZK4500 Zkteco\"},{\"@type\":\"BreadcrumbList\",\"@id\":\"https:\\\/\\\/domofonas.lt\\\/index.php\\\/product\\\/usb-pirsto-antspaudu-skaitytuvas-zk4500-zkteco\\\/#breadcrumb\",\"itemListElement\":[{\"@type\":\"ListItem\",\"position\":1,\"name\":\"Home\",\"item\":\"https:\\\/\\\/domofonas.lt\\\/\"},{\"@type\":\"ListItem\",\"position\":2,\"name\":\"USB pir\u0161to antspaudu skaitytuvas ZK4500 Zkteco\"}]},{\"@type\":\"WebSite\",\"@id\":\"https:\\\/\\\/domofonas.lt\\\/#website\",\"url\":\"https:\\\/\\\/domofonas.lt\\\/\",\"name\":\"Telefonspyn\u0117s Pra\u0117jimo kontrol\u0117\",\"description\":\"\u012erengimas Montavimas\",\"publisher\":{\"@id\":\"https:\\\/\\\/domofonas.lt\\\/#organization\"},\"potentialAction\":[{\"@type\":\"SearchAction\",\"target\":{\"@type\":\"EntryPoint\",\"urlTemplate\":\"https:\\\/\\\/domofonas.lt\\\/?s={search_term_string}\"},\"query-input\":{\"@type\":\"PropertyValueSpecification\",\"valueRequired\":true,\"valueName\":\"search_term_string\"}}],\"inLanguage\":\"lt-LT\"},{\"@type\":\"Organization\",\"@id\":\"https:\\\/\\\/domofonas.lt\\\/#organization\",\"name\":\"Telefonspyn\u0117s Pra\u0117jimo kontrol\u0117\",\"url\":\"https:\\\/\\\/domofonas.lt\\\/\",\"logo\":{\"@type\":\"ImageObject\",\"inLanguage\":\"lt-LT\",\"@id\":\"https:\\\/\\\/domofonas.lt\\\/#\\\/schema\\\/logo\\\/image\\\/\",\"url\":\"https:\\\/\\\/domofonas.lt\\\/wp-content\\\/uploads\\\/2020\\\/12\\\/cropped-cropped-paradox_ssg-Max-Quality__1_-removebg-preview.png\",\"contentUrl\":\"https:\\\/\\\/domofonas.lt\\\/wp-content\\\/uploads\\\/2020\\\/12\\\/cropped-cropped-paradox_ssg-Max-Quality__1_-removebg-preview.png\",\"width\":250,\"height\":70,\"caption\":\"Telefonspyn\u0117s  Pra\u0117jimo kontrol\u0117\"},\"image\":{\"@id\":\"https:\\\/\\\/domofonas.lt\\\/#\\\/schema\\\/logo\\\/image\\\/\"}}]}<\/script>\n<!-- \/ Yoast SEO plugin. -->","yoast_head_json":{"title":"USB pir\u0161to antspaudu skaitytuvas ZK4500 Zkteco - Telefonspyn\u0117s Pra\u0117jimo kontrol\u0117","description":"USB pir\u0161to antspaudu skaitytuvas ZK4500 Zkteco","robots":{"index":"index","follow":"follow","max-snippet":"max-snippet:-1","max-image-preview":"max-image-preview:large","max-video-preview":"max-video-preview:-1"},"canonical":"https:\/\/domofonas.lt\/index.php\/product\/usb-pirsto-antspaudu-skaitytuvas-zk4500-zkteco\/","og_locale":"lt_LT","og_type":"article","og_title":"USB pir\u0161to antspaudu skaitytuvas ZK4500 Zkteco - Telefonspyn\u0117s Pra\u0117jimo kontrol\u0117","og_description":"USB pir\u0161to antspaudu skaitytuvas ZK4500 Zkteco","og_url":"https:\/\/domofonas.lt\/index.php\/product\/usb-pirsto-antspaudu-skaitytuvas-zk4500-zkteco\/","og_site_name":"Telefonspyn\u0117s Pra\u0117jimo kontrol\u0117","article_modified_time":"2020-12-11T19:42:46+00:00","og_image":[{"width":637,"height":437,"url":"https:\/\/domofonas.lt\/wp-content\/uploads\/2020\/12\/ZK4500.jpg","type":"image\/jpeg"}],"twitter_card":"summary_large_image","schema":{"@context":"https:\/\/schema.org","@graph":[{"@type":"WebPage","@id":"https:\/\/domofonas.lt\/index.php\/product\/usb-pirsto-antspaudu-skaitytuvas-zk4500-zkteco\/","url":"https:\/\/domofonas.lt\/index.php\/product\/usb-pirsto-antspaudu-skaitytuvas-zk4500-zkteco\/","name":"USB pir\u0161to antspaudu skaitytuvas ZK4500 Zkteco - Telefonspyn\u0117s Pra\u0117jimo kontrol\u0117","isPartOf":{"@id":"https:\/\/domofonas.lt\/#website"},"primaryImageOfPage":{"@id":"https:\/\/domofonas.lt\/index.php\/product\/usb-pirsto-antspaudu-skaitytuvas-zk4500-zkteco\/#primaryimage"},"image":{"@id":"https:\/\/domofonas.lt\/index.php\/product\/usb-pirsto-antspaudu-skaitytuvas-zk4500-zkteco\/#primaryimage"},"thumbnailUrl":"https:\/\/domofonas.lt\/wp-content\/uploads\/2020\/12\/ZK4500.jpg","datePublished":"2020-12-11T15:31:03+00:00","dateModified":"2020-12-11T19:42:46+00:00","description":"USB pir\u0161to antspaudu skaitytuvas ZK4500 Zkteco","breadcrumb":{"@id":"https:\/\/domofonas.lt\/index.php\/product\/usb-pirsto-antspaudu-skaitytuvas-zk4500-zkteco\/#breadcrumb"},"inLanguage":"lt-LT","potentialAction":[{"@type":"ReadAction","target":["https:\/\/domofonas.lt\/index.php\/product\/usb-pirsto-antspaudu-skaitytuvas-zk4500-zkteco\/"]}]},{"@type":"ImageObject","inLanguage":"lt-LT","@id":"https:\/\/domofonas.lt\/index.php\/product\/usb-pirsto-antspaudu-skaitytuvas-zk4500-zkteco\/#primaryimage","url":"https:\/\/domofonas.lt\/wp-content\/uploads\/2020\/12\/ZK4500.jpg","contentUrl":"https:\/\/domofonas.lt\/wp-content\/uploads\/2020\/12\/ZK4500.jpg","width":637,"height":437,"caption":"USB pir\u0161to antspaudu skaitytuvas ZK4500 Zkteco"},{"@type":"BreadcrumbList","@id":"https:\/\/domofonas.lt\/index.php\/product\/usb-pirsto-antspaudu-skaitytuvas-zk4500-zkteco\/#breadcrumb","itemListElement":[{"@type":"ListItem","position":1,"name":"Home","item":"https:\/\/domofonas.lt\/"},{"@type":"ListItem","position":2,"name":"USB pir\u0161to antspaudu skaitytuvas ZK4500 Zkteco"}]},{"@type":"WebSite","@id":"https:\/\/domofonas.lt\/#website","url":"https:\/\/domofonas.lt\/","name":"Telefonspyn\u0117s Pra\u0117jimo kontrol\u0117","description":"\u012erengimas Montavimas","publisher":{"@id":"https:\/\/domofonas.lt\/#organization"},"potentialAction":[{"@type":"SearchAction","target":{"@type":"EntryPoint","urlTemplate":"https:\/\/domofonas.lt\/?s={search_term_string}"},"query-input":{"@type":"PropertyValueSpecification","valueRequired":true,"valueName":"search_term_string"}}],"inLanguage":"lt-LT"},{"@type":"Organization","@id":"https:\/\/domofonas.lt\/#organization","name":"Telefonspyn\u0117s Pra\u0117jimo kontrol\u0117","url":"https:\/\/domofonas.lt\/","logo":{"@type":"ImageObject","inLanguage":"lt-LT","@id":"https:\/\/domofonas.lt\/#\/schema\/logo\/image\/","url":"https:\/\/domofonas.lt\/wp-content\/uploads\/2020\/12\/cropped-cropped-paradox_ssg-Max-Quality__1_-removebg-preview.png","contentUrl":"https:\/\/domofonas.lt\/wp-content\/uploads\/2020\/12\/cropped-cropped-paradox_ssg-Max-Quality__1_-removebg-preview.png","width":250,"height":70,"caption":"Telefonspyn\u0117s  Pra\u0117jimo kontrol\u0117"},"image":{"@id":"https:\/\/domofonas.lt\/#\/schema\/logo\/image\/"}}]}},"jetpack_sharing_enabled":true,"_links":{"self":[{"href":"https:\/\/domofonas.lt\/index.php\/wp-json\/wp\/v2\/product\/49","targetHints":{"allow":["GET"]}}],"collection":[{"href":"https:\/\/domofonas.lt\/index.php\/wp-json\/wp\/v2\/product"}],"about":[{"href":"https:\/\/domofonas.lt\/index.php\/wp-json\/wp\/v2\/types\/product"}],"wp:featuredmedia":[{"embeddable":true,"href":"https:\/\/domofonas.lt\/index.php\/wp-json\/wp\/v2\/media\/48"}],"wp:attachment":[{"href":"https:\/\/domofonas.lt\/index.php\/wp-json\/wp\/v2\/media?parent=49"}],"wp:term":[{"taxonomy":"product_brand","embeddable":true,"href":"https:\/\/domofonas.lt\/index.php\/wp-json\/wp\/v2\/product_brand?post=49"},{"taxonomy":"product_cat","embeddable":true,"href":"https:\/\/domofonas.lt\/index.php\/wp-json\/wp\/v2\/product_cat?post=49"},{"taxonomy":"product_tag","embeddable":true,"href":"https:\/\/domofonas.lt\/index.php\/wp-json\/wp\/v2\/product_tag?post=49"}],"curies":[{"name":"wp","href":"https:\/\/api.w.org\/{rel}","templated":true}]}}