{"id":42,"date":"2020-12-11T15:31:01","date_gmt":"2020-12-11T15:31:01","guid":{"rendered":"http:\/\/domofonas.lt\/index.php\/product\/biometrinis-terminalas-zkteco-tf1700\/"},"modified":"2020-12-11T19:32:57","modified_gmt":"2020-12-11T19:32:57","slug":"biometrinis-terminalas-zkteco-tf1700","status":"publish","type":"product","link":"https:\/\/domofonas.lt\/index.php\/product\/biometrinis-terminalas-zkteco-tf1700\/","title":{"rendered":"Biometrinis terminalas ZKTeco TF1700"},"content":{"rendered":"<p>IP65 apsaugos klases Biometrinis terminalas ZKTeco TF1700 . Terminalas gali b\u016bti naudojamas lauke. Tai patikimas, tvirtas ir labai tikslus pir\u0161t\u0173 atspaud\u0173 jutiklis su pir\u0161to algoritmu, kurio vartotojo atpa\u017einimas yra trumpesnis nei 1,5 sekund\u0117s. Gali dirbti be kompiuterio pagalbos . Visus nustatymus ir programavimo darbus galima atlikti i\u0161 \u012frenginio klaviat\u016bros naudojant \u012frenginio vartotojo meniu.<\/p>\n","protected":false},"excerpt":{"rendered":"<p>IP65 apsaugos klases Biometrinis terminalas ZKTeco TF1700 . Terminalas gali b\u016bti naudojamas lauke. Tai patikimas, tvirtas ir labai tikslus pir\u0161t\u0173 atspaud\u0173 jutiklis su pir\u0161to algoritmu, kurio vartotojo atpa\u017einimas yra trumpesnis nei 1,5 sekund\u0117s. Gali dirbti be kompiuterio pagalbos . Visus nustatymus ir programavimo darbus galima atlikti i\u0161 \u012frenginio klaviat\u016bros naudojant \u012frenginio vartotojo meniu. Garso ir vaizdo signalai informuoja vartotoja ar identifikacija atlikta s\u0117kmingai ar ne. Relinei i\u0161\u0117jimai el. spynai ir pavojaus signalui pajungti leid\u017eia pajungti j\u0117gos kontrol\u0119. Vidine terminalo atmintis Gali saugoti iki 3000 pir\u0161t\u0173 atspaud\u0173 \u0161ablon\u0173, 10.000 korteli\u0173 ir 30000 \u012fvykiu. Duomenis galima susieti su SD kortele, taip pat juos galima perkelti \u012f kit\u0105 terminal\u0105, jei n\u0117ra kompiuterio. Vidin\u0117 proximity arba &#8222;Mifare&#8221; korteli\u0173 skaitytuvas leid\u017eia dvejopo veiksni\u0173 identifikavim\u0105 prieigos kontrol\u0117s.<\/p>\n","protected":false},"featured_media":41,"template":"","meta":{"_monsterinsights_skip_tracking":false,"_monsterinsights_sitenote_active":false,"_monsterinsights_sitenote_note":"","_monsterinsights_sitenote_category":0},"product_brand":[],"product_cat":[19],"product_tag":[31,29],"class_list":{"0":"post-42","1":"product","2":"type-product","3":"status-publish","4":"has-post-thumbnail","6":"product_cat-pirstu-antspaudu-veido-skaitytuvai","7":"product_tag-praejimo-kontrole","8":"product_tag-zkteco","10":"first","11":"instock","12":"shipping-taxable","13":"purchasable","14":"product-type-simple"},"yoast_head":"<!-- This site is optimized with the Yoast SEO plugin v27.4 - https:\/\/yoast.com\/product\/yoast-seo-wordpress\/ -->\n<title>Biometrinis terminalas ZKTeco TF1700 - Telefonspyn\u0117s Pra\u0117jimo kontrol\u0117<\/title>\n<meta name=\"description\" content=\"IP65 apsaugos klases Biometrinis terminalas ZKTeco TF1700 . Terminalas gali b\u016bti naudojamas lauke\" \/>\n<meta name=\"robots\" content=\"index, follow, max-snippet:-1, max-image-preview:large, max-video-preview:-1\" \/>\n<link rel=\"canonical\" href=\"https:\/\/domofonas.lt\/index.php\/product\/biometrinis-terminalas-zkteco-tf1700\/\" \/>\n<meta property=\"og:locale\" content=\"lt_LT\" \/>\n<meta property=\"og:type\" content=\"article\" \/>\n<meta property=\"og:title\" content=\"Biometrinis terminalas ZKTeco TF1700 - Telefonspyn\u0117s Pra\u0117jimo kontrol\u0117\" \/>\n<meta property=\"og:description\" content=\"IP65 apsaugos klases Biometrinis terminalas ZKTeco TF1700 . Terminalas gali b\u016bti naudojamas lauke\" \/>\n<meta property=\"og:url\" content=\"https:\/\/domofonas.lt\/index.php\/product\/biometrinis-terminalas-zkteco-tf1700\/\" \/>\n<meta property=\"og:site_name\" content=\"Telefonspyn\u0117s Pra\u0117jimo kontrol\u0117\" \/>\n<meta property=\"article:modified_time\" content=\"2020-12-11T19:32:57+00:00\" \/>\n<meta property=\"og:image\" content=\"https:\/\/domofonas.lt\/wp-content\/uploads\/2020\/12\/fr-w1600.jpg\" \/>\n\t<meta property=\"og:image:width\" content=\"562\" \/>\n\t<meta property=\"og:image:height\" content=\"375\" \/>\n\t<meta property=\"og:image:type\" content=\"image\/jpeg\" \/>\n<meta name=\"twitter:card\" content=\"summary_large_image\" \/>\n<script type=\"application\/ld+json\" class=\"yoast-schema-graph\">{\"@context\":\"https:\\\/\\\/schema.org\",\"@graph\":[{\"@type\":\"WebPage\",\"@id\":\"https:\\\/\\\/domofonas.lt\\\/index.php\\\/product\\\/biometrinis-terminalas-zkteco-tf1700\\\/\",\"url\":\"https:\\\/\\\/domofonas.lt\\\/index.php\\\/product\\\/biometrinis-terminalas-zkteco-tf1700\\\/\",\"name\":\"Biometrinis terminalas ZKTeco TF1700 - Telefonspyn\u0117s Pra\u0117jimo kontrol\u0117\",\"isPartOf\":{\"@id\":\"https:\\\/\\\/domofonas.lt\\\/#website\"},\"primaryImageOfPage\":{\"@id\":\"https:\\\/\\\/domofonas.lt\\\/index.php\\\/product\\\/biometrinis-terminalas-zkteco-tf1700\\\/#primaryimage\"},\"image\":{\"@id\":\"https:\\\/\\\/domofonas.lt\\\/index.php\\\/product\\\/biometrinis-terminalas-zkteco-tf1700\\\/#primaryimage\"},\"thumbnailUrl\":\"https:\\\/\\\/domofonas.lt\\\/wp-content\\\/uploads\\\/2020\\\/12\\\/fr-w1600.jpg\",\"datePublished\":\"2020-12-11T15:31:01+00:00\",\"dateModified\":\"2020-12-11T19:32:57+00:00\",\"description\":\"IP65 apsaugos klases Biometrinis terminalas ZKTeco TF1700 . Terminalas gali b\u016bti naudojamas lauke\",\"breadcrumb\":{\"@id\":\"https:\\\/\\\/domofonas.lt\\\/index.php\\\/product\\\/biometrinis-terminalas-zkteco-tf1700\\\/#breadcrumb\"},\"inLanguage\":\"lt-LT\",\"potentialAction\":[{\"@type\":\"ReadAction\",\"target\":[\"https:\\\/\\\/domofonas.lt\\\/index.php\\\/product\\\/biometrinis-terminalas-zkteco-tf1700\\\/\"]}]},{\"@type\":\"ImageObject\",\"inLanguage\":\"lt-LT\",\"@id\":\"https:\\\/\\\/domofonas.lt\\\/index.php\\\/product\\\/biometrinis-terminalas-zkteco-tf1700\\\/#primaryimage\",\"url\":\"https:\\\/\\\/domofonas.lt\\\/wp-content\\\/uploads\\\/2020\\\/12\\\/fr-w1600.jpg\",\"contentUrl\":\"https:\\\/\\\/domofonas.lt\\\/wp-content\\\/uploads\\\/2020\\\/12\\\/fr-w1600.jpg\",\"width\":562,\"height\":375,\"caption\":\"Biometrinis terminalas ZKTeco TF1700\"},{\"@type\":\"BreadcrumbList\",\"@id\":\"https:\\\/\\\/domofonas.lt\\\/index.php\\\/product\\\/biometrinis-terminalas-zkteco-tf1700\\\/#breadcrumb\",\"itemListElement\":[{\"@type\":\"ListItem\",\"position\":1,\"name\":\"Home\",\"item\":\"https:\\\/\\\/domofonas.lt\\\/\"},{\"@type\":\"ListItem\",\"position\":2,\"name\":\"Biometrinis terminalas ZKTeco TF1700\"}]},{\"@type\":\"WebSite\",\"@id\":\"https:\\\/\\\/domofonas.lt\\\/#website\",\"url\":\"https:\\\/\\\/domofonas.lt\\\/\",\"name\":\"Telefonspyn\u0117s Pra\u0117jimo kontrol\u0117\",\"description\":\"\u012erengimas Montavimas\",\"publisher\":{\"@id\":\"https:\\\/\\\/domofonas.lt\\\/#organization\"},\"potentialAction\":[{\"@type\":\"SearchAction\",\"target\":{\"@type\":\"EntryPoint\",\"urlTemplate\":\"https:\\\/\\\/domofonas.lt\\\/?s={search_term_string}\"},\"query-input\":{\"@type\":\"PropertyValueSpecification\",\"valueRequired\":true,\"valueName\":\"search_term_string\"}}],\"inLanguage\":\"lt-LT\"},{\"@type\":\"Organization\",\"@id\":\"https:\\\/\\\/domofonas.lt\\\/#organization\",\"name\":\"Telefonspyn\u0117s Pra\u0117jimo kontrol\u0117\",\"url\":\"https:\\\/\\\/domofonas.lt\\\/\",\"logo\":{\"@type\":\"ImageObject\",\"inLanguage\":\"lt-LT\",\"@id\":\"https:\\\/\\\/domofonas.lt\\\/#\\\/schema\\\/logo\\\/image\\\/\",\"url\":\"https:\\\/\\\/domofonas.lt\\\/wp-content\\\/uploads\\\/2020\\\/12\\\/cropped-cropped-paradox_ssg-Max-Quality__1_-removebg-preview.png\",\"contentUrl\":\"https:\\\/\\\/domofonas.lt\\\/wp-content\\\/uploads\\\/2020\\\/12\\\/cropped-cropped-paradox_ssg-Max-Quality__1_-removebg-preview.png\",\"width\":250,\"height\":70,\"caption\":\"Telefonspyn\u0117s  Pra\u0117jimo kontrol\u0117\"},\"image\":{\"@id\":\"https:\\\/\\\/domofonas.lt\\\/#\\\/schema\\\/logo\\\/image\\\/\"}}]}<\/script>\n<!-- \/ Yoast SEO plugin. -->","yoast_head_json":{"title":"Biometrinis terminalas ZKTeco TF1700 - Telefonspyn\u0117s Pra\u0117jimo kontrol\u0117","description":"IP65 apsaugos klases Biometrinis terminalas ZKTeco TF1700 . Terminalas gali b\u016bti naudojamas lauke","robots":{"index":"index","follow":"follow","max-snippet":"max-snippet:-1","max-image-preview":"max-image-preview:large","max-video-preview":"max-video-preview:-1"},"canonical":"https:\/\/domofonas.lt\/index.php\/product\/biometrinis-terminalas-zkteco-tf1700\/","og_locale":"lt_LT","og_type":"article","og_title":"Biometrinis terminalas ZKTeco TF1700 - Telefonspyn\u0117s Pra\u0117jimo kontrol\u0117","og_description":"IP65 apsaugos klases Biometrinis terminalas ZKTeco TF1700 . Terminalas gali b\u016bti naudojamas lauke","og_url":"https:\/\/domofonas.lt\/index.php\/product\/biometrinis-terminalas-zkteco-tf1700\/","og_site_name":"Telefonspyn\u0117s Pra\u0117jimo kontrol\u0117","article_modified_time":"2020-12-11T19:32:57+00:00","og_image":[{"width":562,"height":375,"url":"https:\/\/domofonas.lt\/wp-content\/uploads\/2020\/12\/fr-w1600.jpg","type":"image\/jpeg"}],"twitter_card":"summary_large_image","schema":{"@context":"https:\/\/schema.org","@graph":[{"@type":"WebPage","@id":"https:\/\/domofonas.lt\/index.php\/product\/biometrinis-terminalas-zkteco-tf1700\/","url":"https:\/\/domofonas.lt\/index.php\/product\/biometrinis-terminalas-zkteco-tf1700\/","name":"Biometrinis terminalas ZKTeco TF1700 - Telefonspyn\u0117s Pra\u0117jimo kontrol\u0117","isPartOf":{"@id":"https:\/\/domofonas.lt\/#website"},"primaryImageOfPage":{"@id":"https:\/\/domofonas.lt\/index.php\/product\/biometrinis-terminalas-zkteco-tf1700\/#primaryimage"},"image":{"@id":"https:\/\/domofonas.lt\/index.php\/product\/biometrinis-terminalas-zkteco-tf1700\/#primaryimage"},"thumbnailUrl":"https:\/\/domofonas.lt\/wp-content\/uploads\/2020\/12\/fr-w1600.jpg","datePublished":"2020-12-11T15:31:01+00:00","dateModified":"2020-12-11T19:32:57+00:00","description":"IP65 apsaugos klases Biometrinis terminalas ZKTeco TF1700 . Terminalas gali b\u016bti naudojamas lauke","breadcrumb":{"@id":"https:\/\/domofonas.lt\/index.php\/product\/biometrinis-terminalas-zkteco-tf1700\/#breadcrumb"},"inLanguage":"lt-LT","potentialAction":[{"@type":"ReadAction","target":["https:\/\/domofonas.lt\/index.php\/product\/biometrinis-terminalas-zkteco-tf1700\/"]}]},{"@type":"ImageObject","inLanguage":"lt-LT","@id":"https:\/\/domofonas.lt\/index.php\/product\/biometrinis-terminalas-zkteco-tf1700\/#primaryimage","url":"https:\/\/domofonas.lt\/wp-content\/uploads\/2020\/12\/fr-w1600.jpg","contentUrl":"https:\/\/domofonas.lt\/wp-content\/uploads\/2020\/12\/fr-w1600.jpg","width":562,"height":375,"caption":"Biometrinis terminalas ZKTeco TF1700"},{"@type":"BreadcrumbList","@id":"https:\/\/domofonas.lt\/index.php\/product\/biometrinis-terminalas-zkteco-tf1700\/#breadcrumb","itemListElement":[{"@type":"ListItem","position":1,"name":"Home","item":"https:\/\/domofonas.lt\/"},{"@type":"ListItem","position":2,"name":"Biometrinis terminalas ZKTeco TF1700"}]},{"@type":"WebSite","@id":"https:\/\/domofonas.lt\/#website","url":"https:\/\/domofonas.lt\/","name":"Telefonspyn\u0117s Pra\u0117jimo kontrol\u0117","description":"\u012erengimas Montavimas","publisher":{"@id":"https:\/\/domofonas.lt\/#organization"},"potentialAction":[{"@type":"SearchAction","target":{"@type":"EntryPoint","urlTemplate":"https:\/\/domofonas.lt\/?s={search_term_string}"},"query-input":{"@type":"PropertyValueSpecification","valueRequired":true,"valueName":"search_term_string"}}],"inLanguage":"lt-LT"},{"@type":"Organization","@id":"https:\/\/domofonas.lt\/#organization","name":"Telefonspyn\u0117s Pra\u0117jimo kontrol\u0117","url":"https:\/\/domofonas.lt\/","logo":{"@type":"ImageObject","inLanguage":"lt-LT","@id":"https:\/\/domofonas.lt\/#\/schema\/logo\/image\/","url":"https:\/\/domofonas.lt\/wp-content\/uploads\/2020\/12\/cropped-cropped-paradox_ssg-Max-Quality__1_-removebg-preview.png","contentUrl":"https:\/\/domofonas.lt\/wp-content\/uploads\/2020\/12\/cropped-cropped-paradox_ssg-Max-Quality__1_-removebg-preview.png","width":250,"height":70,"caption":"Telefonspyn\u0117s  Pra\u0117jimo kontrol\u0117"},"image":{"@id":"https:\/\/domofonas.lt\/#\/schema\/logo\/image\/"}}]}},"jetpack_sharing_enabled":true,"_links":{"self":[{"href":"https:\/\/domofonas.lt\/index.php\/wp-json\/wp\/v2\/product\/42","targetHints":{"allow":["GET"]}}],"collection":[{"href":"https:\/\/domofonas.lt\/index.php\/wp-json\/wp\/v2\/product"}],"about":[{"href":"https:\/\/domofonas.lt\/index.php\/wp-json\/wp\/v2\/types\/product"}],"wp:featuredmedia":[{"embeddable":true,"href":"https:\/\/domofonas.lt\/index.php\/wp-json\/wp\/v2\/media\/41"}],"wp:attachment":[{"href":"https:\/\/domofonas.lt\/index.php\/wp-json\/wp\/v2\/media?parent=42"}],"wp:term":[{"taxonomy":"product_brand","embeddable":true,"href":"https:\/\/domofonas.lt\/index.php\/wp-json\/wp\/v2\/product_brand?post=42"},{"taxonomy":"product_cat","embeddable":true,"href":"https:\/\/domofonas.lt\/index.php\/wp-json\/wp\/v2\/product_cat?post=42"},{"taxonomy":"product_tag","embeddable":true,"href":"https:\/\/domofonas.lt\/index.php\/wp-json\/wp\/v2\/product_tag?post=42"}],"curies":[{"name":"wp","href":"https:\/\/api.w.org\/{rel}","templated":true}]}}