{"id":264,"date":"2020-12-11T15:31:44","date_gmt":"2020-12-11T15:31:44","guid":{"rendered":"http:\/\/domofonas.lt\/index.php\/product\/darbo-laiko-apskaitos-terminalas-iface702\/"},"modified":"2020-12-11T16:29:38","modified_gmt":"2020-12-11T16:29:38","slug":"darbo-laiko-apskaitos-terminalas-iface702","status":"publish","type":"product","link":"https:\/\/domofonas.lt\/index.php\/product\/darbo-laiko-apskaitos-terminalas-iface702\/","title":{"rendered":"Darbo laiko apskaitos terminalas Iface702"},"content":{"rendered":"<p>Ekranas : \u00a04,3 coli\u0173<\/p>\n<p>Veido \u0161ablon\u0173 talpa :\u00a0 500<\/p>\n<p>Pir\u0161t\u0173 atspaud\u0173 talpa :\u00a0 2000<\/p>\n<p>Korteli\u0173 talpa : 10000<\/p>\n<p>\u012evyki\u0173 talpa : 100 000<\/p>\n<p>Ry\u0161io s\u0105sajos : \u00a0TCP \/ IP, RS232 \/ 485<\/p>\n<p>Dur\u0173 valdymas : 3-iosios \u0161alies elektrinio u\u017erakto, dur\u0173 jutiklio, i\u0161\u0117jimo mygtuko, aliarmo s\u0105sajos<\/p>\n<p>\u201eWiegand\u201c signalo i\u0161vestis : TAIP<\/p>\n<p>Pasirenkamos funkcijos ID \/ \u201eMiFare\u201c kortel\u0117, \u201eWi-Fi\u201c, 3G, ADMS, 2000 mAh atsargin\u0117 baterija<\/p>\n<p>Maitinimo \u0161altinis : \u00a012V 3A<\/p>\n<p>Darbin\u0117 temperat\u016bra : \u00a00 \u00b0 C ~ 45 \u00b0 C<\/p>\n<p>Darbinis dr\u0117gnumas : \u00a020% ~ 80%<\/p>\n<p>Matmenys : 193,6 * 165,2 * 86mm (ilgis * plotis * storis)<\/p>\n","protected":false},"excerpt":{"rendered":"<p>IFace702 darbo laiko apskaitos terminalas priima ZEM600 platform\u0105 su \u201eFace 7.0\u201c algoritmu ir didel\u0117s talpos atmintimi. \u201eFace\u201c serijos integruotas 630 MHz da\u017enio greitas \u201eMulti-Bio\u201c procesorius ir didel\u0117s rai\u0161kos kamera su infraraudonuoju spinduli\u0173 LED leid\u017eia vartotojui identifikuotis tamsoje. Visos \u201eFace\u201c operacijas galima \u00a0atlikti jutikliniame ekrane. \u012evairi\u0173 modeli\u0173 ry\u0161ius sudaro RS232 \/ 485, TCP \/ IP, pasirenkamas \u201eWiFi\u201c arba GPRS ry\u0161ys. Pasirenkama \u012fmontuota 2000 mAh baterija leid\u017eia sistemai dirbti be elektros tekimo .<\/p>\n","protected":false},"featured_media":263,"template":"","meta":{"_monsterinsights_skip_tracking":false,"_monsterinsights_sitenote_active":false,"_monsterinsights_sitenote_note":"","_monsterinsights_sitenote_category":0},"product_brand":[],"product_cat":[20,19],"product_tag":[30,31,29],"class_list":{"0":"post-264","1":"product","2":"type-product","3":"status-publish","4":"has-post-thumbnail","6":"product_cat-darbo-laiko-apskaita","7":"product_cat-pirstu-antspaudu-veido-skaitytuvai","8":"product_tag-darbo-apskaita","9":"product_tag-praejimo-kontrole","10":"product_tag-zkteco","12":"first","13":"instock","14":"shipping-taxable","15":"purchasable","16":"product-type-simple"},"yoast_head":"<!-- This site is optimized with the Yoast SEO plugin v27.4 - https:\/\/yoast.com\/product\/yoast-seo-wordpress\/ -->\n<title>Darbo laiko apskaitos terminalas Iface702 - Telefonspyn\u0117s Pra\u0117jimo kontrol\u0117<\/title>\n<meta name=\"description\" content=\"IFace702 darbo laiko apskaitos terminalas priima ZEM600 platform\u0105 su \u201eFace 7.0\u201c algoritmu ir didel\u0117s talpos atmintimi.\" \/>\n<meta name=\"robots\" content=\"index, follow, max-snippet:-1, max-image-preview:large, max-video-preview:-1\" \/>\n<link rel=\"canonical\" href=\"https:\/\/domofonas.lt\/index.php\/product\/darbo-laiko-apskaitos-terminalas-iface702\/\" \/>\n<meta property=\"og:locale\" content=\"lt_LT\" \/>\n<meta property=\"og:type\" content=\"article\" \/>\n<meta property=\"og:title\" content=\"Darbo laiko apskaitos terminalas Iface702 - Telefonspyn\u0117s Pra\u0117jimo kontrol\u0117\" \/>\n<meta property=\"og:description\" content=\"IFace702 darbo laiko apskaitos terminalas priima ZEM600 platform\u0105 su \u201eFace 7.0\u201c algoritmu ir didel\u0117s talpos atmintimi.\" \/>\n<meta property=\"og:url\" content=\"https:\/\/domofonas.lt\/index.php\/product\/darbo-laiko-apskaitos-terminalas-iface702\/\" \/>\n<meta property=\"og:site_name\" content=\"Telefonspyn\u0117s Pra\u0117jimo kontrol\u0117\" \/>\n<meta property=\"article:modified_time\" content=\"2020-12-11T16:29:38+00:00\" \/>\n<meta property=\"og:image\" content=\"https:\/\/domofonas.lt\/wp-content\/uploads\/2020\/12\/Iface702.jpg\" \/>\n\t<meta property=\"og:image:width\" content=\"500\" \/>\n\t<meta property=\"og:image:height\" content=\"500\" \/>\n\t<meta property=\"og:image:type\" content=\"image\/jpeg\" \/>\n<meta name=\"twitter:card\" content=\"summary_large_image\" \/>\n<script type=\"application\/ld+json\" class=\"yoast-schema-graph\">{\"@context\":\"https:\\\/\\\/schema.org\",\"@graph\":[{\"@type\":\"WebPage\",\"@id\":\"https:\\\/\\\/domofonas.lt\\\/index.php\\\/product\\\/darbo-laiko-apskaitos-terminalas-iface702\\\/\",\"url\":\"https:\\\/\\\/domofonas.lt\\\/index.php\\\/product\\\/darbo-laiko-apskaitos-terminalas-iface702\\\/\",\"name\":\"Darbo laiko apskaitos terminalas Iface702 - Telefonspyn\u0117s Pra\u0117jimo kontrol\u0117\",\"isPartOf\":{\"@id\":\"https:\\\/\\\/domofonas.lt\\\/#website\"},\"primaryImageOfPage\":{\"@id\":\"https:\\\/\\\/domofonas.lt\\\/index.php\\\/product\\\/darbo-laiko-apskaitos-terminalas-iface702\\\/#primaryimage\"},\"image\":{\"@id\":\"https:\\\/\\\/domofonas.lt\\\/index.php\\\/product\\\/darbo-laiko-apskaitos-terminalas-iface702\\\/#primaryimage\"},\"thumbnailUrl\":\"https:\\\/\\\/domofonas.lt\\\/wp-content\\\/uploads\\\/2020\\\/12\\\/Iface702.jpg\",\"datePublished\":\"2020-12-11T15:31:44+00:00\",\"dateModified\":\"2020-12-11T16:29:38+00:00\",\"description\":\"IFace702 darbo laiko apskaitos terminalas priima ZEM600 platform\u0105 su \u201eFace 7.0\u201c algoritmu ir didel\u0117s talpos atmintimi.\",\"breadcrumb\":{\"@id\":\"https:\\\/\\\/domofonas.lt\\\/index.php\\\/product\\\/darbo-laiko-apskaitos-terminalas-iface702\\\/#breadcrumb\"},\"inLanguage\":\"lt-LT\",\"potentialAction\":[{\"@type\":\"ReadAction\",\"target\":[\"https:\\\/\\\/domofonas.lt\\\/index.php\\\/product\\\/darbo-laiko-apskaitos-terminalas-iface702\\\/\"]}]},{\"@type\":\"ImageObject\",\"inLanguage\":\"lt-LT\",\"@id\":\"https:\\\/\\\/domofonas.lt\\\/index.php\\\/product\\\/darbo-laiko-apskaitos-terminalas-iface702\\\/#primaryimage\",\"url\":\"https:\\\/\\\/domofonas.lt\\\/wp-content\\\/uploads\\\/2020\\\/12\\\/Iface702.jpg\",\"contentUrl\":\"https:\\\/\\\/domofonas.lt\\\/wp-content\\\/uploads\\\/2020\\\/12\\\/Iface702.jpg\",\"width\":500,\"height\":500,\"caption\":\"Darbo laiko apskaitos terminalas Iface702\"},{\"@type\":\"BreadcrumbList\",\"@id\":\"https:\\\/\\\/domofonas.lt\\\/index.php\\\/product\\\/darbo-laiko-apskaitos-terminalas-iface702\\\/#breadcrumb\",\"itemListElement\":[{\"@type\":\"ListItem\",\"position\":1,\"name\":\"Home\",\"item\":\"https:\\\/\\\/domofonas.lt\\\/\"},{\"@type\":\"ListItem\",\"position\":2,\"name\":\"Darbo laiko apskaitos terminalas Iface702\"}]},{\"@type\":\"WebSite\",\"@id\":\"https:\\\/\\\/domofonas.lt\\\/#website\",\"url\":\"https:\\\/\\\/domofonas.lt\\\/\",\"name\":\"Telefonspyn\u0117s Pra\u0117jimo kontrol\u0117\",\"description\":\"\u012erengimas Montavimas\",\"publisher\":{\"@id\":\"https:\\\/\\\/domofonas.lt\\\/#organization\"},\"potentialAction\":[{\"@type\":\"SearchAction\",\"target\":{\"@type\":\"EntryPoint\",\"urlTemplate\":\"https:\\\/\\\/domofonas.lt\\\/?s={search_term_string}\"},\"query-input\":{\"@type\":\"PropertyValueSpecification\",\"valueRequired\":true,\"valueName\":\"search_term_string\"}}],\"inLanguage\":\"lt-LT\"},{\"@type\":\"Organization\",\"@id\":\"https:\\\/\\\/domofonas.lt\\\/#organization\",\"name\":\"Telefonspyn\u0117s Pra\u0117jimo kontrol\u0117\",\"url\":\"https:\\\/\\\/domofonas.lt\\\/\",\"logo\":{\"@type\":\"ImageObject\",\"inLanguage\":\"lt-LT\",\"@id\":\"https:\\\/\\\/domofonas.lt\\\/#\\\/schema\\\/logo\\\/image\\\/\",\"url\":\"https:\\\/\\\/domofonas.lt\\\/wp-content\\\/uploads\\\/2020\\\/12\\\/cropped-cropped-paradox_ssg-Max-Quality__1_-removebg-preview.png\",\"contentUrl\":\"https:\\\/\\\/domofonas.lt\\\/wp-content\\\/uploads\\\/2020\\\/12\\\/cropped-cropped-paradox_ssg-Max-Quality__1_-removebg-preview.png\",\"width\":250,\"height\":70,\"caption\":\"Telefonspyn\u0117s  Pra\u0117jimo kontrol\u0117\"},\"image\":{\"@id\":\"https:\\\/\\\/domofonas.lt\\\/#\\\/schema\\\/logo\\\/image\\\/\"}}]}<\/script>\n<!-- \/ Yoast SEO plugin. -->","yoast_head_json":{"title":"Darbo laiko apskaitos terminalas Iface702 - Telefonspyn\u0117s Pra\u0117jimo kontrol\u0117","description":"IFace702 darbo laiko apskaitos terminalas priima ZEM600 platform\u0105 su \u201eFace 7.0\u201c algoritmu ir didel\u0117s talpos atmintimi.","robots":{"index":"index","follow":"follow","max-snippet":"max-snippet:-1","max-image-preview":"max-image-preview:large","max-video-preview":"max-video-preview:-1"},"canonical":"https:\/\/domofonas.lt\/index.php\/product\/darbo-laiko-apskaitos-terminalas-iface702\/","og_locale":"lt_LT","og_type":"article","og_title":"Darbo laiko apskaitos terminalas Iface702 - Telefonspyn\u0117s Pra\u0117jimo kontrol\u0117","og_description":"IFace702 darbo laiko apskaitos terminalas priima ZEM600 platform\u0105 su \u201eFace 7.0\u201c algoritmu ir didel\u0117s talpos atmintimi.","og_url":"https:\/\/domofonas.lt\/index.php\/product\/darbo-laiko-apskaitos-terminalas-iface702\/","og_site_name":"Telefonspyn\u0117s Pra\u0117jimo kontrol\u0117","article_modified_time":"2020-12-11T16:29:38+00:00","og_image":[{"width":500,"height":500,"url":"https:\/\/domofonas.lt\/wp-content\/uploads\/2020\/12\/Iface702.jpg","type":"image\/jpeg"}],"twitter_card":"summary_large_image","schema":{"@context":"https:\/\/schema.org","@graph":[{"@type":"WebPage","@id":"https:\/\/domofonas.lt\/index.php\/product\/darbo-laiko-apskaitos-terminalas-iface702\/","url":"https:\/\/domofonas.lt\/index.php\/product\/darbo-laiko-apskaitos-terminalas-iface702\/","name":"Darbo laiko apskaitos terminalas Iface702 - Telefonspyn\u0117s Pra\u0117jimo kontrol\u0117","isPartOf":{"@id":"https:\/\/domofonas.lt\/#website"},"primaryImageOfPage":{"@id":"https:\/\/domofonas.lt\/index.php\/product\/darbo-laiko-apskaitos-terminalas-iface702\/#primaryimage"},"image":{"@id":"https:\/\/domofonas.lt\/index.php\/product\/darbo-laiko-apskaitos-terminalas-iface702\/#primaryimage"},"thumbnailUrl":"https:\/\/domofonas.lt\/wp-content\/uploads\/2020\/12\/Iface702.jpg","datePublished":"2020-12-11T15:31:44+00:00","dateModified":"2020-12-11T16:29:38+00:00","description":"IFace702 darbo laiko apskaitos terminalas priima ZEM600 platform\u0105 su \u201eFace 7.0\u201c algoritmu ir didel\u0117s talpos atmintimi.","breadcrumb":{"@id":"https:\/\/domofonas.lt\/index.php\/product\/darbo-laiko-apskaitos-terminalas-iface702\/#breadcrumb"},"inLanguage":"lt-LT","potentialAction":[{"@type":"ReadAction","target":["https:\/\/domofonas.lt\/index.php\/product\/darbo-laiko-apskaitos-terminalas-iface702\/"]}]},{"@type":"ImageObject","inLanguage":"lt-LT","@id":"https:\/\/domofonas.lt\/index.php\/product\/darbo-laiko-apskaitos-terminalas-iface702\/#primaryimage","url":"https:\/\/domofonas.lt\/wp-content\/uploads\/2020\/12\/Iface702.jpg","contentUrl":"https:\/\/domofonas.lt\/wp-content\/uploads\/2020\/12\/Iface702.jpg","width":500,"height":500,"caption":"Darbo laiko apskaitos terminalas Iface702"},{"@type":"BreadcrumbList","@id":"https:\/\/domofonas.lt\/index.php\/product\/darbo-laiko-apskaitos-terminalas-iface702\/#breadcrumb","itemListElement":[{"@type":"ListItem","position":1,"name":"Home","item":"https:\/\/domofonas.lt\/"},{"@type":"ListItem","position":2,"name":"Darbo laiko apskaitos terminalas Iface702"}]},{"@type":"WebSite","@id":"https:\/\/domofonas.lt\/#website","url":"https:\/\/domofonas.lt\/","name":"Telefonspyn\u0117s Pra\u0117jimo kontrol\u0117","description":"\u012erengimas Montavimas","publisher":{"@id":"https:\/\/domofonas.lt\/#organization"},"potentialAction":[{"@type":"SearchAction","target":{"@type":"EntryPoint","urlTemplate":"https:\/\/domofonas.lt\/?s={search_term_string}"},"query-input":{"@type":"PropertyValueSpecification","valueRequired":true,"valueName":"search_term_string"}}],"inLanguage":"lt-LT"},{"@type":"Organization","@id":"https:\/\/domofonas.lt\/#organization","name":"Telefonspyn\u0117s Pra\u0117jimo kontrol\u0117","url":"https:\/\/domofonas.lt\/","logo":{"@type":"ImageObject","inLanguage":"lt-LT","@id":"https:\/\/domofonas.lt\/#\/schema\/logo\/image\/","url":"https:\/\/domofonas.lt\/wp-content\/uploads\/2020\/12\/cropped-cropped-paradox_ssg-Max-Quality__1_-removebg-preview.png","contentUrl":"https:\/\/domofonas.lt\/wp-content\/uploads\/2020\/12\/cropped-cropped-paradox_ssg-Max-Quality__1_-removebg-preview.png","width":250,"height":70,"caption":"Telefonspyn\u0117s  Pra\u0117jimo kontrol\u0117"},"image":{"@id":"https:\/\/domofonas.lt\/#\/schema\/logo\/image\/"}}]}},"jetpack_sharing_enabled":true,"_links":{"self":[{"href":"https:\/\/domofonas.lt\/index.php\/wp-json\/wp\/v2\/product\/264","targetHints":{"allow":["GET"]}}],"collection":[{"href":"https:\/\/domofonas.lt\/index.php\/wp-json\/wp\/v2\/product"}],"about":[{"href":"https:\/\/domofonas.lt\/index.php\/wp-json\/wp\/v2\/types\/product"}],"wp:featuredmedia":[{"embeddable":true,"href":"https:\/\/domofonas.lt\/index.php\/wp-json\/wp\/v2\/media\/263"}],"wp:attachment":[{"href":"https:\/\/domofonas.lt\/index.php\/wp-json\/wp\/v2\/media?parent=264"}],"wp:term":[{"taxonomy":"product_brand","embeddable":true,"href":"https:\/\/domofonas.lt\/index.php\/wp-json\/wp\/v2\/product_brand?post=264"},{"taxonomy":"product_cat","embeddable":true,"href":"https:\/\/domofonas.lt\/index.php\/wp-json\/wp\/v2\/product_cat?post=264"},{"taxonomy":"product_tag","embeddable":true,"href":"https:\/\/domofonas.lt\/index.php\/wp-json\/wp\/v2\/product_tag?post=264"}],"curies":[{"name":"wp","href":"https:\/\/api.w.org\/{rel}","templated":true}]}}