{"id":262,"date":"2020-12-11T15:31:44","date_gmt":"2020-12-11T15:31:44","guid":{"rendered":"http:\/\/domofonas.lt\/index.php\/product\/dinaminis-veidu-atpazinimo-terminalas-xface600\/"},"modified":"2020-12-11T16:31:30","modified_gmt":"2020-12-11T16:31:30","slug":"dinaminis-veidu-atpazinimo-terminalas-xface600","status":"publish","type":"product","link":"https:\/\/domofonas.lt\/index.php\/product\/dinaminis-veidu-atpazinimo-terminalas-xface600\/","title":{"rendered":"Dinaminis veid\u0173 atpa\u017einimo terminalas Xface600"},"content":{"rendered":"<p>Ekranas: 5 coli\u0173 jutiklinis ekranas<\/p>\n<p>Veido anspaudo talpa: 10 000<\/p>\n<p>Pir\u0161t\u0173 atspaud\u0173 talpa: 10 000<\/p>\n<p>\u012evyki\u0173 atmintis : 100 000<\/p>\n<p>Operacin\u0117 sistema: \u201eLinux\u201c<\/p>\n<p>Standartin\u0117s funkcijos: T9 \u012fvestis, fotoaparatas, 9 skaitmen\u0173 vartotojo ID, prieigos lygiai, grup\u0117s,<\/p>\n<p>Atostogos, \u012fra\u0161\u0173 u\u017eklausa, klastojimo jungiklio pavojaus signalas, keli\u0173 patikrinimo re\u017eim\u0173, darbo kodas<\/p>\n<p>Ry\u0161ys: TCP \/ IP, \u201eWiegand\u201c \u012fvestis \/ i\u0161vestis, RS485<\/p>\n<p>Prieigos kontrol\u0117s s\u0105saja: dur\u0173 valdymas, \u00a0dur\u0173 jutiklis, i\u0161\u0117jimo mygtukas, aliarmo i\u0161vestis, pagalbin\u0117 \u012fvestis<\/p>\n<p>Veido atpa\u017einimo greitis: \u00a0\u22641s<\/p>\n<p>Biometriniai algoritmai: ZKFace V5.8 ir ZKFinger V10.0<\/p>\n<p>Maitinimas: 12V 3A<\/p>\n<p>Darbin\u0117 dr\u0117gm\u0117: 20% &#8211; 80%<\/p>\n<p>Darbin\u0117 temperat\u016bra: 0 \u00b0 C &#8211; 45 \u00b0 C<\/p>\n<p>Matmenys): 91,93 * 202,93 * 21,5 (mm)<\/p>\n","protected":false},"excerpt":{"rendered":"<p>Veid\u0173 terminas galintis kontroliuoti duris arba turniket\u0105. Greitas atpa\u017einimo algoritmas .Pritaikytas dirbti viduje<\/p>\n","protected":false},"featured_media":261,"template":"","meta":{"_monsterinsights_skip_tracking":false,"_monsterinsights_sitenote_active":false,"_monsterinsights_sitenote_note":"","_monsterinsights_sitenote_category":0},"product_brand":[],"product_cat":[19],"product_tag":[31,29],"class_list":{"0":"post-262","1":"product","2":"type-product","3":"status-publish","4":"has-post-thumbnail","6":"product_cat-pirstu-antspaudu-veido-skaitytuvai","7":"product_tag-praejimo-kontrole","8":"product_tag-zkteco","10":"first","11":"instock","12":"shipping-taxable","13":"purchasable","14":"product-type-simple"},"yoast_head":"<!-- This site is optimized with the Yoast SEO plugin v27.4 - https:\/\/yoast.com\/product\/yoast-seo-wordpress\/ -->\n<title>Dinaminis veid\u0173 atpa\u017einimo terminalas Xface600 - Telefonspyn\u0117s Pra\u0117jimo kontrol\u0117<\/title>\n<meta name=\"description\" content=\"Veid\u0173 terminas galintis kontroliuoti duris arba turniket\u0105. Greitas atpa\u017einimo algoritmas .Pritaikytas dirbti viduje\" \/>\n<meta name=\"robots\" content=\"index, follow, max-snippet:-1, max-image-preview:large, max-video-preview:-1\" \/>\n<link rel=\"canonical\" href=\"https:\/\/domofonas.lt\/index.php\/product\/dinaminis-veidu-atpazinimo-terminalas-xface600\/\" \/>\n<meta property=\"og:locale\" content=\"lt_LT\" \/>\n<meta property=\"og:type\" content=\"article\" \/>\n<meta property=\"og:title\" content=\"Dinaminis veid\u0173 atpa\u017einimo terminalas Xface600 - Telefonspyn\u0117s Pra\u0117jimo kontrol\u0117\" \/>\n<meta property=\"og:description\" content=\"Veid\u0173 terminas galintis kontroliuoti duris arba turniket\u0105. Greitas atpa\u017einimo algoritmas .Pritaikytas dirbti viduje\" \/>\n<meta property=\"og:url\" content=\"https:\/\/domofonas.lt\/index.php\/product\/dinaminis-veidu-atpazinimo-terminalas-xface600\/\" \/>\n<meta property=\"og:site_name\" content=\"Telefonspyn\u0117s Pra\u0117jimo kontrol\u0117\" \/>\n<meta property=\"article:modified_time\" content=\"2020-12-11T16:31:30+00:00\" \/>\n<meta property=\"og:image\" content=\"https:\/\/domofonas.lt\/wp-content\/uploads\/2020\/12\/Xface600.jpg\" \/>\n\t<meta property=\"og:image:width\" content=\"1000\" \/>\n\t<meta property=\"og:image:height\" content=\"1000\" \/>\n\t<meta property=\"og:image:type\" content=\"image\/jpeg\" \/>\n<meta name=\"twitter:card\" content=\"summary_large_image\" \/>\n<script type=\"application\/ld+json\" class=\"yoast-schema-graph\">{\"@context\":\"https:\\\/\\\/schema.org\",\"@graph\":[{\"@type\":\"WebPage\",\"@id\":\"https:\\\/\\\/domofonas.lt\\\/index.php\\\/product\\\/dinaminis-veidu-atpazinimo-terminalas-xface600\\\/\",\"url\":\"https:\\\/\\\/domofonas.lt\\\/index.php\\\/product\\\/dinaminis-veidu-atpazinimo-terminalas-xface600\\\/\",\"name\":\"Dinaminis veid\u0173 atpa\u017einimo terminalas Xface600 - Telefonspyn\u0117s Pra\u0117jimo kontrol\u0117\",\"isPartOf\":{\"@id\":\"https:\\\/\\\/domofonas.lt\\\/#website\"},\"primaryImageOfPage\":{\"@id\":\"https:\\\/\\\/domofonas.lt\\\/index.php\\\/product\\\/dinaminis-veidu-atpazinimo-terminalas-xface600\\\/#primaryimage\"},\"image\":{\"@id\":\"https:\\\/\\\/domofonas.lt\\\/index.php\\\/product\\\/dinaminis-veidu-atpazinimo-terminalas-xface600\\\/#primaryimage\"},\"thumbnailUrl\":\"https:\\\/\\\/domofonas.lt\\\/wp-content\\\/uploads\\\/2020\\\/12\\\/Xface600.jpg\",\"datePublished\":\"2020-12-11T15:31:44+00:00\",\"dateModified\":\"2020-12-11T16:31:30+00:00\",\"description\":\"Veid\u0173 terminas galintis kontroliuoti duris arba turniket\u0105. Greitas atpa\u017einimo algoritmas .Pritaikytas dirbti viduje\",\"breadcrumb\":{\"@id\":\"https:\\\/\\\/domofonas.lt\\\/index.php\\\/product\\\/dinaminis-veidu-atpazinimo-terminalas-xface600\\\/#breadcrumb\"},\"inLanguage\":\"lt-LT\",\"potentialAction\":[{\"@type\":\"ReadAction\",\"target\":[\"https:\\\/\\\/domofonas.lt\\\/index.php\\\/product\\\/dinaminis-veidu-atpazinimo-terminalas-xface600\\\/\"]}]},{\"@type\":\"ImageObject\",\"inLanguage\":\"lt-LT\",\"@id\":\"https:\\\/\\\/domofonas.lt\\\/index.php\\\/product\\\/dinaminis-veidu-atpazinimo-terminalas-xface600\\\/#primaryimage\",\"url\":\"https:\\\/\\\/domofonas.lt\\\/wp-content\\\/uploads\\\/2020\\\/12\\\/Xface600.jpg\",\"contentUrl\":\"https:\\\/\\\/domofonas.lt\\\/wp-content\\\/uploads\\\/2020\\\/12\\\/Xface600.jpg\",\"width\":1000,\"height\":1000,\"caption\":\"Dinaminis veid\u0173 atpa\u017einimo terminalas Xface600\"},{\"@type\":\"BreadcrumbList\",\"@id\":\"https:\\\/\\\/domofonas.lt\\\/index.php\\\/product\\\/dinaminis-veidu-atpazinimo-terminalas-xface600\\\/#breadcrumb\",\"itemListElement\":[{\"@type\":\"ListItem\",\"position\":1,\"name\":\"Home\",\"item\":\"https:\\\/\\\/domofonas.lt\\\/\"},{\"@type\":\"ListItem\",\"position\":2,\"name\":\"Dinaminis veid\u0173 atpa\u017einimo terminalas Xface600\"}]},{\"@type\":\"WebSite\",\"@id\":\"https:\\\/\\\/domofonas.lt\\\/#website\",\"url\":\"https:\\\/\\\/domofonas.lt\\\/\",\"name\":\"Telefonspyn\u0117s Pra\u0117jimo kontrol\u0117\",\"description\":\"\u012erengimas Montavimas\",\"publisher\":{\"@id\":\"https:\\\/\\\/domofonas.lt\\\/#organization\"},\"potentialAction\":[{\"@type\":\"SearchAction\",\"target\":{\"@type\":\"EntryPoint\",\"urlTemplate\":\"https:\\\/\\\/domofonas.lt\\\/?s={search_term_string}\"},\"query-input\":{\"@type\":\"PropertyValueSpecification\",\"valueRequired\":true,\"valueName\":\"search_term_string\"}}],\"inLanguage\":\"lt-LT\"},{\"@type\":\"Organization\",\"@id\":\"https:\\\/\\\/domofonas.lt\\\/#organization\",\"name\":\"Telefonspyn\u0117s Pra\u0117jimo kontrol\u0117\",\"url\":\"https:\\\/\\\/domofonas.lt\\\/\",\"logo\":{\"@type\":\"ImageObject\",\"inLanguage\":\"lt-LT\",\"@id\":\"https:\\\/\\\/domofonas.lt\\\/#\\\/schema\\\/logo\\\/image\\\/\",\"url\":\"https:\\\/\\\/domofonas.lt\\\/wp-content\\\/uploads\\\/2020\\\/12\\\/cropped-cropped-paradox_ssg-Max-Quality__1_-removebg-preview.png\",\"contentUrl\":\"https:\\\/\\\/domofonas.lt\\\/wp-content\\\/uploads\\\/2020\\\/12\\\/cropped-cropped-paradox_ssg-Max-Quality__1_-removebg-preview.png\",\"width\":250,\"height\":70,\"caption\":\"Telefonspyn\u0117s  Pra\u0117jimo kontrol\u0117\"},\"image\":{\"@id\":\"https:\\\/\\\/domofonas.lt\\\/#\\\/schema\\\/logo\\\/image\\\/\"}}]}<\/script>\n<!-- \/ Yoast SEO plugin. -->","yoast_head_json":{"title":"Dinaminis veid\u0173 atpa\u017einimo terminalas Xface600 - Telefonspyn\u0117s Pra\u0117jimo kontrol\u0117","description":"Veid\u0173 terminas galintis kontroliuoti duris arba turniket\u0105. Greitas atpa\u017einimo algoritmas .Pritaikytas dirbti viduje","robots":{"index":"index","follow":"follow","max-snippet":"max-snippet:-1","max-image-preview":"max-image-preview:large","max-video-preview":"max-video-preview:-1"},"canonical":"https:\/\/domofonas.lt\/index.php\/product\/dinaminis-veidu-atpazinimo-terminalas-xface600\/","og_locale":"lt_LT","og_type":"article","og_title":"Dinaminis veid\u0173 atpa\u017einimo terminalas Xface600 - Telefonspyn\u0117s Pra\u0117jimo kontrol\u0117","og_description":"Veid\u0173 terminas galintis kontroliuoti duris arba turniket\u0105. Greitas atpa\u017einimo algoritmas .Pritaikytas dirbti viduje","og_url":"https:\/\/domofonas.lt\/index.php\/product\/dinaminis-veidu-atpazinimo-terminalas-xface600\/","og_site_name":"Telefonspyn\u0117s Pra\u0117jimo kontrol\u0117","article_modified_time":"2020-12-11T16:31:30+00:00","og_image":[{"width":1000,"height":1000,"url":"https:\/\/domofonas.lt\/wp-content\/uploads\/2020\/12\/Xface600.jpg","type":"image\/jpeg"}],"twitter_card":"summary_large_image","schema":{"@context":"https:\/\/schema.org","@graph":[{"@type":"WebPage","@id":"https:\/\/domofonas.lt\/index.php\/product\/dinaminis-veidu-atpazinimo-terminalas-xface600\/","url":"https:\/\/domofonas.lt\/index.php\/product\/dinaminis-veidu-atpazinimo-terminalas-xface600\/","name":"Dinaminis veid\u0173 atpa\u017einimo terminalas Xface600 - Telefonspyn\u0117s Pra\u0117jimo kontrol\u0117","isPartOf":{"@id":"https:\/\/domofonas.lt\/#website"},"primaryImageOfPage":{"@id":"https:\/\/domofonas.lt\/index.php\/product\/dinaminis-veidu-atpazinimo-terminalas-xface600\/#primaryimage"},"image":{"@id":"https:\/\/domofonas.lt\/index.php\/product\/dinaminis-veidu-atpazinimo-terminalas-xface600\/#primaryimage"},"thumbnailUrl":"https:\/\/domofonas.lt\/wp-content\/uploads\/2020\/12\/Xface600.jpg","datePublished":"2020-12-11T15:31:44+00:00","dateModified":"2020-12-11T16:31:30+00:00","description":"Veid\u0173 terminas galintis kontroliuoti duris arba turniket\u0105. Greitas atpa\u017einimo algoritmas .Pritaikytas dirbti viduje","breadcrumb":{"@id":"https:\/\/domofonas.lt\/index.php\/product\/dinaminis-veidu-atpazinimo-terminalas-xface600\/#breadcrumb"},"inLanguage":"lt-LT","potentialAction":[{"@type":"ReadAction","target":["https:\/\/domofonas.lt\/index.php\/product\/dinaminis-veidu-atpazinimo-terminalas-xface600\/"]}]},{"@type":"ImageObject","inLanguage":"lt-LT","@id":"https:\/\/domofonas.lt\/index.php\/product\/dinaminis-veidu-atpazinimo-terminalas-xface600\/#primaryimage","url":"https:\/\/domofonas.lt\/wp-content\/uploads\/2020\/12\/Xface600.jpg","contentUrl":"https:\/\/domofonas.lt\/wp-content\/uploads\/2020\/12\/Xface600.jpg","width":1000,"height":1000,"caption":"Dinaminis veid\u0173 atpa\u017einimo terminalas Xface600"},{"@type":"BreadcrumbList","@id":"https:\/\/domofonas.lt\/index.php\/product\/dinaminis-veidu-atpazinimo-terminalas-xface600\/#breadcrumb","itemListElement":[{"@type":"ListItem","position":1,"name":"Home","item":"https:\/\/domofonas.lt\/"},{"@type":"ListItem","position":2,"name":"Dinaminis veid\u0173 atpa\u017einimo terminalas Xface600"}]},{"@type":"WebSite","@id":"https:\/\/domofonas.lt\/#website","url":"https:\/\/domofonas.lt\/","name":"Telefonspyn\u0117s Pra\u0117jimo kontrol\u0117","description":"\u012erengimas Montavimas","publisher":{"@id":"https:\/\/domofonas.lt\/#organization"},"potentialAction":[{"@type":"SearchAction","target":{"@type":"EntryPoint","urlTemplate":"https:\/\/domofonas.lt\/?s={search_term_string}"},"query-input":{"@type":"PropertyValueSpecification","valueRequired":true,"valueName":"search_term_string"}}],"inLanguage":"lt-LT"},{"@type":"Organization","@id":"https:\/\/domofonas.lt\/#organization","name":"Telefonspyn\u0117s Pra\u0117jimo kontrol\u0117","url":"https:\/\/domofonas.lt\/","logo":{"@type":"ImageObject","inLanguage":"lt-LT","@id":"https:\/\/domofonas.lt\/#\/schema\/logo\/image\/","url":"https:\/\/domofonas.lt\/wp-content\/uploads\/2020\/12\/cropped-cropped-paradox_ssg-Max-Quality__1_-removebg-preview.png","contentUrl":"https:\/\/domofonas.lt\/wp-content\/uploads\/2020\/12\/cropped-cropped-paradox_ssg-Max-Quality__1_-removebg-preview.png","width":250,"height":70,"caption":"Telefonspyn\u0117s  Pra\u0117jimo kontrol\u0117"},"image":{"@id":"https:\/\/domofonas.lt\/#\/schema\/logo\/image\/"}}]}},"jetpack_sharing_enabled":true,"_links":{"self":[{"href":"https:\/\/domofonas.lt\/index.php\/wp-json\/wp\/v2\/product\/262","targetHints":{"allow":["GET"]}}],"collection":[{"href":"https:\/\/domofonas.lt\/index.php\/wp-json\/wp\/v2\/product"}],"about":[{"href":"https:\/\/domofonas.lt\/index.php\/wp-json\/wp\/v2\/types\/product"}],"wp:featuredmedia":[{"embeddable":true,"href":"https:\/\/domofonas.lt\/index.php\/wp-json\/wp\/v2\/media\/261"}],"wp:attachment":[{"href":"https:\/\/domofonas.lt\/index.php\/wp-json\/wp\/v2\/media?parent=262"}],"wp:term":[{"taxonomy":"product_brand","embeddable":true,"href":"https:\/\/domofonas.lt\/index.php\/wp-json\/wp\/v2\/product_brand?post=262"},{"taxonomy":"product_cat","embeddable":true,"href":"https:\/\/domofonas.lt\/index.php\/wp-json\/wp\/v2\/product_cat?post=262"},{"taxonomy":"product_tag","embeddable":true,"href":"https:\/\/domofonas.lt\/index.php\/wp-json\/wp\/v2\/product_tag?post=262"}],"curies":[{"name":"wp","href":"https:\/\/api.w.org\/{rel}","templated":true}]}}