{"id":258,"date":"2020-12-11T15:31:41","date_gmt":"2020-12-11T15:31:41","guid":{"rendered":"http:\/\/domofonas.lt\/index.php\/product\/biometrinis-darbo-laiko-apskaitos-terminalas-uface302\/"},"modified":"2020-12-11T16:37:00","modified_gmt":"2020-12-11T16:37:00","slug":"biometrinis-darbo-laiko-apskaitos-terminalas-uface302","status":"publish","type":"product","link":"https:\/\/domofonas.lt\/index.php\/product\/biometrinis-darbo-laiko-apskaitos-terminalas-uface302\/","title":{"rendered":"Biometrinis darbo laiko apskaitos terminalas uFace302"},"content":{"rendered":"<p>Ekranas : \u00a04,3 coli\u0173<\/p>\n<p>Veido \u0161ablon\u0173 talpa : \u00a03000<\/p>\n<p>Pir\u0161t\u0173 atspaud\u0173 talpa : \u00a04000<\/p>\n<p>Korteli\u0173 talpa : 10000<\/p>\n<p>\u012evyki\u0173 talpa : 100 000<\/p>\n<p>Ry\u0161io s\u0105sajos : \u00a0TCP \/ IP, RS232 \/ 485<\/p>\n<p>Dur\u0173 valdymas : 3-iosios \u0161alies elektrinio u\u017erakto, dur\u0173 jutiklio, i\u0161\u0117jimo mygtuko, aliarmo s\u0105sajos<\/p>\n<p>\u201eWiegand\u201c signalo i\u0161vestis : TAIP<\/p>\n<p>Pasirenkamos funkcijos ID \/ \u201eMiFare\u201c kortel\u0117, \u201eWi-Fi\u201c, 3G, ADMS, 2000 mAh atsargin\u0117 baterija<\/p>\n<p>Maitinimo \u0161altinis : \u00a012V 3A<\/p>\n<p>Darbin\u0117 temperat\u016bra : \u00a00 \u00b0 C ~ 45 \u00b0 C<\/p>\n<p>Darbinis dr\u0117gnumas : \u00a020% ~ 80%<\/p>\n<p>Matmenys : 193,6 * 165,2 * 86mm (ilgis * plotis * storis)<\/p>\n","protected":false},"excerpt":{"rendered":"<p>Didelis biometrikos patikrinimo greitis<br \/>\nPa\u017eangi ir patogi vartotojo s\u0105saja<br \/>\nLusto \u0161ifravimas apsaugant programin\u0119 aparatin\u0119 \u012frang\u0105<br \/>\nPasirenkama \u012fmontuota akumuliatoriaus atsargin\u0117 kopija, u\u017etikrinanti nepertraukiam\u0105 veikim\u0105 ma\u017edaug 4 valandas<br \/>\nLengva i\u0161pl\u0117sti funkcijas ir pritaikyti kliento reikalavimus<br \/>\nVienas veido \u0161ablonas registruojamas tik vienam vartotojui<br \/>\nGeb\u0117s nustatyti, ar veidas yra tikras veidas, ar nuotrauka, padidindama patikrinimo saugumo lyg\u012f<\/p>\n","protected":false},"featured_media":257,"template":"","meta":{"_monsterinsights_skip_tracking":false,"_monsterinsights_sitenote_active":false,"_monsterinsights_sitenote_note":"","_monsterinsights_sitenote_category":0},"product_brand":[],"product_cat":[20,19],"product_tag":[32,29],"class_list":{"0":"post-258","1":"product","2":"type-product","3":"status-publish","4":"has-post-thumbnail","6":"product_cat-darbo-laiko-apskaita","7":"product_cat-pirstu-antspaudu-veido-skaitytuvai","8":"product_tag-daro-laiko-apskaita","9":"product_tag-zkteco","11":"first","12":"instock","13":"shipping-taxable","14":"purchasable","15":"product-type-simple"},"yoast_head":"<!-- This site is optimized with the Yoast SEO plugin v27.4 - https:\/\/yoast.com\/product\/yoast-seo-wordpress\/ -->\n<title>Biometrinis darbo laiko apskaitos terminalas uFace302 - Telefonspyn\u0117s Pra\u0117jimo kontrol\u0117<\/title>\n<meta name=\"description\" content=\"Didelis biometrikos patikrinimo greitis . Pa\u017eangi ir patogi vartotojo s\u0105saja . Lusto \u0161ifravimas apsaugant programin\u0119 aparatin\u0119 \u012frang\u0105\" \/>\n<meta name=\"robots\" content=\"index, follow, max-snippet:-1, max-image-preview:large, max-video-preview:-1\" \/>\n<link rel=\"canonical\" href=\"https:\/\/domofonas.lt\/index.php\/product\/biometrinis-darbo-laiko-apskaitos-terminalas-uface302\/\" \/>\n<meta property=\"og:locale\" content=\"lt_LT\" \/>\n<meta property=\"og:type\" content=\"article\" \/>\n<meta property=\"og:title\" content=\"Biometrinis darbo laiko apskaitos terminalas uFace302 - Telefonspyn\u0117s Pra\u0117jimo kontrol\u0117\" \/>\n<meta property=\"og:description\" content=\"Didelis biometrikos patikrinimo greitis . Pa\u017eangi ir patogi vartotojo s\u0105saja . Lusto \u0161ifravimas apsaugant programin\u0119 aparatin\u0119 \u012frang\u0105\" \/>\n<meta property=\"og:url\" content=\"https:\/\/domofonas.lt\/index.php\/product\/biometrinis-darbo-laiko-apskaitos-terminalas-uface302\/\" \/>\n<meta property=\"og:site_name\" content=\"Telefonspyn\u0117s Pra\u0117jimo kontrol\u0117\" \/>\n<meta property=\"article:modified_time\" content=\"2020-12-11T16:37:00+00:00\" \/>\n<meta property=\"og:image\" content=\"https:\/\/domofonas.lt\/wp-content\/uploads\/2020\/12\/uface302.png\" \/>\n\t<meta property=\"og:image:width\" content=\"450\" \/>\n\t<meta property=\"og:image:height\" content=\"450\" \/>\n\t<meta property=\"og:image:type\" content=\"image\/png\" \/>\n<meta name=\"twitter:card\" content=\"summary_large_image\" \/>\n<script type=\"application\/ld+json\" class=\"yoast-schema-graph\">{\"@context\":\"https:\\\/\\\/schema.org\",\"@graph\":[{\"@type\":\"WebPage\",\"@id\":\"https:\\\/\\\/domofonas.lt\\\/index.php\\\/product\\\/biometrinis-darbo-laiko-apskaitos-terminalas-uface302\\\/\",\"url\":\"https:\\\/\\\/domofonas.lt\\\/index.php\\\/product\\\/biometrinis-darbo-laiko-apskaitos-terminalas-uface302\\\/\",\"name\":\"Biometrinis darbo laiko apskaitos terminalas uFace302 - Telefonspyn\u0117s Pra\u0117jimo kontrol\u0117\",\"isPartOf\":{\"@id\":\"https:\\\/\\\/domofonas.lt\\\/#website\"},\"primaryImageOfPage\":{\"@id\":\"https:\\\/\\\/domofonas.lt\\\/index.php\\\/product\\\/biometrinis-darbo-laiko-apskaitos-terminalas-uface302\\\/#primaryimage\"},\"image\":{\"@id\":\"https:\\\/\\\/domofonas.lt\\\/index.php\\\/product\\\/biometrinis-darbo-laiko-apskaitos-terminalas-uface302\\\/#primaryimage\"},\"thumbnailUrl\":\"https:\\\/\\\/domofonas.lt\\\/wp-content\\\/uploads\\\/2020\\\/12\\\/uface302.png\",\"datePublished\":\"2020-12-11T15:31:41+00:00\",\"dateModified\":\"2020-12-11T16:37:00+00:00\",\"description\":\"Didelis biometrikos patikrinimo greitis . Pa\u017eangi ir patogi vartotojo s\u0105saja . Lusto \u0161ifravimas apsaugant programin\u0119 aparatin\u0119 \u012frang\u0105\",\"breadcrumb\":{\"@id\":\"https:\\\/\\\/domofonas.lt\\\/index.php\\\/product\\\/biometrinis-darbo-laiko-apskaitos-terminalas-uface302\\\/#breadcrumb\"},\"inLanguage\":\"lt-LT\",\"potentialAction\":[{\"@type\":\"ReadAction\",\"target\":[\"https:\\\/\\\/domofonas.lt\\\/index.php\\\/product\\\/biometrinis-darbo-laiko-apskaitos-terminalas-uface302\\\/\"]}]},{\"@type\":\"ImageObject\",\"inLanguage\":\"lt-LT\",\"@id\":\"https:\\\/\\\/domofonas.lt\\\/index.php\\\/product\\\/biometrinis-darbo-laiko-apskaitos-terminalas-uface302\\\/#primaryimage\",\"url\":\"https:\\\/\\\/domofonas.lt\\\/wp-content\\\/uploads\\\/2020\\\/12\\\/uface302.png\",\"contentUrl\":\"https:\\\/\\\/domofonas.lt\\\/wp-content\\\/uploads\\\/2020\\\/12\\\/uface302.png\",\"width\":450,\"height\":450,\"caption\":\"Biometrinis darbo laiko apskaitos terminalas uFace302\"},{\"@type\":\"BreadcrumbList\",\"@id\":\"https:\\\/\\\/domofonas.lt\\\/index.php\\\/product\\\/biometrinis-darbo-laiko-apskaitos-terminalas-uface302\\\/#breadcrumb\",\"itemListElement\":[{\"@type\":\"ListItem\",\"position\":1,\"name\":\"Home\",\"item\":\"https:\\\/\\\/domofonas.lt\\\/\"},{\"@type\":\"ListItem\",\"position\":2,\"name\":\"Biometrinis darbo laiko apskaitos terminalas uFace302\"}]},{\"@type\":\"WebSite\",\"@id\":\"https:\\\/\\\/domofonas.lt\\\/#website\",\"url\":\"https:\\\/\\\/domofonas.lt\\\/\",\"name\":\"Telefonspyn\u0117s Pra\u0117jimo kontrol\u0117\",\"description\":\"\u012erengimas Montavimas\",\"publisher\":{\"@id\":\"https:\\\/\\\/domofonas.lt\\\/#organization\"},\"potentialAction\":[{\"@type\":\"SearchAction\",\"target\":{\"@type\":\"EntryPoint\",\"urlTemplate\":\"https:\\\/\\\/domofonas.lt\\\/?s={search_term_string}\"},\"query-input\":{\"@type\":\"PropertyValueSpecification\",\"valueRequired\":true,\"valueName\":\"search_term_string\"}}],\"inLanguage\":\"lt-LT\"},{\"@type\":\"Organization\",\"@id\":\"https:\\\/\\\/domofonas.lt\\\/#organization\",\"name\":\"Telefonspyn\u0117s Pra\u0117jimo kontrol\u0117\",\"url\":\"https:\\\/\\\/domofonas.lt\\\/\",\"logo\":{\"@type\":\"ImageObject\",\"inLanguage\":\"lt-LT\",\"@id\":\"https:\\\/\\\/domofonas.lt\\\/#\\\/schema\\\/logo\\\/image\\\/\",\"url\":\"https:\\\/\\\/domofonas.lt\\\/wp-content\\\/uploads\\\/2020\\\/12\\\/cropped-cropped-paradox_ssg-Max-Quality__1_-removebg-preview.png\",\"contentUrl\":\"https:\\\/\\\/domofonas.lt\\\/wp-content\\\/uploads\\\/2020\\\/12\\\/cropped-cropped-paradox_ssg-Max-Quality__1_-removebg-preview.png\",\"width\":250,\"height\":70,\"caption\":\"Telefonspyn\u0117s  Pra\u0117jimo kontrol\u0117\"},\"image\":{\"@id\":\"https:\\\/\\\/domofonas.lt\\\/#\\\/schema\\\/logo\\\/image\\\/\"}}]}<\/script>\n<!-- \/ Yoast SEO plugin. -->","yoast_head_json":{"title":"Biometrinis darbo laiko apskaitos terminalas uFace302 - Telefonspyn\u0117s Pra\u0117jimo kontrol\u0117","description":"Didelis biometrikos patikrinimo greitis . Pa\u017eangi ir patogi vartotojo s\u0105saja . Lusto \u0161ifravimas apsaugant programin\u0119 aparatin\u0119 \u012frang\u0105","robots":{"index":"index","follow":"follow","max-snippet":"max-snippet:-1","max-image-preview":"max-image-preview:large","max-video-preview":"max-video-preview:-1"},"canonical":"https:\/\/domofonas.lt\/index.php\/product\/biometrinis-darbo-laiko-apskaitos-terminalas-uface302\/","og_locale":"lt_LT","og_type":"article","og_title":"Biometrinis darbo laiko apskaitos terminalas uFace302 - Telefonspyn\u0117s Pra\u0117jimo kontrol\u0117","og_description":"Didelis biometrikos patikrinimo greitis . Pa\u017eangi ir patogi vartotojo s\u0105saja . Lusto \u0161ifravimas apsaugant programin\u0119 aparatin\u0119 \u012frang\u0105","og_url":"https:\/\/domofonas.lt\/index.php\/product\/biometrinis-darbo-laiko-apskaitos-terminalas-uface302\/","og_site_name":"Telefonspyn\u0117s Pra\u0117jimo kontrol\u0117","article_modified_time":"2020-12-11T16:37:00+00:00","og_image":[{"width":450,"height":450,"url":"https:\/\/domofonas.lt\/wp-content\/uploads\/2020\/12\/uface302.png","type":"image\/png"}],"twitter_card":"summary_large_image","schema":{"@context":"https:\/\/schema.org","@graph":[{"@type":"WebPage","@id":"https:\/\/domofonas.lt\/index.php\/product\/biometrinis-darbo-laiko-apskaitos-terminalas-uface302\/","url":"https:\/\/domofonas.lt\/index.php\/product\/biometrinis-darbo-laiko-apskaitos-terminalas-uface302\/","name":"Biometrinis darbo laiko apskaitos terminalas uFace302 - Telefonspyn\u0117s Pra\u0117jimo kontrol\u0117","isPartOf":{"@id":"https:\/\/domofonas.lt\/#website"},"primaryImageOfPage":{"@id":"https:\/\/domofonas.lt\/index.php\/product\/biometrinis-darbo-laiko-apskaitos-terminalas-uface302\/#primaryimage"},"image":{"@id":"https:\/\/domofonas.lt\/index.php\/product\/biometrinis-darbo-laiko-apskaitos-terminalas-uface302\/#primaryimage"},"thumbnailUrl":"https:\/\/domofonas.lt\/wp-content\/uploads\/2020\/12\/uface302.png","datePublished":"2020-12-11T15:31:41+00:00","dateModified":"2020-12-11T16:37:00+00:00","description":"Didelis biometrikos patikrinimo greitis . Pa\u017eangi ir patogi vartotojo s\u0105saja . Lusto \u0161ifravimas apsaugant programin\u0119 aparatin\u0119 \u012frang\u0105","breadcrumb":{"@id":"https:\/\/domofonas.lt\/index.php\/product\/biometrinis-darbo-laiko-apskaitos-terminalas-uface302\/#breadcrumb"},"inLanguage":"lt-LT","potentialAction":[{"@type":"ReadAction","target":["https:\/\/domofonas.lt\/index.php\/product\/biometrinis-darbo-laiko-apskaitos-terminalas-uface302\/"]}]},{"@type":"ImageObject","inLanguage":"lt-LT","@id":"https:\/\/domofonas.lt\/index.php\/product\/biometrinis-darbo-laiko-apskaitos-terminalas-uface302\/#primaryimage","url":"https:\/\/domofonas.lt\/wp-content\/uploads\/2020\/12\/uface302.png","contentUrl":"https:\/\/domofonas.lt\/wp-content\/uploads\/2020\/12\/uface302.png","width":450,"height":450,"caption":"Biometrinis darbo laiko apskaitos terminalas uFace302"},{"@type":"BreadcrumbList","@id":"https:\/\/domofonas.lt\/index.php\/product\/biometrinis-darbo-laiko-apskaitos-terminalas-uface302\/#breadcrumb","itemListElement":[{"@type":"ListItem","position":1,"name":"Home","item":"https:\/\/domofonas.lt\/"},{"@type":"ListItem","position":2,"name":"Biometrinis darbo laiko apskaitos terminalas uFace302"}]},{"@type":"WebSite","@id":"https:\/\/domofonas.lt\/#website","url":"https:\/\/domofonas.lt\/","name":"Telefonspyn\u0117s Pra\u0117jimo kontrol\u0117","description":"\u012erengimas Montavimas","publisher":{"@id":"https:\/\/domofonas.lt\/#organization"},"potentialAction":[{"@type":"SearchAction","target":{"@type":"EntryPoint","urlTemplate":"https:\/\/domofonas.lt\/?s={search_term_string}"},"query-input":{"@type":"PropertyValueSpecification","valueRequired":true,"valueName":"search_term_string"}}],"inLanguage":"lt-LT"},{"@type":"Organization","@id":"https:\/\/domofonas.lt\/#organization","name":"Telefonspyn\u0117s Pra\u0117jimo kontrol\u0117","url":"https:\/\/domofonas.lt\/","logo":{"@type":"ImageObject","inLanguage":"lt-LT","@id":"https:\/\/domofonas.lt\/#\/schema\/logo\/image\/","url":"https:\/\/domofonas.lt\/wp-content\/uploads\/2020\/12\/cropped-cropped-paradox_ssg-Max-Quality__1_-removebg-preview.png","contentUrl":"https:\/\/domofonas.lt\/wp-content\/uploads\/2020\/12\/cropped-cropped-paradox_ssg-Max-Quality__1_-removebg-preview.png","width":250,"height":70,"caption":"Telefonspyn\u0117s  Pra\u0117jimo kontrol\u0117"},"image":{"@id":"https:\/\/domofonas.lt\/#\/schema\/logo\/image\/"}}]}},"jetpack_sharing_enabled":true,"_links":{"self":[{"href":"https:\/\/domofonas.lt\/index.php\/wp-json\/wp\/v2\/product\/258","targetHints":{"allow":["GET"]}}],"collection":[{"href":"https:\/\/domofonas.lt\/index.php\/wp-json\/wp\/v2\/product"}],"about":[{"href":"https:\/\/domofonas.lt\/index.php\/wp-json\/wp\/v2\/types\/product"}],"wp:featuredmedia":[{"embeddable":true,"href":"https:\/\/domofonas.lt\/index.php\/wp-json\/wp\/v2\/media\/257"}],"wp:attachment":[{"href":"https:\/\/domofonas.lt\/index.php\/wp-json\/wp\/v2\/media?parent=258"}],"wp:term":[{"taxonomy":"product_brand","embeddable":true,"href":"https:\/\/domofonas.lt\/index.php\/wp-json\/wp\/v2\/product_brand?post=258"},{"taxonomy":"product_cat","embeddable":true,"href":"https:\/\/domofonas.lt\/index.php\/wp-json\/wp\/v2\/product_cat?post=258"},{"taxonomy":"product_tag","embeddable":true,"href":"https:\/\/domofonas.lt\/index.php\/wp-json\/wp\/v2\/product_tag?post=258"}],"curies":[{"name":"wp","href":"https:\/\/api.w.org\/{rel}","templated":true}]}}