{"id":254,"date":"2020-12-11T15:31:40","date_gmt":"2020-12-11T15:31:40","guid":{"rendered":"http:\/\/domofonas.lt\/index.php\/product\/bekontakte-termovizorine-praejimo-kontrole-zkteco-speedface-v5ltd\/"},"modified":"2020-12-11T16:44:04","modified_gmt":"2020-12-11T16:44:04","slug":"bekontakte-termovizorine-praejimo-kontrole-zkteco-speedface-v5ltd","status":"publish","type":"product","link":"https:\/\/domofonas.lt\/index.php\/product\/bekontakte-termovizorine-praejimo-kontrole-zkteco-speedface-v5ltd\/","title":{"rendered":"Bekontakt\u0117 \/ Termovizorin\u0117 pra\u0117jimo kontrol\u0117 ZKTeco SpeedFace-V5L[TD]"},"content":{"rendered":"<table id=\"tablefield-node-1836-field_product_specification_tabl-0\" class=\"tablefield tablefield-columns-4 table\">\n<thead>\n<tr>\n<th class=\"row_0 col_0\" scope=\"col\">pecifications<\/th>\n<th class=\"row_0 col_1\" scope=\"col\">SpeedFace-V5L<\/th>\n<th class=\"row_0 col_2\" scope=\"col\">SpeedFace-V5L[P]<\/th>\n<th class=\"row_0 col_3\" scope=\"col\">SpeedFace-V5L[TD]<\/th>\n<\/tr>\n<\/thead>\n<tbody>\n<tr class=\"odd\">\n<th class=\"row_1 col_0\">Display<\/th>\n<td class=\"row_1 col_1\">5-inch Touch Screen<\/td>\n<td class=\"row_1 col_2\">5-inch Touch Screen<\/td>\n<td class=\"row_1 col_3\">5-inch Touch Screen<\/td>\n<\/tr>\n<tr class=\"even\">\n<th class=\"row_2 col_0\">Resolution<\/th>\n<td class=\"row_2 col_1\">1280 x 720 px<\/td>\n<td class=\"row_2 col_2\">1280 x 720 px<\/td>\n<td class=\"row_2 col_3\">1280 x 720 px<\/td>\n<\/tr>\n<tr class=\"odd\">\n<th class=\"row_3 col_0\">Face Capacity<\/th>\n<td class=\"row_3 col_1\">6,000<\/td>\n<td class=\"row_3 col_2\">6,000<\/td>\n<td class=\"row_3 col_3\">6,000<\/td>\n<\/tr>\n<tr class=\"even\">\n<th class=\"row_4 col_0\">Palm Capacity<\/th>\n<td class=\"row_4 col_1\">\/<\/td>\n<td class=\"row_4 col_2\">3,000<\/td>\n<td class=\"row_4 col_3\">3,000<\/td>\n<\/tr>\n<tr class=\"odd\">\n<th class=\"row_5 col_0\">Fingerprint Capacity<\/th>\n<td class=\"row_5 col_1\">6,000 (Standard); 10,000 (Optional)<\/td>\n<td class=\"row_5 col_2\">6,000 (Standard); 10,000 (Optional)<\/td>\n<td class=\"row_5 col_3\">6,000 (Standard); 10,000 (Optional)<\/td>\n<\/tr>\n<tr class=\"even\">\n<th class=\"row_6 col_0\">Card Capacity<\/th>\n<td class=\"row_6 col_1\">10,000<\/td>\n<td class=\"row_6 col_2\">10,000<\/td>\n<td class=\"row_6 col_3\">\/<\/td>\n<\/tr>\n<tr class=\"odd\">\n<th class=\"row_7 col_0\">Transactions<\/th>\n<td class=\"row_7 col_1\">200,000<\/td>\n<td class=\"row_7 col_2\">200,000<\/td>\n<td class=\"row_7 col_3\">200,000<\/td>\n<\/tr>\n<tr class=\"even\">\n<th class=\"row_8 col_0\">Operation System<\/th>\n<td class=\"row_8 col_1\">Linux<\/td>\n<td class=\"row_8 col_2\">Linux<\/td>\n<td class=\"row_8 col_3\">Linux<\/td>\n<\/tr>\n<tr class=\"odd\">\n<th class=\"row_9 col_0\">Standard Functions<\/th>\n<td class=\"row_9 col_1\">ID Card, ADMS, T9 Input, DST, Camera, 9-digit User ID, Acess Levels, Groups, Holidays, Anti- passback, Record Query, Tamper Switch Alarm, Multiple Verify Modes.<\/td>\n<td class=\"row_9 col_2\">ID Card, ADMS, T9 Input, DST, Camera, 9-digit User ID, Acess Levels, Groups, Holidays, Anti- passback, Record Query, Tamper Switch Alarm, Multiple Verify Modes.<\/td>\n<td class=\"row_9 col_3\">Except for ID Card, else functions is the same as the left.<\/td>\n<\/tr>\n<tr class=\"even\">\n<th class=\"row_10 col_0\">Body temperature Measurement<\/th>\n<td class=\"row_10 col_1\">No<\/td>\n<td class=\"row_10 col_2\">No<\/td>\n<td class=\"row_10 col_3\">Yes<\/td>\n<\/tr>\n<tr class=\"odd\">\n<th class=\"row_11 col_0\">Hardware<\/th>\n<td class=\"row_11 col_1\">900MHz Dual Core CPU, Memory 512MB RAM \/ 8G Flash, 2MP WDR Low Light Camera, Adjust\u00adable Light Brightness LED<\/td>\n<td class=\"row_11 col_2\">900MHz Dual Core CPU, Memory 512MB RAM \/ 8G Flash, 2MP WDR Low Light Camera, Adjust\u00adable Light Brightness LED<\/td>\n<td class=\"row_11 col_3\">900MHz Dual Core CPU, Memory 512MB RAM \/ 8G Flash, 2MP WDR Low Light Camera, Adjust\u00adable Light Brightness LED<\/td>\n<\/tr>\n<tr class=\"even\">\n<th class=\"row_12 col_0\">Communication<\/th>\n<td class=\"row_12 col_1\">TCP\/IP, WiFi (Optional), Wiegand input \/ output, RS485<\/td>\n<td class=\"row_12 col_2\">TCP\/IP, WiFi (Optional), Wiegand input \/ output, RS485<\/td>\n<td class=\"row_12 col_3\">TCP\/IP, WiFi (Optional), Wiegand input \/ output, RS485<\/td>\n<\/tr>\n<tr class=\"odd\">\n<th class=\"row_13 col_0\">Access Control Interface<\/th>\n<td class=\"row_13 col_1\">3rd Party Electric Lock, Door Sensor, Exit Button, Alarm output, Auxiliary Input<\/td>\n<td class=\"row_13 col_2\">3rd Party Electric Lock, Door Sensor, Exit Button, Alarm output, Auxiliary Input<\/td>\n<td class=\"row_13 col_3\">3rd Party Electric Lock, Door Sensor, Exit Button, Alarm output, Auxiliary Input<\/td>\n<\/tr>\n<tr class=\"even\">\n<th class=\"row_14 col_0\">Optional Function<\/th>\n<td class=\"row_14 col_1\">13.56MHz IC Card (MF)<\/td>\n<td class=\"row_14 col_2\">13.56MHz IC Card (MF)<\/td>\n<td class=\"row_14 col_3\">\/<\/td>\n<\/tr>\n<tr class=\"odd\">\n<th class=\"row_15 col_0\">Facial Recognition Speed<\/th>\n<td class=\"row_15 col_1\">\u22641s<\/td>\n<td class=\"row_15 col_2\">\u22641s<\/td>\n<td class=\"row_15 col_3\">\u22641s<\/td>\n<\/tr>\n<tr class=\"even\">\n<th class=\"row_16 col_0\">Biometrics Algorithms<\/th>\n<td class=\"row_16 col_1\">ZKFace V5.8 &amp; ZKFinger V10.0<\/td>\n<td class=\"row_16 col_2\">ZKFace V5.8 &amp; ZKFinger V10.0 &amp; ZKPalm V12.0<\/td>\n<td class=\"row_16 col_3\">ZKFace V5.8 &amp; ZKFinger V10.0 &amp; ZKPalm V12.0<\/td>\n<\/tr>\n<tr class=\"odd\">\n<th class=\"row_17 col_0\">Power Supply<\/th>\n<td class=\"row_17 col_1\">12V 3A<\/td>\n<td class=\"row_17 col_2\">12V 3A<\/td>\n<td class=\"row_17 col_3\">12V 3A<\/td>\n<\/tr>\n<tr class=\"even\">\n<th class=\"row_18 col_0\">Operating Humidity<\/th>\n<td class=\"row_18 col_1\">10% &#8211; 90%<\/td>\n<td class=\"row_18 col_2\">10% &#8211; 90%<\/td>\n<td class=\"row_18 col_3\">10% &#8211; 90%<\/td>\n<\/tr>\n<tr class=\"odd\">\n<th class=\"row_19 col_0\">Operating Temperature<\/th>\n<td class=\"row_19 col_1\">-10 \u00b0C &#8211; 45 \u00b0C<\/td>\n<td class=\"row_19 col_2\">-10 \u00b0C &#8211; 45 \u00b0C<\/td>\n<td class=\"row_19 col_3\">-10 \u00b0C &#8211; 45 \u00b0C<\/td>\n<\/tr>\n<tr class=\"even\">\n<th class=\"row_20 col_0\">Dimensions (W*H*D)<\/th>\n<td class=\"row_20 col_1\">91.93*202.93*21.5mm<\/td>\n<td class=\"row_20 col_2\">91.93*202.93*21.5mm<\/td>\n<td class=\"row_20 col_3\">91.93*220*22.5mm<\/td>\n<\/tr>\n<tr class=\"odd\">\n<th class=\"row_21 col_0\">Supported Softwares<\/th>\n<td class=\"row_21 col_1\">ZKBioAccess, ZKBioSecurity<\/td>\n<td class=\"row_21 col_2\">ZKBioAccess, ZKBioSecurity<\/td>\n<td class=\"row_21 col_3\">ZKBioAccess, ZKBioSecurity<\/td>\n<\/tr>\n<\/tbody>\n<\/table>\n<p>&nbsp;<\/p>\n","protected":false},"excerpt":{"rendered":"<p>Didelio grei\u010dio biometrin\u0117s pra\u0117jimo kontrol\u0117s terminalas ;<br \/>\nVeido ir delno atpa\u017einimas ;<br \/>\nK\u016bno temperat\u016bros matavimas ;<br \/>\nAktyvus veido atpa\u017einimas ;<br \/>\nPatobulintas matomos \u0161viesos veido atpa\u017einimas, naudojant integruot\u0105 \u201eDeep Learning\u201c technologij\u0105 ;<\/p>\n","protected":false},"featured_media":253,"template":"","meta":{"_monsterinsights_skip_tracking":false,"_monsterinsights_sitenote_active":false,"_monsterinsights_sitenote_note":"","_monsterinsights_sitenote_category":0},"product_brand":[],"product_cat":[19],"product_tag":[29],"class_list":{"0":"post-254","1":"product","2":"type-product","3":"status-publish","4":"has-post-thumbnail","6":"product_cat-pirstu-antspaudu-veido-skaitytuvai","7":"product_tag-zkteco","9":"first","10":"instock","11":"shipping-taxable","12":"purchasable","13":"product-type-simple"},"yoast_head":"<!-- This site is optimized with the Yoast SEO plugin v27.5 - https:\/\/yoast.com\/product\/yoast-seo-wordpress\/ -->\n<title>Bekontakt\u0117 \/ Termovizorin\u0117 pra\u0117jimo kontrol\u0117 ZKTeco SpeedFace-V5L[TD] - Telefonspyn\u0117s Pra\u0117jimo kontrol\u0117<\/title>\n<meta name=\"description\" content=\"Patobulintas matomos \u0161viesos veido atpa\u017einimas, naudojant integruot\u0105 \u201eDeep Learning\u201c technologij\u0105 . Greitas montavimas\" \/>\n<meta name=\"robots\" content=\"index, follow, max-snippet:-1, max-image-preview:large, max-video-preview:-1\" \/>\n<link rel=\"canonical\" href=\"https:\/\/domofonas.lt\/index.php\/product\/bekontakte-termovizorine-praejimo-kontrole-zkteco-speedface-v5ltd\/\" \/>\n<meta property=\"og:locale\" content=\"lt_LT\" \/>\n<meta property=\"og:type\" content=\"article\" \/>\n<meta property=\"og:title\" content=\"Bekontakt\u0117 \/ Termovizorin\u0117 pra\u0117jimo kontrol\u0117 ZKTeco SpeedFace-V5L[TD] - Telefonspyn\u0117s Pra\u0117jimo kontrol\u0117\" \/>\n<meta property=\"og:description\" content=\"Patobulintas matomos \u0161viesos veido atpa\u017einimas, naudojant integruot\u0105 \u201eDeep Learning\u201c technologij\u0105 . Greitas montavimas\" \/>\n<meta property=\"og:url\" content=\"https:\/\/domofonas.lt\/index.php\/product\/bekontakte-termovizorine-praejimo-kontrole-zkteco-speedface-v5ltd\/\" \/>\n<meta property=\"og:site_name\" content=\"Telefonspyn\u0117s Pra\u0117jimo kontrol\u0117\" \/>\n<meta property=\"article:modified_time\" content=\"2020-12-11T16:44:04+00:00\" \/>\n<meta property=\"og:image\" content=\"https:\/\/domofonas.lt\/wp-content\/uploads\/2020\/12\/speedface-v5l-td.jpg\" \/>\n\t<meta property=\"og:image:width\" content=\"480\" \/>\n\t<meta property=\"og:image:height\" content=\"480\" \/>\n\t<meta property=\"og:image:type\" content=\"image\/jpeg\" \/>\n<meta name=\"twitter:card\" content=\"summary_large_image\" \/>\n<meta name=\"twitter:label1\" content=\"Est. reading time\" \/>\n\t<meta name=\"twitter:data1\" content=\"2 minut\u0117s\" \/>\n<script type=\"application\/ld+json\" class=\"yoast-schema-graph\">{\"@context\":\"https:\\\/\\\/schema.org\",\"@graph\":[{\"@type\":\"WebPage\",\"@id\":\"https:\\\/\\\/domofonas.lt\\\/index.php\\\/product\\\/bekontakte-termovizorine-praejimo-kontrole-zkteco-speedface-v5ltd\\\/\",\"url\":\"https:\\\/\\\/domofonas.lt\\\/index.php\\\/product\\\/bekontakte-termovizorine-praejimo-kontrole-zkteco-speedface-v5ltd\\\/\",\"name\":\"Bekontakt\u0117 \\\/ Termovizorin\u0117 pra\u0117jimo kontrol\u0117 ZKTeco SpeedFace-V5L[TD] - Telefonspyn\u0117s Pra\u0117jimo kontrol\u0117\",\"isPartOf\":{\"@id\":\"https:\\\/\\\/domofonas.lt\\\/#website\"},\"primaryImageOfPage\":{\"@id\":\"https:\\\/\\\/domofonas.lt\\\/index.php\\\/product\\\/bekontakte-termovizorine-praejimo-kontrole-zkteco-speedface-v5ltd\\\/#primaryimage\"},\"image\":{\"@id\":\"https:\\\/\\\/domofonas.lt\\\/index.php\\\/product\\\/bekontakte-termovizorine-praejimo-kontrole-zkteco-speedface-v5ltd\\\/#primaryimage\"},\"thumbnailUrl\":\"https:\\\/\\\/domofonas.lt\\\/wp-content\\\/uploads\\\/2020\\\/12\\\/speedface-v5l-td.jpg\",\"datePublished\":\"2020-12-11T15:31:40+00:00\",\"dateModified\":\"2020-12-11T16:44:04+00:00\",\"description\":\"Patobulintas matomos \u0161viesos veido atpa\u017einimas, naudojant integruot\u0105 \u201eDeep Learning\u201c technologij\u0105 . Greitas montavimas\",\"breadcrumb\":{\"@id\":\"https:\\\/\\\/domofonas.lt\\\/index.php\\\/product\\\/bekontakte-termovizorine-praejimo-kontrole-zkteco-speedface-v5ltd\\\/#breadcrumb\"},\"inLanguage\":\"lt-LT\",\"potentialAction\":[{\"@type\":\"ReadAction\",\"target\":[\"https:\\\/\\\/domofonas.lt\\\/index.php\\\/product\\\/bekontakte-termovizorine-praejimo-kontrole-zkteco-speedface-v5ltd\\\/\"]}]},{\"@type\":\"ImageObject\",\"inLanguage\":\"lt-LT\",\"@id\":\"https:\\\/\\\/domofonas.lt\\\/index.php\\\/product\\\/bekontakte-termovizorine-praejimo-kontrole-zkteco-speedface-v5ltd\\\/#primaryimage\",\"url\":\"https:\\\/\\\/domofonas.lt\\\/wp-content\\\/uploads\\\/2020\\\/12\\\/speedface-v5l-td.jpg\",\"contentUrl\":\"https:\\\/\\\/domofonas.lt\\\/wp-content\\\/uploads\\\/2020\\\/12\\\/speedface-v5l-td.jpg\",\"width\":480,\"height\":480,\"caption\":\"Bekontakt\u0117 \\\/ Termovizorin\u0117 pra\u0117jimo kontrol\u0117 ZKTeco SpeedFace-V5L[TD]\"},{\"@type\":\"BreadcrumbList\",\"@id\":\"https:\\\/\\\/domofonas.lt\\\/index.php\\\/product\\\/bekontakte-termovizorine-praejimo-kontrole-zkteco-speedface-v5ltd\\\/#breadcrumb\",\"itemListElement\":[{\"@type\":\"ListItem\",\"position\":1,\"name\":\"Home\",\"item\":\"https:\\\/\\\/domofonas.lt\\\/\"},{\"@type\":\"ListItem\",\"position\":2,\"name\":\"Bekontakt\u0117 \\\/ Termovizorin\u0117 pra\u0117jimo kontrol\u0117 ZKTeco SpeedFace-V5L[TD]\"}]},{\"@type\":\"WebSite\",\"@id\":\"https:\\\/\\\/domofonas.lt\\\/#website\",\"url\":\"https:\\\/\\\/domofonas.lt\\\/\",\"name\":\"Telefonspyn\u0117s Pra\u0117jimo kontrol\u0117\",\"description\":\"\u012erengimas Montavimas\",\"publisher\":{\"@id\":\"https:\\\/\\\/domofonas.lt\\\/#organization\"},\"potentialAction\":[{\"@type\":\"SearchAction\",\"target\":{\"@type\":\"EntryPoint\",\"urlTemplate\":\"https:\\\/\\\/domofonas.lt\\\/?s={search_term_string}\"},\"query-input\":{\"@type\":\"PropertyValueSpecification\",\"valueRequired\":true,\"valueName\":\"search_term_string\"}}],\"inLanguage\":\"lt-LT\"},{\"@type\":\"Organization\",\"@id\":\"https:\\\/\\\/domofonas.lt\\\/#organization\",\"name\":\"Telefonspyn\u0117s Pra\u0117jimo kontrol\u0117\",\"url\":\"https:\\\/\\\/domofonas.lt\\\/\",\"logo\":{\"@type\":\"ImageObject\",\"inLanguage\":\"lt-LT\",\"@id\":\"https:\\\/\\\/domofonas.lt\\\/#\\\/schema\\\/logo\\\/image\\\/\",\"url\":\"https:\\\/\\\/domofonas.lt\\\/wp-content\\\/uploads\\\/2020\\\/12\\\/cropped-cropped-paradox_ssg-Max-Quality__1_-removebg-preview.png\",\"contentUrl\":\"https:\\\/\\\/domofonas.lt\\\/wp-content\\\/uploads\\\/2020\\\/12\\\/cropped-cropped-paradox_ssg-Max-Quality__1_-removebg-preview.png\",\"width\":250,\"height\":70,\"caption\":\"Telefonspyn\u0117s  Pra\u0117jimo kontrol\u0117\"},\"image\":{\"@id\":\"https:\\\/\\\/domofonas.lt\\\/#\\\/schema\\\/logo\\\/image\\\/\"}}]}<\/script>\n<!-- \/ Yoast SEO plugin. -->","yoast_head_json":{"title":"Bekontakt\u0117 \/ Termovizorin\u0117 pra\u0117jimo kontrol\u0117 ZKTeco SpeedFace-V5L[TD] - Telefonspyn\u0117s Pra\u0117jimo kontrol\u0117","description":"Patobulintas matomos \u0161viesos veido atpa\u017einimas, naudojant integruot\u0105 \u201eDeep Learning\u201c technologij\u0105 . Greitas montavimas","robots":{"index":"index","follow":"follow","max-snippet":"max-snippet:-1","max-image-preview":"max-image-preview:large","max-video-preview":"max-video-preview:-1"},"canonical":"https:\/\/domofonas.lt\/index.php\/product\/bekontakte-termovizorine-praejimo-kontrole-zkteco-speedface-v5ltd\/","og_locale":"lt_LT","og_type":"article","og_title":"Bekontakt\u0117 \/ Termovizorin\u0117 pra\u0117jimo kontrol\u0117 ZKTeco SpeedFace-V5L[TD] - Telefonspyn\u0117s Pra\u0117jimo kontrol\u0117","og_description":"Patobulintas matomos \u0161viesos veido atpa\u017einimas, naudojant integruot\u0105 \u201eDeep Learning\u201c technologij\u0105 . Greitas montavimas","og_url":"https:\/\/domofonas.lt\/index.php\/product\/bekontakte-termovizorine-praejimo-kontrole-zkteco-speedface-v5ltd\/","og_site_name":"Telefonspyn\u0117s Pra\u0117jimo kontrol\u0117","article_modified_time":"2020-12-11T16:44:04+00:00","og_image":[{"width":480,"height":480,"url":"https:\/\/domofonas.lt\/wp-content\/uploads\/2020\/12\/speedface-v5l-td.jpg","type":"image\/jpeg"}],"twitter_card":"summary_large_image","twitter_misc":{"Est. reading time":"2 minut\u0117s"},"schema":{"@context":"https:\/\/schema.org","@graph":[{"@type":"WebPage","@id":"https:\/\/domofonas.lt\/index.php\/product\/bekontakte-termovizorine-praejimo-kontrole-zkteco-speedface-v5ltd\/","url":"https:\/\/domofonas.lt\/index.php\/product\/bekontakte-termovizorine-praejimo-kontrole-zkteco-speedface-v5ltd\/","name":"Bekontakt\u0117 \/ Termovizorin\u0117 pra\u0117jimo kontrol\u0117 ZKTeco SpeedFace-V5L[TD] - Telefonspyn\u0117s Pra\u0117jimo kontrol\u0117","isPartOf":{"@id":"https:\/\/domofonas.lt\/#website"},"primaryImageOfPage":{"@id":"https:\/\/domofonas.lt\/index.php\/product\/bekontakte-termovizorine-praejimo-kontrole-zkteco-speedface-v5ltd\/#primaryimage"},"image":{"@id":"https:\/\/domofonas.lt\/index.php\/product\/bekontakte-termovizorine-praejimo-kontrole-zkteco-speedface-v5ltd\/#primaryimage"},"thumbnailUrl":"https:\/\/domofonas.lt\/wp-content\/uploads\/2020\/12\/speedface-v5l-td.jpg","datePublished":"2020-12-11T15:31:40+00:00","dateModified":"2020-12-11T16:44:04+00:00","description":"Patobulintas matomos \u0161viesos veido atpa\u017einimas, naudojant integruot\u0105 \u201eDeep Learning\u201c technologij\u0105 . Greitas montavimas","breadcrumb":{"@id":"https:\/\/domofonas.lt\/index.php\/product\/bekontakte-termovizorine-praejimo-kontrole-zkteco-speedface-v5ltd\/#breadcrumb"},"inLanguage":"lt-LT","potentialAction":[{"@type":"ReadAction","target":["https:\/\/domofonas.lt\/index.php\/product\/bekontakte-termovizorine-praejimo-kontrole-zkteco-speedface-v5ltd\/"]}]},{"@type":"ImageObject","inLanguage":"lt-LT","@id":"https:\/\/domofonas.lt\/index.php\/product\/bekontakte-termovizorine-praejimo-kontrole-zkteco-speedface-v5ltd\/#primaryimage","url":"https:\/\/domofonas.lt\/wp-content\/uploads\/2020\/12\/speedface-v5l-td.jpg","contentUrl":"https:\/\/domofonas.lt\/wp-content\/uploads\/2020\/12\/speedface-v5l-td.jpg","width":480,"height":480,"caption":"Bekontakt\u0117 \/ Termovizorin\u0117 pra\u0117jimo kontrol\u0117 ZKTeco SpeedFace-V5L[TD]"},{"@type":"BreadcrumbList","@id":"https:\/\/domofonas.lt\/index.php\/product\/bekontakte-termovizorine-praejimo-kontrole-zkteco-speedface-v5ltd\/#breadcrumb","itemListElement":[{"@type":"ListItem","position":1,"name":"Home","item":"https:\/\/domofonas.lt\/"},{"@type":"ListItem","position":2,"name":"Bekontakt\u0117 \/ Termovizorin\u0117 pra\u0117jimo kontrol\u0117 ZKTeco SpeedFace-V5L[TD]"}]},{"@type":"WebSite","@id":"https:\/\/domofonas.lt\/#website","url":"https:\/\/domofonas.lt\/","name":"Telefonspyn\u0117s Pra\u0117jimo kontrol\u0117","description":"\u012erengimas Montavimas","publisher":{"@id":"https:\/\/domofonas.lt\/#organization"},"potentialAction":[{"@type":"SearchAction","target":{"@type":"EntryPoint","urlTemplate":"https:\/\/domofonas.lt\/?s={search_term_string}"},"query-input":{"@type":"PropertyValueSpecification","valueRequired":true,"valueName":"search_term_string"}}],"inLanguage":"lt-LT"},{"@type":"Organization","@id":"https:\/\/domofonas.lt\/#organization","name":"Telefonspyn\u0117s Pra\u0117jimo kontrol\u0117","url":"https:\/\/domofonas.lt\/","logo":{"@type":"ImageObject","inLanguage":"lt-LT","@id":"https:\/\/domofonas.lt\/#\/schema\/logo\/image\/","url":"https:\/\/domofonas.lt\/wp-content\/uploads\/2020\/12\/cropped-cropped-paradox_ssg-Max-Quality__1_-removebg-preview.png","contentUrl":"https:\/\/domofonas.lt\/wp-content\/uploads\/2020\/12\/cropped-cropped-paradox_ssg-Max-Quality__1_-removebg-preview.png","width":250,"height":70,"caption":"Telefonspyn\u0117s  Pra\u0117jimo kontrol\u0117"},"image":{"@id":"https:\/\/domofonas.lt\/#\/schema\/logo\/image\/"}}]}},"jetpack_sharing_enabled":true,"_links":{"self":[{"href":"https:\/\/domofonas.lt\/index.php\/wp-json\/wp\/v2\/product\/254","targetHints":{"allow":["GET"]}}],"collection":[{"href":"https:\/\/domofonas.lt\/index.php\/wp-json\/wp\/v2\/product"}],"about":[{"href":"https:\/\/domofonas.lt\/index.php\/wp-json\/wp\/v2\/types\/product"}],"wp:featuredmedia":[{"embeddable":true,"href":"https:\/\/domofonas.lt\/index.php\/wp-json\/wp\/v2\/media\/253"}],"wp:attachment":[{"href":"https:\/\/domofonas.lt\/index.php\/wp-json\/wp\/v2\/media?parent=254"}],"wp:term":[{"taxonomy":"product_brand","embeddable":true,"href":"https:\/\/domofonas.lt\/index.php\/wp-json\/wp\/v2\/product_brand?post=254"},{"taxonomy":"product_cat","embeddable":true,"href":"https:\/\/domofonas.lt\/index.php\/wp-json\/wp\/v2\/product_cat?post=254"},{"taxonomy":"product_tag","embeddable":true,"href":"https:\/\/domofonas.lt\/index.php\/wp-json\/wp\/v2\/product_tag?post=254"}],"curies":[{"name":"wp","href":"https:\/\/api.w.org\/{rel}","templated":true}]}}