{"id":246,"date":"2020-12-11T15:31:36","date_gmt":"2020-12-11T15:31:36","guid":{"rendered":"http:\/\/domofonas.lt\/index.php\/product\/skaitytuvas-mifare-wiegand-34-rs485-aba-track-ii-sr10\/"},"modified":"2020-12-11T16:48:47","modified_gmt":"2020-12-11T16:48:47","slug":"skaitytuvas-mifare-wiegand-34-rs485-aba-track-ii-sr10","status":"publish","type":"product","link":"https:\/\/domofonas.lt\/index.php\/product\/skaitytuvas-mifare-wiegand-34-rs485-aba-track-ii-sr10\/","title":{"rendered":"Skaitytuvas (Mifare, Wiegand-34, RS485, ABA TRACK II) SR10"},"content":{"rendered":"<ul>\n<li>13.56MHz (MIFARE\u00c2\u00ae) Smart korteli\u0173 skaitytuvas;<\/li>\n<li>Suderinamas su Mifare ISO14443 Type-A;<\/li>\n<li>Duomen\u0173\u00a0skaitymo \/ ra\u0161ymo funkcija per RS232 jungt\u012f;<\/li>\n<li>34bit Wiegand, RS232, RS485 ABA Track II i\u0161\u0117jimai.<\/li>\n<\/ul>\n","protected":false},"excerpt":{"rendered":"<p>MIfare ISo Class skaitytuvas<\/p>\n","protected":false},"featured_media":245,"template":"","meta":{"_monsterinsights_skip_tracking":false,"_monsterinsights_sitenote_active":false,"_monsterinsights_sitenote_note":"","_monsterinsights_sitenote_category":0},"product_brand":[],"product_cat":[28],"product_tag":[33],"class_list":{"0":"post-246","1":"product","2":"type-product","3":"status-publish","4":"has-post-thumbnail","6":"product_cat-ironlogic","7":"product_tag-ironlogic","9":"first","10":"instock","11":"shipping-taxable","12":"purchasable","13":"product-type-simple"},"yoast_head":"<!-- This site is optimized with the Yoast SEO plugin v27.4 - https:\/\/yoast.com\/product\/yoast-seo-wordpress\/ -->\n<title>Skaitytuvas (Mifare, Wiegand-34, RS485, ABA TRACK II) SR10 - Telefonspyn\u0117s Pra\u0117jimo kontrol\u0117<\/title>\n<meta name=\"robots\" content=\"index, follow, max-snippet:-1, max-image-preview:large, max-video-preview:-1\" \/>\n<link rel=\"canonical\" href=\"https:\/\/domofonas.lt\/index.php\/product\/skaitytuvas-mifare-wiegand-34-rs485-aba-track-ii-sr10\/\" \/>\n<meta property=\"og:locale\" content=\"lt_LT\" \/>\n<meta property=\"og:type\" content=\"article\" \/>\n<meta property=\"og:title\" content=\"Skaitytuvas (Mifare, Wiegand-34, RS485, ABA TRACK II) SR10 - Telefonspyn\u0117s Pra\u0117jimo kontrol\u0117\" \/>\n<meta property=\"og:description\" content=\"MIfare ISo Class skaitytuvas\" \/>\n<meta property=\"og:url\" content=\"https:\/\/domofonas.lt\/index.php\/product\/skaitytuvas-mifare-wiegand-34-rs485-aba-track-ii-sr10\/\" \/>\n<meta property=\"og:site_name\" content=\"Telefonspyn\u0117s Pra\u0117jimo kontrol\u0117\" \/>\n<meta property=\"article:modified_time\" content=\"2020-12-11T16:48:47+00:00\" \/>\n<meta property=\"og:image\" content=\"https:\/\/domofonas.lt\/wp-content\/uploads\/2020\/12\/skaitytuvas-mifare-wiegand-34-rs485-aba-track-ii-sr10.png\" \/>\n\t<meta property=\"og:image:width\" content=\"800\" \/>\n\t<meta property=\"og:image:height\" content=\"800\" \/>\n\t<meta property=\"og:image:type\" content=\"image\/png\" \/>\n<meta name=\"twitter:card\" content=\"summary_large_image\" \/>\n<script type=\"application\/ld+json\" class=\"yoast-schema-graph\">{\"@context\":\"https:\\\/\\\/schema.org\",\"@graph\":[{\"@type\":\"WebPage\",\"@id\":\"https:\\\/\\\/domofonas.lt\\\/index.php\\\/product\\\/skaitytuvas-mifare-wiegand-34-rs485-aba-track-ii-sr10\\\/\",\"url\":\"https:\\\/\\\/domofonas.lt\\\/index.php\\\/product\\\/skaitytuvas-mifare-wiegand-34-rs485-aba-track-ii-sr10\\\/\",\"name\":\"Skaitytuvas (Mifare, Wiegand-34, RS485, ABA TRACK II) SR10 - Telefonspyn\u0117s Pra\u0117jimo kontrol\u0117\",\"isPartOf\":{\"@id\":\"https:\\\/\\\/domofonas.lt\\\/#website\"},\"primaryImageOfPage\":{\"@id\":\"https:\\\/\\\/domofonas.lt\\\/index.php\\\/product\\\/skaitytuvas-mifare-wiegand-34-rs485-aba-track-ii-sr10\\\/#primaryimage\"},\"image\":{\"@id\":\"https:\\\/\\\/domofonas.lt\\\/index.php\\\/product\\\/skaitytuvas-mifare-wiegand-34-rs485-aba-track-ii-sr10\\\/#primaryimage\"},\"thumbnailUrl\":\"https:\\\/\\\/domofonas.lt\\\/wp-content\\\/uploads\\\/2020\\\/12\\\/skaitytuvas-mifare-wiegand-34-rs485-aba-track-ii-sr10.png\",\"datePublished\":\"2020-12-11T15:31:36+00:00\",\"dateModified\":\"2020-12-11T16:48:47+00:00\",\"breadcrumb\":{\"@id\":\"https:\\\/\\\/domofonas.lt\\\/index.php\\\/product\\\/skaitytuvas-mifare-wiegand-34-rs485-aba-track-ii-sr10\\\/#breadcrumb\"},\"inLanguage\":\"lt-LT\",\"potentialAction\":[{\"@type\":\"ReadAction\",\"target\":[\"https:\\\/\\\/domofonas.lt\\\/index.php\\\/product\\\/skaitytuvas-mifare-wiegand-34-rs485-aba-track-ii-sr10\\\/\"]}]},{\"@type\":\"ImageObject\",\"inLanguage\":\"lt-LT\",\"@id\":\"https:\\\/\\\/domofonas.lt\\\/index.php\\\/product\\\/skaitytuvas-mifare-wiegand-34-rs485-aba-track-ii-sr10\\\/#primaryimage\",\"url\":\"https:\\\/\\\/domofonas.lt\\\/wp-content\\\/uploads\\\/2020\\\/12\\\/skaitytuvas-mifare-wiegand-34-rs485-aba-track-ii-sr10.png\",\"contentUrl\":\"https:\\\/\\\/domofonas.lt\\\/wp-content\\\/uploads\\\/2020\\\/12\\\/skaitytuvas-mifare-wiegand-34-rs485-aba-track-ii-sr10.png\",\"width\":800,\"height\":800,\"caption\":\"Skaitytuvas (Mifare, Wiegand-34, RS485, ABA TRACK II) SR10\"},{\"@type\":\"BreadcrumbList\",\"@id\":\"https:\\\/\\\/domofonas.lt\\\/index.php\\\/product\\\/skaitytuvas-mifare-wiegand-34-rs485-aba-track-ii-sr10\\\/#breadcrumb\",\"itemListElement\":[{\"@type\":\"ListItem\",\"position\":1,\"name\":\"Home\",\"item\":\"https:\\\/\\\/domofonas.lt\\\/\"},{\"@type\":\"ListItem\",\"position\":2,\"name\":\"Skaitytuvas (Mifare, Wiegand-34, RS485, ABA TRACK II) SR10\"}]},{\"@type\":\"WebSite\",\"@id\":\"https:\\\/\\\/domofonas.lt\\\/#website\",\"url\":\"https:\\\/\\\/domofonas.lt\\\/\",\"name\":\"Telefonspyn\u0117s Pra\u0117jimo kontrol\u0117\",\"description\":\"\u012erengimas Montavimas\",\"publisher\":{\"@id\":\"https:\\\/\\\/domofonas.lt\\\/#organization\"},\"potentialAction\":[{\"@type\":\"SearchAction\",\"target\":{\"@type\":\"EntryPoint\",\"urlTemplate\":\"https:\\\/\\\/domofonas.lt\\\/?s={search_term_string}\"},\"query-input\":{\"@type\":\"PropertyValueSpecification\",\"valueRequired\":true,\"valueName\":\"search_term_string\"}}],\"inLanguage\":\"lt-LT\"},{\"@type\":\"Organization\",\"@id\":\"https:\\\/\\\/domofonas.lt\\\/#organization\",\"name\":\"Telefonspyn\u0117s Pra\u0117jimo kontrol\u0117\",\"url\":\"https:\\\/\\\/domofonas.lt\\\/\",\"logo\":{\"@type\":\"ImageObject\",\"inLanguage\":\"lt-LT\",\"@id\":\"https:\\\/\\\/domofonas.lt\\\/#\\\/schema\\\/logo\\\/image\\\/\",\"url\":\"https:\\\/\\\/domofonas.lt\\\/wp-content\\\/uploads\\\/2020\\\/12\\\/cropped-cropped-paradox_ssg-Max-Quality__1_-removebg-preview.png\",\"contentUrl\":\"https:\\\/\\\/domofonas.lt\\\/wp-content\\\/uploads\\\/2020\\\/12\\\/cropped-cropped-paradox_ssg-Max-Quality__1_-removebg-preview.png\",\"width\":250,\"height\":70,\"caption\":\"Telefonspyn\u0117s  Pra\u0117jimo kontrol\u0117\"},\"image\":{\"@id\":\"https:\\\/\\\/domofonas.lt\\\/#\\\/schema\\\/logo\\\/image\\\/\"}}]}<\/script>\n<!-- \/ Yoast SEO plugin. -->","yoast_head_json":{"title":"Skaitytuvas (Mifare, Wiegand-34, RS485, ABA TRACK II) SR10 - Telefonspyn\u0117s Pra\u0117jimo kontrol\u0117","robots":{"index":"index","follow":"follow","max-snippet":"max-snippet:-1","max-image-preview":"max-image-preview:large","max-video-preview":"max-video-preview:-1"},"canonical":"https:\/\/domofonas.lt\/index.php\/product\/skaitytuvas-mifare-wiegand-34-rs485-aba-track-ii-sr10\/","og_locale":"lt_LT","og_type":"article","og_title":"Skaitytuvas (Mifare, Wiegand-34, RS485, ABA TRACK II) SR10 - Telefonspyn\u0117s Pra\u0117jimo kontrol\u0117","og_description":"MIfare ISo Class skaitytuvas","og_url":"https:\/\/domofonas.lt\/index.php\/product\/skaitytuvas-mifare-wiegand-34-rs485-aba-track-ii-sr10\/","og_site_name":"Telefonspyn\u0117s Pra\u0117jimo kontrol\u0117","article_modified_time":"2020-12-11T16:48:47+00:00","og_image":[{"width":800,"height":800,"url":"https:\/\/domofonas.lt\/wp-content\/uploads\/2020\/12\/skaitytuvas-mifare-wiegand-34-rs485-aba-track-ii-sr10.png","type":"image\/png"}],"twitter_card":"summary_large_image","schema":{"@context":"https:\/\/schema.org","@graph":[{"@type":"WebPage","@id":"https:\/\/domofonas.lt\/index.php\/product\/skaitytuvas-mifare-wiegand-34-rs485-aba-track-ii-sr10\/","url":"https:\/\/domofonas.lt\/index.php\/product\/skaitytuvas-mifare-wiegand-34-rs485-aba-track-ii-sr10\/","name":"Skaitytuvas (Mifare, Wiegand-34, RS485, ABA TRACK II) SR10 - Telefonspyn\u0117s Pra\u0117jimo kontrol\u0117","isPartOf":{"@id":"https:\/\/domofonas.lt\/#website"},"primaryImageOfPage":{"@id":"https:\/\/domofonas.lt\/index.php\/product\/skaitytuvas-mifare-wiegand-34-rs485-aba-track-ii-sr10\/#primaryimage"},"image":{"@id":"https:\/\/domofonas.lt\/index.php\/product\/skaitytuvas-mifare-wiegand-34-rs485-aba-track-ii-sr10\/#primaryimage"},"thumbnailUrl":"https:\/\/domofonas.lt\/wp-content\/uploads\/2020\/12\/skaitytuvas-mifare-wiegand-34-rs485-aba-track-ii-sr10.png","datePublished":"2020-12-11T15:31:36+00:00","dateModified":"2020-12-11T16:48:47+00:00","breadcrumb":{"@id":"https:\/\/domofonas.lt\/index.php\/product\/skaitytuvas-mifare-wiegand-34-rs485-aba-track-ii-sr10\/#breadcrumb"},"inLanguage":"lt-LT","potentialAction":[{"@type":"ReadAction","target":["https:\/\/domofonas.lt\/index.php\/product\/skaitytuvas-mifare-wiegand-34-rs485-aba-track-ii-sr10\/"]}]},{"@type":"ImageObject","inLanguage":"lt-LT","@id":"https:\/\/domofonas.lt\/index.php\/product\/skaitytuvas-mifare-wiegand-34-rs485-aba-track-ii-sr10\/#primaryimage","url":"https:\/\/domofonas.lt\/wp-content\/uploads\/2020\/12\/skaitytuvas-mifare-wiegand-34-rs485-aba-track-ii-sr10.png","contentUrl":"https:\/\/domofonas.lt\/wp-content\/uploads\/2020\/12\/skaitytuvas-mifare-wiegand-34-rs485-aba-track-ii-sr10.png","width":800,"height":800,"caption":"Skaitytuvas (Mifare, Wiegand-34, RS485, ABA TRACK II) SR10"},{"@type":"BreadcrumbList","@id":"https:\/\/domofonas.lt\/index.php\/product\/skaitytuvas-mifare-wiegand-34-rs485-aba-track-ii-sr10\/#breadcrumb","itemListElement":[{"@type":"ListItem","position":1,"name":"Home","item":"https:\/\/domofonas.lt\/"},{"@type":"ListItem","position":2,"name":"Skaitytuvas (Mifare, Wiegand-34, RS485, ABA TRACK II) SR10"}]},{"@type":"WebSite","@id":"https:\/\/domofonas.lt\/#website","url":"https:\/\/domofonas.lt\/","name":"Telefonspyn\u0117s Pra\u0117jimo kontrol\u0117","description":"\u012erengimas Montavimas","publisher":{"@id":"https:\/\/domofonas.lt\/#organization"},"potentialAction":[{"@type":"SearchAction","target":{"@type":"EntryPoint","urlTemplate":"https:\/\/domofonas.lt\/?s={search_term_string}"},"query-input":{"@type":"PropertyValueSpecification","valueRequired":true,"valueName":"search_term_string"}}],"inLanguage":"lt-LT"},{"@type":"Organization","@id":"https:\/\/domofonas.lt\/#organization","name":"Telefonspyn\u0117s Pra\u0117jimo kontrol\u0117","url":"https:\/\/domofonas.lt\/","logo":{"@type":"ImageObject","inLanguage":"lt-LT","@id":"https:\/\/domofonas.lt\/#\/schema\/logo\/image\/","url":"https:\/\/domofonas.lt\/wp-content\/uploads\/2020\/12\/cropped-cropped-paradox_ssg-Max-Quality__1_-removebg-preview.png","contentUrl":"https:\/\/domofonas.lt\/wp-content\/uploads\/2020\/12\/cropped-cropped-paradox_ssg-Max-Quality__1_-removebg-preview.png","width":250,"height":70,"caption":"Telefonspyn\u0117s  Pra\u0117jimo kontrol\u0117"},"image":{"@id":"https:\/\/domofonas.lt\/#\/schema\/logo\/image\/"}}]}},"jetpack_sharing_enabled":true,"_links":{"self":[{"href":"https:\/\/domofonas.lt\/index.php\/wp-json\/wp\/v2\/product\/246","targetHints":{"allow":["GET"]}}],"collection":[{"href":"https:\/\/domofonas.lt\/index.php\/wp-json\/wp\/v2\/product"}],"about":[{"href":"https:\/\/domofonas.lt\/index.php\/wp-json\/wp\/v2\/types\/product"}],"wp:featuredmedia":[{"embeddable":true,"href":"https:\/\/domofonas.lt\/index.php\/wp-json\/wp\/v2\/media\/245"}],"wp:attachment":[{"href":"https:\/\/domofonas.lt\/index.php\/wp-json\/wp\/v2\/media?parent=246"}],"wp:term":[{"taxonomy":"product_brand","embeddable":true,"href":"https:\/\/domofonas.lt\/index.php\/wp-json\/wp\/v2\/product_brand?post=246"},{"taxonomy":"product_cat","embeddable":true,"href":"https:\/\/domofonas.lt\/index.php\/wp-json\/wp\/v2\/product_cat?post=246"},{"taxonomy":"product_tag","embeddable":true,"href":"https:\/\/domofonas.lt\/index.php\/wp-json\/wp\/v2\/product_tag?post=246"}],"curies":[{"name":"wp","href":"https:\/\/api.w.org\/{rel}","templated":true}]}}