{"id":244,"date":"2020-12-11T15:31:35","date_gmt":"2020-12-11T15:31:35","guid":{"rendered":"http:\/\/domofonas.lt\/index.php\/product\/autonominis-kontroleris-skaitytuvas-rfl200c\/"},"modified":"2020-12-11T16:56:59","modified_gmt":"2020-12-11T16:56:59","slug":"autonominis-kontroleris-skaitytuvas-rfl200c","status":"publish","type":"product","link":"https:\/\/domofonas.lt\/index.php\/product\/autonominis-kontroleris-skaitytuvas-rfl200c\/","title":{"rendered":"Autonominis kontroleris &#8211; skaitytuvas RFL200C"},"content":{"rendered":"<table style=\"font-weight: 400;\">\n<tbody>\n<tr>\n<td style=\"font-style: inherit; font-weight: 500;\">\n<p style=\"font-style: inherit; font-weight: inherit;\">Nuskaitymo atstumas<\/p>\n<\/td>\n<td style=\"font-style: inherit; font-weight: 500;\">\n<p style=\"font-style: inherit; font-weight: inherit;\">IDC50 : 5cm<br \/>\nIMC125 : 5cm<br \/>\nIDC170 : 10cm<br \/>\nIDC80 : 10cm<br \/>\nIDA150 : 30cm<br \/>\nIDA200 : 40cm<\/p>\n<\/td>\n<\/tr>\n<tr>\n<td style=\"font-style: inherit; font-weight: 500;\">\n<p style=\"font-style: inherit; font-weight: inherit;\">Nuskaitymo laikas<\/p>\n<\/td>\n<td style=\"font-style: inherit; font-weight: 500;\">\n<p style=\"font-style: inherit; font-weight: inherit;\">30ms<\/p>\n<\/td>\n<\/tr>\n<tr>\n<td style=\"font-style: inherit; font-weight: 500;\">\n<p style=\"font-style: inherit; font-weight: inherit;\">Korteli\u0173 savininkai<\/p>\n<\/td>\n<td style=\"font-style: inherit; font-weight: 500;\">\n<p style=\"font-style: inherit; font-weight: inherit;\">iki 512<\/p>\n<\/td>\n<\/tr>\n<tr>\n<td style=\"font-style: inherit; font-weight: 500;\">\n<p style=\"font-style: inherit; font-weight: inherit;\">COM jungtis<\/p>\n<\/td>\n<td style=\"font-style: inherit; font-weight: 500;\">\n<p style=\"font-style: inherit; font-weight: inherit;\">RS485 (Max.255 )<br \/>\nPerdavimo sparta: 9600bps<\/p>\n<\/td>\n<\/tr>\n<tr>\n<td style=\"font-style: inherit; font-weight: 500;\">\n<p style=\"font-style: inherit; font-weight: inherit;\">Dur\u0173 atidarymo laikas<\/p>\n<\/td>\n<td style=\"font-style: inherit; font-weight: 500;\">\n<p style=\"font-style: inherit; font-weight: inherit;\">\u00a0Vartotojo reguliuojamas (programuojamas: 1~99sek.)<\/p>\n<\/td>\n<\/tr>\n<tr>\n<td style=\"font-style: inherit; font-weight: 500;\">\n<p style=\"font-style: inherit; font-weight: inherit;\">Parenkamas u\u017erakinimo \u012f\u0117jimas<\/p>\n<\/td>\n<td style=\"font-style: inherit; font-weight: 500;\">\n<p style=\"font-style: inherit; font-weight: inherit;\">Dingus \u012ftampai pasirenkama dur\u0173 u\u017erakt\u0173 b\u016bkl\u0117 atrakinti\/u\u017erakinti<\/p>\n<\/td>\n<\/tr>\n<tr>\n<td style=\"font-style: inherit; font-weight: 500;\">\n<p style=\"font-style: inherit; font-weight: inherit;\">&#8222;I\u0161\u0117jimo&#8221; mygtuko \u012f\u0117jimas<\/p>\n<\/td>\n<td style=\"font-style: inherit; font-weight: 500;\">\n<p style=\"font-style: inherit; font-weight: inherit;\">1 &#8222;I\u0161\u0117jimo&#8221; mygtuko \u012f\u0117jimas<\/p>\n<\/td>\n<\/tr>\n<tr>\n<td style=\"font-style: inherit; font-weight: 500;\">\n<p style=\"font-style: inherit; font-weight: inherit;\">Diodas\/Sirena<\/p>\n<\/td>\n<td style=\"font-style: inherit; font-weight: 500;\">\n<p style=\"font-style: inherit; font-weight: inherit;\">2 spalv\u0173 diodai (Raudonas ir \u017dalias ), Piezo Buzzer\u2019is<\/p>\n<\/td>\n<\/tr>\n<tr>\n<td style=\"font-style: inherit; font-weight: 500;\">\n<p style=\"font-style: inherit; font-weight: inherit;\">Maitinimas<\/p>\n<\/td>\n<td style=\"font-style: inherit; font-weight: 500;\">\n<p style=\"font-style: inherit; font-weight: inherit;\">DC 12V, 200mA<\/p>\n<\/td>\n<\/tr>\n<tr>\n<td style=\"font-style: inherit; font-weight: 500;\">\n<p style=\"font-style: inherit; font-weight: inherit;\">Darbin\u0117 temperat\u016bra<\/p>\n<\/td>\n<td style=\"font-style: inherit; font-weight: 500;\">\n<p style=\"font-style: inherit; font-weight: inherit;\">Kontrolerio -20\u00b0C ~ +50\u00b0C,<\/p>\n<p style=\"font-style: inherit; font-weight: inherit;\">Skaitytuvo -40\u00b0C ~ +70\u00b0C,<\/p>\n<p style=\"font-style: inherit; font-weight: inherit;\">Dr\u0117gm\u0117 10 ~ 90%<\/p>\n<\/td>\n<\/tr>\n<tr>\n<td style=\"font-style: inherit; font-weight: 500;\">\n<p style=\"font-style: inherit; font-weight: inherit;\">Perkrovimas<\/p>\n<\/td>\n<td style=\"font-style: inherit; font-weight: 500;\">\n<p style=\"font-style: inherit; font-weight: inherit;\">Programuojamo sistemos perkrovimo laiko funkcija<\/p>\n<\/td>\n<\/tr>\n<tr>\n<td style=\"font-style: inherit; font-weight: 500;\">\n<p style=\"font-style: inherit; font-weight: inherit;\">Spalva<\/p>\n<\/td>\n<td style=\"font-style: inherit; font-weight: 500;\">\n<p style=\"font-style: inherit; font-weight: inherit;\">Tamsiai pilkas<\/p>\n<\/td>\n<\/tr>\n<tr>\n<td style=\"font-style: inherit; font-weight: 500;\">\n<p style=\"font-style: inherit; font-weight: inherit;\">Svoris<\/p>\n<\/td>\n<td style=\"font-style: inherit; font-weight: 500;\">\n<p style=\"font-style: inherit; font-weight: inherit;\">80g<\/p>\n<\/td>\n<\/tr>\n<tr>\n<td style=\"font-style: inherit; font-weight: 500;\">\n<p style=\"font-style: inherit; font-weight: inherit;\">I\u0161matavimai<\/p>\n<\/td>\n<td style=\"font-style: inherit; font-weight: 500;\">\n<p style=\"font-style: inherit; font-weight: inherit;\">45x124x19,64 mm<\/p>\n<\/td>\n<\/tr>\n<\/tbody>\n<\/table>\n","protected":false},"excerpt":{"rendered":"<ul>\n<li>Dur\u0173 kontroleris-skaitytuvas;<\/li>\n<li>Iki 512 korteli\u0173 savinink\u0173 \/ 256 \u012fvyki\u0173 atmintis;<\/li>\n<li>Tinklinis ry\u0161ys (Max. 255 dur\u0173)\u00a0per RS485;<\/li>\n<li>Atsparus dr\u0117gmei, tinkamas instaliavimui lauke (IP66);<\/li>\n<li>Reikalingas s\u0105sajos kontroleris norint kontroliuoti daugiau 16 vienet\u0173;<\/li>\n<li>Tiesioginis dur\u0173 u\u017erakto valdymas.<\/li>\n<\/ul>\n","protected":false},"featured_media":243,"template":"","meta":{"_monsterinsights_skip_tracking":false,"_monsterinsights_sitenote_active":false,"_monsterinsights_sitenote_note":"","_monsterinsights_sitenote_category":0},"product_brand":[],"product_cat":[24],"product_tag":[],"class_list":{"0":"post-244","1":"product","2":"type-product","3":"status-publish","4":"has-post-thumbnail","6":"product_cat-korteliu-skaitytuvai","8":"first","9":"instock","10":"shipping-taxable","11":"purchasable","12":"product-type-simple"},"yoast_head":"<!-- This site is optimized with the Yoast SEO plugin v27.4 - https:\/\/yoast.com\/product\/yoast-seo-wordpress\/ -->\n<title>Autonominis kontroleris - skaitytuvas RFL200C - Telefonspyn\u0117s Pra\u0117jimo kontrol\u0117<\/title>\n<meta name=\"description\" content=\"Dur\u0173 kontroleris-skaitytuvas;Iki 512 korteli\u0173 savinink\u0173 \/ 256 \u012fvyki\u0173 atmintis;\" \/>\n<meta name=\"robots\" content=\"index, follow, max-snippet:-1, max-image-preview:large, max-video-preview:-1\" \/>\n<link rel=\"canonical\" href=\"https:\/\/domofonas.lt\/index.php\/product\/autonominis-kontroleris-skaitytuvas-rfl200c\/\" \/>\n<meta property=\"og:locale\" content=\"lt_LT\" \/>\n<meta property=\"og:type\" content=\"article\" \/>\n<meta property=\"og:title\" content=\"Autonominis kontroleris - skaitytuvas RFL200C - Telefonspyn\u0117s Pra\u0117jimo kontrol\u0117\" \/>\n<meta property=\"og:description\" content=\"Dur\u0173 kontroleris-skaitytuvas;Iki 512 korteli\u0173 savinink\u0173 \/ 256 \u012fvyki\u0173 atmintis;\" \/>\n<meta property=\"og:url\" content=\"https:\/\/domofonas.lt\/index.php\/product\/autonominis-kontroleris-skaitytuvas-rfl200c\/\" \/>\n<meta property=\"og:site_name\" content=\"Telefonspyn\u0117s Pra\u0117jimo kontrol\u0117\" \/>\n<meta property=\"article:modified_time\" content=\"2020-12-11T16:56:59+00:00\" \/>\n<meta property=\"og:image\" content=\"https:\/\/domofonas.lt\/wp-content\/uploads\/2020\/12\/RFL200C.png\" \/>\n\t<meta property=\"og:image:width\" content=\"250\" \/>\n\t<meta property=\"og:image:height\" content=\"250\" \/>\n\t<meta property=\"og:image:type\" content=\"image\/png\" \/>\n<meta name=\"twitter:card\" content=\"summary_large_image\" \/>\n<meta name=\"twitter:label1\" content=\"Est. reading time\" \/>\n\t<meta name=\"twitter:data1\" content=\"1 minut\u0117\" \/>\n<script type=\"application\/ld+json\" class=\"yoast-schema-graph\">{\"@context\":\"https:\\\/\\\/schema.org\",\"@graph\":[{\"@type\":\"WebPage\",\"@id\":\"https:\\\/\\\/domofonas.lt\\\/index.php\\\/product\\\/autonominis-kontroleris-skaitytuvas-rfl200c\\\/\",\"url\":\"https:\\\/\\\/domofonas.lt\\\/index.php\\\/product\\\/autonominis-kontroleris-skaitytuvas-rfl200c\\\/\",\"name\":\"Autonominis kontroleris - skaitytuvas RFL200C - Telefonspyn\u0117s Pra\u0117jimo kontrol\u0117\",\"isPartOf\":{\"@id\":\"https:\\\/\\\/domofonas.lt\\\/#website\"},\"primaryImageOfPage\":{\"@id\":\"https:\\\/\\\/domofonas.lt\\\/index.php\\\/product\\\/autonominis-kontroleris-skaitytuvas-rfl200c\\\/#primaryimage\"},\"image\":{\"@id\":\"https:\\\/\\\/domofonas.lt\\\/index.php\\\/product\\\/autonominis-kontroleris-skaitytuvas-rfl200c\\\/#primaryimage\"},\"thumbnailUrl\":\"https:\\\/\\\/domofonas.lt\\\/wp-content\\\/uploads\\\/2020\\\/12\\\/RFL200C.png\",\"datePublished\":\"2020-12-11T15:31:35+00:00\",\"dateModified\":\"2020-12-11T16:56:59+00:00\",\"description\":\"Dur\u0173 kontroleris-skaitytuvas;Iki 512 korteli\u0173 savinink\u0173 \\\/ 256 \u012fvyki\u0173 atmintis;\",\"breadcrumb\":{\"@id\":\"https:\\\/\\\/domofonas.lt\\\/index.php\\\/product\\\/autonominis-kontroleris-skaitytuvas-rfl200c\\\/#breadcrumb\"},\"inLanguage\":\"lt-LT\",\"potentialAction\":[{\"@type\":\"ReadAction\",\"target\":[\"https:\\\/\\\/domofonas.lt\\\/index.php\\\/product\\\/autonominis-kontroleris-skaitytuvas-rfl200c\\\/\"]}]},{\"@type\":\"ImageObject\",\"inLanguage\":\"lt-LT\",\"@id\":\"https:\\\/\\\/domofonas.lt\\\/index.php\\\/product\\\/autonominis-kontroleris-skaitytuvas-rfl200c\\\/#primaryimage\",\"url\":\"https:\\\/\\\/domofonas.lt\\\/wp-content\\\/uploads\\\/2020\\\/12\\\/RFL200C.png\",\"contentUrl\":\"https:\\\/\\\/domofonas.lt\\\/wp-content\\\/uploads\\\/2020\\\/12\\\/RFL200C.png\",\"width\":250,\"height\":250,\"caption\":\"Autonominis kontroleris &#8211; skaitytuvas RFL200C\"},{\"@type\":\"BreadcrumbList\",\"@id\":\"https:\\\/\\\/domofonas.lt\\\/index.php\\\/product\\\/autonominis-kontroleris-skaitytuvas-rfl200c\\\/#breadcrumb\",\"itemListElement\":[{\"@type\":\"ListItem\",\"position\":1,\"name\":\"Home\",\"item\":\"https:\\\/\\\/domofonas.lt\\\/\"},{\"@type\":\"ListItem\",\"position\":2,\"name\":\"Autonominis kontroleris &#8211; skaitytuvas RFL200C\"}]},{\"@type\":\"WebSite\",\"@id\":\"https:\\\/\\\/domofonas.lt\\\/#website\",\"url\":\"https:\\\/\\\/domofonas.lt\\\/\",\"name\":\"Telefonspyn\u0117s Pra\u0117jimo kontrol\u0117\",\"description\":\"\u012erengimas Montavimas\",\"publisher\":{\"@id\":\"https:\\\/\\\/domofonas.lt\\\/#organization\"},\"potentialAction\":[{\"@type\":\"SearchAction\",\"target\":{\"@type\":\"EntryPoint\",\"urlTemplate\":\"https:\\\/\\\/domofonas.lt\\\/?s={search_term_string}\"},\"query-input\":{\"@type\":\"PropertyValueSpecification\",\"valueRequired\":true,\"valueName\":\"search_term_string\"}}],\"inLanguage\":\"lt-LT\"},{\"@type\":\"Organization\",\"@id\":\"https:\\\/\\\/domofonas.lt\\\/#organization\",\"name\":\"Telefonspyn\u0117s Pra\u0117jimo kontrol\u0117\",\"url\":\"https:\\\/\\\/domofonas.lt\\\/\",\"logo\":{\"@type\":\"ImageObject\",\"inLanguage\":\"lt-LT\",\"@id\":\"https:\\\/\\\/domofonas.lt\\\/#\\\/schema\\\/logo\\\/image\\\/\",\"url\":\"https:\\\/\\\/domofonas.lt\\\/wp-content\\\/uploads\\\/2020\\\/12\\\/cropped-cropped-paradox_ssg-Max-Quality__1_-removebg-preview.png\",\"contentUrl\":\"https:\\\/\\\/domofonas.lt\\\/wp-content\\\/uploads\\\/2020\\\/12\\\/cropped-cropped-paradox_ssg-Max-Quality__1_-removebg-preview.png\",\"width\":250,\"height\":70,\"caption\":\"Telefonspyn\u0117s  Pra\u0117jimo kontrol\u0117\"},\"image\":{\"@id\":\"https:\\\/\\\/domofonas.lt\\\/#\\\/schema\\\/logo\\\/image\\\/\"}}]}<\/script>\n<!-- \/ Yoast SEO plugin. -->","yoast_head_json":{"title":"Autonominis kontroleris - skaitytuvas RFL200C - Telefonspyn\u0117s Pra\u0117jimo kontrol\u0117","description":"Dur\u0173 kontroleris-skaitytuvas;Iki 512 korteli\u0173 savinink\u0173 \/ 256 \u012fvyki\u0173 atmintis;","robots":{"index":"index","follow":"follow","max-snippet":"max-snippet:-1","max-image-preview":"max-image-preview:large","max-video-preview":"max-video-preview:-1"},"canonical":"https:\/\/domofonas.lt\/index.php\/product\/autonominis-kontroleris-skaitytuvas-rfl200c\/","og_locale":"lt_LT","og_type":"article","og_title":"Autonominis kontroleris - skaitytuvas RFL200C - Telefonspyn\u0117s Pra\u0117jimo kontrol\u0117","og_description":"Dur\u0173 kontroleris-skaitytuvas;Iki 512 korteli\u0173 savinink\u0173 \/ 256 \u012fvyki\u0173 atmintis;","og_url":"https:\/\/domofonas.lt\/index.php\/product\/autonominis-kontroleris-skaitytuvas-rfl200c\/","og_site_name":"Telefonspyn\u0117s Pra\u0117jimo kontrol\u0117","article_modified_time":"2020-12-11T16:56:59+00:00","og_image":[{"width":250,"height":250,"url":"https:\/\/domofonas.lt\/wp-content\/uploads\/2020\/12\/RFL200C.png","type":"image\/png"}],"twitter_card":"summary_large_image","twitter_misc":{"Est. reading time":"1 minut\u0117"},"schema":{"@context":"https:\/\/schema.org","@graph":[{"@type":"WebPage","@id":"https:\/\/domofonas.lt\/index.php\/product\/autonominis-kontroleris-skaitytuvas-rfl200c\/","url":"https:\/\/domofonas.lt\/index.php\/product\/autonominis-kontroleris-skaitytuvas-rfl200c\/","name":"Autonominis kontroleris - skaitytuvas RFL200C - Telefonspyn\u0117s Pra\u0117jimo kontrol\u0117","isPartOf":{"@id":"https:\/\/domofonas.lt\/#website"},"primaryImageOfPage":{"@id":"https:\/\/domofonas.lt\/index.php\/product\/autonominis-kontroleris-skaitytuvas-rfl200c\/#primaryimage"},"image":{"@id":"https:\/\/domofonas.lt\/index.php\/product\/autonominis-kontroleris-skaitytuvas-rfl200c\/#primaryimage"},"thumbnailUrl":"https:\/\/domofonas.lt\/wp-content\/uploads\/2020\/12\/RFL200C.png","datePublished":"2020-12-11T15:31:35+00:00","dateModified":"2020-12-11T16:56:59+00:00","description":"Dur\u0173 kontroleris-skaitytuvas;Iki 512 korteli\u0173 savinink\u0173 \/ 256 \u012fvyki\u0173 atmintis;","breadcrumb":{"@id":"https:\/\/domofonas.lt\/index.php\/product\/autonominis-kontroleris-skaitytuvas-rfl200c\/#breadcrumb"},"inLanguage":"lt-LT","potentialAction":[{"@type":"ReadAction","target":["https:\/\/domofonas.lt\/index.php\/product\/autonominis-kontroleris-skaitytuvas-rfl200c\/"]}]},{"@type":"ImageObject","inLanguage":"lt-LT","@id":"https:\/\/domofonas.lt\/index.php\/product\/autonominis-kontroleris-skaitytuvas-rfl200c\/#primaryimage","url":"https:\/\/domofonas.lt\/wp-content\/uploads\/2020\/12\/RFL200C.png","contentUrl":"https:\/\/domofonas.lt\/wp-content\/uploads\/2020\/12\/RFL200C.png","width":250,"height":250,"caption":"Autonominis kontroleris &#8211; skaitytuvas RFL200C"},{"@type":"BreadcrumbList","@id":"https:\/\/domofonas.lt\/index.php\/product\/autonominis-kontroleris-skaitytuvas-rfl200c\/#breadcrumb","itemListElement":[{"@type":"ListItem","position":1,"name":"Home","item":"https:\/\/domofonas.lt\/"},{"@type":"ListItem","position":2,"name":"Autonominis kontroleris &#8211; skaitytuvas RFL200C"}]},{"@type":"WebSite","@id":"https:\/\/domofonas.lt\/#website","url":"https:\/\/domofonas.lt\/","name":"Telefonspyn\u0117s Pra\u0117jimo kontrol\u0117","description":"\u012erengimas Montavimas","publisher":{"@id":"https:\/\/domofonas.lt\/#organization"},"potentialAction":[{"@type":"SearchAction","target":{"@type":"EntryPoint","urlTemplate":"https:\/\/domofonas.lt\/?s={search_term_string}"},"query-input":{"@type":"PropertyValueSpecification","valueRequired":true,"valueName":"search_term_string"}}],"inLanguage":"lt-LT"},{"@type":"Organization","@id":"https:\/\/domofonas.lt\/#organization","name":"Telefonspyn\u0117s Pra\u0117jimo kontrol\u0117","url":"https:\/\/domofonas.lt\/","logo":{"@type":"ImageObject","inLanguage":"lt-LT","@id":"https:\/\/domofonas.lt\/#\/schema\/logo\/image\/","url":"https:\/\/domofonas.lt\/wp-content\/uploads\/2020\/12\/cropped-cropped-paradox_ssg-Max-Quality__1_-removebg-preview.png","contentUrl":"https:\/\/domofonas.lt\/wp-content\/uploads\/2020\/12\/cropped-cropped-paradox_ssg-Max-Quality__1_-removebg-preview.png","width":250,"height":70,"caption":"Telefonspyn\u0117s  Pra\u0117jimo kontrol\u0117"},"image":{"@id":"https:\/\/domofonas.lt\/#\/schema\/logo\/image\/"}}]}},"jetpack_sharing_enabled":true,"_links":{"self":[{"href":"https:\/\/domofonas.lt\/index.php\/wp-json\/wp\/v2\/product\/244","targetHints":{"allow":["GET"]}}],"collection":[{"href":"https:\/\/domofonas.lt\/index.php\/wp-json\/wp\/v2\/product"}],"about":[{"href":"https:\/\/domofonas.lt\/index.php\/wp-json\/wp\/v2\/types\/product"}],"wp:featuredmedia":[{"embeddable":true,"href":"https:\/\/domofonas.lt\/index.php\/wp-json\/wp\/v2\/media\/243"}],"wp:attachment":[{"href":"https:\/\/domofonas.lt\/index.php\/wp-json\/wp\/v2\/media?parent=244"}],"wp:term":[{"taxonomy":"product_brand","embeddable":true,"href":"https:\/\/domofonas.lt\/index.php\/wp-json\/wp\/v2\/product_brand?post=244"},{"taxonomy":"product_cat","embeddable":true,"href":"https:\/\/domofonas.lt\/index.php\/wp-json\/wp\/v2\/product_cat?post=244"},{"taxonomy":"product_tag","embeddable":true,"href":"https:\/\/domofonas.lt\/index.php\/wp-json\/wp\/v2\/product_tag?post=244"}],"curies":[{"name":"wp","href":"https:\/\/api.w.org\/{rel}","templated":true}]}}