{"id":242,"date":"2020-12-11T15:31:35","date_gmt":"2020-12-11T15:31:35","guid":{"rendered":"http:\/\/domofonas.lt\/index.php\/product\/veidu-atpazinimo-ir-karsciavimo-aptikimo-terminalas-hikvision-ds-k1t671tm-3xf\/"},"modified":"2020-12-11T16:49:52","modified_gmt":"2020-12-11T16:49:52","slug":"veidu-atpazinimo-ir-karsciavimo-aptikimo-terminalas-hikvision-ds-k1t671tm-3xf","status":"publish","type":"product","link":"https:\/\/domofonas.lt\/index.php\/product\/veidu-atpazinimo-ir-karsciavimo-aptikimo-terminalas-hikvision-ds-k1t671tm-3xf\/","title":{"rendered":"Veid\u0173 atpa\u017einimo ir kar\u0161\u010diavimo aptikimo terminalas Hikvision DS-K1T671TM-3XF"},"content":{"rendered":"<ul class=\"tech-specs-items-description\" data-target=\"Temperature measurement\">\n<li class=\"tech-specs-items-description-list\"><span class=\"tech-specs-items-description__title--heading\">Temperature measurement<\/span><\/li>\n<li class=\"tech-specs-items-description-list\"><span class=\"tech-specs-items-description__title\">Temperature range<\/span><span class=\"tech-specs-items-description__title-details\">30 \u00b0C to 45 \u00b0C (86 \u00b0F to 113 \u00b0F)<\/span><\/li>\n<li class=\"tech-specs-items-description-list\"><span class=\"tech-specs-items-description__title\">Sensor<\/span><span class=\"tech-specs-items-description__title-details\">Vanadium Oxide uncooled sensor<\/span><\/li>\n<li class=\"tech-specs-items-description-list\"><span class=\"tech-specs-items-description__title\">Resolution<\/span><span class=\"tech-specs-items-description__title-details\">120 \u00d7 160<\/span><\/li>\n<li class=\"tech-specs-items-description-list\"><span class=\"tech-specs-items-description__title\">Frame rate<\/span><span class=\"tech-specs-items-description__title-details\">25 fps<\/span><\/li>\n<li class=\"tech-specs-items-description-list\"><span class=\"tech-specs-items-description__title\">Measurement accuracy<\/span><span class=\"tech-specs-items-description__title-details\">0.1 \u00b0C<\/span><\/li>\n<li class=\"tech-specs-items-description-list\"><span class=\"tech-specs-items-description__title\">Measurement deviation<\/span><span class=\"tech-specs-items-description__title-details\">\u00b1 0.5 \u00b0C, without black body calibration<\/span><\/li>\n<li class=\"tech-specs-items-description-list\"><span class=\"tech-specs-items-description__title\">Measuring distance<\/span><span class=\"tech-specs-items-description__title-details\">0.3 to 2 m<\/span><\/li>\n<\/ul>\n<ul class=\"tech-specs-items-description\" data-target=\"Screen\">\n<li class=\"tech-specs-items-description-list\"><span class=\"tech-specs-items-description__title--heading\">Screen<\/span><\/li>\n<li class=\"tech-specs-items-description-list\"><span class=\"tech-specs-items-description__title\">Size<\/span><span class=\"tech-specs-items-description__title-details\">7-inch<\/span><\/li>\n<li class=\"tech-specs-items-description-list\"><span class=\"tech-specs-items-description__title\">Type<\/span><span class=\"tech-specs-items-description__title-details\">Touch screen<\/span><\/li>\n<li class=\"tech-specs-items-description-list\"><span class=\"tech-specs-items-description__title\">Operation method<\/span><span class=\"tech-specs-items-description__title-details\">Touch screen<\/span><\/li>\n<\/ul>\n<ul class=\"tech-specs-items-description\" data-target=\"Camera\">\n<li class=\"tech-specs-items-description-list\"><span class=\"tech-specs-items-description__title--heading\">Camera<\/span><\/li>\n<li class=\"tech-specs-items-description-list\"><span class=\"tech-specs-items-description__title\">Pixel<\/span><span class=\"tech-specs-items-description__title-details\">2 MP<\/span><\/li>\n<li class=\"tech-specs-items-description-list\"><span class=\"tech-specs-items-description__title\">Lens<\/span><span class=\"tech-specs-items-description__title-details\">Dual-lens<\/span><\/li>\n<\/ul>\n<ul class=\"tech-specs-items-description\" data-target=\"Network\">\n<li class=\"tech-specs-items-description-list\"><span class=\"tech-specs-items-description__title--heading\">Network<\/span><\/li>\n<li class=\"tech-specs-items-description-list\"><span class=\"tech-specs-items-description__title\">Wired network<\/span><span class=\"tech-specs-items-description__title-details\">Support, 10\/100\/1000 Mbps self-adaptive<\/span><\/li>\n<\/ul>\n<ul class=\"tech-specs-items-description\" data-target=\"Interface\">\n<li class=\"tech-specs-items-description-list\"><span class=\"tech-specs-items-description__title--heading\">Interface<\/span><\/li>\n<li class=\"tech-specs-items-description-list\"><span class=\"tech-specs-items-description__title\">Network interface<\/span><span class=\"tech-specs-items-description__title-details\">1<\/span><\/li>\n<li class=\"tech-specs-items-description-list\"><span class=\"tech-specs-items-description__title\">Lock output<\/span><span class=\"tech-specs-items-description__title-details\">1<\/span><\/li>\n<li class=\"tech-specs-items-description-list\"><span class=\"tech-specs-items-description__title\">Exit button<\/span><span class=\"tech-specs-items-description__title-details\">1<\/span><\/li>\n<li class=\"tech-specs-items-description-list\"><span class=\"tech-specs-items-description__title\">Door contact input<\/span><span class=\"tech-specs-items-description__title-details\">1<\/span><\/li>\n<\/ul>\n<ul class=\"tech-specs-items-description\" data-target=\"Authentication\">\n<li class=\"tech-specs-items-description-list\"><span class=\"tech-specs-items-description__title--heading\">Authentication<\/span><\/li>\n<li class=\"tech-specs-items-description-list\"><span class=\"tech-specs-items-description__title\">Card type<\/span><span class=\"tech-specs-items-description__title-details\">Mifare 1 card<\/span><\/li>\n<\/ul>\n<ul class=\"tech-specs-items-description\" data-target=\"Function\">\n<li class=\"tech-specs-items-description-list\"><span class=\"tech-specs-items-description__title--heading\">Function<\/span><\/li>\n<li class=\"tech-specs-items-description-list\"><span class=\"tech-specs-items-description__title\">Face anti-spoofing<\/span><span class=\"tech-specs-items-description__title-details\">Support<\/span><\/li>\n<li class=\"tech-specs-items-description-list\"><span class=\"tech-specs-items-description__title\">Audio prompt<\/span><span class=\"tech-specs-items-description__title-details\">Support<\/span><\/li>\n<\/ul>\n<ul class=\"tech-specs-items-description\" data-target=\"Others\">\n<li class=\"tech-specs-items-description-list\"><span class=\"tech-specs-items-description__title--heading\">Others<\/span><\/li>\n<li class=\"tech-specs-items-description-list\"><span class=\"tech-specs-items-description__title\">Working temperature<\/span><span class=\"tech-specs-items-description__title-details\">0 \u00b0C to 50 \u00b0C (32 \u00b0F to 122 \u00b0F) For temperature measurement: 10 \u00b0C to 35 \u00b0C (50 \u00b0F to 95 \u00b0F)<\/span><\/li>\n<li class=\"tech-specs-items-description-list\"><span class=\"tech-specs-items-description__title\">Working humidity<\/span><span class=\"tech-specs-items-description__title-details\">10 to 90% (No condensing)<\/span><\/li>\n<li class=\"tech-specs-items-description-list\"><span class=\"tech-specs-items-description__title\">Application environment<\/span><span class=\"tech-specs-items-description__title-details\">Indoor and windless environment use only<\/span><\/li>\n<\/ul>\n","protected":false},"excerpt":{"rendered":"<ul class=\"product_description_item-list\">\n<li class=\"product_description_item\">Temperat\u016bros ribos: 30 \u00b0C ~ 45 \u00b0C, tikslumas: 0.1 \u00b0C<\/li>\n<li class=\"product_description_item\">\u012evair\u016bs autentifikavimo re\u017eimai: kortel\u0117 ir temperat\u016bra, veidas ir temperat\u016bra ir t.t.<\/li>\n<li class=\"product_description_item\">Veido kauk\u0117s dev\u0117jimo aliarmas<\/li>\n<li class=\"product_description_item\">Konfig\u016bruojamas dur\u0173 statusas, aptikus temperat\u016br\u0105<\/li>\n<li class=\"product_description_item\">Perduoda temparat\u016bros informacij\u0105 kliento \u012frangai per TCP\/IP<\/li>\n<li class=\"product_description_item\">Veido aptikimo trukm\u0117 0.2s, tikslumas ~99%<\/li>\n<li class=\"product_description_item\">50,000 veid\u0173, 50,000 korteli\u0173, 100,000 \u012fvyki\u0173<\/li>\n<li class=\"product_description_item\">Duomen\u0173 importas\/eksportas \u012f kliento programin\u0119 \u012frang\u0105<\/li>\n<\/ul>\n","protected":false},"featured_media":241,"template":"","meta":{"_monsterinsights_skip_tracking":false,"_monsterinsights_sitenote_active":false,"_monsterinsights_sitenote_note":"","_monsterinsights_sitenote_category":0},"product_brand":[],"product_cat":[19],"product_tag":[34,31],"class_list":{"0":"post-242","1":"product","2":"type-product","3":"status-publish","4":"has-post-thumbnail","6":"product_cat-pirstu-antspaudu-veido-skaitytuvai","7":"product_tag-hikvision","8":"product_tag-praejimo-kontrole","10":"first","11":"instock","12":"shipping-taxable","13":"purchasable","14":"product-type-simple"},"yoast_head":"<!-- This site is optimized with the Yoast SEO plugin v27.4 - https:\/\/yoast.com\/product\/yoast-seo-wordpress\/ -->\n<title>Veid\u0173 atpa\u017einimo ir kar\u0161\u010diavimo aptikimo terminalas Hikvision DS-K1T671TM-3XF - Telefonspyn\u0117s Pra\u0117jimo kontrol\u0117<\/title>\n<meta name=\"description\" content=\"Temperat\u016bros ribos: 30 \u00b0C ~ 45 \u00b0C, tikslumas: 0.1 \u00b0C\u012evair\u016bs autentifikavimo re\u017eimai: kortel\u0117 ir temperat\u016bra, veidas ir temperat\u016bra ir t.t.\" \/>\n<meta name=\"robots\" content=\"index, follow, max-snippet:-1, max-image-preview:large, max-video-preview:-1\" \/>\n<link rel=\"canonical\" href=\"https:\/\/domofonas.lt\/index.php\/product\/veidu-atpazinimo-ir-karsciavimo-aptikimo-terminalas-hikvision-ds-k1t671tm-3xf\/\" \/>\n<meta property=\"og:locale\" content=\"lt_LT\" \/>\n<meta property=\"og:type\" content=\"article\" \/>\n<meta property=\"og:title\" content=\"Veid\u0173 atpa\u017einimo ir kar\u0161\u010diavimo aptikimo terminalas Hikvision DS-K1T671TM-3XF - Telefonspyn\u0117s Pra\u0117jimo kontrol\u0117\" \/>\n<meta property=\"og:description\" content=\"Temperat\u016bros ribos: 30 \u00b0C ~ 45 \u00b0C, tikslumas: 0.1 \u00b0C\u012evair\u016bs autentifikavimo re\u017eimai: kortel\u0117 ir temperat\u016bra, veidas ir temperat\u016bra ir t.t.\" \/>\n<meta property=\"og:url\" content=\"https:\/\/domofonas.lt\/index.php\/product\/veidu-atpazinimo-ir-karsciavimo-aptikimo-terminalas-hikvision-ds-k1t671tm-3xf\/\" \/>\n<meta property=\"og:site_name\" content=\"Telefonspyn\u0117s Pra\u0117jimo kontrol\u0117\" \/>\n<meta property=\"article:modified_time\" content=\"2020-12-11T16:49:52+00:00\" \/>\n<meta property=\"og:image\" content=\"https:\/\/domofonas.lt\/wp-content\/uploads\/2020\/12\/veidu-atpazinimo-ir-karsciavimo-aptikimo-terminalas-hikvision-ds-k1t671tm-3xf.jpg\" \/>\n\t<meta property=\"og:image:width\" content=\"800\" \/>\n\t<meta property=\"og:image:height\" content=\"850\" \/>\n\t<meta property=\"og:image:type\" content=\"image\/jpeg\" \/>\n<meta name=\"twitter:card\" content=\"summary_large_image\" \/>\n<script type=\"application\/ld+json\" class=\"yoast-schema-graph\">{\"@context\":\"https:\\\/\\\/schema.org\",\"@graph\":[{\"@type\":\"WebPage\",\"@id\":\"https:\\\/\\\/domofonas.lt\\\/index.php\\\/product\\\/veidu-atpazinimo-ir-karsciavimo-aptikimo-terminalas-hikvision-ds-k1t671tm-3xf\\\/\",\"url\":\"https:\\\/\\\/domofonas.lt\\\/index.php\\\/product\\\/veidu-atpazinimo-ir-karsciavimo-aptikimo-terminalas-hikvision-ds-k1t671tm-3xf\\\/\",\"name\":\"Veid\u0173 atpa\u017einimo ir kar\u0161\u010diavimo aptikimo terminalas Hikvision DS-K1T671TM-3XF - Telefonspyn\u0117s Pra\u0117jimo kontrol\u0117\",\"isPartOf\":{\"@id\":\"https:\\\/\\\/domofonas.lt\\\/#website\"},\"primaryImageOfPage\":{\"@id\":\"https:\\\/\\\/domofonas.lt\\\/index.php\\\/product\\\/veidu-atpazinimo-ir-karsciavimo-aptikimo-terminalas-hikvision-ds-k1t671tm-3xf\\\/#primaryimage\"},\"image\":{\"@id\":\"https:\\\/\\\/domofonas.lt\\\/index.php\\\/product\\\/veidu-atpazinimo-ir-karsciavimo-aptikimo-terminalas-hikvision-ds-k1t671tm-3xf\\\/#primaryimage\"},\"thumbnailUrl\":\"https:\\\/\\\/domofonas.lt\\\/wp-content\\\/uploads\\\/2020\\\/12\\\/veidu-atpazinimo-ir-karsciavimo-aptikimo-terminalas-hikvision-ds-k1t671tm-3xf.jpg\",\"datePublished\":\"2020-12-11T15:31:35+00:00\",\"dateModified\":\"2020-12-11T16:49:52+00:00\",\"description\":\"Temperat\u016bros ribos: 30 \u00b0C ~ 45 \u00b0C, tikslumas: 0.1 \u00b0C\u012evair\u016bs autentifikavimo re\u017eimai: kortel\u0117 ir temperat\u016bra, veidas ir temperat\u016bra ir t.t.\",\"breadcrumb\":{\"@id\":\"https:\\\/\\\/domofonas.lt\\\/index.php\\\/product\\\/veidu-atpazinimo-ir-karsciavimo-aptikimo-terminalas-hikvision-ds-k1t671tm-3xf\\\/#breadcrumb\"},\"inLanguage\":\"lt-LT\",\"potentialAction\":[{\"@type\":\"ReadAction\",\"target\":[\"https:\\\/\\\/domofonas.lt\\\/index.php\\\/product\\\/veidu-atpazinimo-ir-karsciavimo-aptikimo-terminalas-hikvision-ds-k1t671tm-3xf\\\/\"]}]},{\"@type\":\"ImageObject\",\"inLanguage\":\"lt-LT\",\"@id\":\"https:\\\/\\\/domofonas.lt\\\/index.php\\\/product\\\/veidu-atpazinimo-ir-karsciavimo-aptikimo-terminalas-hikvision-ds-k1t671tm-3xf\\\/#primaryimage\",\"url\":\"https:\\\/\\\/domofonas.lt\\\/wp-content\\\/uploads\\\/2020\\\/12\\\/veidu-atpazinimo-ir-karsciavimo-aptikimo-terminalas-hikvision-ds-k1t671tm-3xf.jpg\",\"contentUrl\":\"https:\\\/\\\/domofonas.lt\\\/wp-content\\\/uploads\\\/2020\\\/12\\\/veidu-atpazinimo-ir-karsciavimo-aptikimo-terminalas-hikvision-ds-k1t671tm-3xf.jpg\",\"width\":800,\"height\":850,\"caption\":\"Veid\u0173 atpa\u017einimo ir kar\u0161\u010diavimo aptikimo terminalas Hikvision DS-K1T671TM-3XF\"},{\"@type\":\"BreadcrumbList\",\"@id\":\"https:\\\/\\\/domofonas.lt\\\/index.php\\\/product\\\/veidu-atpazinimo-ir-karsciavimo-aptikimo-terminalas-hikvision-ds-k1t671tm-3xf\\\/#breadcrumb\",\"itemListElement\":[{\"@type\":\"ListItem\",\"position\":1,\"name\":\"Home\",\"item\":\"https:\\\/\\\/domofonas.lt\\\/\"},{\"@type\":\"ListItem\",\"position\":2,\"name\":\"Veid\u0173 atpa\u017einimo ir kar\u0161\u010diavimo aptikimo terminalas Hikvision DS-K1T671TM-3XF\"}]},{\"@type\":\"WebSite\",\"@id\":\"https:\\\/\\\/domofonas.lt\\\/#website\",\"url\":\"https:\\\/\\\/domofonas.lt\\\/\",\"name\":\"Telefonspyn\u0117s Pra\u0117jimo kontrol\u0117\",\"description\":\"\u012erengimas Montavimas\",\"publisher\":{\"@id\":\"https:\\\/\\\/domofonas.lt\\\/#organization\"},\"potentialAction\":[{\"@type\":\"SearchAction\",\"target\":{\"@type\":\"EntryPoint\",\"urlTemplate\":\"https:\\\/\\\/domofonas.lt\\\/?s={search_term_string}\"},\"query-input\":{\"@type\":\"PropertyValueSpecification\",\"valueRequired\":true,\"valueName\":\"search_term_string\"}}],\"inLanguage\":\"lt-LT\"},{\"@type\":\"Organization\",\"@id\":\"https:\\\/\\\/domofonas.lt\\\/#organization\",\"name\":\"Telefonspyn\u0117s Pra\u0117jimo kontrol\u0117\",\"url\":\"https:\\\/\\\/domofonas.lt\\\/\",\"logo\":{\"@type\":\"ImageObject\",\"inLanguage\":\"lt-LT\",\"@id\":\"https:\\\/\\\/domofonas.lt\\\/#\\\/schema\\\/logo\\\/image\\\/\",\"url\":\"https:\\\/\\\/domofonas.lt\\\/wp-content\\\/uploads\\\/2020\\\/12\\\/cropped-cropped-paradox_ssg-Max-Quality__1_-removebg-preview.png\",\"contentUrl\":\"https:\\\/\\\/domofonas.lt\\\/wp-content\\\/uploads\\\/2020\\\/12\\\/cropped-cropped-paradox_ssg-Max-Quality__1_-removebg-preview.png\",\"width\":250,\"height\":70,\"caption\":\"Telefonspyn\u0117s  Pra\u0117jimo kontrol\u0117\"},\"image\":{\"@id\":\"https:\\\/\\\/domofonas.lt\\\/#\\\/schema\\\/logo\\\/image\\\/\"}}]}<\/script>\n<!-- \/ Yoast SEO plugin. -->","yoast_head_json":{"title":"Veid\u0173 atpa\u017einimo ir kar\u0161\u010diavimo aptikimo terminalas Hikvision DS-K1T671TM-3XF - Telefonspyn\u0117s Pra\u0117jimo kontrol\u0117","description":"Temperat\u016bros ribos: 30 \u00b0C ~ 45 \u00b0C, tikslumas: 0.1 \u00b0C\u012evair\u016bs autentifikavimo re\u017eimai: kortel\u0117 ir temperat\u016bra, veidas ir temperat\u016bra ir t.t.","robots":{"index":"index","follow":"follow","max-snippet":"max-snippet:-1","max-image-preview":"max-image-preview:large","max-video-preview":"max-video-preview:-1"},"canonical":"https:\/\/domofonas.lt\/index.php\/product\/veidu-atpazinimo-ir-karsciavimo-aptikimo-terminalas-hikvision-ds-k1t671tm-3xf\/","og_locale":"lt_LT","og_type":"article","og_title":"Veid\u0173 atpa\u017einimo ir kar\u0161\u010diavimo aptikimo terminalas Hikvision DS-K1T671TM-3XF - Telefonspyn\u0117s Pra\u0117jimo kontrol\u0117","og_description":"Temperat\u016bros ribos: 30 \u00b0C ~ 45 \u00b0C, tikslumas: 0.1 \u00b0C\u012evair\u016bs autentifikavimo re\u017eimai: kortel\u0117 ir temperat\u016bra, veidas ir temperat\u016bra ir t.t.","og_url":"https:\/\/domofonas.lt\/index.php\/product\/veidu-atpazinimo-ir-karsciavimo-aptikimo-terminalas-hikvision-ds-k1t671tm-3xf\/","og_site_name":"Telefonspyn\u0117s Pra\u0117jimo kontrol\u0117","article_modified_time":"2020-12-11T16:49:52+00:00","og_image":[{"width":800,"height":850,"url":"https:\/\/domofonas.lt\/wp-content\/uploads\/2020\/12\/veidu-atpazinimo-ir-karsciavimo-aptikimo-terminalas-hikvision-ds-k1t671tm-3xf.jpg","type":"image\/jpeg"}],"twitter_card":"summary_large_image","schema":{"@context":"https:\/\/schema.org","@graph":[{"@type":"WebPage","@id":"https:\/\/domofonas.lt\/index.php\/product\/veidu-atpazinimo-ir-karsciavimo-aptikimo-terminalas-hikvision-ds-k1t671tm-3xf\/","url":"https:\/\/domofonas.lt\/index.php\/product\/veidu-atpazinimo-ir-karsciavimo-aptikimo-terminalas-hikvision-ds-k1t671tm-3xf\/","name":"Veid\u0173 atpa\u017einimo ir kar\u0161\u010diavimo aptikimo terminalas Hikvision DS-K1T671TM-3XF - Telefonspyn\u0117s Pra\u0117jimo kontrol\u0117","isPartOf":{"@id":"https:\/\/domofonas.lt\/#website"},"primaryImageOfPage":{"@id":"https:\/\/domofonas.lt\/index.php\/product\/veidu-atpazinimo-ir-karsciavimo-aptikimo-terminalas-hikvision-ds-k1t671tm-3xf\/#primaryimage"},"image":{"@id":"https:\/\/domofonas.lt\/index.php\/product\/veidu-atpazinimo-ir-karsciavimo-aptikimo-terminalas-hikvision-ds-k1t671tm-3xf\/#primaryimage"},"thumbnailUrl":"https:\/\/domofonas.lt\/wp-content\/uploads\/2020\/12\/veidu-atpazinimo-ir-karsciavimo-aptikimo-terminalas-hikvision-ds-k1t671tm-3xf.jpg","datePublished":"2020-12-11T15:31:35+00:00","dateModified":"2020-12-11T16:49:52+00:00","description":"Temperat\u016bros ribos: 30 \u00b0C ~ 45 \u00b0C, tikslumas: 0.1 \u00b0C\u012evair\u016bs autentifikavimo re\u017eimai: kortel\u0117 ir temperat\u016bra, veidas ir temperat\u016bra ir t.t.","breadcrumb":{"@id":"https:\/\/domofonas.lt\/index.php\/product\/veidu-atpazinimo-ir-karsciavimo-aptikimo-terminalas-hikvision-ds-k1t671tm-3xf\/#breadcrumb"},"inLanguage":"lt-LT","potentialAction":[{"@type":"ReadAction","target":["https:\/\/domofonas.lt\/index.php\/product\/veidu-atpazinimo-ir-karsciavimo-aptikimo-terminalas-hikvision-ds-k1t671tm-3xf\/"]}]},{"@type":"ImageObject","inLanguage":"lt-LT","@id":"https:\/\/domofonas.lt\/index.php\/product\/veidu-atpazinimo-ir-karsciavimo-aptikimo-terminalas-hikvision-ds-k1t671tm-3xf\/#primaryimage","url":"https:\/\/domofonas.lt\/wp-content\/uploads\/2020\/12\/veidu-atpazinimo-ir-karsciavimo-aptikimo-terminalas-hikvision-ds-k1t671tm-3xf.jpg","contentUrl":"https:\/\/domofonas.lt\/wp-content\/uploads\/2020\/12\/veidu-atpazinimo-ir-karsciavimo-aptikimo-terminalas-hikvision-ds-k1t671tm-3xf.jpg","width":800,"height":850,"caption":"Veid\u0173 atpa\u017einimo ir kar\u0161\u010diavimo aptikimo terminalas Hikvision DS-K1T671TM-3XF"},{"@type":"BreadcrumbList","@id":"https:\/\/domofonas.lt\/index.php\/product\/veidu-atpazinimo-ir-karsciavimo-aptikimo-terminalas-hikvision-ds-k1t671tm-3xf\/#breadcrumb","itemListElement":[{"@type":"ListItem","position":1,"name":"Home","item":"https:\/\/domofonas.lt\/"},{"@type":"ListItem","position":2,"name":"Veid\u0173 atpa\u017einimo ir kar\u0161\u010diavimo aptikimo terminalas Hikvision DS-K1T671TM-3XF"}]},{"@type":"WebSite","@id":"https:\/\/domofonas.lt\/#website","url":"https:\/\/domofonas.lt\/","name":"Telefonspyn\u0117s Pra\u0117jimo kontrol\u0117","description":"\u012erengimas Montavimas","publisher":{"@id":"https:\/\/domofonas.lt\/#organization"},"potentialAction":[{"@type":"SearchAction","target":{"@type":"EntryPoint","urlTemplate":"https:\/\/domofonas.lt\/?s={search_term_string}"},"query-input":{"@type":"PropertyValueSpecification","valueRequired":true,"valueName":"search_term_string"}}],"inLanguage":"lt-LT"},{"@type":"Organization","@id":"https:\/\/domofonas.lt\/#organization","name":"Telefonspyn\u0117s Pra\u0117jimo kontrol\u0117","url":"https:\/\/domofonas.lt\/","logo":{"@type":"ImageObject","inLanguage":"lt-LT","@id":"https:\/\/domofonas.lt\/#\/schema\/logo\/image\/","url":"https:\/\/domofonas.lt\/wp-content\/uploads\/2020\/12\/cropped-cropped-paradox_ssg-Max-Quality__1_-removebg-preview.png","contentUrl":"https:\/\/domofonas.lt\/wp-content\/uploads\/2020\/12\/cropped-cropped-paradox_ssg-Max-Quality__1_-removebg-preview.png","width":250,"height":70,"caption":"Telefonspyn\u0117s  Pra\u0117jimo kontrol\u0117"},"image":{"@id":"https:\/\/domofonas.lt\/#\/schema\/logo\/image\/"}}]}},"jetpack_sharing_enabled":true,"_links":{"self":[{"href":"https:\/\/domofonas.lt\/index.php\/wp-json\/wp\/v2\/product\/242","targetHints":{"allow":["GET"]}}],"collection":[{"href":"https:\/\/domofonas.lt\/index.php\/wp-json\/wp\/v2\/product"}],"about":[{"href":"https:\/\/domofonas.lt\/index.php\/wp-json\/wp\/v2\/types\/product"}],"wp:featuredmedia":[{"embeddable":true,"href":"https:\/\/domofonas.lt\/index.php\/wp-json\/wp\/v2\/media\/241"}],"wp:attachment":[{"href":"https:\/\/domofonas.lt\/index.php\/wp-json\/wp\/v2\/media?parent=242"}],"wp:term":[{"taxonomy":"product_brand","embeddable":true,"href":"https:\/\/domofonas.lt\/index.php\/wp-json\/wp\/v2\/product_brand?post=242"},{"taxonomy":"product_cat","embeddable":true,"href":"https:\/\/domofonas.lt\/index.php\/wp-json\/wp\/v2\/product_cat?post=242"},{"taxonomy":"product_tag","embeddable":true,"href":"https:\/\/domofonas.lt\/index.php\/wp-json\/wp\/v2\/product_tag?post=242"}],"curies":[{"name":"wp","href":"https:\/\/api.w.org\/{rel}","templated":true}]}}