{"id":240,"date":"2020-12-11T15:31:34","date_gmt":"2020-12-11T15:31:34","guid":{"rendered":"http:\/\/domofonas.lt\/index.php\/product\/universalus-kopijavimo-aparatas-125khz-1356-mhz-ssg-rw25p\/"},"modified":"2020-12-11T16:52:58","modified_gmt":"2020-12-11T16:52:58","slug":"universalus-kopijavimo-aparatas-125khz-1356-mhz-ssg-rw25p","status":"publish","type":"product","link":"https:\/\/domofonas.lt\/index.php\/product\/universalus-kopijavimo-aparatas-125khz-1356-mhz-ssg-rw25p\/","title":{"rendered":"Universalus kopijavimo aparatas 125KHz\/ 13,56 Mhz SSG-RW25P"},"content":{"rendered":"<p>Palaikomi da\u017eniai :<\/p>\n<p>HID &#8211; 125 Khz ( HID tipo kortel\u0117ms 26 bit\u0173 )<br \/>\nID-1000 Khz<br \/>\nID-875 Khz<br \/>\nID-750Khz<br \/>\nID-625 Khz<br \/>\nID-500 Khz<br \/>\nID-375 Khz<br \/>\nID-250 Khz<br \/>\nID-125 Khz<br \/>\nIC-13,56 Mhz<\/p>\n<p>USB s\u0105saja &#8211; TAIP<\/p>\n<p>Maitinimas : 4 AAA tipo elementai<\/p>\n<p>Nemokama programin\u0117 \u012frang\u0105 : Taip<\/p>\n<p>&nbsp;<\/p>\n","protected":false},"excerpt":{"rendered":"<p>Universalus kopijavimo aparatas skirtas pra\u0117jimo kontrol\u0117s korteli\u0173 kopijavimui .<\/p>\n<p>Palaiko standartinius protokolus, bei skirtingus da\u017enius.<\/p>\n<p>Turi pasijungimo prie kompiuterio programin\u0117s \u012frangos opcij\u0105 ( aktual\u0173 kopijuojant mifare tipo korteles )<\/p>\n","protected":false},"featured_media":239,"template":"","meta":{"_monsterinsights_skip_tracking":false,"_monsterinsights_sitenote_active":false,"_monsterinsights_sitenote_note":"","_monsterinsights_sitenote_category":0},"product_brand":[],"product_cat":[24],"product_tag":[],"class_list":{"0":"post-240","1":"product","2":"type-product","3":"status-publish","4":"has-post-thumbnail","6":"product_cat-korteliu-skaitytuvai","8":"first","9":"instock","10":"shipping-taxable","11":"purchasable","12":"product-type-simple"},"yoast_head":"<!-- This site is optimized with the Yoast SEO plugin v27.3 - https:\/\/yoast.com\/product\/yoast-seo-wordpress\/ -->\n<title>Universalus kopijavimo aparatas 125KHz\/ 13,56 Mhz SSG-RW25P - Telefonspyn\u0117s Pra\u0117jimo kontrol\u0117<\/title>\n<meta name=\"description\" content=\"Universalus kopijavimo aparatas skirtas pra\u0117jimo kontrol\u0117s korteli\u0173 kopijavimui .Palaiko standartinius protokolus, bei skirtingus da\u017enius.\" \/>\n<meta name=\"robots\" content=\"index, follow, max-snippet:-1, max-image-preview:large, max-video-preview:-1\" \/>\n<link rel=\"canonical\" href=\"https:\/\/domofonas.lt\/index.php\/product\/universalus-kopijavimo-aparatas-125khz-1356-mhz-ssg-rw25p\/\" \/>\n<meta property=\"og:locale\" content=\"lt_LT\" \/>\n<meta property=\"og:type\" content=\"article\" \/>\n<meta property=\"og:title\" content=\"Universalus kopijavimo aparatas 125KHz\/ 13,56 Mhz SSG-RW25P - Telefonspyn\u0117s Pra\u0117jimo kontrol\u0117\" \/>\n<meta property=\"og:description\" content=\"Universalus kopijavimo aparatas skirtas pra\u0117jimo kontrol\u0117s korteli\u0173 kopijavimui .Palaiko standartinius protokolus, bei skirtingus da\u017enius.\" \/>\n<meta property=\"og:url\" content=\"https:\/\/domofonas.lt\/index.php\/product\/universalus-kopijavimo-aparatas-125khz-1356-mhz-ssg-rw25p\/\" \/>\n<meta property=\"og:site_name\" content=\"Telefonspyn\u0117s Pra\u0117jimo kontrol\u0117\" \/>\n<meta property=\"article:modified_time\" content=\"2020-12-11T16:52:58+00:00\" \/>\n<meta property=\"og:image\" content=\"https:\/\/domofonas.lt\/wp-content\/uploads\/2020\/12\/RW-EM-ID.jpg\" \/>\n\t<meta property=\"og:image:width\" content=\"480\" \/>\n\t<meta property=\"og:image:height\" content=\"390\" \/>\n\t<meta property=\"og:image:type\" content=\"image\/jpeg\" \/>\n<meta name=\"twitter:card\" content=\"summary_large_image\" \/>\n<script type=\"application\/ld+json\" class=\"yoast-schema-graph\">{\"@context\":\"https:\\\/\\\/schema.org\",\"@graph\":[{\"@type\":\"WebPage\",\"@id\":\"https:\\\/\\\/domofonas.lt\\\/index.php\\\/product\\\/universalus-kopijavimo-aparatas-125khz-1356-mhz-ssg-rw25p\\\/\",\"url\":\"https:\\\/\\\/domofonas.lt\\\/index.php\\\/product\\\/universalus-kopijavimo-aparatas-125khz-1356-mhz-ssg-rw25p\\\/\",\"name\":\"Universalus kopijavimo aparatas 125KHz\\\/ 13,56 Mhz SSG-RW25P - Telefonspyn\u0117s Pra\u0117jimo kontrol\u0117\",\"isPartOf\":{\"@id\":\"https:\\\/\\\/domofonas.lt\\\/#website\"},\"primaryImageOfPage\":{\"@id\":\"https:\\\/\\\/domofonas.lt\\\/index.php\\\/product\\\/universalus-kopijavimo-aparatas-125khz-1356-mhz-ssg-rw25p\\\/#primaryimage\"},\"image\":{\"@id\":\"https:\\\/\\\/domofonas.lt\\\/index.php\\\/product\\\/universalus-kopijavimo-aparatas-125khz-1356-mhz-ssg-rw25p\\\/#primaryimage\"},\"thumbnailUrl\":\"https:\\\/\\\/domofonas.lt\\\/wp-content\\\/uploads\\\/2020\\\/12\\\/RW-EM-ID.jpg\",\"datePublished\":\"2020-12-11T15:31:34+00:00\",\"dateModified\":\"2020-12-11T16:52:58+00:00\",\"description\":\"Universalus kopijavimo aparatas skirtas pra\u0117jimo kontrol\u0117s korteli\u0173 kopijavimui .Palaiko standartinius protokolus, bei skirtingus da\u017enius.\",\"breadcrumb\":{\"@id\":\"https:\\\/\\\/domofonas.lt\\\/index.php\\\/product\\\/universalus-kopijavimo-aparatas-125khz-1356-mhz-ssg-rw25p\\\/#breadcrumb\"},\"inLanguage\":\"lt-LT\",\"potentialAction\":[{\"@type\":\"ReadAction\",\"target\":[\"https:\\\/\\\/domofonas.lt\\\/index.php\\\/product\\\/universalus-kopijavimo-aparatas-125khz-1356-mhz-ssg-rw25p\\\/\"]}]},{\"@type\":\"ImageObject\",\"inLanguage\":\"lt-LT\",\"@id\":\"https:\\\/\\\/domofonas.lt\\\/index.php\\\/product\\\/universalus-kopijavimo-aparatas-125khz-1356-mhz-ssg-rw25p\\\/#primaryimage\",\"url\":\"https:\\\/\\\/domofonas.lt\\\/wp-content\\\/uploads\\\/2020\\\/12\\\/RW-EM-ID.jpg\",\"contentUrl\":\"https:\\\/\\\/domofonas.lt\\\/wp-content\\\/uploads\\\/2020\\\/12\\\/RW-EM-ID.jpg\",\"width\":480,\"height\":390,\"caption\":\"Universalus kopijavimo aparatas 125KHz\\\/ 13,56 Mhz SSG-RW25P\"},{\"@type\":\"BreadcrumbList\",\"@id\":\"https:\\\/\\\/domofonas.lt\\\/index.php\\\/product\\\/universalus-kopijavimo-aparatas-125khz-1356-mhz-ssg-rw25p\\\/#breadcrumb\",\"itemListElement\":[{\"@type\":\"ListItem\",\"position\":1,\"name\":\"Home\",\"item\":\"https:\\\/\\\/domofonas.lt\\\/\"},{\"@type\":\"ListItem\",\"position\":2,\"name\":\"Universalus kopijavimo aparatas 125KHz\\\/ 13,56 Mhz SSG-RW25P\"}]},{\"@type\":\"WebSite\",\"@id\":\"https:\\\/\\\/domofonas.lt\\\/#website\",\"url\":\"https:\\\/\\\/domofonas.lt\\\/\",\"name\":\"Telefonspyn\u0117s Pra\u0117jimo kontrol\u0117\",\"description\":\"\u012erengimas Montavimas\",\"publisher\":{\"@id\":\"https:\\\/\\\/domofonas.lt\\\/#organization\"},\"potentialAction\":[{\"@type\":\"SearchAction\",\"target\":{\"@type\":\"EntryPoint\",\"urlTemplate\":\"https:\\\/\\\/domofonas.lt\\\/?s={search_term_string}\"},\"query-input\":{\"@type\":\"PropertyValueSpecification\",\"valueRequired\":true,\"valueName\":\"search_term_string\"}}],\"inLanguage\":\"lt-LT\"},{\"@type\":\"Organization\",\"@id\":\"https:\\\/\\\/domofonas.lt\\\/#organization\",\"name\":\"Telefonspyn\u0117s Pra\u0117jimo kontrol\u0117\",\"url\":\"https:\\\/\\\/domofonas.lt\\\/\",\"logo\":{\"@type\":\"ImageObject\",\"inLanguage\":\"lt-LT\",\"@id\":\"https:\\\/\\\/domofonas.lt\\\/#\\\/schema\\\/logo\\\/image\\\/\",\"url\":\"https:\\\/\\\/domofonas.lt\\\/wp-content\\\/uploads\\\/2020\\\/12\\\/cropped-cropped-paradox_ssg-Max-Quality__1_-removebg-preview.png\",\"contentUrl\":\"https:\\\/\\\/domofonas.lt\\\/wp-content\\\/uploads\\\/2020\\\/12\\\/cropped-cropped-paradox_ssg-Max-Quality__1_-removebg-preview.png\",\"width\":250,\"height\":70,\"caption\":\"Telefonspyn\u0117s  Pra\u0117jimo kontrol\u0117\"},\"image\":{\"@id\":\"https:\\\/\\\/domofonas.lt\\\/#\\\/schema\\\/logo\\\/image\\\/\"}}]}<\/script>\n<!-- \/ Yoast SEO plugin. -->","yoast_head_json":{"title":"Universalus kopijavimo aparatas 125KHz\/ 13,56 Mhz SSG-RW25P - Telefonspyn\u0117s Pra\u0117jimo kontrol\u0117","description":"Universalus kopijavimo aparatas skirtas pra\u0117jimo kontrol\u0117s korteli\u0173 kopijavimui .Palaiko standartinius protokolus, bei skirtingus da\u017enius.","robots":{"index":"index","follow":"follow","max-snippet":"max-snippet:-1","max-image-preview":"max-image-preview:large","max-video-preview":"max-video-preview:-1"},"canonical":"https:\/\/domofonas.lt\/index.php\/product\/universalus-kopijavimo-aparatas-125khz-1356-mhz-ssg-rw25p\/","og_locale":"lt_LT","og_type":"article","og_title":"Universalus kopijavimo aparatas 125KHz\/ 13,56 Mhz SSG-RW25P - Telefonspyn\u0117s Pra\u0117jimo kontrol\u0117","og_description":"Universalus kopijavimo aparatas skirtas pra\u0117jimo kontrol\u0117s korteli\u0173 kopijavimui .Palaiko standartinius protokolus, bei skirtingus da\u017enius.","og_url":"https:\/\/domofonas.lt\/index.php\/product\/universalus-kopijavimo-aparatas-125khz-1356-mhz-ssg-rw25p\/","og_site_name":"Telefonspyn\u0117s Pra\u0117jimo kontrol\u0117","article_modified_time":"2020-12-11T16:52:58+00:00","og_image":[{"width":480,"height":390,"url":"https:\/\/domofonas.lt\/wp-content\/uploads\/2020\/12\/RW-EM-ID.jpg","type":"image\/jpeg"}],"twitter_card":"summary_large_image","schema":{"@context":"https:\/\/schema.org","@graph":[{"@type":"WebPage","@id":"https:\/\/domofonas.lt\/index.php\/product\/universalus-kopijavimo-aparatas-125khz-1356-mhz-ssg-rw25p\/","url":"https:\/\/domofonas.lt\/index.php\/product\/universalus-kopijavimo-aparatas-125khz-1356-mhz-ssg-rw25p\/","name":"Universalus kopijavimo aparatas 125KHz\/ 13,56 Mhz SSG-RW25P - Telefonspyn\u0117s Pra\u0117jimo kontrol\u0117","isPartOf":{"@id":"https:\/\/domofonas.lt\/#website"},"primaryImageOfPage":{"@id":"https:\/\/domofonas.lt\/index.php\/product\/universalus-kopijavimo-aparatas-125khz-1356-mhz-ssg-rw25p\/#primaryimage"},"image":{"@id":"https:\/\/domofonas.lt\/index.php\/product\/universalus-kopijavimo-aparatas-125khz-1356-mhz-ssg-rw25p\/#primaryimage"},"thumbnailUrl":"https:\/\/domofonas.lt\/wp-content\/uploads\/2020\/12\/RW-EM-ID.jpg","datePublished":"2020-12-11T15:31:34+00:00","dateModified":"2020-12-11T16:52:58+00:00","description":"Universalus kopijavimo aparatas skirtas pra\u0117jimo kontrol\u0117s korteli\u0173 kopijavimui .Palaiko standartinius protokolus, bei skirtingus da\u017enius.","breadcrumb":{"@id":"https:\/\/domofonas.lt\/index.php\/product\/universalus-kopijavimo-aparatas-125khz-1356-mhz-ssg-rw25p\/#breadcrumb"},"inLanguage":"lt-LT","potentialAction":[{"@type":"ReadAction","target":["https:\/\/domofonas.lt\/index.php\/product\/universalus-kopijavimo-aparatas-125khz-1356-mhz-ssg-rw25p\/"]}]},{"@type":"ImageObject","inLanguage":"lt-LT","@id":"https:\/\/domofonas.lt\/index.php\/product\/universalus-kopijavimo-aparatas-125khz-1356-mhz-ssg-rw25p\/#primaryimage","url":"https:\/\/domofonas.lt\/wp-content\/uploads\/2020\/12\/RW-EM-ID.jpg","contentUrl":"https:\/\/domofonas.lt\/wp-content\/uploads\/2020\/12\/RW-EM-ID.jpg","width":480,"height":390,"caption":"Universalus kopijavimo aparatas 125KHz\/ 13,56 Mhz SSG-RW25P"},{"@type":"BreadcrumbList","@id":"https:\/\/domofonas.lt\/index.php\/product\/universalus-kopijavimo-aparatas-125khz-1356-mhz-ssg-rw25p\/#breadcrumb","itemListElement":[{"@type":"ListItem","position":1,"name":"Home","item":"https:\/\/domofonas.lt\/"},{"@type":"ListItem","position":2,"name":"Universalus kopijavimo aparatas 125KHz\/ 13,56 Mhz SSG-RW25P"}]},{"@type":"WebSite","@id":"https:\/\/domofonas.lt\/#website","url":"https:\/\/domofonas.lt\/","name":"Telefonspyn\u0117s Pra\u0117jimo kontrol\u0117","description":"\u012erengimas Montavimas","publisher":{"@id":"https:\/\/domofonas.lt\/#organization"},"potentialAction":[{"@type":"SearchAction","target":{"@type":"EntryPoint","urlTemplate":"https:\/\/domofonas.lt\/?s={search_term_string}"},"query-input":{"@type":"PropertyValueSpecification","valueRequired":true,"valueName":"search_term_string"}}],"inLanguage":"lt-LT"},{"@type":"Organization","@id":"https:\/\/domofonas.lt\/#organization","name":"Telefonspyn\u0117s Pra\u0117jimo kontrol\u0117","url":"https:\/\/domofonas.lt\/","logo":{"@type":"ImageObject","inLanguage":"lt-LT","@id":"https:\/\/domofonas.lt\/#\/schema\/logo\/image\/","url":"https:\/\/domofonas.lt\/wp-content\/uploads\/2020\/12\/cropped-cropped-paradox_ssg-Max-Quality__1_-removebg-preview.png","contentUrl":"https:\/\/domofonas.lt\/wp-content\/uploads\/2020\/12\/cropped-cropped-paradox_ssg-Max-Quality__1_-removebg-preview.png","width":250,"height":70,"caption":"Telefonspyn\u0117s  Pra\u0117jimo kontrol\u0117"},"image":{"@id":"https:\/\/domofonas.lt\/#\/schema\/logo\/image\/"}}]}},"jetpack_sharing_enabled":true,"_links":{"self":[{"href":"https:\/\/domofonas.lt\/index.php\/wp-json\/wp\/v2\/product\/240","targetHints":{"allow":["GET"]}}],"collection":[{"href":"https:\/\/domofonas.lt\/index.php\/wp-json\/wp\/v2\/product"}],"about":[{"href":"https:\/\/domofonas.lt\/index.php\/wp-json\/wp\/v2\/types\/product"}],"wp:featuredmedia":[{"embeddable":true,"href":"https:\/\/domofonas.lt\/index.php\/wp-json\/wp\/v2\/media\/239"}],"wp:attachment":[{"href":"https:\/\/domofonas.lt\/index.php\/wp-json\/wp\/v2\/media?parent=240"}],"wp:term":[{"taxonomy":"product_brand","embeddable":true,"href":"https:\/\/domofonas.lt\/index.php\/wp-json\/wp\/v2\/product_brand?post=240"},{"taxonomy":"product_cat","embeddable":true,"href":"https:\/\/domofonas.lt\/index.php\/wp-json\/wp\/v2\/product_cat?post=240"},{"taxonomy":"product_tag","embeddable":true,"href":"https:\/\/domofonas.lt\/index.php\/wp-json\/wp\/v2\/product_tag?post=240"}],"curies":[{"name":"wp","href":"https:\/\/api.w.org\/{rel}","templated":true}]}}