{"id":232,"date":"2020-12-11T15:31:32","date_gmt":"2020-12-11T15:31:32","guid":{"rendered":"http:\/\/domofonas.lt\/index.php\/product\/gv-rk1352-korteliu-skaitytuvas-su-klaviatura\/"},"modified":"2020-12-11T17:02:25","modified_gmt":"2020-12-11T17:02:25","slug":"gv-rk1352-korteliu-skaitytuvas-su-klaviatura","status":"publish","type":"product","link":"https:\/\/domofonas.lt\/index.php\/product\/gv-rk1352-korteliu-skaitytuvas-su-klaviatura\/","title":{"rendered":"GV RK1352, korteli\u0173 skaitytuvas su klaviat\u016bra"},"content":{"rendered":"<table class=\"spec\">\n<tbody>\n<tr>\n<td>CPU<\/td>\n<td>8 bit microprocessor<\/td>\n<\/tr>\n<tr>\n<td>Da\u017enis<\/td>\n<td>13.56MHz for ISO14443A (Mifare Class)<\/td>\n<\/tr>\n<tr>\n<td>Wiegand s\u0105saja<\/td>\n<td>Wiegand 26\/34 bit<\/td>\n<\/tr>\n<tr>\n<td>Maitinimas<\/td>\n<td>DC 7.5~12V<\/td>\n<\/tr>\n<tr>\n<td>S\u0105saja<\/td>\n<td>Wiegand, RS485 (9,600bps)<\/td>\n<\/tr>\n<tr>\n<td>Darbin\u0117 temperat\u016bra<\/td>\n<td>-20\u00b0C ~ + 65\u00b0C<\/td>\n<\/tr>\n<tr>\n<td>Savyb\u0117s<\/td>\n<td>IP66, integruota klaviat\u016bra su pa\u0161vietimu<\/td>\n<\/tr>\n<tr>\n<td>Darbo re\u017eimai<\/td>\n<td>1.kortel\u0117, 2.kodas, 3.kortel\u0117 ir kodas, 4.kortel\u0117 arba kodas<\/td>\n<\/tr>\n<\/tbody>\n<\/table>\n","protected":false},"excerpt":{"rendered":"<p>CPU 8 bit microprocessor Da\u017enis 13.56MHz for ISO14443A (Mifare Class) Wiegand s\u0105saja Wiegand 26\/34 bit Maitinimas DC 7.5~12V S\u0105saja Wiegand, RS485 (9,600bps) Darbin\u0117 temperat\u016bra -20\u00b0C ~ + 65\u00b0C Savyb\u0117s IP66, integruota klaviat\u016bra su pa\u0161vietimu Darbo re\u017eimai 1.kortel\u0117, 2.kodas, 3.kortel\u0117 ir<\/p>\n","protected":false},"featured_media":231,"template":"","meta":{"_monsterinsights_skip_tracking":false,"_monsterinsights_sitenote_active":false,"_monsterinsights_sitenote_note":"","_monsterinsights_sitenote_category":0},"product_brand":[],"product_cat":[24],"product_tag":[35],"class_list":{"0":"post-232","1":"product","2":"type-product","3":"status-publish","4":"has-post-thumbnail","6":"product_cat-korteliu-skaitytuvai","7":"product_tag-geovision","9":"first","10":"instock","11":"shipping-taxable","12":"purchasable","13":"product-type-simple"},"yoast_head":"<!-- This site is optimized with the Yoast SEO plugin v27.4 - https:\/\/yoast.com\/product\/yoast-seo-wordpress\/ -->\n<title>GV RK1352, korteli\u0173 skaitytuvas su klaviat\u016bra - Telefonspyn\u0117s Pra\u0117jimo kontrol\u0117<\/title>\n<meta name=\"robots\" content=\"index, follow, max-snippet:-1, max-image-preview:large, max-video-preview:-1\" \/>\n<link rel=\"canonical\" href=\"https:\/\/domofonas.lt\/index.php\/product\/gv-rk1352-korteliu-skaitytuvas-su-klaviatura\/\" \/>\n<meta property=\"og:locale\" content=\"lt_LT\" \/>\n<meta property=\"og:type\" content=\"article\" \/>\n<meta property=\"og:title\" content=\"GV RK1352, korteli\u0173 skaitytuvas su klaviat\u016bra - Telefonspyn\u0117s Pra\u0117jimo kontrol\u0117\" \/>\n<meta property=\"og:description\" content=\"CPU 8 bit microprocessor Da\u017enis 13.56MHz for ISO14443A (Mifare Class) Wiegand s\u0105saja Wiegand 26\/34 bit Maitinimas DC 7.5~12V S\u0105saja Wiegand, RS485 (9,600bps) Darbin\u0117 temperat\u016bra -20\u00b0C ~ + 65\u00b0C Savyb\u0117s IP66, integruota klaviat\u016bra su pa\u0161vietimu Darbo re\u017eimai 1.kortel\u0117, 2.kodas, 3.kortel\u0117 ir\" \/>\n<meta property=\"og:url\" content=\"https:\/\/domofonas.lt\/index.php\/product\/gv-rk1352-korteliu-skaitytuvas-su-klaviatura\/\" \/>\n<meta property=\"og:site_name\" content=\"Telefonspyn\u0117s Pra\u0117jimo kontrol\u0117\" \/>\n<meta property=\"article:modified_time\" content=\"2020-12-11T17:02:25+00:00\" \/>\n<meta property=\"og:image\" content=\"https:\/\/domofonas.lt\/wp-content\/uploads\/2020\/12\/GV-RK1352-korteliu-skaitytuvas-su-klaviatura.jpg\" \/>\n\t<meta property=\"og:image:width\" content=\"500\" \/>\n\t<meta property=\"og:image:height\" content=\"500\" \/>\n\t<meta property=\"og:image:type\" content=\"image\/jpeg\" \/>\n<meta name=\"twitter:card\" content=\"summary_large_image\" \/>\n<script type=\"application\/ld+json\" class=\"yoast-schema-graph\">{\"@context\":\"https:\\\/\\\/schema.org\",\"@graph\":[{\"@type\":\"WebPage\",\"@id\":\"https:\\\/\\\/domofonas.lt\\\/index.php\\\/product\\\/gv-rk1352-korteliu-skaitytuvas-su-klaviatura\\\/\",\"url\":\"https:\\\/\\\/domofonas.lt\\\/index.php\\\/product\\\/gv-rk1352-korteliu-skaitytuvas-su-klaviatura\\\/\",\"name\":\"GV RK1352, korteli\u0173 skaitytuvas su klaviat\u016bra - Telefonspyn\u0117s Pra\u0117jimo kontrol\u0117\",\"isPartOf\":{\"@id\":\"https:\\\/\\\/domofonas.lt\\\/#website\"},\"primaryImageOfPage\":{\"@id\":\"https:\\\/\\\/domofonas.lt\\\/index.php\\\/product\\\/gv-rk1352-korteliu-skaitytuvas-su-klaviatura\\\/#primaryimage\"},\"image\":{\"@id\":\"https:\\\/\\\/domofonas.lt\\\/index.php\\\/product\\\/gv-rk1352-korteliu-skaitytuvas-su-klaviatura\\\/#primaryimage\"},\"thumbnailUrl\":\"https:\\\/\\\/domofonas.lt\\\/wp-content\\\/uploads\\\/2020\\\/12\\\/GV-RK1352-korteliu-skaitytuvas-su-klaviatura.jpg\",\"datePublished\":\"2020-12-11T15:31:32+00:00\",\"dateModified\":\"2020-12-11T17:02:25+00:00\",\"breadcrumb\":{\"@id\":\"https:\\\/\\\/domofonas.lt\\\/index.php\\\/product\\\/gv-rk1352-korteliu-skaitytuvas-su-klaviatura\\\/#breadcrumb\"},\"inLanguage\":\"lt-LT\",\"potentialAction\":[{\"@type\":\"ReadAction\",\"target\":[\"https:\\\/\\\/domofonas.lt\\\/index.php\\\/product\\\/gv-rk1352-korteliu-skaitytuvas-su-klaviatura\\\/\"]}]},{\"@type\":\"ImageObject\",\"inLanguage\":\"lt-LT\",\"@id\":\"https:\\\/\\\/domofonas.lt\\\/index.php\\\/product\\\/gv-rk1352-korteliu-skaitytuvas-su-klaviatura\\\/#primaryimage\",\"url\":\"https:\\\/\\\/domofonas.lt\\\/wp-content\\\/uploads\\\/2020\\\/12\\\/GV-RK1352-korteliu-skaitytuvas-su-klaviatura.jpg\",\"contentUrl\":\"https:\\\/\\\/domofonas.lt\\\/wp-content\\\/uploads\\\/2020\\\/12\\\/GV-RK1352-korteliu-skaitytuvas-su-klaviatura.jpg\",\"width\":500,\"height\":500,\"caption\":\"GV RK1352, korteli\u0173 skaitytuvas su klaviat\u016bra\"},{\"@type\":\"BreadcrumbList\",\"@id\":\"https:\\\/\\\/domofonas.lt\\\/index.php\\\/product\\\/gv-rk1352-korteliu-skaitytuvas-su-klaviatura\\\/#breadcrumb\",\"itemListElement\":[{\"@type\":\"ListItem\",\"position\":1,\"name\":\"Home\",\"item\":\"https:\\\/\\\/domofonas.lt\\\/\"},{\"@type\":\"ListItem\",\"position\":2,\"name\":\"GV RK1352, korteli\u0173 skaitytuvas su klaviat\u016bra\"}]},{\"@type\":\"WebSite\",\"@id\":\"https:\\\/\\\/domofonas.lt\\\/#website\",\"url\":\"https:\\\/\\\/domofonas.lt\\\/\",\"name\":\"Telefonspyn\u0117s Pra\u0117jimo kontrol\u0117\",\"description\":\"\u012erengimas Montavimas\",\"publisher\":{\"@id\":\"https:\\\/\\\/domofonas.lt\\\/#organization\"},\"potentialAction\":[{\"@type\":\"SearchAction\",\"target\":{\"@type\":\"EntryPoint\",\"urlTemplate\":\"https:\\\/\\\/domofonas.lt\\\/?s={search_term_string}\"},\"query-input\":{\"@type\":\"PropertyValueSpecification\",\"valueRequired\":true,\"valueName\":\"search_term_string\"}}],\"inLanguage\":\"lt-LT\"},{\"@type\":\"Organization\",\"@id\":\"https:\\\/\\\/domofonas.lt\\\/#organization\",\"name\":\"Telefonspyn\u0117s Pra\u0117jimo kontrol\u0117\",\"url\":\"https:\\\/\\\/domofonas.lt\\\/\",\"logo\":{\"@type\":\"ImageObject\",\"inLanguage\":\"lt-LT\",\"@id\":\"https:\\\/\\\/domofonas.lt\\\/#\\\/schema\\\/logo\\\/image\\\/\",\"url\":\"https:\\\/\\\/domofonas.lt\\\/wp-content\\\/uploads\\\/2020\\\/12\\\/cropped-cropped-paradox_ssg-Max-Quality__1_-removebg-preview.png\",\"contentUrl\":\"https:\\\/\\\/domofonas.lt\\\/wp-content\\\/uploads\\\/2020\\\/12\\\/cropped-cropped-paradox_ssg-Max-Quality__1_-removebg-preview.png\",\"width\":250,\"height\":70,\"caption\":\"Telefonspyn\u0117s  Pra\u0117jimo kontrol\u0117\"},\"image\":{\"@id\":\"https:\\\/\\\/domofonas.lt\\\/#\\\/schema\\\/logo\\\/image\\\/\"}}]}<\/script>\n<!-- \/ Yoast SEO plugin. -->","yoast_head_json":{"title":"GV RK1352, korteli\u0173 skaitytuvas su klaviat\u016bra - Telefonspyn\u0117s Pra\u0117jimo kontrol\u0117","robots":{"index":"index","follow":"follow","max-snippet":"max-snippet:-1","max-image-preview":"max-image-preview:large","max-video-preview":"max-video-preview:-1"},"canonical":"https:\/\/domofonas.lt\/index.php\/product\/gv-rk1352-korteliu-skaitytuvas-su-klaviatura\/","og_locale":"lt_LT","og_type":"article","og_title":"GV RK1352, korteli\u0173 skaitytuvas su klaviat\u016bra - Telefonspyn\u0117s Pra\u0117jimo kontrol\u0117","og_description":"CPU 8 bit microprocessor Da\u017enis 13.56MHz for ISO14443A (Mifare Class) Wiegand s\u0105saja Wiegand 26\/34 bit Maitinimas DC 7.5~12V S\u0105saja Wiegand, RS485 (9,600bps) Darbin\u0117 temperat\u016bra -20\u00b0C ~ + 65\u00b0C Savyb\u0117s IP66, integruota klaviat\u016bra su pa\u0161vietimu Darbo re\u017eimai 1.kortel\u0117, 2.kodas, 3.kortel\u0117 ir","og_url":"https:\/\/domofonas.lt\/index.php\/product\/gv-rk1352-korteliu-skaitytuvas-su-klaviatura\/","og_site_name":"Telefonspyn\u0117s Pra\u0117jimo kontrol\u0117","article_modified_time":"2020-12-11T17:02:25+00:00","og_image":[{"width":500,"height":500,"url":"https:\/\/domofonas.lt\/wp-content\/uploads\/2020\/12\/GV-RK1352-korteliu-skaitytuvas-su-klaviatura.jpg","type":"image\/jpeg"}],"twitter_card":"summary_large_image","schema":{"@context":"https:\/\/schema.org","@graph":[{"@type":"WebPage","@id":"https:\/\/domofonas.lt\/index.php\/product\/gv-rk1352-korteliu-skaitytuvas-su-klaviatura\/","url":"https:\/\/domofonas.lt\/index.php\/product\/gv-rk1352-korteliu-skaitytuvas-su-klaviatura\/","name":"GV RK1352, korteli\u0173 skaitytuvas su klaviat\u016bra - Telefonspyn\u0117s Pra\u0117jimo kontrol\u0117","isPartOf":{"@id":"https:\/\/domofonas.lt\/#website"},"primaryImageOfPage":{"@id":"https:\/\/domofonas.lt\/index.php\/product\/gv-rk1352-korteliu-skaitytuvas-su-klaviatura\/#primaryimage"},"image":{"@id":"https:\/\/domofonas.lt\/index.php\/product\/gv-rk1352-korteliu-skaitytuvas-su-klaviatura\/#primaryimage"},"thumbnailUrl":"https:\/\/domofonas.lt\/wp-content\/uploads\/2020\/12\/GV-RK1352-korteliu-skaitytuvas-su-klaviatura.jpg","datePublished":"2020-12-11T15:31:32+00:00","dateModified":"2020-12-11T17:02:25+00:00","breadcrumb":{"@id":"https:\/\/domofonas.lt\/index.php\/product\/gv-rk1352-korteliu-skaitytuvas-su-klaviatura\/#breadcrumb"},"inLanguage":"lt-LT","potentialAction":[{"@type":"ReadAction","target":["https:\/\/domofonas.lt\/index.php\/product\/gv-rk1352-korteliu-skaitytuvas-su-klaviatura\/"]}]},{"@type":"ImageObject","inLanguage":"lt-LT","@id":"https:\/\/domofonas.lt\/index.php\/product\/gv-rk1352-korteliu-skaitytuvas-su-klaviatura\/#primaryimage","url":"https:\/\/domofonas.lt\/wp-content\/uploads\/2020\/12\/GV-RK1352-korteliu-skaitytuvas-su-klaviatura.jpg","contentUrl":"https:\/\/domofonas.lt\/wp-content\/uploads\/2020\/12\/GV-RK1352-korteliu-skaitytuvas-su-klaviatura.jpg","width":500,"height":500,"caption":"GV RK1352, korteli\u0173 skaitytuvas su klaviat\u016bra"},{"@type":"BreadcrumbList","@id":"https:\/\/domofonas.lt\/index.php\/product\/gv-rk1352-korteliu-skaitytuvas-su-klaviatura\/#breadcrumb","itemListElement":[{"@type":"ListItem","position":1,"name":"Home","item":"https:\/\/domofonas.lt\/"},{"@type":"ListItem","position":2,"name":"GV RK1352, korteli\u0173 skaitytuvas su klaviat\u016bra"}]},{"@type":"WebSite","@id":"https:\/\/domofonas.lt\/#website","url":"https:\/\/domofonas.lt\/","name":"Telefonspyn\u0117s Pra\u0117jimo kontrol\u0117","description":"\u012erengimas Montavimas","publisher":{"@id":"https:\/\/domofonas.lt\/#organization"},"potentialAction":[{"@type":"SearchAction","target":{"@type":"EntryPoint","urlTemplate":"https:\/\/domofonas.lt\/?s={search_term_string}"},"query-input":{"@type":"PropertyValueSpecification","valueRequired":true,"valueName":"search_term_string"}}],"inLanguage":"lt-LT"},{"@type":"Organization","@id":"https:\/\/domofonas.lt\/#organization","name":"Telefonspyn\u0117s Pra\u0117jimo kontrol\u0117","url":"https:\/\/domofonas.lt\/","logo":{"@type":"ImageObject","inLanguage":"lt-LT","@id":"https:\/\/domofonas.lt\/#\/schema\/logo\/image\/","url":"https:\/\/domofonas.lt\/wp-content\/uploads\/2020\/12\/cropped-cropped-paradox_ssg-Max-Quality__1_-removebg-preview.png","contentUrl":"https:\/\/domofonas.lt\/wp-content\/uploads\/2020\/12\/cropped-cropped-paradox_ssg-Max-Quality__1_-removebg-preview.png","width":250,"height":70,"caption":"Telefonspyn\u0117s  Pra\u0117jimo kontrol\u0117"},"image":{"@id":"https:\/\/domofonas.lt\/#\/schema\/logo\/image\/"}}]}},"jetpack_sharing_enabled":true,"_links":{"self":[{"href":"https:\/\/domofonas.lt\/index.php\/wp-json\/wp\/v2\/product\/232","targetHints":{"allow":["GET"]}}],"collection":[{"href":"https:\/\/domofonas.lt\/index.php\/wp-json\/wp\/v2\/product"}],"about":[{"href":"https:\/\/domofonas.lt\/index.php\/wp-json\/wp\/v2\/types\/product"}],"wp:featuredmedia":[{"embeddable":true,"href":"https:\/\/domofonas.lt\/index.php\/wp-json\/wp\/v2\/media\/231"}],"wp:attachment":[{"href":"https:\/\/domofonas.lt\/index.php\/wp-json\/wp\/v2\/media?parent=232"}],"wp:term":[{"taxonomy":"product_brand","embeddable":true,"href":"https:\/\/domofonas.lt\/index.php\/wp-json\/wp\/v2\/product_brand?post=232"},{"taxonomy":"product_cat","embeddable":true,"href":"https:\/\/domofonas.lt\/index.php\/wp-json\/wp\/v2\/product_cat?post=232"},{"taxonomy":"product_tag","embeddable":true,"href":"https:\/\/domofonas.lt\/index.php\/wp-json\/wp\/v2\/product_tag?post=232"}],"curies":[{"name":"wp","href":"https:\/\/api.w.org\/{rel}","templated":true}]}}