{"id":223,"date":"2020-12-11T15:31:31","date_gmt":"2020-12-11T15:31:31","guid":{"rendered":"http:\/\/domofonas.lt\/index.php\/product\/gv-as4111-4-duru-valdymo-modulis\/"},"modified":"2020-12-11T17:03:58","modified_gmt":"2020-12-11T17:03:58","slug":"gv-as4111-4-duru-valdymo-modulis","status":"publish","type":"product","link":"https:\/\/domofonas.lt\/index.php\/product\/gv-as4111-4-duru-valdymo-modulis\/","title":{"rendered":"GV AS4111, 4 dur\u0173 valdymo modulis"},"content":{"rendered":"<table class=\"spec\">\n<tbody>\n<tr>\n<td>Vienpusis valdymas<\/td>\n<td>4 durys<\/td>\n<\/tr>\n<tr>\n<td>Dvipusis valdymas<\/td>\n<td>4 durys<\/td>\n<\/tr>\n<tr>\n<td>Vartotoj\u0173 ir korteli\u0173 kiekis<\/td>\n<td>100,000<\/td>\n<\/tr>\n<tr>\n<td>\u012evyki\u0173 atmintis<\/td>\n<td>1,000,000 \u012fvyki\u0173<\/td>\n<\/tr>\n<tr>\n<td>Maitinimas<\/td>\n<td>100 ~ 120V AC, 50 ~ 60 Hz, 1.7A<\/td>\n<\/tr>\n<tr>\n<td>RS485 s\u0105saja<\/td>\n<td>1xRS485 tik Geovision skaittytuvams(max. 8 skaitytuvai), atstumas 600m<\/td>\n<\/tr>\n<tr>\n<td>Wiegand s\u0105saja<\/td>\n<td>8, 26 ~ 64 bit formatas, atstumas 100 m<\/td>\n<\/tr>\n<tr>\n<td>TCP\/IP s\u0105saja<\/td>\n<td>1 TCP\/IP Geovision skaitytuvams<\/td>\n<\/tr>\n<tr>\n<td>\u012evestys<\/td>\n<td>16, NO\/NC<\/td>\n<\/tr>\n<tr>\n<td>I\u0161vestys<\/td>\n<td>1~16 relin\u0117s i\u0161vestys \/ 30V DC, 3A, 17~24 relin\u0117s i\u0161vestys \/ 30V DC, 1A<\/td>\n<\/tr>\n<tr>\n<td>Darbin\u0117 temperat\u016bra<\/td>\n<td>0 ~ 65 \u00b0C \/ 32 ~ 149 \u00b0F<\/td>\n<\/tr>\n<tr>\n<td>Santykin\u0117 dr\u0117gm\u0117<\/td>\n<td>10% ~ 90% RH<\/td>\n<\/tr>\n<tr>\n<td>Matmenys<\/td>\n<td>(W x H x D) 420 x 300 x 110 mm \/ 16.5 x 11.8 x 4.33 in<\/td>\n<\/tr>\n<\/tbody>\n<\/table>\n","protected":false},"excerpt":{"rendered":"<p>Vienpusis valdymas 4 durys Dvipusis valdymas 4 durys Vartotoj\u0173 ir korteli\u0173 kiekis 100,000 \u012evyki\u0173 atmintis 1,000,000 \u012fvyki\u0173 Maitinimas 100 ~ 120V AC, 50 ~ 60 Hz, 1.7A RS485 s\u0105saja 1xRS485 tik Geovision skaittytuvams(max. 8 skaitytuvai), atstumas 600m Wiegand s\u0105saja 8,<\/p>\n","protected":false},"featured_media":222,"template":"","meta":{"_monsterinsights_skip_tracking":false,"_monsterinsights_sitenote_active":false,"_monsterinsights_sitenote_note":"","_monsterinsights_sitenote_category":0},"product_brand":[],"product_cat":[25],"product_tag":[35],"class_list":{"0":"post-223","1":"product","2":"type-product","3":"status-publish","4":"has-post-thumbnail","6":"product_cat-kontroleriai","7":"product_tag-geovision","9":"first","10":"instock","11":"shipping-taxable","12":"purchasable","13":"product-type-simple"},"yoast_head":"<!-- This site is optimized with the Yoast SEO plugin v27.4 - https:\/\/yoast.com\/product\/yoast-seo-wordpress\/ -->\n<title>GV AS4111, 4 dur\u0173 valdymo modulis - Telefonspyn\u0117s Pra\u0117jimo kontrol\u0117<\/title>\n<meta name=\"robots\" content=\"index, follow, max-snippet:-1, max-image-preview:large, max-video-preview:-1\" \/>\n<link rel=\"canonical\" href=\"https:\/\/domofonas.lt\/index.php\/product\/gv-as4111-4-duru-valdymo-modulis\/\" \/>\n<meta property=\"og:locale\" content=\"lt_LT\" \/>\n<meta property=\"og:type\" content=\"article\" \/>\n<meta property=\"og:title\" content=\"GV AS4111, 4 dur\u0173 valdymo modulis - Telefonspyn\u0117s Pra\u0117jimo kontrol\u0117\" \/>\n<meta property=\"og:description\" content=\"Vienpusis valdymas 4 durys Dvipusis valdymas 4 durys Vartotoj\u0173 ir korteli\u0173 kiekis 100,000 \u012evyki\u0173 atmintis 1,000,000 \u012fvyki\u0173 Maitinimas 100 ~ 120V AC, 50 ~ 60 Hz, 1.7A RS485 s\u0105saja 1xRS485 tik Geovision skaittytuvams(max. 8 skaitytuvai), atstumas 600m Wiegand s\u0105saja 8,\" \/>\n<meta property=\"og:url\" content=\"https:\/\/domofonas.lt\/index.php\/product\/gv-as4111-4-duru-valdymo-modulis\/\" \/>\n<meta property=\"og:site_name\" content=\"Telefonspyn\u0117s Pra\u0117jimo kontrol\u0117\" \/>\n<meta property=\"article:modified_time\" content=\"2020-12-11T17:03:58+00:00\" \/>\n<meta property=\"og:image\" content=\"https:\/\/domofonas.lt\/wp-content\/uploads\/2020\/12\/GV-AS4111-4-duru-valdymo-modulis.jpg\" \/>\n\t<meta property=\"og:image:width\" content=\"500\" \/>\n\t<meta property=\"og:image:height\" content=\"500\" \/>\n\t<meta property=\"og:image:type\" content=\"image\/jpeg\" \/>\n<meta name=\"twitter:card\" content=\"summary_large_image\" \/>\n<script type=\"application\/ld+json\" class=\"yoast-schema-graph\">{\"@context\":\"https:\\\/\\\/schema.org\",\"@graph\":[{\"@type\":\"WebPage\",\"@id\":\"https:\\\/\\\/domofonas.lt\\\/index.php\\\/product\\\/gv-as4111-4-duru-valdymo-modulis\\\/\",\"url\":\"https:\\\/\\\/domofonas.lt\\\/index.php\\\/product\\\/gv-as4111-4-duru-valdymo-modulis\\\/\",\"name\":\"GV AS4111, 4 dur\u0173 valdymo modulis - Telefonspyn\u0117s Pra\u0117jimo kontrol\u0117\",\"isPartOf\":{\"@id\":\"https:\\\/\\\/domofonas.lt\\\/#website\"},\"primaryImageOfPage\":{\"@id\":\"https:\\\/\\\/domofonas.lt\\\/index.php\\\/product\\\/gv-as4111-4-duru-valdymo-modulis\\\/#primaryimage\"},\"image\":{\"@id\":\"https:\\\/\\\/domofonas.lt\\\/index.php\\\/product\\\/gv-as4111-4-duru-valdymo-modulis\\\/#primaryimage\"},\"thumbnailUrl\":\"https:\\\/\\\/domofonas.lt\\\/wp-content\\\/uploads\\\/2020\\\/12\\\/GV-AS4111-4-duru-valdymo-modulis.jpg\",\"datePublished\":\"2020-12-11T15:31:31+00:00\",\"dateModified\":\"2020-12-11T17:03:58+00:00\",\"breadcrumb\":{\"@id\":\"https:\\\/\\\/domofonas.lt\\\/index.php\\\/product\\\/gv-as4111-4-duru-valdymo-modulis\\\/#breadcrumb\"},\"inLanguage\":\"lt-LT\",\"potentialAction\":[{\"@type\":\"ReadAction\",\"target\":[\"https:\\\/\\\/domofonas.lt\\\/index.php\\\/product\\\/gv-as4111-4-duru-valdymo-modulis\\\/\"]}]},{\"@type\":\"ImageObject\",\"inLanguage\":\"lt-LT\",\"@id\":\"https:\\\/\\\/domofonas.lt\\\/index.php\\\/product\\\/gv-as4111-4-duru-valdymo-modulis\\\/#primaryimage\",\"url\":\"https:\\\/\\\/domofonas.lt\\\/wp-content\\\/uploads\\\/2020\\\/12\\\/GV-AS4111-4-duru-valdymo-modulis.jpg\",\"contentUrl\":\"https:\\\/\\\/domofonas.lt\\\/wp-content\\\/uploads\\\/2020\\\/12\\\/GV-AS4111-4-duru-valdymo-modulis.jpg\",\"width\":500,\"height\":500,\"caption\":\"GV AS4111, 4 dur\u0173 valdymo modulis\"},{\"@type\":\"BreadcrumbList\",\"@id\":\"https:\\\/\\\/domofonas.lt\\\/index.php\\\/product\\\/gv-as4111-4-duru-valdymo-modulis\\\/#breadcrumb\",\"itemListElement\":[{\"@type\":\"ListItem\",\"position\":1,\"name\":\"Home\",\"item\":\"https:\\\/\\\/domofonas.lt\\\/\"},{\"@type\":\"ListItem\",\"position\":2,\"name\":\"GV AS4111, 4 dur\u0173 valdymo modulis\"}]},{\"@type\":\"WebSite\",\"@id\":\"https:\\\/\\\/domofonas.lt\\\/#website\",\"url\":\"https:\\\/\\\/domofonas.lt\\\/\",\"name\":\"Telefonspyn\u0117s Pra\u0117jimo kontrol\u0117\",\"description\":\"\u012erengimas Montavimas\",\"publisher\":{\"@id\":\"https:\\\/\\\/domofonas.lt\\\/#organization\"},\"potentialAction\":[{\"@type\":\"SearchAction\",\"target\":{\"@type\":\"EntryPoint\",\"urlTemplate\":\"https:\\\/\\\/domofonas.lt\\\/?s={search_term_string}\"},\"query-input\":{\"@type\":\"PropertyValueSpecification\",\"valueRequired\":true,\"valueName\":\"search_term_string\"}}],\"inLanguage\":\"lt-LT\"},{\"@type\":\"Organization\",\"@id\":\"https:\\\/\\\/domofonas.lt\\\/#organization\",\"name\":\"Telefonspyn\u0117s Pra\u0117jimo kontrol\u0117\",\"url\":\"https:\\\/\\\/domofonas.lt\\\/\",\"logo\":{\"@type\":\"ImageObject\",\"inLanguage\":\"lt-LT\",\"@id\":\"https:\\\/\\\/domofonas.lt\\\/#\\\/schema\\\/logo\\\/image\\\/\",\"url\":\"https:\\\/\\\/domofonas.lt\\\/wp-content\\\/uploads\\\/2020\\\/12\\\/cropped-cropped-paradox_ssg-Max-Quality__1_-removebg-preview.png\",\"contentUrl\":\"https:\\\/\\\/domofonas.lt\\\/wp-content\\\/uploads\\\/2020\\\/12\\\/cropped-cropped-paradox_ssg-Max-Quality__1_-removebg-preview.png\",\"width\":250,\"height\":70,\"caption\":\"Telefonspyn\u0117s  Pra\u0117jimo kontrol\u0117\"},\"image\":{\"@id\":\"https:\\\/\\\/domofonas.lt\\\/#\\\/schema\\\/logo\\\/image\\\/\"}}]}<\/script>\n<!-- \/ Yoast SEO plugin. -->","yoast_head_json":{"title":"GV AS4111, 4 dur\u0173 valdymo modulis - Telefonspyn\u0117s Pra\u0117jimo kontrol\u0117","robots":{"index":"index","follow":"follow","max-snippet":"max-snippet:-1","max-image-preview":"max-image-preview:large","max-video-preview":"max-video-preview:-1"},"canonical":"https:\/\/domofonas.lt\/index.php\/product\/gv-as4111-4-duru-valdymo-modulis\/","og_locale":"lt_LT","og_type":"article","og_title":"GV AS4111, 4 dur\u0173 valdymo modulis - Telefonspyn\u0117s Pra\u0117jimo kontrol\u0117","og_description":"Vienpusis valdymas 4 durys Dvipusis valdymas 4 durys Vartotoj\u0173 ir korteli\u0173 kiekis 100,000 \u012evyki\u0173 atmintis 1,000,000 \u012fvyki\u0173 Maitinimas 100 ~ 120V AC, 50 ~ 60 Hz, 1.7A RS485 s\u0105saja 1xRS485 tik Geovision skaittytuvams(max. 8 skaitytuvai), atstumas 600m Wiegand s\u0105saja 8,","og_url":"https:\/\/domofonas.lt\/index.php\/product\/gv-as4111-4-duru-valdymo-modulis\/","og_site_name":"Telefonspyn\u0117s Pra\u0117jimo kontrol\u0117","article_modified_time":"2020-12-11T17:03:58+00:00","og_image":[{"width":500,"height":500,"url":"https:\/\/domofonas.lt\/wp-content\/uploads\/2020\/12\/GV-AS4111-4-duru-valdymo-modulis.jpg","type":"image\/jpeg"}],"twitter_card":"summary_large_image","schema":{"@context":"https:\/\/schema.org","@graph":[{"@type":"WebPage","@id":"https:\/\/domofonas.lt\/index.php\/product\/gv-as4111-4-duru-valdymo-modulis\/","url":"https:\/\/domofonas.lt\/index.php\/product\/gv-as4111-4-duru-valdymo-modulis\/","name":"GV AS4111, 4 dur\u0173 valdymo modulis - Telefonspyn\u0117s Pra\u0117jimo kontrol\u0117","isPartOf":{"@id":"https:\/\/domofonas.lt\/#website"},"primaryImageOfPage":{"@id":"https:\/\/domofonas.lt\/index.php\/product\/gv-as4111-4-duru-valdymo-modulis\/#primaryimage"},"image":{"@id":"https:\/\/domofonas.lt\/index.php\/product\/gv-as4111-4-duru-valdymo-modulis\/#primaryimage"},"thumbnailUrl":"https:\/\/domofonas.lt\/wp-content\/uploads\/2020\/12\/GV-AS4111-4-duru-valdymo-modulis.jpg","datePublished":"2020-12-11T15:31:31+00:00","dateModified":"2020-12-11T17:03:58+00:00","breadcrumb":{"@id":"https:\/\/domofonas.lt\/index.php\/product\/gv-as4111-4-duru-valdymo-modulis\/#breadcrumb"},"inLanguage":"lt-LT","potentialAction":[{"@type":"ReadAction","target":["https:\/\/domofonas.lt\/index.php\/product\/gv-as4111-4-duru-valdymo-modulis\/"]}]},{"@type":"ImageObject","inLanguage":"lt-LT","@id":"https:\/\/domofonas.lt\/index.php\/product\/gv-as4111-4-duru-valdymo-modulis\/#primaryimage","url":"https:\/\/domofonas.lt\/wp-content\/uploads\/2020\/12\/GV-AS4111-4-duru-valdymo-modulis.jpg","contentUrl":"https:\/\/domofonas.lt\/wp-content\/uploads\/2020\/12\/GV-AS4111-4-duru-valdymo-modulis.jpg","width":500,"height":500,"caption":"GV AS4111, 4 dur\u0173 valdymo modulis"},{"@type":"BreadcrumbList","@id":"https:\/\/domofonas.lt\/index.php\/product\/gv-as4111-4-duru-valdymo-modulis\/#breadcrumb","itemListElement":[{"@type":"ListItem","position":1,"name":"Home","item":"https:\/\/domofonas.lt\/"},{"@type":"ListItem","position":2,"name":"GV AS4111, 4 dur\u0173 valdymo modulis"}]},{"@type":"WebSite","@id":"https:\/\/domofonas.lt\/#website","url":"https:\/\/domofonas.lt\/","name":"Telefonspyn\u0117s Pra\u0117jimo kontrol\u0117","description":"\u012erengimas Montavimas","publisher":{"@id":"https:\/\/domofonas.lt\/#organization"},"potentialAction":[{"@type":"SearchAction","target":{"@type":"EntryPoint","urlTemplate":"https:\/\/domofonas.lt\/?s={search_term_string}"},"query-input":{"@type":"PropertyValueSpecification","valueRequired":true,"valueName":"search_term_string"}}],"inLanguage":"lt-LT"},{"@type":"Organization","@id":"https:\/\/domofonas.lt\/#organization","name":"Telefonspyn\u0117s Pra\u0117jimo kontrol\u0117","url":"https:\/\/domofonas.lt\/","logo":{"@type":"ImageObject","inLanguage":"lt-LT","@id":"https:\/\/domofonas.lt\/#\/schema\/logo\/image\/","url":"https:\/\/domofonas.lt\/wp-content\/uploads\/2020\/12\/cropped-cropped-paradox_ssg-Max-Quality__1_-removebg-preview.png","contentUrl":"https:\/\/domofonas.lt\/wp-content\/uploads\/2020\/12\/cropped-cropped-paradox_ssg-Max-Quality__1_-removebg-preview.png","width":250,"height":70,"caption":"Telefonspyn\u0117s  Pra\u0117jimo kontrol\u0117"},"image":{"@id":"https:\/\/domofonas.lt\/#\/schema\/logo\/image\/"}}]}},"jetpack_sharing_enabled":true,"_links":{"self":[{"href":"https:\/\/domofonas.lt\/index.php\/wp-json\/wp\/v2\/product\/223","targetHints":{"allow":["GET"]}}],"collection":[{"href":"https:\/\/domofonas.lt\/index.php\/wp-json\/wp\/v2\/product"}],"about":[{"href":"https:\/\/domofonas.lt\/index.php\/wp-json\/wp\/v2\/types\/product"}],"wp:featuredmedia":[{"embeddable":true,"href":"https:\/\/domofonas.lt\/index.php\/wp-json\/wp\/v2\/media\/222"}],"wp:attachment":[{"href":"https:\/\/domofonas.lt\/index.php\/wp-json\/wp\/v2\/media?parent=223"}],"wp:term":[{"taxonomy":"product_brand","embeddable":true,"href":"https:\/\/domofonas.lt\/index.php\/wp-json\/wp\/v2\/product_brand?post=223"},{"taxonomy":"product_cat","embeddable":true,"href":"https:\/\/domofonas.lt\/index.php\/wp-json\/wp\/v2\/product_cat?post=223"},{"taxonomy":"product_tag","embeddable":true,"href":"https:\/\/domofonas.lt\/index.php\/wp-json\/wp\/v2\/product_tag?post=223"}],"curies":[{"name":"wp","href":"https:\/\/api.w.org\/{rel}","templated":true}]}}