{"id":213,"date":"2020-12-11T15:31:29","date_gmt":"2020-12-11T15:31:29","guid":{"rendered":"http:\/\/domofonas.lt\/index.php\/product\/roger-pr411dr\/"},"modified":"2020-12-11T20:06:20","modified_gmt":"2020-12-11T20:06:20","slug":"roger-pr411dr","status":"publish","type":"product","link":"https:\/\/domofonas.lt\/index.php\/product\/roger-pr411dr\/","title":{"rendered":"ROGER PR411DR"},"content":{"rendered":"<p>Vien\u0173 dur\u0173 kontroleris, \u012fmontuotas plastikiniame korpuse, kuris gali b\u016bti montuojamas ant 35mm DIN b\u0117gelio. AC maitinimas, komplektuojamas su 1.5A rezerviniu maitinimo \u0161altiniu. Darbui reikalingi i\u0161oriniai skaitytuvai.<\/p>\n","protected":false},"excerpt":{"rendered":"<p>Vien\u0173 dur\u0173 kontroleris, \u012fmontuotas plastikiniame korpuse, kuris gali b\u016bti montuojamas ant 35mm DIN b\u0117gelio. AC maitinimas, komplektuojamas su 1.5A rezerviniu maitinimo \u0161altiniu. Darbui reikalingi i\u0161oriniai skaitytuvai.<\/p>\n","protected":false},"featured_media":212,"template":"","meta":{"_monsterinsights_skip_tracking":false,"_monsterinsights_sitenote_active":false,"_monsterinsights_sitenote_note":"","_monsterinsights_sitenote_category":0},"product_brand":[],"product_cat":[25,22],"product_tag":[36],"class_list":{"0":"post-213","1":"product","2":"type-product","3":"status-publish","4":"has-post-thumbnail","6":"product_cat-kontroleriai","7":"product_cat-roger","8":"product_tag-roger","10":"first","11":"instock","12":"shipping-taxable","13":"purchasable","14":"product-type-simple"},"yoast_head":"<!-- This site is optimized with the Yoast SEO plugin v27.3 - https:\/\/yoast.com\/product\/yoast-seo-wordpress\/ -->\n<title>ROGER PR411DR - Telefonspyn\u0117s Pra\u0117jimo kontrol\u0117<\/title>\n<meta name=\"description\" content=\"Vien\u0173 dur\u0173 kontroleris, \u012fmontuotas plastikiniame korpuse, kuris gali b\u016bti montuojamas ant 35mm DIN b\u0117gelio. AC maitinimas, komplektuojamas su 1.5A rezerviniu maitinimo \u0161altiniu. Darbui reikalingi i\u0161oriniai skaitytuvai.\" \/>\n<meta name=\"robots\" content=\"index, follow, max-snippet:-1, max-image-preview:large, max-video-preview:-1\" \/>\n<link rel=\"canonical\" href=\"https:\/\/domofonas.lt\/index.php\/product\/roger-pr411dr\/\" \/>\n<meta property=\"og:locale\" content=\"lt_LT\" \/>\n<meta property=\"og:type\" content=\"article\" \/>\n<meta property=\"og:title\" content=\"ROGER PR411DR - Telefonspyn\u0117s Pra\u0117jimo kontrol\u0117\" \/>\n<meta property=\"og:description\" content=\"Vien\u0173 dur\u0173 kontroleris, \u012fmontuotas plastikiniame korpuse, kuris gali b\u016bti montuojamas ant 35mm DIN b\u0117gelio. AC maitinimas, komplektuojamas su 1.5A rezerviniu maitinimo \u0161altiniu. Darbui reikalingi i\u0161oriniai skaitytuvai.\" \/>\n<meta property=\"og:url\" content=\"https:\/\/domofonas.lt\/index.php\/product\/roger-pr411dr\/\" \/>\n<meta property=\"og:site_name\" content=\"Telefonspyn\u0117s Pra\u0117jimo kontrol\u0117\" \/>\n<meta property=\"article:modified_time\" content=\"2020-12-11T20:06:20+00:00\" \/>\n<meta property=\"og:image\" content=\"https:\/\/domofonas.lt\/wp-content\/uploads\/2020\/12\/ROGER-PR411DR.jpg\" \/>\n\t<meta property=\"og:image:width\" content=\"250\" \/>\n\t<meta property=\"og:image:height\" content=\"250\" \/>\n\t<meta property=\"og:image:type\" content=\"image\/jpeg\" \/>\n<meta name=\"twitter:card\" content=\"summary_large_image\" \/>\n<script type=\"application\/ld+json\" class=\"yoast-schema-graph\">{\"@context\":\"https:\\\/\\\/schema.org\",\"@graph\":[{\"@type\":\"WebPage\",\"@id\":\"https:\\\/\\\/domofonas.lt\\\/index.php\\\/product\\\/roger-pr411dr\\\/\",\"url\":\"https:\\\/\\\/domofonas.lt\\\/index.php\\\/product\\\/roger-pr411dr\\\/\",\"name\":\"ROGER PR411DR - Telefonspyn\u0117s Pra\u0117jimo kontrol\u0117\",\"isPartOf\":{\"@id\":\"https:\\\/\\\/domofonas.lt\\\/#website\"},\"primaryImageOfPage\":{\"@id\":\"https:\\\/\\\/domofonas.lt\\\/index.php\\\/product\\\/roger-pr411dr\\\/#primaryimage\"},\"image\":{\"@id\":\"https:\\\/\\\/domofonas.lt\\\/index.php\\\/product\\\/roger-pr411dr\\\/#primaryimage\"},\"thumbnailUrl\":\"https:\\\/\\\/domofonas.lt\\\/wp-content\\\/uploads\\\/2020\\\/12\\\/ROGER-PR411DR.jpg\",\"datePublished\":\"2020-12-11T15:31:29+00:00\",\"dateModified\":\"2020-12-11T20:06:20+00:00\",\"description\":\"Vien\u0173 dur\u0173 kontroleris, \u012fmontuotas plastikiniame korpuse, kuris gali b\u016bti montuojamas ant 35mm DIN b\u0117gelio. AC maitinimas, komplektuojamas su 1.5A rezerviniu maitinimo \u0161altiniu. Darbui reikalingi i\u0161oriniai skaitytuvai.\",\"breadcrumb\":{\"@id\":\"https:\\\/\\\/domofonas.lt\\\/index.php\\\/product\\\/roger-pr411dr\\\/#breadcrumb\"},\"inLanguage\":\"lt-LT\",\"potentialAction\":[{\"@type\":\"ReadAction\",\"target\":[\"https:\\\/\\\/domofonas.lt\\\/index.php\\\/product\\\/roger-pr411dr\\\/\"]}]},{\"@type\":\"ImageObject\",\"inLanguage\":\"lt-LT\",\"@id\":\"https:\\\/\\\/domofonas.lt\\\/index.php\\\/product\\\/roger-pr411dr\\\/#primaryimage\",\"url\":\"https:\\\/\\\/domofonas.lt\\\/wp-content\\\/uploads\\\/2020\\\/12\\\/ROGER-PR411DR.jpg\",\"contentUrl\":\"https:\\\/\\\/domofonas.lt\\\/wp-content\\\/uploads\\\/2020\\\/12\\\/ROGER-PR411DR.jpg\",\"width\":250,\"height\":250,\"caption\":\"ROGER PR411DR\"},{\"@type\":\"BreadcrumbList\",\"@id\":\"https:\\\/\\\/domofonas.lt\\\/index.php\\\/product\\\/roger-pr411dr\\\/#breadcrumb\",\"itemListElement\":[{\"@type\":\"ListItem\",\"position\":1,\"name\":\"Home\",\"item\":\"https:\\\/\\\/domofonas.lt\\\/\"},{\"@type\":\"ListItem\",\"position\":2,\"name\":\"ROGER PR411DR\"}]},{\"@type\":\"WebSite\",\"@id\":\"https:\\\/\\\/domofonas.lt\\\/#website\",\"url\":\"https:\\\/\\\/domofonas.lt\\\/\",\"name\":\"Telefonspyn\u0117s Pra\u0117jimo kontrol\u0117\",\"description\":\"\u012erengimas Montavimas\",\"publisher\":{\"@id\":\"https:\\\/\\\/domofonas.lt\\\/#organization\"},\"potentialAction\":[{\"@type\":\"SearchAction\",\"target\":{\"@type\":\"EntryPoint\",\"urlTemplate\":\"https:\\\/\\\/domofonas.lt\\\/?s={search_term_string}\"},\"query-input\":{\"@type\":\"PropertyValueSpecification\",\"valueRequired\":true,\"valueName\":\"search_term_string\"}}],\"inLanguage\":\"lt-LT\"},{\"@type\":\"Organization\",\"@id\":\"https:\\\/\\\/domofonas.lt\\\/#organization\",\"name\":\"Telefonspyn\u0117s Pra\u0117jimo kontrol\u0117\",\"url\":\"https:\\\/\\\/domofonas.lt\\\/\",\"logo\":{\"@type\":\"ImageObject\",\"inLanguage\":\"lt-LT\",\"@id\":\"https:\\\/\\\/domofonas.lt\\\/#\\\/schema\\\/logo\\\/image\\\/\",\"url\":\"https:\\\/\\\/domofonas.lt\\\/wp-content\\\/uploads\\\/2020\\\/12\\\/cropped-cropped-paradox_ssg-Max-Quality__1_-removebg-preview.png\",\"contentUrl\":\"https:\\\/\\\/domofonas.lt\\\/wp-content\\\/uploads\\\/2020\\\/12\\\/cropped-cropped-paradox_ssg-Max-Quality__1_-removebg-preview.png\",\"width\":250,\"height\":70,\"caption\":\"Telefonspyn\u0117s  Pra\u0117jimo kontrol\u0117\"},\"image\":{\"@id\":\"https:\\\/\\\/domofonas.lt\\\/#\\\/schema\\\/logo\\\/image\\\/\"}}]}<\/script>\n<!-- \/ Yoast SEO plugin. -->","yoast_head_json":{"title":"ROGER PR411DR - Telefonspyn\u0117s Pra\u0117jimo kontrol\u0117","description":"Vien\u0173 dur\u0173 kontroleris, \u012fmontuotas plastikiniame korpuse, kuris gali b\u016bti montuojamas ant 35mm DIN b\u0117gelio. AC maitinimas, komplektuojamas su 1.5A rezerviniu maitinimo \u0161altiniu. Darbui reikalingi i\u0161oriniai skaitytuvai.","robots":{"index":"index","follow":"follow","max-snippet":"max-snippet:-1","max-image-preview":"max-image-preview:large","max-video-preview":"max-video-preview:-1"},"canonical":"https:\/\/domofonas.lt\/index.php\/product\/roger-pr411dr\/","og_locale":"lt_LT","og_type":"article","og_title":"ROGER PR411DR - Telefonspyn\u0117s Pra\u0117jimo kontrol\u0117","og_description":"Vien\u0173 dur\u0173 kontroleris, \u012fmontuotas plastikiniame korpuse, kuris gali b\u016bti montuojamas ant 35mm DIN b\u0117gelio. AC maitinimas, komplektuojamas su 1.5A rezerviniu maitinimo \u0161altiniu. Darbui reikalingi i\u0161oriniai skaitytuvai.","og_url":"https:\/\/domofonas.lt\/index.php\/product\/roger-pr411dr\/","og_site_name":"Telefonspyn\u0117s Pra\u0117jimo kontrol\u0117","article_modified_time":"2020-12-11T20:06:20+00:00","og_image":[{"width":250,"height":250,"url":"https:\/\/domofonas.lt\/wp-content\/uploads\/2020\/12\/ROGER-PR411DR.jpg","type":"image\/jpeg"}],"twitter_card":"summary_large_image","schema":{"@context":"https:\/\/schema.org","@graph":[{"@type":"WebPage","@id":"https:\/\/domofonas.lt\/index.php\/product\/roger-pr411dr\/","url":"https:\/\/domofonas.lt\/index.php\/product\/roger-pr411dr\/","name":"ROGER PR411DR - Telefonspyn\u0117s Pra\u0117jimo kontrol\u0117","isPartOf":{"@id":"https:\/\/domofonas.lt\/#website"},"primaryImageOfPage":{"@id":"https:\/\/domofonas.lt\/index.php\/product\/roger-pr411dr\/#primaryimage"},"image":{"@id":"https:\/\/domofonas.lt\/index.php\/product\/roger-pr411dr\/#primaryimage"},"thumbnailUrl":"https:\/\/domofonas.lt\/wp-content\/uploads\/2020\/12\/ROGER-PR411DR.jpg","datePublished":"2020-12-11T15:31:29+00:00","dateModified":"2020-12-11T20:06:20+00:00","description":"Vien\u0173 dur\u0173 kontroleris, \u012fmontuotas plastikiniame korpuse, kuris gali b\u016bti montuojamas ant 35mm DIN b\u0117gelio. AC maitinimas, komplektuojamas su 1.5A rezerviniu maitinimo \u0161altiniu. Darbui reikalingi i\u0161oriniai skaitytuvai.","breadcrumb":{"@id":"https:\/\/domofonas.lt\/index.php\/product\/roger-pr411dr\/#breadcrumb"},"inLanguage":"lt-LT","potentialAction":[{"@type":"ReadAction","target":["https:\/\/domofonas.lt\/index.php\/product\/roger-pr411dr\/"]}]},{"@type":"ImageObject","inLanguage":"lt-LT","@id":"https:\/\/domofonas.lt\/index.php\/product\/roger-pr411dr\/#primaryimage","url":"https:\/\/domofonas.lt\/wp-content\/uploads\/2020\/12\/ROGER-PR411DR.jpg","contentUrl":"https:\/\/domofonas.lt\/wp-content\/uploads\/2020\/12\/ROGER-PR411DR.jpg","width":250,"height":250,"caption":"ROGER PR411DR"},{"@type":"BreadcrumbList","@id":"https:\/\/domofonas.lt\/index.php\/product\/roger-pr411dr\/#breadcrumb","itemListElement":[{"@type":"ListItem","position":1,"name":"Home","item":"https:\/\/domofonas.lt\/"},{"@type":"ListItem","position":2,"name":"ROGER PR411DR"}]},{"@type":"WebSite","@id":"https:\/\/domofonas.lt\/#website","url":"https:\/\/domofonas.lt\/","name":"Telefonspyn\u0117s Pra\u0117jimo kontrol\u0117","description":"\u012erengimas Montavimas","publisher":{"@id":"https:\/\/domofonas.lt\/#organization"},"potentialAction":[{"@type":"SearchAction","target":{"@type":"EntryPoint","urlTemplate":"https:\/\/domofonas.lt\/?s={search_term_string}"},"query-input":{"@type":"PropertyValueSpecification","valueRequired":true,"valueName":"search_term_string"}}],"inLanguage":"lt-LT"},{"@type":"Organization","@id":"https:\/\/domofonas.lt\/#organization","name":"Telefonspyn\u0117s Pra\u0117jimo kontrol\u0117","url":"https:\/\/domofonas.lt\/","logo":{"@type":"ImageObject","inLanguage":"lt-LT","@id":"https:\/\/domofonas.lt\/#\/schema\/logo\/image\/","url":"https:\/\/domofonas.lt\/wp-content\/uploads\/2020\/12\/cropped-cropped-paradox_ssg-Max-Quality__1_-removebg-preview.png","contentUrl":"https:\/\/domofonas.lt\/wp-content\/uploads\/2020\/12\/cropped-cropped-paradox_ssg-Max-Quality__1_-removebg-preview.png","width":250,"height":70,"caption":"Telefonspyn\u0117s  Pra\u0117jimo kontrol\u0117"},"image":{"@id":"https:\/\/domofonas.lt\/#\/schema\/logo\/image\/"}}]}},"jetpack_sharing_enabled":true,"_links":{"self":[{"href":"https:\/\/domofonas.lt\/index.php\/wp-json\/wp\/v2\/product\/213","targetHints":{"allow":["GET"]}}],"collection":[{"href":"https:\/\/domofonas.lt\/index.php\/wp-json\/wp\/v2\/product"}],"about":[{"href":"https:\/\/domofonas.lt\/index.php\/wp-json\/wp\/v2\/types\/product"}],"wp:featuredmedia":[{"embeddable":true,"href":"https:\/\/domofonas.lt\/index.php\/wp-json\/wp\/v2\/media\/212"}],"wp:attachment":[{"href":"https:\/\/domofonas.lt\/index.php\/wp-json\/wp\/v2\/media?parent=213"}],"wp:term":[{"taxonomy":"product_brand","embeddable":true,"href":"https:\/\/domofonas.lt\/index.php\/wp-json\/wp\/v2\/product_brand?post=213"},{"taxonomy":"product_cat","embeddable":true,"href":"https:\/\/domofonas.lt\/index.php\/wp-json\/wp\/v2\/product_cat?post=213"},{"taxonomy":"product_tag","embeddable":true,"href":"https:\/\/domofonas.lt\/index.php\/wp-json\/wp\/v2\/product_tag?post=213"}],"curies":[{"name":"wp","href":"https:\/\/api.w.org\/{rel}","templated":true}]}}