{"id":205,"date":"2020-12-11T15:31:28","date_gmt":"2020-12-11T15:31:28","guid":{"rendered":"http:\/\/domofonas.lt\/index.php\/product\/ttr-04-1r\/"},"modified":"2020-12-11T19:46:13","modified_gmt":"2020-12-11T19:46:13","slug":"ttr-04-1r","status":"publish","type":"product","link":"https:\/\/domofonas.lt\/index.php\/product\/ttr-04-1r\/","title":{"rendered":"TTR-04.1R"},"content":{"rendered":"<p>Turniketas yra pilnai sukomplektuotas. \u012e komplekt\u0105 \u012feina turniketas (gali b\u016bti \u0161viesios sm\u0117lio spalvos arba tamsiai pilka) ir standartin\u0117s &#8222;rankos&#8221; (galima rinktis &#8222;rankas&#8221; su &#8222;anti-panic&#8221; funkcija) Kompakti\u0161ki, gra\u017eaus dizaino, elektromechaniniai. Praleidimo greitis iki 30 \u017emoni\u0173\/min. (galima naudoti, kur vaik\u0161to didelis \u017emoni\u0173 skai\u010dius \u2013 administracin\u0117s patalpos, ofisai, verslo centrai, bankai, gamyklos ir t.t.), tiksli praeinan\u010di\u0173 \u017emoni\u0173 apskaita, nes vienu u\u017etvaro pasukimu gali praeiti tik vienas \u017emogus, pra\u0117jimo u\u017etvaras automati\u0161kai sustoja ir fiksuojamas reikiamoje pozicijoje, u\u017etvaro strypai pagaminti i\u0161 ner\u016bdijan\u010dio plieno ir pasi\u017eymi padidintu tvirtumu, integruotas \u0161viesos diod\u0173 pra\u0117jimo indikatorius, galimas mechaninis\/elektroninis greitas avarinis i\u0161jungimas, numatyta galimyb\u0117 pajungti pavojaus signalizacij\u0105, kuri fiksuot\u0173 perlipimus per u\u017etvar\u0105 (komplektuojama papildomai), galima rinktis \u012fvairius turniketo valdymo b\u016bdus \u2013 rankin\u012f, valdyti i\u0161 pra\u0117jimo kontrol\u0117s sistemos (kortel\u0117mis, \u201eDallas\u201c tablet\u0117mis ir t.t.) arba radijo bangomis.<\/p>\n","protected":false},"excerpt":{"rendered":"<p>Turniketas yra pilnai sukomplektuotas. \u012e komplekt\u0105 \u012feina turniketas (gali b\u016bti \u0161viesios sm\u0117lio spalvos arba tamsiai pilka) ir standartin\u0117s &#8222;rankos&#8221; (galima rinktis &#8222;rankas&#8221; su &#8222;anti-panic&#8221; funkcija) Kompakti\u0161ki, gra\u017eaus dizaino, elektromechaniniai. Praleidimo greitis iki 30 \u017emoni\u0173\/min. (galima naudoti, kur vaik\u0161to didelis \u017emoni\u0173<\/p>\n","protected":false},"featured_media":204,"template":"","meta":{"_monsterinsights_skip_tracking":false,"_monsterinsights_sitenote_active":false,"_monsterinsights_sitenote_note":"","_monsterinsights_sitenote_category":0},"product_brand":[],"product_cat":[23],"product_tag":[37],"class_list":{"0":"post-205","1":"product","2":"type-product","3":"status-publish","4":"has-post-thumbnail","6":"product_cat-turniketai","7":"product_tag-turniketas","9":"first","10":"instock","11":"shipping-taxable","12":"purchasable","13":"product-type-simple"},"yoast_head":"<!-- This site is optimized with the Yoast SEO plugin v27.4 - https:\/\/yoast.com\/product\/yoast-seo-wordpress\/ -->\n<title>TTR-04.1R - Telefonspyn\u0117s Pra\u0117jimo kontrol\u0117<\/title>\n<meta name=\"description\" content=\"Turniketas yra pilnai sukomplektuotas. \u012e komplekt\u0105 \u012feina turniketas (gali b\u016bti \u0161viesios sm\u0117lio spalvos arba tamsiai pilka) ir standartin\u0117s\" \/>\n<meta name=\"robots\" content=\"index, follow, max-snippet:-1, max-image-preview:large, max-video-preview:-1\" \/>\n<link rel=\"canonical\" href=\"https:\/\/domofonas.lt\/index.php\/product\/ttr-04-1r\/\" \/>\n<meta property=\"og:locale\" content=\"lt_LT\" \/>\n<meta property=\"og:type\" content=\"article\" \/>\n<meta property=\"og:title\" content=\"TTR-04.1R - Telefonspyn\u0117s Pra\u0117jimo kontrol\u0117\" \/>\n<meta property=\"og:description\" content=\"Turniketas yra pilnai sukomplektuotas. \u012e komplekt\u0105 \u012feina turniketas (gali b\u016bti \u0161viesios sm\u0117lio spalvos arba tamsiai pilka) ir standartin\u0117s\" \/>\n<meta property=\"og:url\" content=\"https:\/\/domofonas.lt\/index.php\/product\/ttr-04-1r\/\" \/>\n<meta property=\"og:site_name\" content=\"Telefonspyn\u0117s Pra\u0117jimo kontrol\u0117\" \/>\n<meta property=\"article:modified_time\" content=\"2020-12-11T19:46:13+00:00\" \/>\n<meta property=\"og:image\" content=\"https:\/\/domofonas.lt\/wp-content\/uploads\/2020\/12\/TTR-04.1R.jpg\" \/>\n\t<meta property=\"og:image:width\" content=\"1500\" \/>\n\t<meta property=\"og:image:height\" content=\"1483\" \/>\n\t<meta property=\"og:image:type\" content=\"image\/jpeg\" \/>\n<meta name=\"twitter:card\" content=\"summary_large_image\" \/>\n<meta name=\"twitter:label1\" content=\"Est. reading time\" \/>\n\t<meta name=\"twitter:data1\" content=\"1 minut\u0117\" \/>\n<script type=\"application\/ld+json\" class=\"yoast-schema-graph\">{\"@context\":\"https:\\\/\\\/schema.org\",\"@graph\":[{\"@type\":\"WebPage\",\"@id\":\"https:\\\/\\\/domofonas.lt\\\/index.php\\\/product\\\/ttr-04-1r\\\/\",\"url\":\"https:\\\/\\\/domofonas.lt\\\/index.php\\\/product\\\/ttr-04-1r\\\/\",\"name\":\"TTR-04.1R - Telefonspyn\u0117s Pra\u0117jimo kontrol\u0117\",\"isPartOf\":{\"@id\":\"https:\\\/\\\/domofonas.lt\\\/#website\"},\"primaryImageOfPage\":{\"@id\":\"https:\\\/\\\/domofonas.lt\\\/index.php\\\/product\\\/ttr-04-1r\\\/#primaryimage\"},\"image\":{\"@id\":\"https:\\\/\\\/domofonas.lt\\\/index.php\\\/product\\\/ttr-04-1r\\\/#primaryimage\"},\"thumbnailUrl\":\"https:\\\/\\\/domofonas.lt\\\/wp-content\\\/uploads\\\/2020\\\/12\\\/TTR-04.1R.jpg\",\"datePublished\":\"2020-12-11T15:31:28+00:00\",\"dateModified\":\"2020-12-11T19:46:13+00:00\",\"description\":\"Turniketas yra pilnai sukomplektuotas. \u012e komplekt\u0105 \u012feina turniketas (gali b\u016bti \u0161viesios sm\u0117lio spalvos arba tamsiai pilka) ir standartin\u0117s\",\"breadcrumb\":{\"@id\":\"https:\\\/\\\/domofonas.lt\\\/index.php\\\/product\\\/ttr-04-1r\\\/#breadcrumb\"},\"inLanguage\":\"lt-LT\",\"potentialAction\":[{\"@type\":\"ReadAction\",\"target\":[\"https:\\\/\\\/domofonas.lt\\\/index.php\\\/product\\\/ttr-04-1r\\\/\"]}]},{\"@type\":\"ImageObject\",\"inLanguage\":\"lt-LT\",\"@id\":\"https:\\\/\\\/domofonas.lt\\\/index.php\\\/product\\\/ttr-04-1r\\\/#primaryimage\",\"url\":\"https:\\\/\\\/domofonas.lt\\\/wp-content\\\/uploads\\\/2020\\\/12\\\/TTR-04.1R.jpg\",\"contentUrl\":\"https:\\\/\\\/domofonas.lt\\\/wp-content\\\/uploads\\\/2020\\\/12\\\/TTR-04.1R.jpg\",\"width\":1500,\"height\":1483,\"caption\":\"TTR-04.1R\"},{\"@type\":\"BreadcrumbList\",\"@id\":\"https:\\\/\\\/domofonas.lt\\\/index.php\\\/product\\\/ttr-04-1r\\\/#breadcrumb\",\"itemListElement\":[{\"@type\":\"ListItem\",\"position\":1,\"name\":\"Home\",\"item\":\"https:\\\/\\\/domofonas.lt\\\/\"},{\"@type\":\"ListItem\",\"position\":2,\"name\":\"TTR-04.1R\"}]},{\"@type\":\"WebSite\",\"@id\":\"https:\\\/\\\/domofonas.lt\\\/#website\",\"url\":\"https:\\\/\\\/domofonas.lt\\\/\",\"name\":\"Telefonspyn\u0117s Pra\u0117jimo kontrol\u0117\",\"description\":\"\u012erengimas Montavimas\",\"publisher\":{\"@id\":\"https:\\\/\\\/domofonas.lt\\\/#organization\"},\"potentialAction\":[{\"@type\":\"SearchAction\",\"target\":{\"@type\":\"EntryPoint\",\"urlTemplate\":\"https:\\\/\\\/domofonas.lt\\\/?s={search_term_string}\"},\"query-input\":{\"@type\":\"PropertyValueSpecification\",\"valueRequired\":true,\"valueName\":\"search_term_string\"}}],\"inLanguage\":\"lt-LT\"},{\"@type\":\"Organization\",\"@id\":\"https:\\\/\\\/domofonas.lt\\\/#organization\",\"name\":\"Telefonspyn\u0117s Pra\u0117jimo kontrol\u0117\",\"url\":\"https:\\\/\\\/domofonas.lt\\\/\",\"logo\":{\"@type\":\"ImageObject\",\"inLanguage\":\"lt-LT\",\"@id\":\"https:\\\/\\\/domofonas.lt\\\/#\\\/schema\\\/logo\\\/image\\\/\",\"url\":\"https:\\\/\\\/domofonas.lt\\\/wp-content\\\/uploads\\\/2020\\\/12\\\/cropped-cropped-paradox_ssg-Max-Quality__1_-removebg-preview.png\",\"contentUrl\":\"https:\\\/\\\/domofonas.lt\\\/wp-content\\\/uploads\\\/2020\\\/12\\\/cropped-cropped-paradox_ssg-Max-Quality__1_-removebg-preview.png\",\"width\":250,\"height\":70,\"caption\":\"Telefonspyn\u0117s  Pra\u0117jimo kontrol\u0117\"},\"image\":{\"@id\":\"https:\\\/\\\/domofonas.lt\\\/#\\\/schema\\\/logo\\\/image\\\/\"}}]}<\/script>\n<!-- \/ Yoast SEO plugin. -->","yoast_head_json":{"title":"TTR-04.1R - Telefonspyn\u0117s Pra\u0117jimo kontrol\u0117","description":"Turniketas yra pilnai sukomplektuotas. \u012e komplekt\u0105 \u012feina turniketas (gali b\u016bti \u0161viesios sm\u0117lio spalvos arba tamsiai pilka) ir standartin\u0117s","robots":{"index":"index","follow":"follow","max-snippet":"max-snippet:-1","max-image-preview":"max-image-preview:large","max-video-preview":"max-video-preview:-1"},"canonical":"https:\/\/domofonas.lt\/index.php\/product\/ttr-04-1r\/","og_locale":"lt_LT","og_type":"article","og_title":"TTR-04.1R - Telefonspyn\u0117s Pra\u0117jimo kontrol\u0117","og_description":"Turniketas yra pilnai sukomplektuotas. \u012e komplekt\u0105 \u012feina turniketas (gali b\u016bti \u0161viesios sm\u0117lio spalvos arba tamsiai pilka) ir standartin\u0117s","og_url":"https:\/\/domofonas.lt\/index.php\/product\/ttr-04-1r\/","og_site_name":"Telefonspyn\u0117s Pra\u0117jimo kontrol\u0117","article_modified_time":"2020-12-11T19:46:13+00:00","og_image":[{"width":1500,"height":1483,"url":"https:\/\/domofonas.lt\/wp-content\/uploads\/2020\/12\/TTR-04.1R.jpg","type":"image\/jpeg"}],"twitter_card":"summary_large_image","twitter_misc":{"Est. reading time":"1 minut\u0117"},"schema":{"@context":"https:\/\/schema.org","@graph":[{"@type":"WebPage","@id":"https:\/\/domofonas.lt\/index.php\/product\/ttr-04-1r\/","url":"https:\/\/domofonas.lt\/index.php\/product\/ttr-04-1r\/","name":"TTR-04.1R - Telefonspyn\u0117s Pra\u0117jimo kontrol\u0117","isPartOf":{"@id":"https:\/\/domofonas.lt\/#website"},"primaryImageOfPage":{"@id":"https:\/\/domofonas.lt\/index.php\/product\/ttr-04-1r\/#primaryimage"},"image":{"@id":"https:\/\/domofonas.lt\/index.php\/product\/ttr-04-1r\/#primaryimage"},"thumbnailUrl":"https:\/\/domofonas.lt\/wp-content\/uploads\/2020\/12\/TTR-04.1R.jpg","datePublished":"2020-12-11T15:31:28+00:00","dateModified":"2020-12-11T19:46:13+00:00","description":"Turniketas yra pilnai sukomplektuotas. \u012e komplekt\u0105 \u012feina turniketas (gali b\u016bti \u0161viesios sm\u0117lio spalvos arba tamsiai pilka) ir standartin\u0117s","breadcrumb":{"@id":"https:\/\/domofonas.lt\/index.php\/product\/ttr-04-1r\/#breadcrumb"},"inLanguage":"lt-LT","potentialAction":[{"@type":"ReadAction","target":["https:\/\/domofonas.lt\/index.php\/product\/ttr-04-1r\/"]}]},{"@type":"ImageObject","inLanguage":"lt-LT","@id":"https:\/\/domofonas.lt\/index.php\/product\/ttr-04-1r\/#primaryimage","url":"https:\/\/domofonas.lt\/wp-content\/uploads\/2020\/12\/TTR-04.1R.jpg","contentUrl":"https:\/\/domofonas.lt\/wp-content\/uploads\/2020\/12\/TTR-04.1R.jpg","width":1500,"height":1483,"caption":"TTR-04.1R"},{"@type":"BreadcrumbList","@id":"https:\/\/domofonas.lt\/index.php\/product\/ttr-04-1r\/#breadcrumb","itemListElement":[{"@type":"ListItem","position":1,"name":"Home","item":"https:\/\/domofonas.lt\/"},{"@type":"ListItem","position":2,"name":"TTR-04.1R"}]},{"@type":"WebSite","@id":"https:\/\/domofonas.lt\/#website","url":"https:\/\/domofonas.lt\/","name":"Telefonspyn\u0117s Pra\u0117jimo kontrol\u0117","description":"\u012erengimas Montavimas","publisher":{"@id":"https:\/\/domofonas.lt\/#organization"},"potentialAction":[{"@type":"SearchAction","target":{"@type":"EntryPoint","urlTemplate":"https:\/\/domofonas.lt\/?s={search_term_string}"},"query-input":{"@type":"PropertyValueSpecification","valueRequired":true,"valueName":"search_term_string"}}],"inLanguage":"lt-LT"},{"@type":"Organization","@id":"https:\/\/domofonas.lt\/#organization","name":"Telefonspyn\u0117s Pra\u0117jimo kontrol\u0117","url":"https:\/\/domofonas.lt\/","logo":{"@type":"ImageObject","inLanguage":"lt-LT","@id":"https:\/\/domofonas.lt\/#\/schema\/logo\/image\/","url":"https:\/\/domofonas.lt\/wp-content\/uploads\/2020\/12\/cropped-cropped-paradox_ssg-Max-Quality__1_-removebg-preview.png","contentUrl":"https:\/\/domofonas.lt\/wp-content\/uploads\/2020\/12\/cropped-cropped-paradox_ssg-Max-Quality__1_-removebg-preview.png","width":250,"height":70,"caption":"Telefonspyn\u0117s  Pra\u0117jimo kontrol\u0117"},"image":{"@id":"https:\/\/domofonas.lt\/#\/schema\/logo\/image\/"}}]}},"jetpack_sharing_enabled":true,"_links":{"self":[{"href":"https:\/\/domofonas.lt\/index.php\/wp-json\/wp\/v2\/product\/205","targetHints":{"allow":["GET"]}}],"collection":[{"href":"https:\/\/domofonas.lt\/index.php\/wp-json\/wp\/v2\/product"}],"about":[{"href":"https:\/\/domofonas.lt\/index.php\/wp-json\/wp\/v2\/types\/product"}],"wp:featuredmedia":[{"embeddable":true,"href":"https:\/\/domofonas.lt\/index.php\/wp-json\/wp\/v2\/media\/204"}],"wp:attachment":[{"href":"https:\/\/domofonas.lt\/index.php\/wp-json\/wp\/v2\/media?parent=205"}],"wp:term":[{"taxonomy":"product_brand","embeddable":true,"href":"https:\/\/domofonas.lt\/index.php\/wp-json\/wp\/v2\/product_brand?post=205"},{"taxonomy":"product_cat","embeddable":true,"href":"https:\/\/domofonas.lt\/index.php\/wp-json\/wp\/v2\/product_cat?post=205"},{"taxonomy":"product_tag","embeddable":true,"href":"https:\/\/domofonas.lt\/index.php\/wp-json\/wp\/v2\/product_tag?post=205"}],"curies":[{"name":"wp","href":"https:\/\/api.w.org\/{rel}","templated":true}]}}