{"id":199,"date":"2020-12-11T15:31:26","date_gmt":"2020-12-11T15:31:26","guid":{"rendered":"http:\/\/domofonas.lt\/index.php\/product\/matrix-iii-eh\/"},"modified":"2020-12-11T19:48:45","modified_gmt":"2020-12-11T19:48:45","slug":"matrix-iii-eh","status":"publish","type":"product","link":"https:\/\/domofonas.lt\/index.php\/product\/matrix-iii-eh\/","title":{"rendered":"Matrix III EH"},"content":{"rendered":"<table border=\"1\" cellspacing=\"1\" cellpadding=\"1\">\n<tbody>\n<tr>\n<td valign=\"top\">Vaikimo da\u017enis<\/td>\n<td valign=\"top\">125KHz<\/td>\n<\/tr>\n<tr>\n<td valign=\"top\">Stndartai<\/td>\n<td valign=\"top\">HID ProxCard II, EM Marine<\/td>\n<\/tr>\n<tr>\n<td valign=\"top\">Nuskaitymo atstumas<\/td>\n<td valign=\"top\">6-14 cm<\/td>\n<\/tr>\n<tr>\n<td valign=\"top\">Maitinimas<\/td>\n<td valign=\"top\">8-18 VDC<\/td>\n<\/tr>\n<tr>\n<td valign=\"top\">Srov\u0117s suvartojimas<\/td>\n<td valign=\"top\">50mA (max)<\/td>\n<\/tr>\n<tr>\n<td valign=\"top\">Garso \/ \u0161viesos indikacija<\/td>\n<td valign=\"top\"><span class=\"m1txt\">buzzeris, dviej\u0173 spalv\u0173 LED<\/span><\/td>\n<\/tr>\n<tr>\n<td valign=\"top\">Darbo temperat\u016bra<\/td>\n<td valign=\"top\">nuo -40\u00b0C iki +50\u00b0C<\/td>\n<\/tr>\n<tr>\n<td valign=\"top\">Korpusas<\/td>\n<td valign=\"top\"><span class=\"m1txt\">ABS plastikas<\/span><\/td>\n<\/tr>\n<tr>\n<td valign=\"top\">S\u0105saja<\/td>\n<td valign=\"top\">Wiegand 26, Dallas Touch Memory (DS1990A)<\/td>\n<\/tr>\n<tr>\n<td valign=\"top\">Maksimalus linijos ilgis nuo skaitytuvo iki kontrolerio<\/td>\n<td valign=\"top\"><span class=\"m1txt\">&#8211; naudojant DS1990A iki 15m<\/span><\/p>\n<p><span class=\"m1txt\">&#8211; naudojant Wiegand iki 100m<br \/>\n<\/span><\/td>\n<\/tr>\n<tr>\n<td valign=\"top\">Duomen\u0173 perdavimo sparta<\/td>\n<td valign=\"top\">400bit-4K bps<\/td>\n<\/tr>\n<tr>\n<td valign=\"top\">Dydis<\/td>\n<td valign=\"top\">115x45x22 mm<\/td>\n<\/tr>\n<\/tbody>\n<\/table>\n","protected":false},"excerpt":{"rendered":"<p>Vaikimo da\u017enis 125KHz Stndartai HID ProxCard II, EM Marine Nuskaitymo atstumas 6-14 cm Maitinimas 8-18 VDC Srov\u0117s suvartojimas 50mA (max) Garso \/ \u0161viesos indikacija buzzeris, dviej\u0173 spalv\u0173 LED Darbo temperat\u016bra nuo -40\u00b0C iki +50\u00b0C Korpusas ABS plastikas S\u0105saja Wiegand 26,<\/p>\n","protected":false},"featured_media":198,"template":"","meta":{"_monsterinsights_skip_tracking":false,"_monsterinsights_sitenote_active":false,"_monsterinsights_sitenote_note":"","_monsterinsights_sitenote_category":0},"product_brand":[],"product_cat":[28],"product_tag":[33,31],"class_list":{"0":"post-199","1":"product","2":"type-product","3":"status-publish","4":"has-post-thumbnail","6":"product_cat-ironlogic","7":"product_tag-ironlogic","8":"product_tag-praejimo-kontrole","10":"first","11":"instock","12":"shipping-taxable","13":"purchasable","14":"product-type-simple"},"yoast_head":"<!-- This site is optimized with the Yoast SEO plugin v27.4 - https:\/\/yoast.com\/product\/yoast-seo-wordpress\/ -->\n<title>Matrix III EH - Telefonspyn\u0117s Pra\u0117jimo kontrol\u0117<\/title>\n<meta name=\"robots\" content=\"index, follow, max-snippet:-1, max-image-preview:large, max-video-preview:-1\" \/>\n<link rel=\"canonical\" href=\"https:\/\/domofonas.lt\/index.php\/product\/matrix-iii-eh\/\" \/>\n<meta property=\"og:locale\" content=\"lt_LT\" \/>\n<meta property=\"og:type\" content=\"article\" \/>\n<meta property=\"og:title\" content=\"Matrix III EH - Telefonspyn\u0117s Pra\u0117jimo kontrol\u0117\" \/>\n<meta property=\"og:description\" content=\"Vaikimo da\u017enis 125KHz Stndartai HID ProxCard II, EM Marine Nuskaitymo atstumas 6-14 cm Maitinimas 8-18 VDC Srov\u0117s suvartojimas 50mA (max) Garso \/ \u0161viesos indikacija buzzeris, dviej\u0173 spalv\u0173 LED Darbo temperat\u016bra nuo -40\u00b0C iki +50\u00b0C Korpusas ABS plastikas S\u0105saja Wiegand 26,\" \/>\n<meta property=\"og:url\" content=\"https:\/\/domofonas.lt\/index.php\/product\/matrix-iii-eh\/\" \/>\n<meta property=\"og:site_name\" content=\"Telefonspyn\u0117s Pra\u0117jimo kontrol\u0117\" \/>\n<meta property=\"article:modified_time\" content=\"2020-12-11T19:48:45+00:00\" \/>\n<meta property=\"og:image\" content=\"https:\/\/domofonas.lt\/wp-content\/uploads\/2020\/12\/Matrix-III-EH.jpg\" \/>\n\t<meta property=\"og:image:width\" content=\"500\" \/>\n\t<meta property=\"og:image:height\" content=\"500\" \/>\n\t<meta property=\"og:image:type\" content=\"image\/jpeg\" \/>\n<meta name=\"twitter:card\" content=\"summary_large_image\" \/>\n<script type=\"application\/ld+json\" class=\"yoast-schema-graph\">{\"@context\":\"https:\\\/\\\/schema.org\",\"@graph\":[{\"@type\":\"WebPage\",\"@id\":\"https:\\\/\\\/domofonas.lt\\\/index.php\\\/product\\\/matrix-iii-eh\\\/\",\"url\":\"https:\\\/\\\/domofonas.lt\\\/index.php\\\/product\\\/matrix-iii-eh\\\/\",\"name\":\"Matrix III EH - Telefonspyn\u0117s Pra\u0117jimo kontrol\u0117\",\"isPartOf\":{\"@id\":\"https:\\\/\\\/domofonas.lt\\\/#website\"},\"primaryImageOfPage\":{\"@id\":\"https:\\\/\\\/domofonas.lt\\\/index.php\\\/product\\\/matrix-iii-eh\\\/#primaryimage\"},\"image\":{\"@id\":\"https:\\\/\\\/domofonas.lt\\\/index.php\\\/product\\\/matrix-iii-eh\\\/#primaryimage\"},\"thumbnailUrl\":\"https:\\\/\\\/domofonas.lt\\\/wp-content\\\/uploads\\\/2020\\\/12\\\/Matrix-III-EH.jpg\",\"datePublished\":\"2020-12-11T15:31:26+00:00\",\"dateModified\":\"2020-12-11T19:48:45+00:00\",\"breadcrumb\":{\"@id\":\"https:\\\/\\\/domofonas.lt\\\/index.php\\\/product\\\/matrix-iii-eh\\\/#breadcrumb\"},\"inLanguage\":\"lt-LT\",\"potentialAction\":[{\"@type\":\"ReadAction\",\"target\":[\"https:\\\/\\\/domofonas.lt\\\/index.php\\\/product\\\/matrix-iii-eh\\\/\"]}]},{\"@type\":\"ImageObject\",\"inLanguage\":\"lt-LT\",\"@id\":\"https:\\\/\\\/domofonas.lt\\\/index.php\\\/product\\\/matrix-iii-eh\\\/#primaryimage\",\"url\":\"https:\\\/\\\/domofonas.lt\\\/wp-content\\\/uploads\\\/2020\\\/12\\\/Matrix-III-EH.jpg\",\"contentUrl\":\"https:\\\/\\\/domofonas.lt\\\/wp-content\\\/uploads\\\/2020\\\/12\\\/Matrix-III-EH.jpg\",\"width\":500,\"height\":500,\"caption\":\"Matrix III EH\"},{\"@type\":\"BreadcrumbList\",\"@id\":\"https:\\\/\\\/domofonas.lt\\\/index.php\\\/product\\\/matrix-iii-eh\\\/#breadcrumb\",\"itemListElement\":[{\"@type\":\"ListItem\",\"position\":1,\"name\":\"Home\",\"item\":\"https:\\\/\\\/domofonas.lt\\\/\"},{\"@type\":\"ListItem\",\"position\":2,\"name\":\"Matrix III EH\"}]},{\"@type\":\"WebSite\",\"@id\":\"https:\\\/\\\/domofonas.lt\\\/#website\",\"url\":\"https:\\\/\\\/domofonas.lt\\\/\",\"name\":\"Telefonspyn\u0117s Pra\u0117jimo kontrol\u0117\",\"description\":\"\u012erengimas Montavimas\",\"publisher\":{\"@id\":\"https:\\\/\\\/domofonas.lt\\\/#organization\"},\"potentialAction\":[{\"@type\":\"SearchAction\",\"target\":{\"@type\":\"EntryPoint\",\"urlTemplate\":\"https:\\\/\\\/domofonas.lt\\\/?s={search_term_string}\"},\"query-input\":{\"@type\":\"PropertyValueSpecification\",\"valueRequired\":true,\"valueName\":\"search_term_string\"}}],\"inLanguage\":\"lt-LT\"},{\"@type\":\"Organization\",\"@id\":\"https:\\\/\\\/domofonas.lt\\\/#organization\",\"name\":\"Telefonspyn\u0117s Pra\u0117jimo kontrol\u0117\",\"url\":\"https:\\\/\\\/domofonas.lt\\\/\",\"logo\":{\"@type\":\"ImageObject\",\"inLanguage\":\"lt-LT\",\"@id\":\"https:\\\/\\\/domofonas.lt\\\/#\\\/schema\\\/logo\\\/image\\\/\",\"url\":\"https:\\\/\\\/domofonas.lt\\\/wp-content\\\/uploads\\\/2020\\\/12\\\/cropped-cropped-paradox_ssg-Max-Quality__1_-removebg-preview.png\",\"contentUrl\":\"https:\\\/\\\/domofonas.lt\\\/wp-content\\\/uploads\\\/2020\\\/12\\\/cropped-cropped-paradox_ssg-Max-Quality__1_-removebg-preview.png\",\"width\":250,\"height\":70,\"caption\":\"Telefonspyn\u0117s  Pra\u0117jimo kontrol\u0117\"},\"image\":{\"@id\":\"https:\\\/\\\/domofonas.lt\\\/#\\\/schema\\\/logo\\\/image\\\/\"}}]}<\/script>\n<!-- \/ Yoast SEO plugin. -->","yoast_head_json":{"title":"Matrix III EH - Telefonspyn\u0117s Pra\u0117jimo kontrol\u0117","robots":{"index":"index","follow":"follow","max-snippet":"max-snippet:-1","max-image-preview":"max-image-preview:large","max-video-preview":"max-video-preview:-1"},"canonical":"https:\/\/domofonas.lt\/index.php\/product\/matrix-iii-eh\/","og_locale":"lt_LT","og_type":"article","og_title":"Matrix III EH - Telefonspyn\u0117s Pra\u0117jimo kontrol\u0117","og_description":"Vaikimo da\u017enis 125KHz Stndartai HID ProxCard II, EM Marine Nuskaitymo atstumas 6-14 cm Maitinimas 8-18 VDC Srov\u0117s suvartojimas 50mA (max) Garso \/ \u0161viesos indikacija buzzeris, dviej\u0173 spalv\u0173 LED Darbo temperat\u016bra nuo -40\u00b0C iki +50\u00b0C Korpusas ABS plastikas S\u0105saja Wiegand 26,","og_url":"https:\/\/domofonas.lt\/index.php\/product\/matrix-iii-eh\/","og_site_name":"Telefonspyn\u0117s Pra\u0117jimo kontrol\u0117","article_modified_time":"2020-12-11T19:48:45+00:00","og_image":[{"width":500,"height":500,"url":"https:\/\/domofonas.lt\/wp-content\/uploads\/2020\/12\/Matrix-III-EH.jpg","type":"image\/jpeg"}],"twitter_card":"summary_large_image","schema":{"@context":"https:\/\/schema.org","@graph":[{"@type":"WebPage","@id":"https:\/\/domofonas.lt\/index.php\/product\/matrix-iii-eh\/","url":"https:\/\/domofonas.lt\/index.php\/product\/matrix-iii-eh\/","name":"Matrix III EH - Telefonspyn\u0117s Pra\u0117jimo kontrol\u0117","isPartOf":{"@id":"https:\/\/domofonas.lt\/#website"},"primaryImageOfPage":{"@id":"https:\/\/domofonas.lt\/index.php\/product\/matrix-iii-eh\/#primaryimage"},"image":{"@id":"https:\/\/domofonas.lt\/index.php\/product\/matrix-iii-eh\/#primaryimage"},"thumbnailUrl":"https:\/\/domofonas.lt\/wp-content\/uploads\/2020\/12\/Matrix-III-EH.jpg","datePublished":"2020-12-11T15:31:26+00:00","dateModified":"2020-12-11T19:48:45+00:00","breadcrumb":{"@id":"https:\/\/domofonas.lt\/index.php\/product\/matrix-iii-eh\/#breadcrumb"},"inLanguage":"lt-LT","potentialAction":[{"@type":"ReadAction","target":["https:\/\/domofonas.lt\/index.php\/product\/matrix-iii-eh\/"]}]},{"@type":"ImageObject","inLanguage":"lt-LT","@id":"https:\/\/domofonas.lt\/index.php\/product\/matrix-iii-eh\/#primaryimage","url":"https:\/\/domofonas.lt\/wp-content\/uploads\/2020\/12\/Matrix-III-EH.jpg","contentUrl":"https:\/\/domofonas.lt\/wp-content\/uploads\/2020\/12\/Matrix-III-EH.jpg","width":500,"height":500,"caption":"Matrix III EH"},{"@type":"BreadcrumbList","@id":"https:\/\/domofonas.lt\/index.php\/product\/matrix-iii-eh\/#breadcrumb","itemListElement":[{"@type":"ListItem","position":1,"name":"Home","item":"https:\/\/domofonas.lt\/"},{"@type":"ListItem","position":2,"name":"Matrix III EH"}]},{"@type":"WebSite","@id":"https:\/\/domofonas.lt\/#website","url":"https:\/\/domofonas.lt\/","name":"Telefonspyn\u0117s Pra\u0117jimo kontrol\u0117","description":"\u012erengimas Montavimas","publisher":{"@id":"https:\/\/domofonas.lt\/#organization"},"potentialAction":[{"@type":"SearchAction","target":{"@type":"EntryPoint","urlTemplate":"https:\/\/domofonas.lt\/?s={search_term_string}"},"query-input":{"@type":"PropertyValueSpecification","valueRequired":true,"valueName":"search_term_string"}}],"inLanguage":"lt-LT"},{"@type":"Organization","@id":"https:\/\/domofonas.lt\/#organization","name":"Telefonspyn\u0117s Pra\u0117jimo kontrol\u0117","url":"https:\/\/domofonas.lt\/","logo":{"@type":"ImageObject","inLanguage":"lt-LT","@id":"https:\/\/domofonas.lt\/#\/schema\/logo\/image\/","url":"https:\/\/domofonas.lt\/wp-content\/uploads\/2020\/12\/cropped-cropped-paradox_ssg-Max-Quality__1_-removebg-preview.png","contentUrl":"https:\/\/domofonas.lt\/wp-content\/uploads\/2020\/12\/cropped-cropped-paradox_ssg-Max-Quality__1_-removebg-preview.png","width":250,"height":70,"caption":"Telefonspyn\u0117s  Pra\u0117jimo kontrol\u0117"},"image":{"@id":"https:\/\/domofonas.lt\/#\/schema\/logo\/image\/"}}]}},"jetpack_sharing_enabled":true,"_links":{"self":[{"href":"https:\/\/domofonas.lt\/index.php\/wp-json\/wp\/v2\/product\/199","targetHints":{"allow":["GET"]}}],"collection":[{"href":"https:\/\/domofonas.lt\/index.php\/wp-json\/wp\/v2\/product"}],"about":[{"href":"https:\/\/domofonas.lt\/index.php\/wp-json\/wp\/v2\/types\/product"}],"wp:featuredmedia":[{"embeddable":true,"href":"https:\/\/domofonas.lt\/index.php\/wp-json\/wp\/v2\/media\/198"}],"wp:attachment":[{"href":"https:\/\/domofonas.lt\/index.php\/wp-json\/wp\/v2\/media?parent=199"}],"wp:term":[{"taxonomy":"product_brand","embeddable":true,"href":"https:\/\/domofonas.lt\/index.php\/wp-json\/wp\/v2\/product_brand?post=199"},{"taxonomy":"product_cat","embeddable":true,"href":"https:\/\/domofonas.lt\/index.php\/wp-json\/wp\/v2\/product_cat?post=199"},{"taxonomy":"product_tag","embeddable":true,"href":"https:\/\/domofonas.lt\/index.php\/wp-json\/wp\/v2\/product_tag?post=199"}],"curies":[{"name":"wp","href":"https:\/\/api.w.org\/{rel}","templated":true}]}}