{"id":160,"date":"2020-12-11T15:31:20","date_gmt":"2020-12-11T15:31:20","guid":{"rendered":"http:\/\/domofonas.lt\/index.php\/product\/proxcard-ii-nuotoline-kortele-1326lgsmv\/"},"modified":"2020-12-11T19:59:43","modified_gmt":"2020-12-11T19:59:43","slug":"proxcard-ii-nuotoline-kortele-1326lgsmv","status":"publish","type":"product","link":"https:\/\/domofonas.lt\/index.php\/product\/proxcard-ii-nuotoline-kortele-1326lgsmv\/","title":{"rendered":"ProxCard II Nuotolin\u0117 kortel\u0117 1326LGSMV"},"content":{"rendered":"<table class=\"parameters\" width=\"100%\" cellspacing=\"0\" cellpadding=\"0\">\n<tbody>\n<tr>\n<td class=\"left-cell\">Da\u017enis<\/td>\n<td class=\"right-cell\">125 kHz<\/td>\n<\/tr>\n<tr>\n<td class=\"left-cell\">Veikimo temperat\u016bra, (\u00b0C Min\/Max)<\/td>\n<td class=\"right-cell\">-45\/+70<\/td>\n<\/tr>\n<tr>\n<td class=\"left-cell\">Matmenys, mm<\/td>\n<td class=\"right-cell\">54 x 86 x 1,9<\/td>\n<\/tr>\n<\/tbody>\n<\/table>\n","protected":false},"excerpt":{"rendered":"<p>Da\u017enis 125 kHz Veikimo temperat\u016bra, (\u00b0C Min\/Max) -45\/+70 Matmenys, mm 54 x 86 x 1,9<\/p>\n","protected":false},"featured_media":159,"template":"","meta":{"_monsterinsights_skip_tracking":false,"_monsterinsights_sitenote_active":false,"_monsterinsights_sitenote_note":"","_monsterinsights_sitenote_category":0},"product_brand":[],"product_cat":[26],"product_tag":[41,42,31],"class_list":{"0":"post-160","1":"product","2":"type-product","3":"status-publish","4":"has-post-thumbnail","6":"product_cat-korteles-identifikatoriai-pakabukai","7":"product_tag-hid","8":"product_tag-iclass","9":"product_tag-praejimo-kontrole","11":"first","12":"instock","13":"shipping-taxable","14":"purchasable","15":"product-type-simple"},"yoast_head":"<!-- This site is optimized with the Yoast SEO plugin v27.4 - https:\/\/yoast.com\/product\/yoast-seo-wordpress\/ -->\n<title>ProxCard II Nuotolin\u0117 kortel\u0117 1326LGSMV - Telefonspyn\u0117s Pra\u0117jimo kontrol\u0117<\/title>\n<meta name=\"robots\" content=\"index, follow, max-snippet:-1, max-image-preview:large, max-video-preview:-1\" \/>\n<link rel=\"canonical\" href=\"https:\/\/domofonas.lt\/index.php\/product\/proxcard-ii-nuotoline-kortele-1326lgsmv\/\" \/>\n<meta property=\"og:locale\" content=\"lt_LT\" \/>\n<meta property=\"og:type\" content=\"article\" \/>\n<meta property=\"og:title\" content=\"ProxCard II Nuotolin\u0117 kortel\u0117 1326LGSMV - Telefonspyn\u0117s Pra\u0117jimo kontrol\u0117\" \/>\n<meta property=\"og:description\" content=\"Da\u017enis 125 kHz Veikimo temperat\u016bra, (\u00b0C Min\/Max) -45\/+70 Matmenys, mm 54 x 86 x 1,9\" \/>\n<meta property=\"og:url\" content=\"https:\/\/domofonas.lt\/index.php\/product\/proxcard-ii-nuotoline-kortele-1326lgsmv\/\" \/>\n<meta property=\"og:site_name\" content=\"Telefonspyn\u0117s Pra\u0117jimo kontrol\u0117\" \/>\n<meta property=\"article:modified_time\" content=\"2020-12-11T19:59:43+00:00\" \/>\n<meta property=\"og:image\" content=\"https:\/\/domofonas.lt\/wp-content\/uploads\/2020\/12\/ProxCard-II-Nuotoline-kortele-1326LGSMV.jpg\" \/>\n\t<meta property=\"og:image:width\" content=\"167\" \/>\n\t<meta property=\"og:image:height\" content=\"200\" \/>\n\t<meta property=\"og:image:type\" content=\"image\/jpeg\" \/>\n<meta name=\"twitter:card\" content=\"summary_large_image\" \/>\n<script type=\"application\/ld+json\" class=\"yoast-schema-graph\">{\"@context\":\"https:\\\/\\\/schema.org\",\"@graph\":[{\"@type\":\"WebPage\",\"@id\":\"https:\\\/\\\/domofonas.lt\\\/index.php\\\/product\\\/proxcard-ii-nuotoline-kortele-1326lgsmv\\\/\",\"url\":\"https:\\\/\\\/domofonas.lt\\\/index.php\\\/product\\\/proxcard-ii-nuotoline-kortele-1326lgsmv\\\/\",\"name\":\"ProxCard II Nuotolin\u0117 kortel\u0117 1326LGSMV - Telefonspyn\u0117s Pra\u0117jimo kontrol\u0117\",\"isPartOf\":{\"@id\":\"https:\\\/\\\/domofonas.lt\\\/#website\"},\"primaryImageOfPage\":{\"@id\":\"https:\\\/\\\/domofonas.lt\\\/index.php\\\/product\\\/proxcard-ii-nuotoline-kortele-1326lgsmv\\\/#primaryimage\"},\"image\":{\"@id\":\"https:\\\/\\\/domofonas.lt\\\/index.php\\\/product\\\/proxcard-ii-nuotoline-kortele-1326lgsmv\\\/#primaryimage\"},\"thumbnailUrl\":\"https:\\\/\\\/domofonas.lt\\\/wp-content\\\/uploads\\\/2020\\\/12\\\/ProxCard-II-Nuotoline-kortele-1326LGSMV.jpg\",\"datePublished\":\"2020-12-11T15:31:20+00:00\",\"dateModified\":\"2020-12-11T19:59:43+00:00\",\"breadcrumb\":{\"@id\":\"https:\\\/\\\/domofonas.lt\\\/index.php\\\/product\\\/proxcard-ii-nuotoline-kortele-1326lgsmv\\\/#breadcrumb\"},\"inLanguage\":\"lt-LT\",\"potentialAction\":[{\"@type\":\"ReadAction\",\"target\":[\"https:\\\/\\\/domofonas.lt\\\/index.php\\\/product\\\/proxcard-ii-nuotoline-kortele-1326lgsmv\\\/\"]}]},{\"@type\":\"ImageObject\",\"inLanguage\":\"lt-LT\",\"@id\":\"https:\\\/\\\/domofonas.lt\\\/index.php\\\/product\\\/proxcard-ii-nuotoline-kortele-1326lgsmv\\\/#primaryimage\",\"url\":\"https:\\\/\\\/domofonas.lt\\\/wp-content\\\/uploads\\\/2020\\\/12\\\/ProxCard-II-Nuotoline-kortele-1326LGSMV.jpg\",\"contentUrl\":\"https:\\\/\\\/domofonas.lt\\\/wp-content\\\/uploads\\\/2020\\\/12\\\/ProxCard-II-Nuotoline-kortele-1326LGSMV.jpg\",\"width\":167,\"height\":200,\"caption\":\"ProxCard II Nuotolin\u0117 kortel\u0117 1326LGSMV\"},{\"@type\":\"BreadcrumbList\",\"@id\":\"https:\\\/\\\/domofonas.lt\\\/index.php\\\/product\\\/proxcard-ii-nuotoline-kortele-1326lgsmv\\\/#breadcrumb\",\"itemListElement\":[{\"@type\":\"ListItem\",\"position\":1,\"name\":\"Home\",\"item\":\"https:\\\/\\\/domofonas.lt\\\/\"},{\"@type\":\"ListItem\",\"position\":2,\"name\":\"ProxCard II Nuotolin\u0117 kortel\u0117 1326LGSMV\"}]},{\"@type\":\"WebSite\",\"@id\":\"https:\\\/\\\/domofonas.lt\\\/#website\",\"url\":\"https:\\\/\\\/domofonas.lt\\\/\",\"name\":\"Telefonspyn\u0117s Pra\u0117jimo kontrol\u0117\",\"description\":\"\u012erengimas Montavimas\",\"publisher\":{\"@id\":\"https:\\\/\\\/domofonas.lt\\\/#organization\"},\"potentialAction\":[{\"@type\":\"SearchAction\",\"target\":{\"@type\":\"EntryPoint\",\"urlTemplate\":\"https:\\\/\\\/domofonas.lt\\\/?s={search_term_string}\"},\"query-input\":{\"@type\":\"PropertyValueSpecification\",\"valueRequired\":true,\"valueName\":\"search_term_string\"}}],\"inLanguage\":\"lt-LT\"},{\"@type\":\"Organization\",\"@id\":\"https:\\\/\\\/domofonas.lt\\\/#organization\",\"name\":\"Telefonspyn\u0117s Pra\u0117jimo kontrol\u0117\",\"url\":\"https:\\\/\\\/domofonas.lt\\\/\",\"logo\":{\"@type\":\"ImageObject\",\"inLanguage\":\"lt-LT\",\"@id\":\"https:\\\/\\\/domofonas.lt\\\/#\\\/schema\\\/logo\\\/image\\\/\",\"url\":\"https:\\\/\\\/domofonas.lt\\\/wp-content\\\/uploads\\\/2020\\\/12\\\/cropped-cropped-paradox_ssg-Max-Quality__1_-removebg-preview.png\",\"contentUrl\":\"https:\\\/\\\/domofonas.lt\\\/wp-content\\\/uploads\\\/2020\\\/12\\\/cropped-cropped-paradox_ssg-Max-Quality__1_-removebg-preview.png\",\"width\":250,\"height\":70,\"caption\":\"Telefonspyn\u0117s  Pra\u0117jimo kontrol\u0117\"},\"image\":{\"@id\":\"https:\\\/\\\/domofonas.lt\\\/#\\\/schema\\\/logo\\\/image\\\/\"}}]}<\/script>\n<!-- \/ Yoast SEO plugin. -->","yoast_head_json":{"title":"ProxCard II Nuotolin\u0117 kortel\u0117 1326LGSMV - Telefonspyn\u0117s Pra\u0117jimo kontrol\u0117","robots":{"index":"index","follow":"follow","max-snippet":"max-snippet:-1","max-image-preview":"max-image-preview:large","max-video-preview":"max-video-preview:-1"},"canonical":"https:\/\/domofonas.lt\/index.php\/product\/proxcard-ii-nuotoline-kortele-1326lgsmv\/","og_locale":"lt_LT","og_type":"article","og_title":"ProxCard II Nuotolin\u0117 kortel\u0117 1326LGSMV - Telefonspyn\u0117s Pra\u0117jimo kontrol\u0117","og_description":"Da\u017enis 125 kHz Veikimo temperat\u016bra, (\u00b0C Min\/Max) -45\/+70 Matmenys, mm 54 x 86 x 1,9","og_url":"https:\/\/domofonas.lt\/index.php\/product\/proxcard-ii-nuotoline-kortele-1326lgsmv\/","og_site_name":"Telefonspyn\u0117s Pra\u0117jimo kontrol\u0117","article_modified_time":"2020-12-11T19:59:43+00:00","og_image":[{"width":167,"height":200,"url":"https:\/\/domofonas.lt\/wp-content\/uploads\/2020\/12\/ProxCard-II-Nuotoline-kortele-1326LGSMV.jpg","type":"image\/jpeg"}],"twitter_card":"summary_large_image","schema":{"@context":"https:\/\/schema.org","@graph":[{"@type":"WebPage","@id":"https:\/\/domofonas.lt\/index.php\/product\/proxcard-ii-nuotoline-kortele-1326lgsmv\/","url":"https:\/\/domofonas.lt\/index.php\/product\/proxcard-ii-nuotoline-kortele-1326lgsmv\/","name":"ProxCard II Nuotolin\u0117 kortel\u0117 1326LGSMV - Telefonspyn\u0117s Pra\u0117jimo kontrol\u0117","isPartOf":{"@id":"https:\/\/domofonas.lt\/#website"},"primaryImageOfPage":{"@id":"https:\/\/domofonas.lt\/index.php\/product\/proxcard-ii-nuotoline-kortele-1326lgsmv\/#primaryimage"},"image":{"@id":"https:\/\/domofonas.lt\/index.php\/product\/proxcard-ii-nuotoline-kortele-1326lgsmv\/#primaryimage"},"thumbnailUrl":"https:\/\/domofonas.lt\/wp-content\/uploads\/2020\/12\/ProxCard-II-Nuotoline-kortele-1326LGSMV.jpg","datePublished":"2020-12-11T15:31:20+00:00","dateModified":"2020-12-11T19:59:43+00:00","breadcrumb":{"@id":"https:\/\/domofonas.lt\/index.php\/product\/proxcard-ii-nuotoline-kortele-1326lgsmv\/#breadcrumb"},"inLanguage":"lt-LT","potentialAction":[{"@type":"ReadAction","target":["https:\/\/domofonas.lt\/index.php\/product\/proxcard-ii-nuotoline-kortele-1326lgsmv\/"]}]},{"@type":"ImageObject","inLanguage":"lt-LT","@id":"https:\/\/domofonas.lt\/index.php\/product\/proxcard-ii-nuotoline-kortele-1326lgsmv\/#primaryimage","url":"https:\/\/domofonas.lt\/wp-content\/uploads\/2020\/12\/ProxCard-II-Nuotoline-kortele-1326LGSMV.jpg","contentUrl":"https:\/\/domofonas.lt\/wp-content\/uploads\/2020\/12\/ProxCard-II-Nuotoline-kortele-1326LGSMV.jpg","width":167,"height":200,"caption":"ProxCard II Nuotolin\u0117 kortel\u0117 1326LGSMV"},{"@type":"BreadcrumbList","@id":"https:\/\/domofonas.lt\/index.php\/product\/proxcard-ii-nuotoline-kortele-1326lgsmv\/#breadcrumb","itemListElement":[{"@type":"ListItem","position":1,"name":"Home","item":"https:\/\/domofonas.lt\/"},{"@type":"ListItem","position":2,"name":"ProxCard II Nuotolin\u0117 kortel\u0117 1326LGSMV"}]},{"@type":"WebSite","@id":"https:\/\/domofonas.lt\/#website","url":"https:\/\/domofonas.lt\/","name":"Telefonspyn\u0117s Pra\u0117jimo kontrol\u0117","description":"\u012erengimas Montavimas","publisher":{"@id":"https:\/\/domofonas.lt\/#organization"},"potentialAction":[{"@type":"SearchAction","target":{"@type":"EntryPoint","urlTemplate":"https:\/\/domofonas.lt\/?s={search_term_string}"},"query-input":{"@type":"PropertyValueSpecification","valueRequired":true,"valueName":"search_term_string"}}],"inLanguage":"lt-LT"},{"@type":"Organization","@id":"https:\/\/domofonas.lt\/#organization","name":"Telefonspyn\u0117s Pra\u0117jimo kontrol\u0117","url":"https:\/\/domofonas.lt\/","logo":{"@type":"ImageObject","inLanguage":"lt-LT","@id":"https:\/\/domofonas.lt\/#\/schema\/logo\/image\/","url":"https:\/\/domofonas.lt\/wp-content\/uploads\/2020\/12\/cropped-cropped-paradox_ssg-Max-Quality__1_-removebg-preview.png","contentUrl":"https:\/\/domofonas.lt\/wp-content\/uploads\/2020\/12\/cropped-cropped-paradox_ssg-Max-Quality__1_-removebg-preview.png","width":250,"height":70,"caption":"Telefonspyn\u0117s  Pra\u0117jimo kontrol\u0117"},"image":{"@id":"https:\/\/domofonas.lt\/#\/schema\/logo\/image\/"}}]}},"jetpack_sharing_enabled":true,"_links":{"self":[{"href":"https:\/\/domofonas.lt\/index.php\/wp-json\/wp\/v2\/product\/160","targetHints":{"allow":["GET"]}}],"collection":[{"href":"https:\/\/domofonas.lt\/index.php\/wp-json\/wp\/v2\/product"}],"about":[{"href":"https:\/\/domofonas.lt\/index.php\/wp-json\/wp\/v2\/types\/product"}],"wp:featuredmedia":[{"embeddable":true,"href":"https:\/\/domofonas.lt\/index.php\/wp-json\/wp\/v2\/media\/159"}],"wp:attachment":[{"href":"https:\/\/domofonas.lt\/index.php\/wp-json\/wp\/v2\/media?parent=160"}],"wp:term":[{"taxonomy":"product_brand","embeddable":true,"href":"https:\/\/domofonas.lt\/index.php\/wp-json\/wp\/v2\/product_brand?post=160"},{"taxonomy":"product_cat","embeddable":true,"href":"https:\/\/domofonas.lt\/index.php\/wp-json\/wp\/v2\/product_cat?post=160"},{"taxonomy":"product_tag","embeddable":true,"href":"https:\/\/domofonas.lt\/index.php\/wp-json\/wp\/v2\/product_tag?post=160"}],"curies":[{"name":"wp","href":"https:\/\/api.w.org\/{rel}","templated":true}]}}