{"id":142,"date":"2020-12-11T15:31:17","date_gmt":"2020-12-11T15:31:17","guid":{"rendered":"http:\/\/domofonas.lt\/index.php\/product\/hikvision-ds-k1104m\/"},"modified":"2020-12-24T21:00:17","modified_gmt":"2020-12-24T21:00:17","slug":"hikvision-ds-k1104m","status":"publish","type":"product","link":"https:\/\/domofonas.lt\/index.php\/product\/hikvision-ds-k1104m\/","title":{"rendered":"Hikvision DS-K1104M"},"content":{"rendered":"<table border=\"1\">\n<tbody>\n<tr>\n<td class=\"td1\">ID nustatymai<\/td>\n<td>Setting by the DIP Switch on the Main Board<\/td>\n<\/tr>\n<tr>\n<td class=\"td1\">Korteli\u0173 skaitymo da\u017enis<\/td>\n<td>13.56MHz<\/td>\n<\/tr>\n<tr>\n<td class=\"td1\">Korteli\u0173 skaitymo atstumas<\/td>\n<td>\u226450mm (\u22641.97&#8243;)<\/td>\n<\/tr>\n<tr>\n<td class=\"td1\">Procesorius<\/td>\n<td>32-bit<\/td>\n<\/tr>\n<tr>\n<th colspan=\"2\">Pagrindin\u0117s savyb\u0117s<\/th>\n<\/tr>\n<tr>\n<td class=\"td1\">Klaviat\u016bra<\/td>\n<td>No Keypad (DS-K1104M)<\/td>\n<\/tr>\n<tr>\n<td class=\"td1\">Garsinis persp\u0117jimas<\/td>\n<td>Beeper<\/td>\n<\/tr>\n<tr>\n<td class=\"td1\">Veikimo srov\u0117<\/td>\n<td>\u2264500mA<\/td>\n<\/tr>\n<tr>\n<td class=\"td1\">Maitinimas<\/td>\n<td>12VDC<\/td>\n<\/tr>\n<tr>\n<td class=\"td1\">Energijos suvartojimas<\/td>\n<td>\u22642W<\/td>\n<\/tr>\n<tr>\n<td class=\"td1\">LED indikacija<\/td>\n<td>Power Indicator; Status LED Indicator<\/td>\n<\/tr>\n<tr>\n<td class=\"td1\">Montavimas<\/td>\n<td>Applied for 86 &amp; 120 Gang Box<\/td>\n<\/tr>\n<tr>\n<td class=\"td1\">IP apsaugos klas\u0117<\/td>\n<td>IP 65<\/td>\n<\/tr>\n<tr>\n<td class=\"td1\">Sertifikatai<\/td>\n<td>CE, FCC<\/td>\n<\/tr>\n<tr>\n<td class=\"td1\">Santykinis oro dr\u0117gnumas<\/td>\n<td>10% to 90% (Non-Condensing)<\/td>\n<\/tr>\n<tr>\n<td class=\"td1\">Veikimo temperat\u016bra<\/td>\n<td>-20\u00b0C to +65\u00b0C (-4\u00b0F to +149\u00b0F)<\/td>\n<\/tr>\n<tr>\n<td class=\"td1\">I\u0161matavimai (L\u00d7W\u00d7H):<\/td>\n<td>118mm \u00d7 76mm \u00d7 23mm (4.65&#8221; \u00d7 2.99&#8221; \u00d7 0.91&#8243;)<\/td>\n<\/tr>\n<tr>\n<td class=\"td1\">Svoris<\/td>\n<td>\u2264 0.52Kg<\/td>\n<\/tr>\n<\/tbody>\n<\/table>\n","protected":false},"excerpt":{"rendered":"<p>Palaiko Mifare 1 kortel\u0119, Palaiko RS485 ir Wiegand(W26\/W34) protokolus, Apsauga nuo aliarmo suklastojimo, Atsparus dulk\u0117ms, IP65, IK10<\/p>\n","protected":false},"featured_media":141,"template":"","meta":{"_monsterinsights_skip_tracking":false,"_monsterinsights_sitenote_active":false,"_monsterinsights_sitenote_note":"","_monsterinsights_sitenote_category":0},"product_brand":[],"product_cat":[24],"product_tag":[],"class_list":{"0":"post-142","1":"product","2":"type-product","3":"status-publish","4":"has-post-thumbnail","6":"product_cat-korteliu-skaitytuvai","8":"first","9":"instock","10":"shipping-taxable","11":"purchasable","12":"product-type-simple"},"yoast_head":"<!-- This site is optimized with the Yoast SEO plugin v27.3 - https:\/\/yoast.com\/product\/yoast-seo-wordpress\/ -->\n<title>Hikvision DS-K1104M - Telefonspyn\u0117s Pra\u0117jimo kontrol\u0117<\/title>\n<meta name=\"robots\" content=\"index, follow, max-snippet:-1, max-image-preview:large, max-video-preview:-1\" \/>\n<link rel=\"canonical\" href=\"https:\/\/domofonas.lt\/index.php\/product\/hikvision-ds-k1104m\/\" \/>\n<meta property=\"og:locale\" content=\"lt_LT\" \/>\n<meta property=\"og:type\" content=\"article\" \/>\n<meta property=\"og:title\" content=\"Hikvision DS-K1104M - Telefonspyn\u0117s Pra\u0117jimo kontrol\u0117\" \/>\n<meta property=\"og:description\" content=\"Palaiko Mifare 1 kortel\u0119, Palaiko RS485 ir Wiegand(W26\/W34) protokolus, Apsauga nuo aliarmo suklastojimo, Atsparus dulk\u0117ms, IP65, IK10\" \/>\n<meta property=\"og:url\" content=\"https:\/\/domofonas.lt\/index.php\/product\/hikvision-ds-k1104m\/\" \/>\n<meta property=\"og:site_name\" content=\"Telefonspyn\u0117s Pra\u0117jimo kontrol\u0117\" \/>\n<meta property=\"article:modified_time\" content=\"2020-12-24T21:00:17+00:00\" \/>\n<meta property=\"og:image\" content=\"https:\/\/domofonas.lt\/wp-content\/uploads\/2020\/12\/Hikvision-DS-K1104M.jpg\" \/>\n\t<meta property=\"og:image:width\" content=\"250\" \/>\n\t<meta property=\"og:image:height\" content=\"250\" \/>\n\t<meta property=\"og:image:type\" content=\"image\/jpeg\" \/>\n<meta name=\"twitter:card\" content=\"summary_large_image\" \/>\n<script type=\"application\/ld+json\" class=\"yoast-schema-graph\">{\"@context\":\"https:\\\/\\\/schema.org\",\"@graph\":[{\"@type\":\"WebPage\",\"@id\":\"https:\\\/\\\/domofonas.lt\\\/index.php\\\/product\\\/hikvision-ds-k1104m\\\/\",\"url\":\"https:\\\/\\\/domofonas.lt\\\/index.php\\\/product\\\/hikvision-ds-k1104m\\\/\",\"name\":\"Hikvision DS-K1104M - Telefonspyn\u0117s Pra\u0117jimo kontrol\u0117\",\"isPartOf\":{\"@id\":\"https:\\\/\\\/domofonas.lt\\\/#website\"},\"primaryImageOfPage\":{\"@id\":\"https:\\\/\\\/domofonas.lt\\\/index.php\\\/product\\\/hikvision-ds-k1104m\\\/#primaryimage\"},\"image\":{\"@id\":\"https:\\\/\\\/domofonas.lt\\\/index.php\\\/product\\\/hikvision-ds-k1104m\\\/#primaryimage\"},\"thumbnailUrl\":\"https:\\\/\\\/domofonas.lt\\\/wp-content\\\/uploads\\\/2020\\\/12\\\/Hikvision-DS-K1104M.jpg\",\"datePublished\":\"2020-12-11T15:31:17+00:00\",\"dateModified\":\"2020-12-24T21:00:17+00:00\",\"breadcrumb\":{\"@id\":\"https:\\\/\\\/domofonas.lt\\\/index.php\\\/product\\\/hikvision-ds-k1104m\\\/#breadcrumb\"},\"inLanguage\":\"lt-LT\",\"potentialAction\":[{\"@type\":\"ReadAction\",\"target\":[\"https:\\\/\\\/domofonas.lt\\\/index.php\\\/product\\\/hikvision-ds-k1104m\\\/\"]}]},{\"@type\":\"ImageObject\",\"inLanguage\":\"lt-LT\",\"@id\":\"https:\\\/\\\/domofonas.lt\\\/index.php\\\/product\\\/hikvision-ds-k1104m\\\/#primaryimage\",\"url\":\"https:\\\/\\\/domofonas.lt\\\/wp-content\\\/uploads\\\/2020\\\/12\\\/Hikvision-DS-K1104M.jpg\",\"contentUrl\":\"https:\\\/\\\/domofonas.lt\\\/wp-content\\\/uploads\\\/2020\\\/12\\\/Hikvision-DS-K1104M.jpg\",\"width\":250,\"height\":250,\"caption\":\"Hikvision DS-K1104M\"},{\"@type\":\"BreadcrumbList\",\"@id\":\"https:\\\/\\\/domofonas.lt\\\/index.php\\\/product\\\/hikvision-ds-k1104m\\\/#breadcrumb\",\"itemListElement\":[{\"@type\":\"ListItem\",\"position\":1,\"name\":\"Home\",\"item\":\"https:\\\/\\\/domofonas.lt\\\/\"},{\"@type\":\"ListItem\",\"position\":2,\"name\":\"Hikvision DS-K1104M\"}]},{\"@type\":\"WebSite\",\"@id\":\"https:\\\/\\\/domofonas.lt\\\/#website\",\"url\":\"https:\\\/\\\/domofonas.lt\\\/\",\"name\":\"Telefonspyn\u0117s Pra\u0117jimo kontrol\u0117\",\"description\":\"\u012erengimas Montavimas\",\"publisher\":{\"@id\":\"https:\\\/\\\/domofonas.lt\\\/#organization\"},\"potentialAction\":[{\"@type\":\"SearchAction\",\"target\":{\"@type\":\"EntryPoint\",\"urlTemplate\":\"https:\\\/\\\/domofonas.lt\\\/?s={search_term_string}\"},\"query-input\":{\"@type\":\"PropertyValueSpecification\",\"valueRequired\":true,\"valueName\":\"search_term_string\"}}],\"inLanguage\":\"lt-LT\"},{\"@type\":\"Organization\",\"@id\":\"https:\\\/\\\/domofonas.lt\\\/#organization\",\"name\":\"Telefonspyn\u0117s Pra\u0117jimo kontrol\u0117\",\"url\":\"https:\\\/\\\/domofonas.lt\\\/\",\"logo\":{\"@type\":\"ImageObject\",\"inLanguage\":\"lt-LT\",\"@id\":\"https:\\\/\\\/domofonas.lt\\\/#\\\/schema\\\/logo\\\/image\\\/\",\"url\":\"https:\\\/\\\/domofonas.lt\\\/wp-content\\\/uploads\\\/2020\\\/12\\\/cropped-cropped-paradox_ssg-Max-Quality__1_-removebg-preview.png\",\"contentUrl\":\"https:\\\/\\\/domofonas.lt\\\/wp-content\\\/uploads\\\/2020\\\/12\\\/cropped-cropped-paradox_ssg-Max-Quality__1_-removebg-preview.png\",\"width\":250,\"height\":70,\"caption\":\"Telefonspyn\u0117s  Pra\u0117jimo kontrol\u0117\"},\"image\":{\"@id\":\"https:\\\/\\\/domofonas.lt\\\/#\\\/schema\\\/logo\\\/image\\\/\"}}]}<\/script>\n<!-- \/ Yoast SEO plugin. -->","yoast_head_json":{"title":"Hikvision DS-K1104M - Telefonspyn\u0117s Pra\u0117jimo kontrol\u0117","robots":{"index":"index","follow":"follow","max-snippet":"max-snippet:-1","max-image-preview":"max-image-preview:large","max-video-preview":"max-video-preview:-1"},"canonical":"https:\/\/domofonas.lt\/index.php\/product\/hikvision-ds-k1104m\/","og_locale":"lt_LT","og_type":"article","og_title":"Hikvision DS-K1104M - Telefonspyn\u0117s Pra\u0117jimo kontrol\u0117","og_description":"Palaiko Mifare 1 kortel\u0119, Palaiko RS485 ir Wiegand(W26\/W34) protokolus, Apsauga nuo aliarmo suklastojimo, Atsparus dulk\u0117ms, IP65, IK10","og_url":"https:\/\/domofonas.lt\/index.php\/product\/hikvision-ds-k1104m\/","og_site_name":"Telefonspyn\u0117s Pra\u0117jimo kontrol\u0117","article_modified_time":"2020-12-24T21:00:17+00:00","og_image":[{"width":250,"height":250,"url":"https:\/\/domofonas.lt\/wp-content\/uploads\/2020\/12\/Hikvision-DS-K1104M.jpg","type":"image\/jpeg"}],"twitter_card":"summary_large_image","schema":{"@context":"https:\/\/schema.org","@graph":[{"@type":"WebPage","@id":"https:\/\/domofonas.lt\/index.php\/product\/hikvision-ds-k1104m\/","url":"https:\/\/domofonas.lt\/index.php\/product\/hikvision-ds-k1104m\/","name":"Hikvision DS-K1104M - Telefonspyn\u0117s Pra\u0117jimo kontrol\u0117","isPartOf":{"@id":"https:\/\/domofonas.lt\/#website"},"primaryImageOfPage":{"@id":"https:\/\/domofonas.lt\/index.php\/product\/hikvision-ds-k1104m\/#primaryimage"},"image":{"@id":"https:\/\/domofonas.lt\/index.php\/product\/hikvision-ds-k1104m\/#primaryimage"},"thumbnailUrl":"https:\/\/domofonas.lt\/wp-content\/uploads\/2020\/12\/Hikvision-DS-K1104M.jpg","datePublished":"2020-12-11T15:31:17+00:00","dateModified":"2020-12-24T21:00:17+00:00","breadcrumb":{"@id":"https:\/\/domofonas.lt\/index.php\/product\/hikvision-ds-k1104m\/#breadcrumb"},"inLanguage":"lt-LT","potentialAction":[{"@type":"ReadAction","target":["https:\/\/domofonas.lt\/index.php\/product\/hikvision-ds-k1104m\/"]}]},{"@type":"ImageObject","inLanguage":"lt-LT","@id":"https:\/\/domofonas.lt\/index.php\/product\/hikvision-ds-k1104m\/#primaryimage","url":"https:\/\/domofonas.lt\/wp-content\/uploads\/2020\/12\/Hikvision-DS-K1104M.jpg","contentUrl":"https:\/\/domofonas.lt\/wp-content\/uploads\/2020\/12\/Hikvision-DS-K1104M.jpg","width":250,"height":250,"caption":"Hikvision DS-K1104M"},{"@type":"BreadcrumbList","@id":"https:\/\/domofonas.lt\/index.php\/product\/hikvision-ds-k1104m\/#breadcrumb","itemListElement":[{"@type":"ListItem","position":1,"name":"Home","item":"https:\/\/domofonas.lt\/"},{"@type":"ListItem","position":2,"name":"Hikvision DS-K1104M"}]},{"@type":"WebSite","@id":"https:\/\/domofonas.lt\/#website","url":"https:\/\/domofonas.lt\/","name":"Telefonspyn\u0117s Pra\u0117jimo kontrol\u0117","description":"\u012erengimas Montavimas","publisher":{"@id":"https:\/\/domofonas.lt\/#organization"},"potentialAction":[{"@type":"SearchAction","target":{"@type":"EntryPoint","urlTemplate":"https:\/\/domofonas.lt\/?s={search_term_string}"},"query-input":{"@type":"PropertyValueSpecification","valueRequired":true,"valueName":"search_term_string"}}],"inLanguage":"lt-LT"},{"@type":"Organization","@id":"https:\/\/domofonas.lt\/#organization","name":"Telefonspyn\u0117s Pra\u0117jimo kontrol\u0117","url":"https:\/\/domofonas.lt\/","logo":{"@type":"ImageObject","inLanguage":"lt-LT","@id":"https:\/\/domofonas.lt\/#\/schema\/logo\/image\/","url":"https:\/\/domofonas.lt\/wp-content\/uploads\/2020\/12\/cropped-cropped-paradox_ssg-Max-Quality__1_-removebg-preview.png","contentUrl":"https:\/\/domofonas.lt\/wp-content\/uploads\/2020\/12\/cropped-cropped-paradox_ssg-Max-Quality__1_-removebg-preview.png","width":250,"height":70,"caption":"Telefonspyn\u0117s  Pra\u0117jimo kontrol\u0117"},"image":{"@id":"https:\/\/domofonas.lt\/#\/schema\/logo\/image\/"}}]}},"jetpack_sharing_enabled":true,"_links":{"self":[{"href":"https:\/\/domofonas.lt\/index.php\/wp-json\/wp\/v2\/product\/142","targetHints":{"allow":["GET"]}}],"collection":[{"href":"https:\/\/domofonas.lt\/index.php\/wp-json\/wp\/v2\/product"}],"about":[{"href":"https:\/\/domofonas.lt\/index.php\/wp-json\/wp\/v2\/types\/product"}],"wp:featuredmedia":[{"embeddable":true,"href":"https:\/\/domofonas.lt\/index.php\/wp-json\/wp\/v2\/media\/141"}],"wp:attachment":[{"href":"https:\/\/domofonas.lt\/index.php\/wp-json\/wp\/v2\/media?parent=142"}],"wp:term":[{"taxonomy":"product_brand","embeddable":true,"href":"https:\/\/domofonas.lt\/index.php\/wp-json\/wp\/v2\/product_brand?post=142"},{"taxonomy":"product_cat","embeddable":true,"href":"https:\/\/domofonas.lt\/index.php\/wp-json\/wp\/v2\/product_cat?post=142"},{"taxonomy":"product_tag","embeddable":true,"href":"https:\/\/domofonas.lt\/index.php\/wp-json\/wp\/v2\/product_tag?post=142"}],"curies":[{"name":"wp","href":"https:\/\/api.w.org\/{rel}","templated":true}]}}