{"id":125,"date":"2020-12-11T15:31:16","date_gmt":"2020-12-11T15:31:16","guid":{"rendered":"http:\/\/domofonas.lt\/index.php\/product\/hikvision-ds-k1t501sf\/"},"modified":"2020-12-11T15:31:16","modified_gmt":"2020-12-11T15:31:16","slug":"hikvision-ds-k1t501sf","status":"publish","type":"product","link":"https:\/\/domofonas.lt\/index.php\/product\/hikvision-ds-k1t501sf\/","title":{"rendered":"Hikvision DS-K1T501SF"},"content":{"rendered":"<table border=\"1\">\n<tbody>\n<tr>\n<td class=\"td1\">Pir\u0161to atspaudo nuskaitymo laikas<\/td>\n<td>\u2264 1.5s<\/td>\n<\/tr>\n<tr>\n<td class=\"td1\">Micro SD kortel\u0117<\/td>\n<td>Max. 128G<\/td>\n<\/tr>\n<tr>\n<td class=\"td1\">Atmintis<\/td>\n<td>50,000 cards<br \/>\n200,000 events<\/td>\n<\/tr>\n<tr>\n<td class=\"td1\">FRR (False Rejection Rate)<\/td>\n<td>\u22640.01%<\/td>\n<\/tr>\n<tr>\n<td class=\"td1\">Korteli\u0173 skaitymo atstumas<\/td>\n<td>\u22652cm<\/td>\n<\/tr>\n<tr>\n<td class=\"td1\">FAR (False Accept Rate)<\/td>\n<td>\u22640.001%<\/td>\n<\/tr>\n<tr>\n<td class=\"td1\">Kortel\u0117s nuskaitymo r\u0117\u017eimas<\/td>\n<td>Mifare Card<\/td>\n<\/tr>\n<tr>\n<td class=\"td1\">Vaizdo atmintis<\/td>\n<td>Record and Save Video through NVR<\/td>\n<\/tr>\n<tr>\n<td class=\"td1\">Kamera<\/td>\n<td>2MP\/1080P, IR Light<\/td>\n<\/tr>\n<tr>\n<td class=\"td1\">Pir\u0161to atspaudo atpa\u017einimas<\/td>\n<td>Optical Fingerprint Recognizer Module<\/td>\n<\/tr>\n<tr>\n<td class=\"td1\">Pir\u0161t\u0173 atspaud\u0173 talpa<\/td>\n<td>5,000<\/td>\n<\/tr>\n<tr>\n<td class=\"td1\">Procesorius<\/td>\n<td>32 Bit High-performance Processor<\/td>\n<\/tr>\n<tr>\n<th colspan=\"2\">\u012erenginio s\u0105sajos<\/th>\n<\/tr>\n<tr>\n<td class=\"td1\">Komunikacijos r\u0117\u017eimas<\/td>\n<td>Terminal Mode: Uplink(TCP\/IP), Downlink(RS485)<br \/>\nCard Reader Mode: Uplink (Wiegand 26\/34, RS-485)<\/td>\n<\/tr>\n<tr>\n<td class=\"td1\">I\u0161vesties s\u0105saja<\/td>\n<td>Lock \u00d7 1, Alarm Output (Doorbell) \u00d7 1<\/td>\n<\/tr>\n<tr>\n<td class=\"td1\">\u012evesties s\u0105saja<\/td>\n<td>Doorbell Button \u00d7 1\uff0c Door Sensor \u00d7 1\uff0c Alarm Input \u00d7 2\uff0c Tamper-Proof Switch \u00d7 1\uff0c Exit Button \u00d7 1<\/td>\n<\/tr>\n<tr>\n<th colspan=\"2\">Pagrindin\u0117s savyb\u0117s<\/th>\n<\/tr>\n<tr>\n<td class=\"td1\">Veikimo srov\u0117<\/td>\n<td>600mA (max)<\/td>\n<\/tr>\n<tr>\n<td class=\"td1\">Maitinimas<\/td>\n<td>DC 12V\/1A<\/td>\n<\/tr>\n<tr>\n<td class=\"td1\">Garsas<\/td>\n<td>Audio Input: Build-in Micro Phone( Sensitivity: -25\u00b13DB)<br \/>\nAudio Output: Build-in Loudspeaker(1W)<\/td>\n<\/tr>\n<tr>\n<td class=\"td1\">I\u0161matavimai (L\u00d7W\u00d7H)<\/td>\n<td>218mm \u00d7 78mm \u00d7 41mm (8.58&#8243; \u00d7 3.07&#8243; \u00d7 1.61&#8243;)<\/td>\n<\/tr>\n<tr>\n<td class=\"td1\">IP apsaugos klas\u0117<\/td>\n<td>IP 65<\/td>\n<\/tr>\n<tr>\n<td class=\"td1\">Montavimas<\/td>\n<td>Wall Mounting<\/td>\n<\/tr>\n<tr>\n<td class=\"td1\">Santykinis oro dr\u0117gnumas<\/td>\n<td>10% to 90% (Non-Condensing)<\/td>\n<\/tr>\n<tr>\n<td class=\"td1\">Veikimo temperat\u016bra<\/td>\n<td>-40\u00b0C to +70\u00b0C (-40\u00b0F to +158\u00b0F)<\/td>\n<\/tr>\n<\/tbody>\n<\/table>\n","protected":false},"excerpt":{"rendered":"<p>Pa\u0117jimo kamera DS-K1T501SF, HD kamera(2 MP\/1080p), Pir\u0161t\u0173 atspaud\u0173 skaitytuvas, Veid\u0173 aptikimas, IP65<\/p>\n","protected":false},"featured_media":124,"template":"","meta":{"_monsterinsights_skip_tracking":false,"_monsterinsights_sitenote_active":false,"_monsterinsights_sitenote_note":"","_monsterinsights_sitenote_category":0},"product_brand":[],"product_cat":[15],"product_tag":[],"class_list":{"0":"post-125","1":"product","2":"type-product","3":"status-publish","4":"has-post-thumbnail","6":"product_cat-uncategorized","8":"first","9":"instock","10":"shipping-taxable","11":"purchasable","12":"product-type-simple"},"yoast_head":"<!-- This site is optimized with the Yoast SEO plugin v27.4 - https:\/\/yoast.com\/product\/yoast-seo-wordpress\/ -->\n<title>Hikvision DS-K1T501SF - Telefonspyn\u0117s Pra\u0117jimo kontrol\u0117<\/title>\n<meta name=\"robots\" content=\"index, follow, max-snippet:-1, max-image-preview:large, max-video-preview:-1\" \/>\n<link rel=\"canonical\" href=\"https:\/\/domofonas.lt\/index.php\/product\/hikvision-ds-k1t501sf\/\" \/>\n<meta property=\"og:locale\" content=\"lt_LT\" \/>\n<meta property=\"og:type\" content=\"article\" \/>\n<meta property=\"og:title\" content=\"Hikvision DS-K1T501SF - Telefonspyn\u0117s Pra\u0117jimo kontrol\u0117\" \/>\n<meta property=\"og:description\" content=\"Pa\u0117jimo kamera DS-K1T501SF, HD kamera(2 MP\/1080p), Pir\u0161t\u0173 atspaud\u0173 skaitytuvas, Veid\u0173 aptikimas, IP65\" \/>\n<meta property=\"og:url\" content=\"https:\/\/domofonas.lt\/index.php\/product\/hikvision-ds-k1t501sf\/\" \/>\n<meta property=\"og:site_name\" content=\"Telefonspyn\u0117s Pra\u0117jimo kontrol\u0117\" \/>\n<meta property=\"og:image\" content=\"https:\/\/domofonas.lt\/wp-content\/uploads\/2020\/12\/Hikvision-DS-K1T501SF.jpg\" \/>\n\t<meta property=\"og:image:width\" content=\"250\" \/>\n\t<meta property=\"og:image:height\" content=\"250\" \/>\n\t<meta property=\"og:image:type\" content=\"image\/jpeg\" \/>\n<meta name=\"twitter:card\" content=\"summary_large_image\" \/>\n<meta name=\"twitter:label1\" content=\"Est. reading time\" \/>\n\t<meta name=\"twitter:data1\" content=\"1 minut\u0117\" \/>\n<script type=\"application\/ld+json\" class=\"yoast-schema-graph\">{\"@context\":\"https:\\\/\\\/schema.org\",\"@graph\":[{\"@type\":\"WebPage\",\"@id\":\"https:\\\/\\\/domofonas.lt\\\/index.php\\\/product\\\/hikvision-ds-k1t501sf\\\/\",\"url\":\"https:\\\/\\\/domofonas.lt\\\/index.php\\\/product\\\/hikvision-ds-k1t501sf\\\/\",\"name\":\"Hikvision DS-K1T501SF - Telefonspyn\u0117s Pra\u0117jimo kontrol\u0117\",\"isPartOf\":{\"@id\":\"https:\\\/\\\/domofonas.lt\\\/#website\"},\"primaryImageOfPage\":{\"@id\":\"https:\\\/\\\/domofonas.lt\\\/index.php\\\/product\\\/hikvision-ds-k1t501sf\\\/#primaryimage\"},\"image\":{\"@id\":\"https:\\\/\\\/domofonas.lt\\\/index.php\\\/product\\\/hikvision-ds-k1t501sf\\\/#primaryimage\"},\"thumbnailUrl\":\"https:\\\/\\\/domofonas.lt\\\/wp-content\\\/uploads\\\/2020\\\/12\\\/Hikvision-DS-K1T501SF.jpg\",\"datePublished\":\"2020-12-11T15:31:16+00:00\",\"breadcrumb\":{\"@id\":\"https:\\\/\\\/domofonas.lt\\\/index.php\\\/product\\\/hikvision-ds-k1t501sf\\\/#breadcrumb\"},\"inLanguage\":\"lt-LT\",\"potentialAction\":[{\"@type\":\"ReadAction\",\"target\":[\"https:\\\/\\\/domofonas.lt\\\/index.php\\\/product\\\/hikvision-ds-k1t501sf\\\/\"]}]},{\"@type\":\"ImageObject\",\"inLanguage\":\"lt-LT\",\"@id\":\"https:\\\/\\\/domofonas.lt\\\/index.php\\\/product\\\/hikvision-ds-k1t501sf\\\/#primaryimage\",\"url\":\"https:\\\/\\\/domofonas.lt\\\/wp-content\\\/uploads\\\/2020\\\/12\\\/Hikvision-DS-K1T501SF.jpg\",\"contentUrl\":\"https:\\\/\\\/domofonas.lt\\\/wp-content\\\/uploads\\\/2020\\\/12\\\/Hikvision-DS-K1T501SF.jpg\",\"width\":250,\"height\":250,\"caption\":\"Hikvision DS-K1T501SF\"},{\"@type\":\"BreadcrumbList\",\"@id\":\"https:\\\/\\\/domofonas.lt\\\/index.php\\\/product\\\/hikvision-ds-k1t501sf\\\/#breadcrumb\",\"itemListElement\":[{\"@type\":\"ListItem\",\"position\":1,\"name\":\"Home\",\"item\":\"https:\\\/\\\/domofonas.lt\\\/\"},{\"@type\":\"ListItem\",\"position\":2,\"name\":\"Hikvision DS-K1T501SF\"}]},{\"@type\":\"WebSite\",\"@id\":\"https:\\\/\\\/domofonas.lt\\\/#website\",\"url\":\"https:\\\/\\\/domofonas.lt\\\/\",\"name\":\"Telefonspyn\u0117s Pra\u0117jimo kontrol\u0117\",\"description\":\"\u012erengimas Montavimas\",\"publisher\":{\"@id\":\"https:\\\/\\\/domofonas.lt\\\/#organization\"},\"potentialAction\":[{\"@type\":\"SearchAction\",\"target\":{\"@type\":\"EntryPoint\",\"urlTemplate\":\"https:\\\/\\\/domofonas.lt\\\/?s={search_term_string}\"},\"query-input\":{\"@type\":\"PropertyValueSpecification\",\"valueRequired\":true,\"valueName\":\"search_term_string\"}}],\"inLanguage\":\"lt-LT\"},{\"@type\":\"Organization\",\"@id\":\"https:\\\/\\\/domofonas.lt\\\/#organization\",\"name\":\"Telefonspyn\u0117s Pra\u0117jimo kontrol\u0117\",\"url\":\"https:\\\/\\\/domofonas.lt\\\/\",\"logo\":{\"@type\":\"ImageObject\",\"inLanguage\":\"lt-LT\",\"@id\":\"https:\\\/\\\/domofonas.lt\\\/#\\\/schema\\\/logo\\\/image\\\/\",\"url\":\"https:\\\/\\\/domofonas.lt\\\/wp-content\\\/uploads\\\/2020\\\/12\\\/cropped-cropped-paradox_ssg-Max-Quality__1_-removebg-preview.png\",\"contentUrl\":\"https:\\\/\\\/domofonas.lt\\\/wp-content\\\/uploads\\\/2020\\\/12\\\/cropped-cropped-paradox_ssg-Max-Quality__1_-removebg-preview.png\",\"width\":250,\"height\":70,\"caption\":\"Telefonspyn\u0117s  Pra\u0117jimo kontrol\u0117\"},\"image\":{\"@id\":\"https:\\\/\\\/domofonas.lt\\\/#\\\/schema\\\/logo\\\/image\\\/\"}}]}<\/script>\n<!-- \/ Yoast SEO plugin. -->","yoast_head_json":{"title":"Hikvision DS-K1T501SF - Telefonspyn\u0117s Pra\u0117jimo kontrol\u0117","robots":{"index":"index","follow":"follow","max-snippet":"max-snippet:-1","max-image-preview":"max-image-preview:large","max-video-preview":"max-video-preview:-1"},"canonical":"https:\/\/domofonas.lt\/index.php\/product\/hikvision-ds-k1t501sf\/","og_locale":"lt_LT","og_type":"article","og_title":"Hikvision DS-K1T501SF - Telefonspyn\u0117s Pra\u0117jimo kontrol\u0117","og_description":"Pa\u0117jimo kamera DS-K1T501SF, HD kamera(2 MP\/1080p), Pir\u0161t\u0173 atspaud\u0173 skaitytuvas, Veid\u0173 aptikimas, IP65","og_url":"https:\/\/domofonas.lt\/index.php\/product\/hikvision-ds-k1t501sf\/","og_site_name":"Telefonspyn\u0117s Pra\u0117jimo kontrol\u0117","og_image":[{"width":250,"height":250,"url":"https:\/\/domofonas.lt\/wp-content\/uploads\/2020\/12\/Hikvision-DS-K1T501SF.jpg","type":"image\/jpeg"}],"twitter_card":"summary_large_image","twitter_misc":{"Est. reading time":"1 minut\u0117"},"schema":{"@context":"https:\/\/schema.org","@graph":[{"@type":"WebPage","@id":"https:\/\/domofonas.lt\/index.php\/product\/hikvision-ds-k1t501sf\/","url":"https:\/\/domofonas.lt\/index.php\/product\/hikvision-ds-k1t501sf\/","name":"Hikvision DS-K1T501SF - Telefonspyn\u0117s Pra\u0117jimo kontrol\u0117","isPartOf":{"@id":"https:\/\/domofonas.lt\/#website"},"primaryImageOfPage":{"@id":"https:\/\/domofonas.lt\/index.php\/product\/hikvision-ds-k1t501sf\/#primaryimage"},"image":{"@id":"https:\/\/domofonas.lt\/index.php\/product\/hikvision-ds-k1t501sf\/#primaryimage"},"thumbnailUrl":"https:\/\/domofonas.lt\/wp-content\/uploads\/2020\/12\/Hikvision-DS-K1T501SF.jpg","datePublished":"2020-12-11T15:31:16+00:00","breadcrumb":{"@id":"https:\/\/domofonas.lt\/index.php\/product\/hikvision-ds-k1t501sf\/#breadcrumb"},"inLanguage":"lt-LT","potentialAction":[{"@type":"ReadAction","target":["https:\/\/domofonas.lt\/index.php\/product\/hikvision-ds-k1t501sf\/"]}]},{"@type":"ImageObject","inLanguage":"lt-LT","@id":"https:\/\/domofonas.lt\/index.php\/product\/hikvision-ds-k1t501sf\/#primaryimage","url":"https:\/\/domofonas.lt\/wp-content\/uploads\/2020\/12\/Hikvision-DS-K1T501SF.jpg","contentUrl":"https:\/\/domofonas.lt\/wp-content\/uploads\/2020\/12\/Hikvision-DS-K1T501SF.jpg","width":250,"height":250,"caption":"Hikvision DS-K1T501SF"},{"@type":"BreadcrumbList","@id":"https:\/\/domofonas.lt\/index.php\/product\/hikvision-ds-k1t501sf\/#breadcrumb","itemListElement":[{"@type":"ListItem","position":1,"name":"Home","item":"https:\/\/domofonas.lt\/"},{"@type":"ListItem","position":2,"name":"Hikvision DS-K1T501SF"}]},{"@type":"WebSite","@id":"https:\/\/domofonas.lt\/#website","url":"https:\/\/domofonas.lt\/","name":"Telefonspyn\u0117s Pra\u0117jimo kontrol\u0117","description":"\u012erengimas Montavimas","publisher":{"@id":"https:\/\/domofonas.lt\/#organization"},"potentialAction":[{"@type":"SearchAction","target":{"@type":"EntryPoint","urlTemplate":"https:\/\/domofonas.lt\/?s={search_term_string}"},"query-input":{"@type":"PropertyValueSpecification","valueRequired":true,"valueName":"search_term_string"}}],"inLanguage":"lt-LT"},{"@type":"Organization","@id":"https:\/\/domofonas.lt\/#organization","name":"Telefonspyn\u0117s Pra\u0117jimo kontrol\u0117","url":"https:\/\/domofonas.lt\/","logo":{"@type":"ImageObject","inLanguage":"lt-LT","@id":"https:\/\/domofonas.lt\/#\/schema\/logo\/image\/","url":"https:\/\/domofonas.lt\/wp-content\/uploads\/2020\/12\/cropped-cropped-paradox_ssg-Max-Quality__1_-removebg-preview.png","contentUrl":"https:\/\/domofonas.lt\/wp-content\/uploads\/2020\/12\/cropped-cropped-paradox_ssg-Max-Quality__1_-removebg-preview.png","width":250,"height":70,"caption":"Telefonspyn\u0117s  Pra\u0117jimo kontrol\u0117"},"image":{"@id":"https:\/\/domofonas.lt\/#\/schema\/logo\/image\/"}}]}},"jetpack_sharing_enabled":true,"_links":{"self":[{"href":"https:\/\/domofonas.lt\/index.php\/wp-json\/wp\/v2\/product\/125","targetHints":{"allow":["GET"]}}],"collection":[{"href":"https:\/\/domofonas.lt\/index.php\/wp-json\/wp\/v2\/product"}],"about":[{"href":"https:\/\/domofonas.lt\/index.php\/wp-json\/wp\/v2\/types\/product"}],"wp:featuredmedia":[{"embeddable":true,"href":"https:\/\/domofonas.lt\/index.php\/wp-json\/wp\/v2\/media\/124"}],"wp:attachment":[{"href":"https:\/\/domofonas.lt\/index.php\/wp-json\/wp\/v2\/media?parent=125"}],"wp:term":[{"taxonomy":"product_brand","embeddable":true,"href":"https:\/\/domofonas.lt\/index.php\/wp-json\/wp\/v2\/product_brand?post=125"},{"taxonomy":"product_cat","embeddable":true,"href":"https:\/\/domofonas.lt\/index.php\/wp-json\/wp\/v2\/product_cat?post=125"},{"taxonomy":"product_tag","embeddable":true,"href":"https:\/\/domofonas.lt\/index.php\/wp-json\/wp\/v2\/product_tag?post=125"}],"curies":[{"name":"wp","href":"https:\/\/api.w.org\/{rel}","templated":true}]}}