{"id":123,"date":"2020-12-11T15:31:16","date_gmt":"2020-12-11T15:31:16","guid":{"rendered":"http:\/\/domofonas.lt\/index.php\/product\/hikvision-ds-k2602\/"},"modified":"2020-12-11T15:31:16","modified_gmt":"2020-12-11T15:31:16","slug":"hikvision-ds-k2602","status":"publish","type":"product","link":"https:\/\/domofonas.lt\/index.php\/product\/hikvision-ds-k2602\/","title":{"rendered":"Hikvision DS-K2602"},"content":{"rendered":"<table border=\"1\" cellspacing=\"2\" cellpadding=\"2\">\n<tbody>\n<tr>\n<td>\u012etampa<\/td>\n<td>DC 12V\/1A<\/td>\n<\/tr>\n<tr>\n<td>Energijos suvartojimas<br \/>\n(su apkrova)<\/td>\n<td>\u226450W<\/td>\n<\/tr>\n<tr>\n<td>Procesorius<\/td>\n<td>32-bit<\/td>\n<\/tr>\n<tr>\n<td>Atmintis<\/td>\n<td>16M<\/td>\n<\/tr>\n<tr>\n<td>Uplink ry\u0161io s\u0105saja<\/td>\n<td>TCP\/IP Network Interface<br \/>\nand RS-485 Interface<\/td>\n<\/tr>\n<tr>\n<td>Downlink ry\u0161io s\u0105saja<\/td>\n<td>RS-485 and Wiegand<br \/>\n(w26\/w34)<\/td>\n<\/tr>\n<tr>\n<td>Talpinimas<\/td>\n<td>cards information:<br \/>\n100,000 (200,000<br \/>\nexpandable)<br \/>\naccess control events :<br \/>\n300,000 (600,000<br \/>\nexpandable)<\/td>\n<\/tr>\n<tr>\n<td>LED indikacija<\/td>\n<td>Power Supply Status,<br \/>\nCommunication Status,<br \/>\nWorking Status<\/td>\n<\/tr>\n<tr>\n<td>Integruotas laikrodis<\/td>\n<td>Yes<\/td>\n<\/tr>\n<tr>\n<td>Pajungimai korteli\u0173 skaitytuvams<\/td>\n<td>4 Card Readers (RS485<br \/>\nInterface) and<br \/>\n4 Card Readers (Wiegand<br \/>\nInterface) Connectable<\/td>\n<\/tr>\n<tr>\n<td>\u012e\u0117jimai<\/td>\n<td>Alarm Input\u00d74,<br \/>\nDoor Magnetic\u00d72,<br \/>\nDoor Switch\u00d72,<br \/>\nCase Input\u00d74,<br \/>\nTamper-proof\u00d71<\/td>\n<\/tr>\n<tr>\n<td>I\u0161\u0117jimai<\/td>\n<td>Door Switch Relay\u00d72,<br \/>\nAlarm Relay\u00d72<\/td>\n<\/tr>\n<tr>\n<td>Darbin\u0117 temperat\u016bra<\/td>\n<td>-20\u00b0C to +65\u00b0C<br \/>\n(-4\u00b0F to +149\u00b0F)<\/td>\n<\/tr>\n<tr>\n<td>Santykinis oro dr\u0117gnumas<\/td>\n<td>10% to 90%<br \/>\n(Non-Condensing)<\/td>\n<\/tr>\n<tr>\n<td>I\u0161matavimai<\/td>\n<td>370x345x90mm<br \/>\n(14.6&#215;13.6&#215;3.5&#8243;)<\/td>\n<\/tr>\n<tr>\n<td>Sertifikatai<\/td>\n<td>CE, FCC<\/td>\n<\/tr>\n<\/tbody>\n<\/table>\n","protected":false},"excerpt":{"rendered":"<p>Kontroleris DS-K2601, HIKVISION, 2 dur\u0173, met. korpusas,\u00a0WIEGAND, TCP\/IP, 300000 \u012fvyki\u0173 atmintis, 220AC<\/p>\n","protected":false},"featured_media":116,"template":"","meta":{"_monsterinsights_skip_tracking":false,"_monsterinsights_sitenote_active":false,"_monsterinsights_sitenote_note":"","_monsterinsights_sitenote_category":0},"product_brand":[],"product_cat":[15],"product_tag":[],"class_list":{"0":"post-123","1":"product","2":"type-product","3":"status-publish","4":"has-post-thumbnail","6":"product_cat-uncategorized","8":"first","9":"instock","10":"shipping-taxable","11":"purchasable","12":"product-type-simple"},"yoast_head":"<!-- This site is optimized with the Yoast SEO plugin v27.4 - https:\/\/yoast.com\/product\/yoast-seo-wordpress\/ -->\n<title>Hikvision DS-K2602 - Telefonspyn\u0117s Pra\u0117jimo kontrol\u0117<\/title>\n<meta name=\"robots\" content=\"index, follow, max-snippet:-1, max-image-preview:large, max-video-preview:-1\" \/>\n<link rel=\"canonical\" href=\"https:\/\/domofonas.lt\/index.php\/product\/hikvision-ds-k2602\/\" \/>\n<meta property=\"og:locale\" content=\"lt_LT\" \/>\n<meta property=\"og:type\" content=\"article\" \/>\n<meta property=\"og:title\" content=\"Hikvision DS-K2602 - Telefonspyn\u0117s Pra\u0117jimo kontrol\u0117\" \/>\n<meta property=\"og:description\" content=\"Kontroleris DS-K2601, HIKVISION, 2 dur\u0173, met. korpusas,\u00a0WIEGAND, TCP\/IP, 300000 \u012fvyki\u0173 atmintis, 220AC\" \/>\n<meta property=\"og:url\" content=\"https:\/\/domofonas.lt\/index.php\/product\/hikvision-ds-k2602\/\" \/>\n<meta property=\"og:site_name\" content=\"Telefonspyn\u0117s Pra\u0117jimo kontrol\u0117\" \/>\n<meta property=\"og:image\" content=\"https:\/\/domofonas.lt\/wp-content\/uploads\/2020\/12\/Hikvision-DS-K2601.jpg\" \/>\n\t<meta property=\"og:image:width\" content=\"250\" \/>\n\t<meta property=\"og:image:height\" content=\"250\" \/>\n\t<meta property=\"og:image:type\" content=\"image\/jpeg\" \/>\n<meta name=\"twitter:card\" content=\"summary_large_image\" \/>\n<meta name=\"twitter:label1\" content=\"Est. reading time\" \/>\n\t<meta name=\"twitter:data1\" content=\"1 minut\u0117\" \/>\n<script type=\"application\/ld+json\" class=\"yoast-schema-graph\">{\"@context\":\"https:\\\/\\\/schema.org\",\"@graph\":[{\"@type\":\"WebPage\",\"@id\":\"https:\\\/\\\/domofonas.lt\\\/index.php\\\/product\\\/hikvision-ds-k2602\\\/\",\"url\":\"https:\\\/\\\/domofonas.lt\\\/index.php\\\/product\\\/hikvision-ds-k2602\\\/\",\"name\":\"Hikvision DS-K2602 - Telefonspyn\u0117s Pra\u0117jimo kontrol\u0117\",\"isPartOf\":{\"@id\":\"https:\\\/\\\/domofonas.lt\\\/#website\"},\"primaryImageOfPage\":{\"@id\":\"https:\\\/\\\/domofonas.lt\\\/index.php\\\/product\\\/hikvision-ds-k2602\\\/#primaryimage\"},\"image\":{\"@id\":\"https:\\\/\\\/domofonas.lt\\\/index.php\\\/product\\\/hikvision-ds-k2602\\\/#primaryimage\"},\"thumbnailUrl\":\"https:\\\/\\\/domofonas.lt\\\/wp-content\\\/uploads\\\/2020\\\/12\\\/Hikvision-DS-K2601.jpg\",\"datePublished\":\"2020-12-11T15:31:16+00:00\",\"breadcrumb\":{\"@id\":\"https:\\\/\\\/domofonas.lt\\\/index.php\\\/product\\\/hikvision-ds-k2602\\\/#breadcrumb\"},\"inLanguage\":\"lt-LT\",\"potentialAction\":[{\"@type\":\"ReadAction\",\"target\":[\"https:\\\/\\\/domofonas.lt\\\/index.php\\\/product\\\/hikvision-ds-k2602\\\/\"]}]},{\"@type\":\"ImageObject\",\"inLanguage\":\"lt-LT\",\"@id\":\"https:\\\/\\\/domofonas.lt\\\/index.php\\\/product\\\/hikvision-ds-k2602\\\/#primaryimage\",\"url\":\"https:\\\/\\\/domofonas.lt\\\/wp-content\\\/uploads\\\/2020\\\/12\\\/Hikvision-DS-K2601.jpg\",\"contentUrl\":\"https:\\\/\\\/domofonas.lt\\\/wp-content\\\/uploads\\\/2020\\\/12\\\/Hikvision-DS-K2601.jpg\",\"width\":250,\"height\":250,\"caption\":\"Hikvision DS-K2602\"},{\"@type\":\"BreadcrumbList\",\"@id\":\"https:\\\/\\\/domofonas.lt\\\/index.php\\\/product\\\/hikvision-ds-k2602\\\/#breadcrumb\",\"itemListElement\":[{\"@type\":\"ListItem\",\"position\":1,\"name\":\"Home\",\"item\":\"https:\\\/\\\/domofonas.lt\\\/\"},{\"@type\":\"ListItem\",\"position\":2,\"name\":\"Hikvision DS-K2602\"}]},{\"@type\":\"WebSite\",\"@id\":\"https:\\\/\\\/domofonas.lt\\\/#website\",\"url\":\"https:\\\/\\\/domofonas.lt\\\/\",\"name\":\"Telefonspyn\u0117s Pra\u0117jimo kontrol\u0117\",\"description\":\"\u012erengimas Montavimas\",\"publisher\":{\"@id\":\"https:\\\/\\\/domofonas.lt\\\/#organization\"},\"potentialAction\":[{\"@type\":\"SearchAction\",\"target\":{\"@type\":\"EntryPoint\",\"urlTemplate\":\"https:\\\/\\\/domofonas.lt\\\/?s={search_term_string}\"},\"query-input\":{\"@type\":\"PropertyValueSpecification\",\"valueRequired\":true,\"valueName\":\"search_term_string\"}}],\"inLanguage\":\"lt-LT\"},{\"@type\":\"Organization\",\"@id\":\"https:\\\/\\\/domofonas.lt\\\/#organization\",\"name\":\"Telefonspyn\u0117s Pra\u0117jimo kontrol\u0117\",\"url\":\"https:\\\/\\\/domofonas.lt\\\/\",\"logo\":{\"@type\":\"ImageObject\",\"inLanguage\":\"lt-LT\",\"@id\":\"https:\\\/\\\/domofonas.lt\\\/#\\\/schema\\\/logo\\\/image\\\/\",\"url\":\"https:\\\/\\\/domofonas.lt\\\/wp-content\\\/uploads\\\/2020\\\/12\\\/cropped-cropped-paradox_ssg-Max-Quality__1_-removebg-preview.png\",\"contentUrl\":\"https:\\\/\\\/domofonas.lt\\\/wp-content\\\/uploads\\\/2020\\\/12\\\/cropped-cropped-paradox_ssg-Max-Quality__1_-removebg-preview.png\",\"width\":250,\"height\":70,\"caption\":\"Telefonspyn\u0117s  Pra\u0117jimo kontrol\u0117\"},\"image\":{\"@id\":\"https:\\\/\\\/domofonas.lt\\\/#\\\/schema\\\/logo\\\/image\\\/\"}}]}<\/script>\n<!-- \/ Yoast SEO plugin. -->","yoast_head_json":{"title":"Hikvision DS-K2602 - Telefonspyn\u0117s Pra\u0117jimo kontrol\u0117","robots":{"index":"index","follow":"follow","max-snippet":"max-snippet:-1","max-image-preview":"max-image-preview:large","max-video-preview":"max-video-preview:-1"},"canonical":"https:\/\/domofonas.lt\/index.php\/product\/hikvision-ds-k2602\/","og_locale":"lt_LT","og_type":"article","og_title":"Hikvision DS-K2602 - Telefonspyn\u0117s Pra\u0117jimo kontrol\u0117","og_description":"Kontroleris DS-K2601, HIKVISION, 2 dur\u0173, met. korpusas,\u00a0WIEGAND, TCP\/IP, 300000 \u012fvyki\u0173 atmintis, 220AC","og_url":"https:\/\/domofonas.lt\/index.php\/product\/hikvision-ds-k2602\/","og_site_name":"Telefonspyn\u0117s Pra\u0117jimo kontrol\u0117","og_image":[{"width":250,"height":250,"url":"https:\/\/domofonas.lt\/wp-content\/uploads\/2020\/12\/Hikvision-DS-K2601.jpg","type":"image\/jpeg"}],"twitter_card":"summary_large_image","twitter_misc":{"Est. reading time":"1 minut\u0117"},"schema":{"@context":"https:\/\/schema.org","@graph":[{"@type":"WebPage","@id":"https:\/\/domofonas.lt\/index.php\/product\/hikvision-ds-k2602\/","url":"https:\/\/domofonas.lt\/index.php\/product\/hikvision-ds-k2602\/","name":"Hikvision DS-K2602 - Telefonspyn\u0117s Pra\u0117jimo kontrol\u0117","isPartOf":{"@id":"https:\/\/domofonas.lt\/#website"},"primaryImageOfPage":{"@id":"https:\/\/domofonas.lt\/index.php\/product\/hikvision-ds-k2602\/#primaryimage"},"image":{"@id":"https:\/\/domofonas.lt\/index.php\/product\/hikvision-ds-k2602\/#primaryimage"},"thumbnailUrl":"https:\/\/domofonas.lt\/wp-content\/uploads\/2020\/12\/Hikvision-DS-K2601.jpg","datePublished":"2020-12-11T15:31:16+00:00","breadcrumb":{"@id":"https:\/\/domofonas.lt\/index.php\/product\/hikvision-ds-k2602\/#breadcrumb"},"inLanguage":"lt-LT","potentialAction":[{"@type":"ReadAction","target":["https:\/\/domofonas.lt\/index.php\/product\/hikvision-ds-k2602\/"]}]},{"@type":"ImageObject","inLanguage":"lt-LT","@id":"https:\/\/domofonas.lt\/index.php\/product\/hikvision-ds-k2602\/#primaryimage","url":"https:\/\/domofonas.lt\/wp-content\/uploads\/2020\/12\/Hikvision-DS-K2601.jpg","contentUrl":"https:\/\/domofonas.lt\/wp-content\/uploads\/2020\/12\/Hikvision-DS-K2601.jpg","width":250,"height":250,"caption":"Hikvision DS-K2602"},{"@type":"BreadcrumbList","@id":"https:\/\/domofonas.lt\/index.php\/product\/hikvision-ds-k2602\/#breadcrumb","itemListElement":[{"@type":"ListItem","position":1,"name":"Home","item":"https:\/\/domofonas.lt\/"},{"@type":"ListItem","position":2,"name":"Hikvision DS-K2602"}]},{"@type":"WebSite","@id":"https:\/\/domofonas.lt\/#website","url":"https:\/\/domofonas.lt\/","name":"Telefonspyn\u0117s Pra\u0117jimo kontrol\u0117","description":"\u012erengimas Montavimas","publisher":{"@id":"https:\/\/domofonas.lt\/#organization"},"potentialAction":[{"@type":"SearchAction","target":{"@type":"EntryPoint","urlTemplate":"https:\/\/domofonas.lt\/?s={search_term_string}"},"query-input":{"@type":"PropertyValueSpecification","valueRequired":true,"valueName":"search_term_string"}}],"inLanguage":"lt-LT"},{"@type":"Organization","@id":"https:\/\/domofonas.lt\/#organization","name":"Telefonspyn\u0117s Pra\u0117jimo kontrol\u0117","url":"https:\/\/domofonas.lt\/","logo":{"@type":"ImageObject","inLanguage":"lt-LT","@id":"https:\/\/domofonas.lt\/#\/schema\/logo\/image\/","url":"https:\/\/domofonas.lt\/wp-content\/uploads\/2020\/12\/cropped-cropped-paradox_ssg-Max-Quality__1_-removebg-preview.png","contentUrl":"https:\/\/domofonas.lt\/wp-content\/uploads\/2020\/12\/cropped-cropped-paradox_ssg-Max-Quality__1_-removebg-preview.png","width":250,"height":70,"caption":"Telefonspyn\u0117s  Pra\u0117jimo kontrol\u0117"},"image":{"@id":"https:\/\/domofonas.lt\/#\/schema\/logo\/image\/"}}]}},"jetpack_sharing_enabled":true,"_links":{"self":[{"href":"https:\/\/domofonas.lt\/index.php\/wp-json\/wp\/v2\/product\/123","targetHints":{"allow":["GET"]}}],"collection":[{"href":"https:\/\/domofonas.lt\/index.php\/wp-json\/wp\/v2\/product"}],"about":[{"href":"https:\/\/domofonas.lt\/index.php\/wp-json\/wp\/v2\/types\/product"}],"wp:featuredmedia":[{"embeddable":true,"href":"https:\/\/domofonas.lt\/index.php\/wp-json\/wp\/v2\/media\/116"}],"wp:attachment":[{"href":"https:\/\/domofonas.lt\/index.php\/wp-json\/wp\/v2\/media?parent=123"}],"wp:term":[{"taxonomy":"product_brand","embeddable":true,"href":"https:\/\/domofonas.lt\/index.php\/wp-json\/wp\/v2\/product_brand?post=123"},{"taxonomy":"product_cat","embeddable":true,"href":"https:\/\/domofonas.lt\/index.php\/wp-json\/wp\/v2\/product_cat?post=123"},{"taxonomy":"product_tag","embeddable":true,"href":"https:\/\/domofonas.lt\/index.php\/wp-json\/wp\/v2\/product_tag?post=123"}],"curies":[{"name":"wp","href":"https:\/\/api.w.org\/{rel}","templated":true}]}}