{"id":109,"date":"2020-12-11T15:31:13","date_gmt":"2020-12-11T15:31:13","guid":{"rendered":"http:\/\/domofonas.lt\/index.php\/product\/universalus-vartu-pultelis-apollo-smg-233\/"},"modified":"2020-12-11T15:31:13","modified_gmt":"2020-12-11T15:31:13","slug":"universalus-vartu-pultelis-apollo-smg-233","status":"publish","type":"product","link":"https:\/\/domofonas.lt\/index.php\/product\/universalus-vartu-pultelis-apollo-smg-233\/","title":{"rendered":"Universalus vart\u0173 pultelis APOLLO ( SMG-233 )"},"content":{"rendered":"<p>Kintamo kodo protokolo palaikimas :<br \/>\nAprimatic TR2\/TR4, TM4<br \/>\nBeninca LO.T2WMR, T2WV\/T4WV, TO.GO2WV\/TO.GO4WV, Cupido, IO.2WV<br \/>\nBft MITTO (Mitto2\/Mitto4, Mitto B RCB 02 R1 2CH\/Mitto B RCB 04 R1 4CH, Kleio2\/Kleio4, RB, Ghibli)<br \/>\nDea TR2\/TR4, Genie 273, Gold 288\/Gold 289<br \/>\nDitec GOL4, BIXLP2<br \/>\nFaac 433 SLH (XT2 433 SLH\/XT4 433 SLH; TML2 433 SLH\/TML4 433 SLH, T2 433 SLH\/T4 433 SLH) \u2013 *master<br \/>\nFaac 868 SLH (XT2 868 SLH\/XT4 868 SLH, TML2 868 SLH\/TML4 868 SLH, T2 868 SLH\/T4 868 SLH, DL2 868 SLH\/DL4 868 SLH) \u2013 *master<br \/>\nFadini Jubi, Jubi Small<br \/>\nGenius Amigold2\/Amigold4, JA332 (Amigo TX2 868), JA334 (Amigo TX4 868) \u2013 *master<br \/>\nKey TXB-42R\/TXB-44R, SUB-44R<br \/>\nMhouse TX4, GTX4, Moovo MT4<br \/>\nNice FLOR (Flo1R\/Flo2R\/Flo4R,Very VR, One1\/One2\/One4\/One9, One1E\/One2E\/One4E\/One9E, Inti1\/Inti2), SMILO (SM2\/SM4)<br \/>\nNovoferm Novotron 502\/Novotron 504<br \/>\nSommer 434 MHz, 868 MHz<br \/>\nPastovaus kodo palaikimas :<br \/>\nBeninca: LO.T2WMS, T2WK\/T4WK, TO.GO2WP\/TO.GO4WP<br \/>\nCame: TAM 432 SA, TOP 432 NA\/TOP 434 NA, TOP 432 SD, TOP 432 EV\/TOP 434 EV \u2013 video tutorial<br \/>\nDea: TD2\/TD4, Genie 263, Gold 238, Gold 239<br \/>\nFaac: TM1\/TM2\/TM3 433 DS, TM1\/TM2\/TM3 868 DS<br \/>\nHormann: remotes with o frequency of 868,3 MHz (except BiSecur version)<br \/>\nKey: TXB-42, TXB-44<br \/>\nMarantec: remotes with o frequency of 433,92 MHz and 868,3 MHz<br \/>\nNice: FLO1\/FLO2\/FLO4, Very VE<\/p>\n","protected":false},"excerpt":{"rendered":"<p>Universalus vart\u0173 pultelis dirbantis pla\u010diame radio bang\u0173 da\u017enyje.<\/p>\n","protected":false},"featured_media":108,"template":"","meta":{"_monsterinsights_skip_tracking":false,"_monsterinsights_sitenote_active":false,"_monsterinsights_sitenote_note":"","_monsterinsights_sitenote_category":0},"product_brand":[],"product_cat":[15],"product_tag":[],"class_list":{"0":"post-109","1":"product","2":"type-product","3":"status-publish","4":"has-post-thumbnail","6":"product_cat-uncategorized","8":"first","9":"instock","10":"shipping-taxable","11":"purchasable","12":"product-type-simple"},"yoast_head":"<!-- This site is optimized with the Yoast SEO plugin v27.4 - https:\/\/yoast.com\/product\/yoast-seo-wordpress\/ -->\n<title>Universalus vart\u0173 pultelis APOLLO ( SMG-233 ) - Telefonspyn\u0117s Pra\u0117jimo kontrol\u0117<\/title>\n<meta name=\"robots\" content=\"index, follow, max-snippet:-1, max-image-preview:large, max-video-preview:-1\" \/>\n<link rel=\"canonical\" href=\"https:\/\/domofonas.lt\/index.php\/product\/universalus-vartu-pultelis-apollo-smg-233\/\" \/>\n<meta property=\"og:locale\" content=\"lt_LT\" \/>\n<meta property=\"og:type\" content=\"article\" \/>\n<meta property=\"og:title\" content=\"Universalus vart\u0173 pultelis APOLLO ( SMG-233 ) - Telefonspyn\u0117s Pra\u0117jimo kontrol\u0117\" \/>\n<meta property=\"og:description\" content=\"Universalus vart\u0173 pultelis dirbantis pla\u010diame radio bang\u0173 da\u017enyje.\" \/>\n<meta property=\"og:url\" content=\"https:\/\/domofonas.lt\/index.php\/product\/universalus-vartu-pultelis-apollo-smg-233\/\" \/>\n<meta property=\"og:site_name\" content=\"Telefonspyn\u0117s Pra\u0117jimo kontrol\u0117\" \/>\n<meta property=\"og:image\" content=\"https:\/\/domofonas.lt\/wp-content\/uploads\/2020\/12\/Universalus-vartu-pultelis-APOLLO.jpg\" \/>\n\t<meta property=\"og:image:width\" content=\"463\" \/>\n\t<meta property=\"og:image:height\" content=\"457\" \/>\n\t<meta property=\"og:image:type\" content=\"image\/jpeg\" \/>\n<meta name=\"twitter:card\" content=\"summary_large_image\" \/>\n<meta name=\"twitter:label1\" content=\"Est. reading time\" \/>\n\t<meta name=\"twitter:data1\" content=\"1 minut\u0117\" \/>\n<script type=\"application\/ld+json\" class=\"yoast-schema-graph\">{\"@context\":\"https:\\\/\\\/schema.org\",\"@graph\":[{\"@type\":\"WebPage\",\"@id\":\"https:\\\/\\\/domofonas.lt\\\/index.php\\\/product\\\/universalus-vartu-pultelis-apollo-smg-233\\\/\",\"url\":\"https:\\\/\\\/domofonas.lt\\\/index.php\\\/product\\\/universalus-vartu-pultelis-apollo-smg-233\\\/\",\"name\":\"Universalus vart\u0173 pultelis APOLLO ( SMG-233 ) - Telefonspyn\u0117s Pra\u0117jimo kontrol\u0117\",\"isPartOf\":{\"@id\":\"https:\\\/\\\/domofonas.lt\\\/#website\"},\"primaryImageOfPage\":{\"@id\":\"https:\\\/\\\/domofonas.lt\\\/index.php\\\/product\\\/universalus-vartu-pultelis-apollo-smg-233\\\/#primaryimage\"},\"image\":{\"@id\":\"https:\\\/\\\/domofonas.lt\\\/index.php\\\/product\\\/universalus-vartu-pultelis-apollo-smg-233\\\/#primaryimage\"},\"thumbnailUrl\":\"https:\\\/\\\/domofonas.lt\\\/wp-content\\\/uploads\\\/2020\\\/12\\\/Universalus-vartu-pultelis-APOLLO.jpg\",\"datePublished\":\"2020-12-11T15:31:13+00:00\",\"breadcrumb\":{\"@id\":\"https:\\\/\\\/domofonas.lt\\\/index.php\\\/product\\\/universalus-vartu-pultelis-apollo-smg-233\\\/#breadcrumb\"},\"inLanguage\":\"lt-LT\",\"potentialAction\":[{\"@type\":\"ReadAction\",\"target\":[\"https:\\\/\\\/domofonas.lt\\\/index.php\\\/product\\\/universalus-vartu-pultelis-apollo-smg-233\\\/\"]}]},{\"@type\":\"ImageObject\",\"inLanguage\":\"lt-LT\",\"@id\":\"https:\\\/\\\/domofonas.lt\\\/index.php\\\/product\\\/universalus-vartu-pultelis-apollo-smg-233\\\/#primaryimage\",\"url\":\"https:\\\/\\\/domofonas.lt\\\/wp-content\\\/uploads\\\/2020\\\/12\\\/Universalus-vartu-pultelis-APOLLO.jpg\",\"contentUrl\":\"https:\\\/\\\/domofonas.lt\\\/wp-content\\\/uploads\\\/2020\\\/12\\\/Universalus-vartu-pultelis-APOLLO.jpg\",\"width\":463,\"height\":457,\"caption\":\"Universalus vart\u0173 pultelis APOLLO ( SMG-233 )\"},{\"@type\":\"BreadcrumbList\",\"@id\":\"https:\\\/\\\/domofonas.lt\\\/index.php\\\/product\\\/universalus-vartu-pultelis-apollo-smg-233\\\/#breadcrumb\",\"itemListElement\":[{\"@type\":\"ListItem\",\"position\":1,\"name\":\"Home\",\"item\":\"https:\\\/\\\/domofonas.lt\\\/\"},{\"@type\":\"ListItem\",\"position\":2,\"name\":\"Universalus vart\u0173 pultelis APOLLO ( SMG-233 )\"}]},{\"@type\":\"WebSite\",\"@id\":\"https:\\\/\\\/domofonas.lt\\\/#website\",\"url\":\"https:\\\/\\\/domofonas.lt\\\/\",\"name\":\"Telefonspyn\u0117s Pra\u0117jimo kontrol\u0117\",\"description\":\"\u012erengimas Montavimas\",\"publisher\":{\"@id\":\"https:\\\/\\\/domofonas.lt\\\/#organization\"},\"potentialAction\":[{\"@type\":\"SearchAction\",\"target\":{\"@type\":\"EntryPoint\",\"urlTemplate\":\"https:\\\/\\\/domofonas.lt\\\/?s={search_term_string}\"},\"query-input\":{\"@type\":\"PropertyValueSpecification\",\"valueRequired\":true,\"valueName\":\"search_term_string\"}}],\"inLanguage\":\"lt-LT\"},{\"@type\":\"Organization\",\"@id\":\"https:\\\/\\\/domofonas.lt\\\/#organization\",\"name\":\"Telefonspyn\u0117s Pra\u0117jimo kontrol\u0117\",\"url\":\"https:\\\/\\\/domofonas.lt\\\/\",\"logo\":{\"@type\":\"ImageObject\",\"inLanguage\":\"lt-LT\",\"@id\":\"https:\\\/\\\/domofonas.lt\\\/#\\\/schema\\\/logo\\\/image\\\/\",\"url\":\"https:\\\/\\\/domofonas.lt\\\/wp-content\\\/uploads\\\/2020\\\/12\\\/cropped-cropped-paradox_ssg-Max-Quality__1_-removebg-preview.png\",\"contentUrl\":\"https:\\\/\\\/domofonas.lt\\\/wp-content\\\/uploads\\\/2020\\\/12\\\/cropped-cropped-paradox_ssg-Max-Quality__1_-removebg-preview.png\",\"width\":250,\"height\":70,\"caption\":\"Telefonspyn\u0117s  Pra\u0117jimo kontrol\u0117\"},\"image\":{\"@id\":\"https:\\\/\\\/domofonas.lt\\\/#\\\/schema\\\/logo\\\/image\\\/\"}}]}<\/script>\n<!-- \/ Yoast SEO plugin. -->","yoast_head_json":{"title":"Universalus vart\u0173 pultelis APOLLO ( SMG-233 ) - Telefonspyn\u0117s Pra\u0117jimo kontrol\u0117","robots":{"index":"index","follow":"follow","max-snippet":"max-snippet:-1","max-image-preview":"max-image-preview:large","max-video-preview":"max-video-preview:-1"},"canonical":"https:\/\/domofonas.lt\/index.php\/product\/universalus-vartu-pultelis-apollo-smg-233\/","og_locale":"lt_LT","og_type":"article","og_title":"Universalus vart\u0173 pultelis APOLLO ( SMG-233 ) - Telefonspyn\u0117s Pra\u0117jimo kontrol\u0117","og_description":"Universalus vart\u0173 pultelis dirbantis pla\u010diame radio bang\u0173 da\u017enyje.","og_url":"https:\/\/domofonas.lt\/index.php\/product\/universalus-vartu-pultelis-apollo-smg-233\/","og_site_name":"Telefonspyn\u0117s Pra\u0117jimo kontrol\u0117","og_image":[{"width":463,"height":457,"url":"https:\/\/domofonas.lt\/wp-content\/uploads\/2020\/12\/Universalus-vartu-pultelis-APOLLO.jpg","type":"image\/jpeg"}],"twitter_card":"summary_large_image","twitter_misc":{"Est. reading time":"1 minut\u0117"},"schema":{"@context":"https:\/\/schema.org","@graph":[{"@type":"WebPage","@id":"https:\/\/domofonas.lt\/index.php\/product\/universalus-vartu-pultelis-apollo-smg-233\/","url":"https:\/\/domofonas.lt\/index.php\/product\/universalus-vartu-pultelis-apollo-smg-233\/","name":"Universalus vart\u0173 pultelis APOLLO ( SMG-233 ) - Telefonspyn\u0117s Pra\u0117jimo kontrol\u0117","isPartOf":{"@id":"https:\/\/domofonas.lt\/#website"},"primaryImageOfPage":{"@id":"https:\/\/domofonas.lt\/index.php\/product\/universalus-vartu-pultelis-apollo-smg-233\/#primaryimage"},"image":{"@id":"https:\/\/domofonas.lt\/index.php\/product\/universalus-vartu-pultelis-apollo-smg-233\/#primaryimage"},"thumbnailUrl":"https:\/\/domofonas.lt\/wp-content\/uploads\/2020\/12\/Universalus-vartu-pultelis-APOLLO.jpg","datePublished":"2020-12-11T15:31:13+00:00","breadcrumb":{"@id":"https:\/\/domofonas.lt\/index.php\/product\/universalus-vartu-pultelis-apollo-smg-233\/#breadcrumb"},"inLanguage":"lt-LT","potentialAction":[{"@type":"ReadAction","target":["https:\/\/domofonas.lt\/index.php\/product\/universalus-vartu-pultelis-apollo-smg-233\/"]}]},{"@type":"ImageObject","inLanguage":"lt-LT","@id":"https:\/\/domofonas.lt\/index.php\/product\/universalus-vartu-pultelis-apollo-smg-233\/#primaryimage","url":"https:\/\/domofonas.lt\/wp-content\/uploads\/2020\/12\/Universalus-vartu-pultelis-APOLLO.jpg","contentUrl":"https:\/\/domofonas.lt\/wp-content\/uploads\/2020\/12\/Universalus-vartu-pultelis-APOLLO.jpg","width":463,"height":457,"caption":"Universalus vart\u0173 pultelis APOLLO ( SMG-233 )"},{"@type":"BreadcrumbList","@id":"https:\/\/domofonas.lt\/index.php\/product\/universalus-vartu-pultelis-apollo-smg-233\/#breadcrumb","itemListElement":[{"@type":"ListItem","position":1,"name":"Home","item":"https:\/\/domofonas.lt\/"},{"@type":"ListItem","position":2,"name":"Universalus vart\u0173 pultelis APOLLO ( SMG-233 )"}]},{"@type":"WebSite","@id":"https:\/\/domofonas.lt\/#website","url":"https:\/\/domofonas.lt\/","name":"Telefonspyn\u0117s Pra\u0117jimo kontrol\u0117","description":"\u012erengimas Montavimas","publisher":{"@id":"https:\/\/domofonas.lt\/#organization"},"potentialAction":[{"@type":"SearchAction","target":{"@type":"EntryPoint","urlTemplate":"https:\/\/domofonas.lt\/?s={search_term_string}"},"query-input":{"@type":"PropertyValueSpecification","valueRequired":true,"valueName":"search_term_string"}}],"inLanguage":"lt-LT"},{"@type":"Organization","@id":"https:\/\/domofonas.lt\/#organization","name":"Telefonspyn\u0117s Pra\u0117jimo kontrol\u0117","url":"https:\/\/domofonas.lt\/","logo":{"@type":"ImageObject","inLanguage":"lt-LT","@id":"https:\/\/domofonas.lt\/#\/schema\/logo\/image\/","url":"https:\/\/domofonas.lt\/wp-content\/uploads\/2020\/12\/cropped-cropped-paradox_ssg-Max-Quality__1_-removebg-preview.png","contentUrl":"https:\/\/domofonas.lt\/wp-content\/uploads\/2020\/12\/cropped-cropped-paradox_ssg-Max-Quality__1_-removebg-preview.png","width":250,"height":70,"caption":"Telefonspyn\u0117s  Pra\u0117jimo kontrol\u0117"},"image":{"@id":"https:\/\/domofonas.lt\/#\/schema\/logo\/image\/"}}]}},"jetpack_sharing_enabled":true,"_links":{"self":[{"href":"https:\/\/domofonas.lt\/index.php\/wp-json\/wp\/v2\/product\/109","targetHints":{"allow":["GET"]}}],"collection":[{"href":"https:\/\/domofonas.lt\/index.php\/wp-json\/wp\/v2\/product"}],"about":[{"href":"https:\/\/domofonas.lt\/index.php\/wp-json\/wp\/v2\/types\/product"}],"wp:featuredmedia":[{"embeddable":true,"href":"https:\/\/domofonas.lt\/index.php\/wp-json\/wp\/v2\/media\/108"}],"wp:attachment":[{"href":"https:\/\/domofonas.lt\/index.php\/wp-json\/wp\/v2\/media?parent=109"}],"wp:term":[{"taxonomy":"product_brand","embeddable":true,"href":"https:\/\/domofonas.lt\/index.php\/wp-json\/wp\/v2\/product_brand?post=109"},{"taxonomy":"product_cat","embeddable":true,"href":"https:\/\/domofonas.lt\/index.php\/wp-json\/wp\/v2\/product_cat?post=109"},{"taxonomy":"product_tag","embeddable":true,"href":"https:\/\/domofonas.lt\/index.php\/wp-json\/wp\/v2\/product_tag?post=109"}],"curies":[{"name":"wp","href":"https:\/\/api.w.org\/{rel}","templated":true}]}}